{"id":1289,"date":"2024-12-16T11:36:22","date_gmt":"2024-12-16T10:36:22","guid":{"rendered":"https:\/\/www.scouts-europe.org\/eclaireurs\/?page_id=1289"},"modified":"2025-06-11T18:09:53","modified_gmt":"2025-06-11T16:09:53","slug":"patrouilles-libres","status":"publish","type":"page","link":"https:\/\/www.scouts-europe.org\/eclaireurs\/patrouilles-libres\/","title":{"rendered":"Patrouilles libres"},"content":{"rendered":"\t\t<div data-elementor-type=\"wp-page\" data-elementor-id=\"1289\" class=\"elementor elementor-1289\">\n\t\t\t\t\t\t<section class=\"elementor-section elementor-top-section elementor-element elementor-element-17e3d58 elementor-section-boxed elementor-section-height-default elementor-section-height-default\" data-id=\"17e3d58\" data-element_type=\"section\" data-e-type=\"section\">\n\t\t\t\t\t\t<div class=\"elementor-container elementor-column-gap-default\">\n\t\t\t\t\t<div class=\"elementor-column elementor-col-100 elementor-top-column elementor-element elementor-element-24ceb0c\" data-id=\"24ceb0c\" data-element_type=\"column\" data-e-type=\"column\" data-settings=\"{&quot;background_background&quot;:&quot;classic&quot;}\">\n\t\t\t<div class=\"elementor-widget-wrap elementor-element-populated\">\n\t\t\t\t\t\t<div class=\"elementor-element elementor-element-ba6651f elementor-widget elementor-widget-heading\" data-id=\"ba6651f\" data-element_type=\"widget\" data-e-type=\"widget\" data-widget_type=\"heading.default\">\n\t\t\t\t<div class=\"elementor-widget-container\">\n\t\t\t\t\t<h2 class=\"elementor-heading-title elementor-size-default\">\u00catre une patrouille \"libre\"<\/h2>\t\t\t\t<\/div>\n\t\t\t\t<\/div>\n\t\t\t\t\t<\/div>\n\t\t<\/div>\n\t\t\t\t\t<\/div>\n\t\t<\/section>\n\t\t\t\t<section class=\"elementor-section elementor-top-section elementor-element elementor-element-74f4ba6 elementor-section-boxed elementor-section-height-default elementor-section-height-default\" data-id=\"74f4ba6\" data-element_type=\"section\" data-e-type=\"section\">\n\t\t\t\t\t\t<div class=\"elementor-container elementor-column-gap-default\">\n\t\t\t\t\t<div class=\"elementor-column elementor-col-100 elementor-top-column elementor-element elementor-element-a6d01c5\" data-id=\"a6d01c5\" data-element_type=\"column\" data-e-type=\"column\" data-settings=\"{&quot;background_background&quot;:&quot;classic&quot;}\">\n\t\t\t<div class=\"elementor-widget-wrap elementor-element-populated\">\n\t\t\t\t\t\t<div class=\"elementor-element elementor-element-1f801c3 elementor-widget elementor-widget-text-editor\" data-id=\"1f801c3\" data-element_type=\"widget\" data-e-type=\"widget\" data-widget_type=\"text-editor.default\">\n\t\t\t\t<div class=\"elementor-widget-container\">\n\t\t\t\t\t\t\t\t\t<p>Une patrouille libre, c&rsquo;est une patrouille qui est sur un lieu ou il n&rsquo;y a pas suffisamment de gar\u00e7on pour former d\u00e9j\u00e0 une troupe. On ne peut alors avoir qu&rsquo;une seule patrouille. Mais une patrouille seule \u00e0 du mal \u00e0 vivre, \u00e0 effectuer son scoutisme. Alors il y a deux possibilit\u00e9s pour elle :&nbsp;<br>&#8211; elle se rattache \u00e0 une troupe non loin d&rsquo;elle. Ainsi elle participe \u00e0 la vie de la troupe lors des rassemblements de troupe, mais se donnera pour objectif de garder dans la patrouille les jeunes de la ville d&rsquo;o\u00f9 elle est issue et de former plus tard une troupe ind\u00e9pendante quand les effectifs le permettront. C&rsquo;est un patrouille a vocation particuli\u00e8rement missionnaire;<br><span style=\"font-style: inherit;font-weight: inherit\">&#8211; elle rejoint le r\u00e9seau de l&rsquo;araign\u00e9e : c&rsquo;est un r\u00e9seau national, avec un chef \u00e0 temps plein et une \u00e9quipe de maitrise, constitu\u00e9 uniquement de patrouille \u00ab\u00a0libre\u00a0\u00bb. Chaque patrouille vit son ann\u00e9e relativement seule, avec quelques temps fort cependant en commun (camp des CP, week-end par rassemblement de province, &#8230;). L&rsquo;\u00e9t\u00e9 cependant, toutes les patrouilles du r\u00e9seau se r\u00e9unissent pour vivre un grand camp. Les patrouilles de l&rsquo;araign\u00e9e savent \u00eatre tr\u00e8s autonome. C&rsquo;est la solution qu&rsquo;on retient pour des patrouilles \u00e9loign\u00e9s de toute troupe.&nbsp;&nbsp;<\/span><\/p>\t\t\t\t\t\t\t\t<\/div>\n\t\t\t\t<\/div>\n\t\t\t\t<div class=\"elementor-element elementor-element-5f37381 elementor-widget elementor-widget-image\" data-id=\"5f37381\" data-element_type=\"widget\" data-e-type=\"widget\" data-widget_type=\"image.default\">\n\t\t\t\t<div class=\"elementor-widget-container\">\n\t\t\t\t\t\t\t\t\t\t\t\t\t\t\t<img fetchpriority=\"high\" decoding=\"async\" width=\"768\" height=\"512\" src=\"https:\/\/www.scouts-europe.org\/eclaireurs\/wp-content\/uploads\/sites\/109\/2025\/06\/AraignC3A9ecampC3A9tC3A9_min-768x512.jpg\" class=\"attachment-medium_large size-medium_large wp-image-3635\" alt=\"araign\u00e9e camp \u00e9t\u00e9\" srcset=\"https:\/\/www.scouts-europe.org\/eclaireurs\/wp-content\/uploads\/sites\/109\/2025\/06\/AraignC3A9ecampC3A9tC3A9_min-768x512.jpg 768w, https:\/\/www.scouts-europe.org\/eclaireurs\/wp-content\/uploads\/sites\/109\/2025\/06\/AraignC3A9ecampC3A9tC3A9_min-300x200.jpg 300w, https:\/\/www.scouts-europe.org\/eclaireurs\/wp-content\/uploads\/sites\/109\/2025\/06\/AraignC3A9ecampC3A9tC3A9_min-1024x683.jpg 1024w, https:\/\/www.scouts-europe.org\/eclaireurs\/wp-content\/uploads\/sites\/109\/2025\/06\/AraignC3A9ecampC3A9tC3A9_min-1536x1024.jpg 1536w, https:\/\/www.scouts-europe.org\/eclaireurs\/wp-content\/uploads\/sites\/109\/2025\/06\/AraignC3A9ecampC3A9tC3A9_min-2048x1365.jpg 2048w\" sizes=\"(max-width: 768px) 100vw, 768px\" \/>\t\t\t\t\t\t\t\t\t\t\t\t\t\t\t<\/div>\n\t\t\t\t<\/div>\n\t\t\t\t<div class=\"elementor-element elementor-element-52afdab elementor-widget elementor-widget-heading\" data-id=\"52afdab\" data-element_type=\"widget\" data-e-type=\"widget\" data-widget_type=\"heading.default\">\n\t\t\t\t<div class=\"elementor-widget-container\">\n\t\t\t\t\t<h2 class=\"elementor-heading-title elementor-size-default\">Cr\u00e9er une patrouille libre<\/h2>\t\t\t\t<\/div>\n\t\t\t\t<\/div>\n\t\t\t\t<div class=\"elementor-element elementor-element-658e6db elementor-widget elementor-widget-text-editor\" data-id=\"658e6db\" data-element_type=\"widget\" data-e-type=\"widget\" data-widget_type=\"text-editor.default\">\n\t\t\t\t<div class=\"elementor-widget-container\">\n\t\t\t\t\t\t\t\t\t<p>Pour cr\u00e9er une patrouille libre, il faut d&rsquo;abord quelques jeunes motiv\u00e9s, 3-4 suffises dans un premier temps, mais il faudra rapidement recruter pour pouvoir \u00eatre au moins six et avoir ainsi une belle vie de patrouille.\u00a0<br \/>Ensuite, il faudra contacter le r\u00e9f\u00e9rent local des Scouts d&rsquo;Europe, le Commissaire du District, pour savoir dans quel cadre la patrouille va pouvoir \u00e9voluer : rattach\u00e9e \u00e0 une troupe ou \u00e0 l&rsquo;araign\u00e9e ? Pour avoir ses coordonn\u00e9es, il ne faut pas h\u00e9siter \u00e0 utiliser la section \u00ab\u00a0nous contacter\u00a0\u00bb de ce site.<\/p><p>Enfin, apr\u00e8s discussion avec le Commissaire de District, il faudra prendre contact soit avec le chef de troupe qu&rsquo;on rejoindra ou avec le chef de l&rsquo;Araign\u00e9e. C&rsquo;est alors lui qui se chargera de guider la cr\u00e9ation, notamment au niveau mat\u00e9riel et administratif.\u00a0<\/p>\t\t\t\t\t\t\t\t<\/div>\n\t\t\t\t<\/div>\n\t\t\t\t<div class=\"elementor-element elementor-element-54da64b elementor-widget elementor-widget-image\" data-id=\"54da64b\" data-element_type=\"widget\" data-e-type=\"widget\" data-widget_type=\"image.default\">\n\t\t\t\t<div class=\"elementor-widget-container\">\n\t\t\t\t\t\t\t\t\t\t\t\t\t\t\t<img decoding=\"async\" width=\"1024\" height=\"683\" src=\"https:\/\/www.scouts-europe.org\/eclaireurs\/wp-content\/uploads\/sites\/109\/2025\/06\/AraignC3A9e-min-1024x683.jpg\" class=\"attachment-large size-large wp-image-3579\" alt=\"araign\u00e9e\" srcset=\"https:\/\/www.scouts-europe.org\/eclaireurs\/wp-content\/uploads\/sites\/109\/2025\/06\/AraignC3A9e-min-1024x683.jpg 1024w, https:\/\/www.scouts-europe.org\/eclaireurs\/wp-content\/uploads\/sites\/109\/2025\/06\/AraignC3A9e-min-300x200.jpg 300w, https:\/\/www.scouts-europe.org\/eclaireurs\/wp-content\/uploads\/sites\/109\/2025\/06\/AraignC3A9e-min-768x512.jpg 768w, https:\/\/www.scouts-europe.org\/eclaireurs\/wp-content\/uploads\/sites\/109\/2025\/06\/AraignC3A9e-min-1536x1024.jpg 1536w, https:\/\/www.scouts-europe.org\/eclaireurs\/wp-content\/uploads\/sites\/109\/2025\/06\/AraignC3A9e-min-2048x1365.jpg 2048w\" sizes=\"(max-width: 1024px) 100vw, 1024px\" \/>\t\t\t\t\t\t\t\t\t\t\t\t\t\t\t<\/div>\n\t\t\t\t<\/div>\n\t\t\t\t\t<\/div>\n\t\t<\/div>\n\t\t\t\t\t<\/div>\n\t\t<\/section>\n\t\t\t\t<\/div>\n\t\t","protected":false},"excerpt":{"rendered":"<p>\u00catre une patrouille \u00ab\u00a0libre\u00a0\u00bb Une patrouille libre, c&rsquo;est une patrouille qui est sur un lieu ou il n&rsquo;y a pas suffisamment de gar\u00e7on pour former d\u00e9j\u00e0 une troupe. On ne peut alors avoir qu&rsquo;une seule patrouille. Mais une patrouille seule \u00e0 du mal \u00e0 vivre, \u00e0 effectuer son scoutisme. Alors il y a deux possibilit\u00e9s [&hellip;]<\/p>\n","protected":false},"author":4,"featured_media":3126,"parent":0,"menu_order":0,"comment_status":"closed","ping_status":"closed","template":"elementor_header_footer","meta":{"_seopress_robots_primary_cat":"","_seopress_titles_title":"","_seopress_titles_desc":"","_seopress_robots_index":"","site-sidebar-layout":"no-sidebar","site-content-layout":"page-builder","ast-site-content-layout":"full-width-container","site-content-style":"default","site-sidebar-style":"default","ast-global-header-display":"","ast-banner-title-visibility":"","ast-main-header-display":"","ast-hfb-above-header-display":"","ast-hfb-below-header-display":"","ast-hfb-mobile-header-display":"","site-post-title":"disabled","ast-breadcrumbs-content":"","ast-featured-img":"disabled","footer-sml-layout":"","theme-transparent-header-meta":"","adv-header-id-meta":"","stick-header-meta":"","header-above-stick-meta":"","header-main-stick-meta":"","header-below-stick-meta":"","astra-migrate-meta-layouts":"set","ast-page-background-enabled":"default","ast-page-background-meta":{"desktop":{"background-color":"var(--ast-global-color-4)","background-image":"","background-repeat":"repeat","background-position":"center center","background-size":"auto","background-attachment":"scroll","background-type":"","background-media":"","overlay-type":"","overlay-color":"","overlay-opacity":"","overlay-gradient":""},"tablet":{"background-color":"","background-image":"","background-repeat":"repeat","background-position":"center center","background-size":"auto","background-attachment":"scroll","background-type":"","background-media":"","overlay-type":"","overlay-color":"","overlay-opacity":"","overlay-gradient":""},"mobile":{"background-color":"","background-image":"","background-repeat":"repeat","background-position":"center center","background-size":"auto","background-attachment":"scroll","background-type":"","background-media":"","overlay-type":"","overlay-color":"","overlay-opacity":"","overlay-gradient":""}},"ast-content-background-meta":{"desktop":{"background-color":"var(--ast-global-color-5)","background-image":"","background-repeat":"repeat","background-position":"center center","background-size":"auto","background-attachment":"scroll","background-type":"","background-media":"","overlay-type":"","overlay-color":"","overlay-opacity":"","overlay-gradient":""},"tablet":{"background-color":"var(--ast-global-color-5)","background-image":"","background-repeat":"repeat","background-position":"center center","background-size":"auto","background-attachment":"scroll","background-type":"","background-media":"","overlay-type":"","overlay-color":"","overlay-opacity":"","overlay-gradient":""},"mobile":{"background-color":"var(--ast-global-color-5)","background-image":"","background-repeat":"repeat","background-position":"center center","background-size":"auto","background-attachment":"scroll","background-type":"","background-media":"","overlay-type":"","overlay-color":"","overlay-opacity":"","overlay-gradient":""}},"footnotes":""},"class_list":["post-1289","page","type-page","status-publish","has-post-thumbnail","hentry"],"_links":{"self":[{"href":"https:\/\/www.scouts-europe.org\/eclaireurs\/wp-json\/wp\/v2\/pages\/1289","targetHints":{"allow":["GET"]}}],"collection":[{"href":"https:\/\/www.scouts-europe.org\/eclaireurs\/wp-json\/wp\/v2\/pages"}],"about":[{"href":"https:\/\/www.scouts-europe.org\/eclaireurs\/wp-json\/wp\/v2\/types\/page"}],"author":[{"embeddable":true,"href":"https:\/\/www.scouts-europe.org\/eclaireurs\/wp-json\/wp\/v2\/users\/4"}],"replies":[{"embeddable":true,"href":"https:\/\/www.scouts-europe.org\/eclaireurs\/wp-json\/wp\/v2\/comments?post=1289"}],"version-history":[{"count":41,"href":"https:\/\/www.scouts-europe.org\/eclaireurs\/wp-json\/wp\/v2\/pages\/1289\/revisions"}],"predecessor-version":[{"id":3641,"href":"https:\/\/www.scouts-europe.org\/eclaireurs\/wp-json\/wp\/v2\/pages\/1289\/revisions\/3641"}],"wp:featuredmedia":[{"embeddable":true,"href":"https:\/\/www.scouts-europe.org\/eclaireurs\/wp-json\/wp\/v2\/media\/3126"}],"wp:attachment":[{"href":"https:\/\/www.scouts-europe.org\/eclaireurs\/wp-json\/wp\/v2\/media?parent=1289"}],"curies":[{"name":"wp","href":"https:\/\/api.w.org\/{rel}","templated":true}]}}