{"id":1291,"date":"2024-12-16T11:37:28","date_gmt":"2024-12-16T10:37:28","guid":{"rendered":"https:\/\/www.scouts-europe.org\/eclaireurs\/?page_id=1291"},"modified":"2025-06-05T19:37:58","modified_gmt":"2025-06-05T17:37:58","slug":"eurocamps","status":"publish","type":"page","link":"https:\/\/www.scouts-europe.org\/eclaireurs\/eurocamps\/","title":{"rendered":"Eurocamps"},"content":{"rendered":"\t\t<div data-elementor-type=\"wp-page\" data-elementor-id=\"1291\" class=\"elementor elementor-1291\">\n\t\t\t\t\t\t<section class=\"elementor-section elementor-top-section elementor-element elementor-element-9e43c64 elementor-section-boxed elementor-section-height-default elementor-section-height-default\" data-id=\"9e43c64\" data-element_type=\"section\" data-e-type=\"section\">\n\t\t\t\t\t\t<div class=\"elementor-container elementor-column-gap-default\">\n\t\t\t\t\t<div class=\"elementor-column elementor-col-100 elementor-top-column elementor-element elementor-element-1e64d55\" data-id=\"1e64d55\" data-element_type=\"column\" data-e-type=\"column\" data-settings=\"{&quot;background_background&quot;:&quot;classic&quot;}\">\n\t\t\t<div class=\"elementor-widget-wrap elementor-element-populated\">\n\t\t\t\t\t\t<div class=\"elementor-element elementor-element-6c1cf44 elementor-widget elementor-widget-spacer\" data-id=\"6c1cf44\" data-element_type=\"widget\" data-e-type=\"widget\" data-widget_type=\"spacer.default\">\n\t\t\t\t<div class=\"elementor-widget-container\">\n\t\t\t\t\t\t\t<div class=\"elementor-spacer\">\n\t\t\t<div class=\"elementor-spacer-inner\"><\/div>\n\t\t<\/div>\n\t\t\t\t\t\t<\/div>\n\t\t\t\t<\/div>\n\t\t\t\t<div class=\"elementor-element elementor-element-9a52f45 elementor-widget elementor-widget-text-editor\" data-id=\"9a52f45\" data-element_type=\"widget\" data-e-type=\"widget\" data-widget_type=\"text-editor.default\">\n\t\t\t\t<div class=\"elementor-widget-container\">\n\t\t\t\t\t\t\t\t\t<p><strong>Pour tout projet de camp \u00e0 l\u2019\u00e9tranger, tu peux contacter l&rsquo;ENE qui t\u2019orientera vers l\u2019ACNE Europe :\u00a0eclaireur@scouts-europe.org<\/strong><\/p>\t\t\t\t\t\t\t\t<\/div>\n\t\t\t\t<\/div>\n\t\t\t\t\t<\/div>\n\t\t<\/div>\n\t\t\t\t\t<\/div>\n\t\t<\/section>\n\t\t\t\t<section class=\"elementor-section elementor-top-section elementor-element elementor-element-0739194 elementor-section-boxed elementor-section-height-default elementor-section-height-default\" data-id=\"0739194\" data-element_type=\"section\" data-e-type=\"section\">\n\t\t\t\t\t\t<div class=\"elementor-container elementor-column-gap-default\">\n\t\t\t\t\t<div class=\"elementor-column elementor-col-100 elementor-top-column elementor-element elementor-element-7470375\" data-id=\"7470375\" data-element_type=\"column\" data-e-type=\"column\" data-settings=\"{&quot;background_background&quot;:&quot;classic&quot;}\">\n\t\t\t<div class=\"elementor-widget-wrap elementor-element-populated\">\n\t\t\t\t\t\t<div class=\"elementor-element elementor-element-0a04985 elementor-widget elementor-widget-heading\" data-id=\"0a04985\" data-element_type=\"widget\" data-e-type=\"widget\" data-widget_type=\"heading.default\">\n\t\t\t\t<div class=\"elementor-widget-container\">\n\t\t\t\t\t<h2 class=\"elementor-heading-title elementor-size-default\">Pourquoi partir \u00e0 l\u2019\u00e9tranger ?<\/h2>\t\t\t\t<\/div>\n\t\t\t\t<\/div>\n\t\t\t\t<div class=\"elementor-element elementor-element-1b08f75 elementor-widget elementor-widget-text-editor\" data-id=\"1b08f75\" data-element_type=\"widget\" data-e-type=\"widget\" data-widget_type=\"text-editor.default\">\n\t\t\t\t<div class=\"elementor-widget-container\">\n\t\t\t\t\t\t\t\t\t<p>Apr\u00e8s tout, on peut et on doit faire du scoutisme de grande qualit\u00e9 en\u00a0France. Les for\u00eats et la vie de camp ne sont pas si diff\u00e9rentes ici ou au-del\u00e0 des fronti\u00e8res.<\/p><p>Alors, pourquoi partir\u00a0?<\/p><p><strong>Parce que l\u2019\u00e9tranger c\u2019est l\u2019aventure.<\/strong>\u00a0Pour la progression de tes patrouilles, tu as d\u00e9cid\u00e9 qu\u2019il leur\u00a0fallait un d\u00e9fi\u00a0: apprendre \u00e0 s\u2019organiser, \u00e0 pr\u00e9voir, \u00e0 r\u00eaver, \u00e0 sortir de son confort, s\u2019immerger dans\u00a0une nouvelle langue, une nouvelle culture, de nouveaux paysages. Alors, remonte les manches,\u00a0ferme ton ceinturon et boucle ton sac \u00e0 dos\u00a0! L\u2019aventure est devant\u00a0!<\/p><p><strong>Parce que l\u2019\u00e9tranger c\u2019est la rencontre.<\/strong>\u00a0Qu\u2019il est beau de partir \u00e0 l\u2019inconnu, de faire des centaines\u00a0de kilom\u00e8tres, mais il est encore plus beau de faire fleurir de vraies amiti\u00e9s, profondes et solides\u00a0entre les jeunes \u00e2mes qui nous sont confi\u00e9es. Unies par la m\u00eame promesse, toutes les scouts du\u00a0monde sont des fr\u00e8res : quelle belle occasion pour red\u00e9couvrir et vivre cette \u00a0fraternit\u00e9\u00a0! Que tu\u00a0r\u00e9alises une, deux, trois activit\u00e9s ou tout un camp avec une troupe, une patrouille, ou un chef \u00e9tranger, c\u2019est \u00e0 la profondeur des \u00e9changes que tu mesureras la r\u00e9ussite de ton camp.<\/p><p><strong>Parce que l\u2019\u00e9tranger c\u2019est l\u2019esprit missionnaire.<\/strong><\/p><div class=\"su-pullquote su-pullquote-align-right\">\u00ab L\u00e0 o\u00f9 un scout est pass\u00e9, quelque chose a chang\u00e9 en mieux. \u00bb<\/div><p>Allez apporter aux pays qui ne nous connaissent pas ou peu et \u00e0 tous ceux qui n\u2019ont pas la gr\u00e2ce d\u2019\u00eatre guide ou scout, la joie et l\u2019esp\u00e9rance qui sont les n\u00f4tres et que vous puisez dans votre scoutisme. Aux pays qui vous connaissent, aux guides et aux scouts, montrez que cette joie et cette esp\u00e9rance d\u00e9passent les fronti\u00e8res !<\/p>\t\t\t\t\t\t\t\t<\/div>\n\t\t\t\t<\/div>\n\t\t\t\t\t<\/div>\n\t\t<\/div>\n\t\t\t\t\t<\/div>\n\t\t<\/section>\n\t\t\t\t<section class=\"elementor-section elementor-top-section elementor-element elementor-element-aa5f427 elementor-section-boxed elementor-section-height-default elementor-section-height-default\" data-id=\"aa5f427\" data-element_type=\"section\" data-e-type=\"section\">\n\t\t\t\t\t\t<div class=\"elementor-container elementor-column-gap-default\">\n\t\t\t\t\t<div class=\"elementor-column elementor-col-100 elementor-top-column elementor-element elementor-element-2bca881\" data-id=\"2bca881\" data-element_type=\"column\" data-e-type=\"column\" data-settings=\"{&quot;background_background&quot;:&quot;classic&quot;}\">\n\t\t\t<div class=\"elementor-widget-wrap elementor-element-populated\">\n\t\t\t\t\t\t<div class=\"elementor-element elementor-element-bf7c61e elementor-widget elementor-widget-spacer\" data-id=\"bf7c61e\" data-element_type=\"widget\" data-e-type=\"widget\" data-widget_type=\"spacer.default\">\n\t\t\t\t<div class=\"elementor-widget-container\">\n\t\t\t\t\t\t\t<div class=\"elementor-spacer\">\n\t\t\t<div class=\"elementor-spacer-inner\"><\/div>\n\t\t<\/div>\n\t\t\t\t\t\t<\/div>\n\t\t\t\t<\/div>\n\t\t\t\t<div class=\"elementor-element elementor-element-92d3542 elementor-widget elementor-widget-heading\" data-id=\"92d3542\" data-element_type=\"widget\" data-e-type=\"widget\" data-widget_type=\"heading.default\">\n\t\t\t\t<div class=\"elementor-widget-container\">\n\t\t\t\t\t<h2 class=\"elementor-heading-title elementor-size-default\">Les conditions pour partir :<\/h2>\t\t\t\t<\/div>\n\t\t\t\t<\/div>\n\t\t\t\t<div class=\"elementor-element elementor-element-d58e80d elementor-widget elementor-widget-text-editor\" data-id=\"d58e80d\" data-element_type=\"widget\" data-e-type=\"widget\" data-widget_type=\"text-editor.default\">\n\t\t\t\t<div class=\"elementor-widget-container\">\n\t\t\t\t\t\t\t\t\t<ul><li><strong>Une belle motivation de la troupe :<\/strong>\u00a0CDH, discutez et d\u00e9cidez des objectifs concrets\u00a0de ce jumelage.<\/li><li><strong>Un projet de jumelage pens\u00e9 et muri<\/strong>. On ne part pas pour partir, sans que la compagnie\u00a0y soit pr\u00e9par\u00e9e. Quelques exemples\u00a0: accueil d\u2019une patrouille \u00e9trang\u00e8re, avoir un chef \u00e9tranger dans la maitrise, jumelage ou cousinage avec une troupe du pays d\u2019accueil,\u00a0avoir une mission dans une paroisse, aupr\u00e8s d\u2019une autre unit\u00e9\u2026<\/li><li>Un chef de troupe qui commence<strong>\u00a0au moins sa deuxi\u00e8me ann\u00e9e en tant que chef de troupe<\/strong>.<\/li><li><strong>Une maitrise compl\u00e8te et form\u00e9e<\/strong>, sans d\u00e9rogation.<\/li><li>Contacter l\u2019ACNE Europe.<\/li><\/ul>\t\t\t\t\t\t\t\t<\/div>\n\t\t\t\t<\/div>\n\t\t\t\t\t<\/div>\n\t\t<\/div>\n\t\t\t\t\t<\/div>\n\t\t<\/section>\n\t\t\t\t<section class=\"elementor-section elementor-top-section elementor-element elementor-element-91111ab elementor-section-boxed elementor-section-height-default elementor-section-height-default\" data-id=\"91111ab\" data-element_type=\"section\" data-e-type=\"section\">\n\t\t\t\t\t\t<div class=\"elementor-container elementor-column-gap-default\">\n\t\t\t\t\t<div class=\"elementor-column elementor-col-100 elementor-top-column elementor-element elementor-element-d64642b\" data-id=\"d64642b\" data-element_type=\"column\" data-e-type=\"column\" data-settings=\"{&quot;background_background&quot;:&quot;classic&quot;}\">\n\t\t\t<div class=\"elementor-widget-wrap elementor-element-populated\">\n\t\t\t\t\t\t<div class=\"elementor-element elementor-element-cea0d7f elementor-widget elementor-widget-spacer\" data-id=\"cea0d7f\" data-element_type=\"widget\" data-e-type=\"widget\" data-widget_type=\"spacer.default\">\n\t\t\t\t<div class=\"elementor-widget-container\">\n\t\t\t\t\t\t\t<div class=\"elementor-spacer\">\n\t\t\t<div class=\"elementor-spacer-inner\"><\/div>\n\t\t<\/div>\n\t\t\t\t\t\t<\/div>\n\t\t\t\t<\/div>\n\t\t\t\t<div class=\"elementor-element elementor-element-952e35a elementor-widget elementor-widget-heading\" data-id=\"952e35a\" data-element_type=\"widget\" data-e-type=\"widget\" data-widget_type=\"heading.default\">\n\t\t\t\t<div class=\"elementor-widget-container\">\n\t\t\t\t\t<h2 class=\"elementor-heading-title elementor-size-default\">Pourquoi contacter le centre national ?<\/h2>\t\t\t\t<\/div>\n\t\t\t\t<\/div>\n\t\t\t\t<div class=\"elementor-element elementor-element-2f7300d elementor-widget elementor-widget-text-editor\" data-id=\"2f7300d\" data-element_type=\"widget\" data-e-type=\"widget\" data-widget_type=\"text-editor.default\">\n\t\t\t\t<div class=\"elementor-widget-container\">\n\t\t\t\t\t\t\t\t\t<ul>\n<li><strong>Pour que nous puissions d\u00e8s le d\u00e9but t\u2019aider<\/strong>&nbsp;et te mettre en contact avec des troupes&nbsp; locales, des aum\u00f4niers, des paroisses, des familles sur place\u2026<\/li>\n<li><strong>Tu auras besoin de l\u2019avis de l\u2019ACNE Europe&nbsp;<\/strong>pour avoir une&nbsp;autorisation de camper en plus de la validation de tes chefs de groupe et de district.<\/li>\n<\/ul>\n<p>Plus t\u00f4t nous serons en contact, plus ce sera facile et sympathique de travailler ensemble&nbsp;!<\/p>\t\t\t\t\t\t\t\t<\/div>\n\t\t\t\t<\/div>\n\t\t\t\t\t<\/div>\n\t\t<\/div>\n\t\t\t\t\t<\/div>\n\t\t<\/section>\n\t\t\t\t<\/div>\n\t\t","protected":false},"excerpt":{"rendered":"<p>Pour tout projet de camp \u00e0 l\u2019\u00e9tranger, tu peux contacter l&rsquo;ENE qui t\u2019orientera vers l\u2019ACNE Europe :\u00a0eclaireur@scouts-europe.org Pourquoi partir \u00e0 l\u2019\u00e9tranger ? Apr\u00e8s tout, on peut et on doit faire du scoutisme de grande qualit\u00e9 en\u00a0France. Les for\u00eats et la vie de camp ne sont pas si diff\u00e9rentes ici ou au-del\u00e0 des fronti\u00e8res. Alors, pourquoi [&hellip;]<\/p>\n","protected":false},"author":4,"featured_media":3126,"parent":0,"menu_order":0,"comment_status":"closed","ping_status":"closed","template":"","meta":{"_seopress_robots_primary_cat":"","_seopress_titles_title":"","_seopress_titles_desc":"","_seopress_robots_index":"","site-sidebar-layout":"no-sidebar","site-content-layout":"page-builder","ast-site-content-layout":"full-width-container","site-content-style":"default","site-sidebar-style":"default","ast-global-header-display":"","ast-banner-title-visibility":"","ast-main-header-display":"","ast-hfb-above-header-display":"","ast-hfb-below-header-display":"","ast-hfb-mobile-header-display":"","site-post-title":"disabled","ast-breadcrumbs-content":"","ast-featured-img":"disabled","footer-sml-layout":"","theme-transparent-header-meta":"","adv-header-id-meta":"","stick-header-meta":"","header-above-stick-meta":"","header-main-stick-meta":"","header-below-stick-meta":"","astra-migrate-meta-layouts":"set","ast-page-background-enabled":"default","ast-page-background-meta":{"desktop":{"background-color":"var(--ast-global-color-4)","background-image":"","background-repeat":"repeat","background-position":"center center","background-size":"auto","background-attachment":"scroll","background-type":"","background-media":"","overlay-type":"","overlay-color":"","overlay-opacity":"","overlay-gradient":""},"tablet":{"background-color":"","background-image":"","background-repeat":"repeat","background-position":"center center","background-size":"auto","background-attachment":"scroll","background-type":"","background-media":"","overlay-type":"","overlay-color":"","overlay-opacity":"","overlay-gradient":""},"mobile":{"background-color":"","background-image":"","background-repeat":"repeat","background-position":"center center","background-size":"auto","background-attachment":"scroll","background-type":"","background-media":"","overlay-type":"","overlay-color":"","overlay-opacity":"","overlay-gradient":""}},"ast-content-background-meta":{"desktop":{"background-color":"var(--ast-global-color-5)","background-image":"","background-repeat":"repeat","background-position":"center center","background-size":"auto","background-attachment":"scroll","background-type":"","background-media":"","overlay-type":"","overlay-color":"","overlay-opacity":"","overlay-gradient":""},"tablet":{"background-color":"var(--ast-global-color-5)","background-image":"","background-repeat":"repeat","background-position":"center center","background-size":"auto","background-attachment":"scroll","background-type":"","background-media":"","overlay-type":"","overlay-color":"","overlay-opacity":"","overlay-gradient":""},"mobile":{"background-color":"var(--ast-global-color-5)","background-image":"","background-repeat":"repeat","background-position":"center center","background-size":"auto","background-attachment":"scroll","background-type":"","background-media":"","overlay-type":"","overlay-color":"","overlay-opacity":"","overlay-gradient":""}},"footnotes":""},"class_list":["post-1291","page","type-page","status-publish","has-post-thumbnail","hentry"],"_links":{"self":[{"href":"https:\/\/www.scouts-europe.org\/eclaireurs\/wp-json\/wp\/v2\/pages\/1291","targetHints":{"allow":["GET"]}}],"collection":[{"href":"https:\/\/www.scouts-europe.org\/eclaireurs\/wp-json\/wp\/v2\/pages"}],"about":[{"href":"https:\/\/www.scouts-europe.org\/eclaireurs\/wp-json\/wp\/v2\/types\/page"}],"author":[{"embeddable":true,"href":"https:\/\/www.scouts-europe.org\/eclaireurs\/wp-json\/wp\/v2\/users\/4"}],"replies":[{"embeddable":true,"href":"https:\/\/www.scouts-europe.org\/eclaireurs\/wp-json\/wp\/v2\/comments?post=1291"}],"version-history":[{"count":16,"href":"https:\/\/www.scouts-europe.org\/eclaireurs\/wp-json\/wp\/v2\/pages\/1291\/revisions"}],"predecessor-version":[{"id":3616,"href":"https:\/\/www.scouts-europe.org\/eclaireurs\/wp-json\/wp\/v2\/pages\/1291\/revisions\/3616"}],"wp:featuredmedia":[{"embeddable":true,"href":"https:\/\/www.scouts-europe.org\/eclaireurs\/wp-json\/wp\/v2\/media\/3126"}],"wp:attachment":[{"href":"https:\/\/www.scouts-europe.org\/eclaireurs\/wp-json\/wp\/v2\/media?parent=1291"}],"curies":[{"name":"wp","href":"https:\/\/api.w.org\/{rel}","templated":true}]}}