{"id":1376,"date":"2025-01-15T10:21:52","date_gmt":"2025-01-15T09:21:52","guid":{"rendered":"https:\/\/www.scouts-europe.org\/eclaireurs\/?page_id=1376"},"modified":"2025-06-03T20:13:15","modified_gmt":"2025-06-03T18:13:15","slug":"la-methode","status":"publish","type":"page","link":"https:\/\/www.scouts-europe.org\/eclaireurs\/les-fondamentaux-pedagogique\/la-methode\/","title":{"rendered":"La m\u00e9thode scoute"},"content":{"rendered":"\t\t<div data-elementor-type=\"wp-page\" data-elementor-id=\"1376\" class=\"elementor elementor-1376\">\n\t\t\t\t\t\t<section class=\"elementor-section elementor-top-section elementor-element elementor-element-0930920 elementor-section-boxed elementor-section-height-default elementor-section-height-default\" data-id=\"0930920\" data-element_type=\"section\" data-e-type=\"section\">\n\t\t\t\t\t\t<div class=\"elementor-container elementor-column-gap-default\">\n\t\t\t\t\t<div class=\"elementor-column elementor-col-100 elementor-top-column elementor-element elementor-element-85ece9b\" data-id=\"85ece9b\" data-element_type=\"column\" data-e-type=\"column\" data-settings=\"{&quot;background_background&quot;:&quot;classic&quot;}\">\n\t\t\t<div class=\"elementor-widget-wrap elementor-element-populated\">\n\t\t\t\t\t\t<div class=\"elementor-element elementor-element-d7c48e2 elementor-widget elementor-widget-spacer\" data-id=\"d7c48e2\" data-element_type=\"widget\" data-e-type=\"widget\" data-widget_type=\"spacer.default\">\n\t\t\t\t<div class=\"elementor-widget-container\">\n\t\t\t\t\t\t\t<div class=\"elementor-spacer\">\n\t\t\t<div class=\"elementor-spacer-inner\"><\/div>\n\t\t<\/div>\n\t\t\t\t\t\t<\/div>\n\t\t\t\t<\/div>\n\t\t\t\t<div class=\"elementor-element elementor-element-1558b65 elementor-widget elementor-widget-text-editor\" data-id=\"1558b65\" data-element_type=\"widget\" data-e-type=\"widget\" data-widget_type=\"text-editor.default\">\n\t\t\t\t<div class=\"elementor-widget-container\">\n\t\t\t\t\t\t\t\t\t<p>Baden Powell n&rsquo;avait rien d&rsquo;un th\u00e9oricien. S&rsquo;il lance <b>le scoutisme, c&rsquo;est pour r\u00e9pondre aux besoins des enfants<\/b> qu&rsquo;il a vu vivre en Angleterre au d\u00e9but du si\u00e8cle et rem\u00e9dier aux carences qu&rsquo;il constate dans la soci\u00e9t\u00e9 :<\/p><p>\u00a0<\/p><ul><li>une \u00e9cole qui donne une formation intellectuelle et th\u00e9orique, sans se pr\u00e9occuper suffisamment du d\u00e9veloppement physique\u00a0et, moins encore, de la formation du caract\u00e8re;<\/li><li>un \u00e9go\u00efsme galopant, la perte du sens du bien commun et de l&rsquo;esprit civique;<\/li><li>le d\u00e9clin des valeurs morales, spirituelles et religieuses.<\/li><\/ul><h2>Les cinq buts<\/h2><p>Face \u00e0 cette situation, le scoutisme vise cinq buts:<\/p><p>\u00a0<\/p><ul><li>le d\u00e9veloppement physique et la sant\u00e9<\/li><li>la formation au sens du concret<\/li><li>la formation du caract\u00e8re<\/li><li>le d\u00e9veloppement de l&rsquo;esprit de service<\/li><li>le sens de Dieu<\/li><\/ul><p>L<b>e scoutisme veut former des hommes complets, \u00e9quilibr\u00e9s, harmonieux.<\/b> Les cinq buts sont indissociables\u00a0pour \u00ab\u00a0faire un scout\u00a0\u00bb.\u00a0\u00a0<span style=\"font-style: inherit;font-weight: inherit\">C&rsquo;est cette recherche d&rsquo;une progression globale de la personne qui fait l&rsquo;originalit\u00e9 du scoutisme. Aidons nos gar\u00e7ons \u00e0 avancer aussi loin que possible dans ces cinq directions.\u00a0<\/span><\/p><h2>Les cinq dimensions<\/h2><p>Ce sont les moyens d&rsquo;atteindre les cinq buts, qu&rsquo;on s&rsquo;impose afin de les d\u00e9velopper, ils sont \u00e0 la fois une aide et une contrainte \u00e0 notre jeu scout :<\/p><ul><li>l&rsquo;int\u00e9r\u00eat : il s&rsquo;agit principalement des techniques ma\u00eetris\u00e9es par les gar\u00e7ons. Malgr\u00e9 la forte concurrence qui existe aujourd&rsquo;hui, nos activit\u00e9s demeurent attrayantes et attractives lorsque l&rsquo;on fait du travail de qualit\u00e9\u00a0;<\/li><li>l&rsquo;action : sous forme de jeux, pour donner libre cours \u00e0 l&rsquo;\u00e9nergie d\u00e9bordante et \u00e0 la soif d&rsquo;aventure des adolescents\u00a0;<\/li><li>la responsabilit\u00e9 : confi\u00e9e \u00e0 chacun en fonction de ses comp\u00e9tences, qu&rsquo;il ait 12 ou 16 ans\u00a0;<\/li><li>le syst\u00e8me des patrouilles, qui permet d&rsquo;utiliser la dynamique des rapports entre les patrouilles\u00a0;<\/li><li>la Cour d&rsquo;Honneur et le Conseil des Chefs, v\u00e9ritables organes de d\u00e9cision et de commandement o\u00f9 le r\u00f4le essentiel est jou\u00e9 par les CP.<\/li><\/ul><h2>Les cinq moteurs\u00a0<\/h2><p>Ils s&rsquo;entra\u00eenent mutuellement comme des poulies, reli\u00e9es entre elles par des courroies : qu&rsquo;une poulie soit gripp\u00e9e, qu&rsquo;une courroie soit coup\u00e9e et tout marchera avec beaucoup moins de force ou s&rsquo;arr\u00eatera. Elles d\u00e9finissent le cadre du jeu scout:<\/p><ul><li>la nature : lieu de toutes les activit\u00e9s, de plus en plus essentielle pour le jeune citadin ;<\/li><li>la patrouille : organisation scoute de la bande, intimement li\u00e9e \u00e0 la psychologie de l&rsquo;adolescent;\u00a0<\/li><li>la loi: v\u00e9ritable r\u00e8gle du jeu, d&rsquo;autant plus indispensable aujourd&rsquo;hui qu&rsquo;avec l&rsquo;effondrement de beaucoup de familles, l&rsquo;affaiblissement des r\u00e8gles et valeurs dans la soci\u00e9t\u00e9, elle constitue souvent l&rsquo;unique rep\u00e8re solide du gar\u00e7on pour construire sa vie;<\/li><li>l&rsquo;engagement: appuy\u00e9 sur l&rsquo;honneur du jeune, sa parole, mais aussi la gr\u00e2ce de Dieu. En premier lieu, nous y retrouvons la promesse scoute, mais c&rsquo;est aussi toute sa progression personnelle;<\/li><li><span style=\"color: #212529;font-family: Poppins, 'Odoo Unicode Support Noto', sans-serif;text-align: start\">le civisme : le scout doit \u00eatre un facteur de r\u00e9novation sociale ; il a un r\u00f4le \u00e0 jouer dans les communaut\u00e9s dont il est membre: sa patrouille d&rsquo;abord, mais aussi sa ville, sa province, sa patrie, l&rsquo;Europe.<\/span><\/li><\/ul>\t\t\t\t\t\t\t\t<\/div>\n\t\t\t\t<\/div>\n\t\t\t\t\t<\/div>\n\t\t<\/div>\n\t\t\t\t\t<\/div>\n\t\t<\/section>\n\t\t\t\t<section class=\"elementor-section elementor-top-section elementor-element elementor-element-a2e162f elementor-section-boxed elementor-section-height-default elementor-section-height-default\" data-id=\"a2e162f\" data-element_type=\"section\" data-e-type=\"section\">\n\t\t\t\t\t\t<div class=\"elementor-container elementor-column-gap-default\">\n\t\t\t\t\t<div class=\"elementor-column elementor-col-100 elementor-top-column elementor-element elementor-element-00658b7\" data-id=\"00658b7\" data-element_type=\"column\" data-e-type=\"column\" data-settings=\"{&quot;background_background&quot;:&quot;classic&quot;}\">\n\t\t\t<div class=\"elementor-widget-wrap elementor-element-populated\">\n\t\t\t\t\t\t<div class=\"elementor-element elementor-element-f076e52 elementor-widget elementor-widget-heading\" data-id=\"f076e52\" data-element_type=\"widget\" data-e-type=\"widget\" data-widget_type=\"heading.default\">\n\t\t\t\t<div class=\"elementor-widget-container\">\n\t\t\t\t\t<h2 class=\"elementor-heading-title elementor-size-default\">Tu es chef scout ? Tu veux en savoir plus sur la m\u00e9thode ?<\/h2>\t\t\t\t<\/div>\n\t\t\t\t<\/div>\n\t\t\t\t<div class=\"elementor-element elementor-element-fdd9f8d elementor-align-center elementor-widget elementor-widget-elementskit-button\" data-id=\"fdd9f8d\" data-element_type=\"widget\" data-e-type=\"widget\" data-widget_type=\"elementskit-button.default\">\n\t\t\t\t<div class=\"elementor-widget-container\">\n\t\t\t\t\t<div class=\"ekit-wid-con\" >\t\t<div class=\"ekit-btn-wraper\">\n\t\t\t\t\t\t\t<a href=\"#\" class=\"elementskit-btn  whitespace--normal\" id=\"\">\n\t\t\t\t\tBient\u00f4t, viens d\u00e9couvrir le nouveau Kraal !\t\t\t\t<\/a>\n\t\t\t\t\t<\/div>\n        <\/div>\t\t\t\t<\/div>\n\t\t\t\t<\/div>\n\t\t\t\t\t<\/div>\n\t\t<\/div>\n\t\t\t\t\t<\/div>\n\t\t<\/section>\n\t\t\t\t<section class=\"elementor-section elementor-top-section elementor-element elementor-element-f802dd9 elementor-section-boxed elementor-section-height-default elementor-section-height-default\" data-id=\"f802dd9\" data-element_type=\"section\" data-e-type=\"section\">\n\t\t\t\t\t\t<div class=\"elementor-container elementor-column-gap-default\">\n\t\t\t\t\t<div class=\"elementor-column elementor-col-100 elementor-top-column elementor-element elementor-element-527a739\" data-id=\"527a739\" data-element_type=\"column\" data-e-type=\"column\">\n\t\t\t<div class=\"elementor-widget-wrap elementor-element-populated\">\n\t\t\t\t\t\t<div class=\"elementor-element elementor-element-0bb3ec9 elementor-widget elementor-widget-spacer\" data-id=\"0bb3ec9\" data-element_type=\"widget\" data-e-type=\"widget\" data-widget_type=\"spacer.default\">\n\t\t\t\t<div class=\"elementor-widget-container\">\n\t\t\t\t\t\t\t<div class=\"elementor-spacer\">\n\t\t\t<div class=\"elementor-spacer-inner\"><\/div>\n\t\t<\/div>\n\t\t\t\t\t\t<\/div>\n\t\t\t\t<\/div>\n\t\t\t\t\t<\/div>\n\t\t<\/div>\n\t\t\t\t\t<\/div>\n\t\t<\/section>\n\t\t\t\t<\/div>\n\t\t","protected":false},"excerpt":{"rendered":"<p>Baden Powell n&rsquo;avait rien d&rsquo;un th\u00e9oricien. S&rsquo;il lance le scoutisme, c&rsquo;est pour r\u00e9pondre aux besoins des enfants qu&rsquo;il a vu vivre en Angleterre au d\u00e9but du si\u00e8cle et rem\u00e9dier aux carences qu&rsquo;il constate dans la soci\u00e9t\u00e9 : \u00a0 une \u00e9cole qui donne une formation intellectuelle et th\u00e9orique, sans se pr\u00e9occuper suffisamment du d\u00e9veloppement physique\u00a0et, moins [&hellip;]<\/p>\n","protected":false},"author":4,"featured_media":3126,"parent":1297,"menu_order":0,"comment_status":"closed","ping_status":"closed","template":"","meta":{"_seopress_robots_primary_cat":"","_seopress_titles_title":"","_seopress_titles_desc":"","_seopress_robots_index":"","site-sidebar-layout":"no-sidebar","site-content-layout":"page-builder","ast-site-content-layout":"full-width-container","site-content-style":"default","site-sidebar-style":"default","ast-global-header-display":"","ast-banner-title-visibility":"","ast-main-header-display":"","ast-hfb-above-header-display":"","ast-hfb-below-header-display":"","ast-hfb-mobile-header-display":"","site-post-title":"disabled","ast-breadcrumbs-content":"","ast-featured-img":"disabled","footer-sml-layout":"","theme-transparent-header-meta":"","adv-header-id-meta":"","stick-header-meta":"","header-above-stick-meta":"","header-main-stick-meta":"","header-below-stick-meta":"","astra-migrate-meta-layouts":"set","ast-page-background-enabled":"default","ast-page-background-meta":{"desktop":{"background-color":"var(--ast-global-color-4)","background-image":"","background-repeat":"repeat","background-position":"center center","background-size":"auto","background-attachment":"scroll","background-type":"","background-media":"","overlay-type":"","overlay-color":"","overlay-opacity":"","overlay-gradient":""},"tablet":{"background-color":"","background-image":"","background-repeat":"repeat","background-position":"center center","background-size":"auto","background-attachment":"scroll","background-type":"","background-media":"","overlay-type":"","overlay-color":"","overlay-opacity":"","overlay-gradient":""},"mobile":{"background-color":"","background-image":"","background-repeat":"repeat","background-position":"center center","background-size":"auto","background-attachment":"scroll","background-type":"","background-media":"","overlay-type":"","overlay-color":"","overlay-opacity":"","overlay-gradient":""}},"ast-content-background-meta":{"desktop":{"background-color":"var(--ast-global-color-5)","background-image":"","background-repeat":"repeat","background-position":"center center","background-size":"auto","background-attachment":"scroll","background-type":"","background-media":"","overlay-type":"","overlay-color":"","overlay-opacity":"","overlay-gradient":""},"tablet":{"background-color":"var(--ast-global-color-5)","background-image":"","background-repeat":"repeat","background-position":"center center","background-size":"auto","background-attachment":"scroll","background-type":"","background-media":"","overlay-type":"","overlay-color":"","overlay-opacity":"","overlay-gradient":""},"mobile":{"background-color":"var(--ast-global-color-5)","background-image":"","background-repeat":"repeat","background-position":"center center","background-size":"auto","background-attachment":"scroll","background-type":"","background-media":"","overlay-type":"","overlay-color":"","overlay-opacity":"","overlay-gradient":""}},"footnotes":""},"class_list":["post-1376","page","type-page","status-publish","has-post-thumbnail","hentry"],"_links":{"self":[{"href":"https:\/\/www.scouts-europe.org\/eclaireurs\/wp-json\/wp\/v2\/pages\/1376","targetHints":{"allow":["GET"]}}],"collection":[{"href":"https:\/\/www.scouts-europe.org\/eclaireurs\/wp-json\/wp\/v2\/pages"}],"about":[{"href":"https:\/\/www.scouts-europe.org\/eclaireurs\/wp-json\/wp\/v2\/types\/page"}],"author":[{"embeddable":true,"href":"https:\/\/www.scouts-europe.org\/eclaireurs\/wp-json\/wp\/v2\/users\/4"}],"replies":[{"embeddable":true,"href":"https:\/\/www.scouts-europe.org\/eclaireurs\/wp-json\/wp\/v2\/comments?post=1376"}],"version-history":[{"count":45,"href":"https:\/\/www.scouts-europe.org\/eclaireurs\/wp-json\/wp\/v2\/pages\/1376\/revisions"}],"predecessor-version":[{"id":3558,"href":"https:\/\/www.scouts-europe.org\/eclaireurs\/wp-json\/wp\/v2\/pages\/1376\/revisions\/3558"}],"up":[{"embeddable":true,"href":"https:\/\/www.scouts-europe.org\/eclaireurs\/wp-json\/wp\/v2\/pages\/1297"}],"wp:featuredmedia":[{"embeddable":true,"href":"https:\/\/www.scouts-europe.org\/eclaireurs\/wp-json\/wp\/v2\/media\/3126"}],"wp:attachment":[{"href":"https:\/\/www.scouts-europe.org\/eclaireurs\/wp-json\/wp\/v2\/media?parent=1376"}],"curies":[{"name":"wp","href":"https:\/\/api.w.org\/{rel}","templated":true}]}}