{"id":1389,"date":"2025-01-15T10:25:56","date_gmt":"2025-01-15T09:25:56","guid":{"rendered":"https:\/\/www.scouts-europe.org\/eclaireurs\/?page_id=1389"},"modified":"2025-04-29T16:17:10","modified_gmt":"2025-04-29T14:17:10","slug":"textes-du-ceremonial","status":"publish","type":"page","link":"https:\/\/www.scouts-europe.org\/eclaireurs\/etre-scout-deurope\/textes-du-ceremonial\/","title":{"rendered":"Textes du c\u00e9r\u00e9monial"},"content":{"rendered":"\t\t<div data-elementor-type=\"wp-page\" data-elementor-id=\"1389\" class=\"elementor elementor-1389\">\n\t\t\t\t\t\t<section class=\"elementor-section elementor-top-section elementor-element elementor-element-d0e1c53 elementor-section-boxed elementor-section-height-default elementor-section-height-default\" data-id=\"d0e1c53\" data-element_type=\"section\" data-e-type=\"section\">\n\t\t\t\t\t\t<div class=\"elementor-container elementor-column-gap-default\">\n\t\t\t\t\t<div class=\"elementor-column elementor-col-100 elementor-top-column elementor-element elementor-element-83ee020\" data-id=\"83ee020\" data-element_type=\"column\" data-e-type=\"column\" data-settings=\"{&quot;background_background&quot;:&quot;classic&quot;}\">\n\t\t\t<div class=\"elementor-widget-wrap elementor-element-populated\">\n\t\t\t\t\t\t<div class=\"elementor-element elementor-element-1ac333d elementor-widget elementor-widget-spacer\" data-id=\"1ac333d\" data-element_type=\"widget\" data-e-type=\"widget\" data-widget_type=\"spacer.default\">\n\t\t\t\t<div class=\"elementor-widget-container\">\n\t\t\t\t\t\t\t<div class=\"elementor-spacer\">\n\t\t\t<div class=\"elementor-spacer-inner\"><\/div>\n\t\t<\/div>\n\t\t\t\t\t\t<\/div>\n\t\t\t\t<\/div>\n\t\t\t\t<div class=\"elementor-element elementor-element-7886953 elementor-tabs-view-horizontal elementor-widget elementor-widget-tabs\" data-id=\"7886953\" data-element_type=\"widget\" data-e-type=\"widget\" data-widget_type=\"tabs.default\">\n\t\t\t\t<div class=\"elementor-widget-container\">\n\t\t\t\t\t\t\t<div class=\"elementor-tabs\">\n\t\t\t<div class=\"elementor-tabs-wrapper\" role=\"tablist\" >\n\t\t\t\t\t\t\t\t\t<div id=\"elementor-tab-title-1261\" class=\"elementor-tab-title elementor-tab-desktop-title\" aria-selected=\"true\" data-tab=\"1\" role=\"tab\" tabindex=\"0\" aria-controls=\"elementor-tab-content-1261\" aria-expanded=\"false\">Promesse<\/div>\n\t\t\t\t\t\t\t\t\t<div id=\"elementor-tab-title-1262\" class=\"elementor-tab-title elementor-tab-desktop-title\" aria-selected=\"false\" data-tab=\"2\" role=\"tab\" tabindex=\"-1\" aria-controls=\"elementor-tab-content-1262\" aria-expanded=\"false\">Investiture chef de patrouille<\/div>\n\t\t\t\t\t\t\t\t\t<div id=\"elementor-tab-title-1263\" class=\"elementor-tab-title elementor-tab-desktop-title\" aria-selected=\"false\" data-tab=\"3\" role=\"tab\" tabindex=\"-1\" aria-controls=\"elementor-tab-content-1263\" aria-expanded=\"false\">All\u00e9geance au chef de patrouille<\/div>\n\t\t\t\t\t\t\t<\/div>\n\t\t\t<div class=\"elementor-tabs-content-wrapper\" role=\"tablist\" aria-orientation=\"vertical\">\n\t\t\t\t\t\t\t\t\t<div class=\"elementor-tab-title elementor-tab-mobile-title\" aria-selected=\"true\" data-tab=\"1\" role=\"tab\" tabindex=\"0\" aria-controls=\"elementor-tab-content-1261\" aria-expanded=\"false\">Promesse<\/div>\n\t\t\t\t\t<div id=\"elementor-tab-content-1261\" class=\"elementor-tab-content elementor-clearfix\" data-tab=\"1\" role=\"tabpanel\" aria-labelledby=\"elementor-tab-title-1261\" tabindex=\"0\" hidden=\"false\"><p><strong>Le chef<\/strong> \u2026 <em>(pr\u00e9nom de l\u2019\u00e9claireur)<\/em> que d\u00e9sires-tu ?<\/p><p><strong>L\u2019aspirant :<\/strong>\u00a0 Devenir scout d\u2019Europe .<\/p><p><strong>Le chef :\u00a0<\/strong> Pourquoi ?<\/p><p><strong>L\u2019aspirant :<\/strong> Pour apprendre \u00e0 mieux servir Dieu et mon prochain.<\/p><p><strong>Le chef :<\/strong> Quel avantage mat\u00e9riel en attends-tu ?<\/p><p><strong>L\u2019aspirant :<\/strong> Aucun.<\/p><p><strong>Le chef :<\/strong> Quelle est la premi\u00e8re obligation du scout ?<\/p><p><strong>L\u2019aspirant :<\/strong>\u00a0 La bonne action quotidienne.<\/p><p><strong>Le chef :<\/strong> Quelles sont les trois vertus principales ?<\/p><p><strong>L\u2019aspirant :<\/strong> Franchise, d\u00e9vouement, puret\u00e9.<\/p><p><strong>Le chef :<\/strong> Connais-tu la loi et les principes des Guides et Scouts d\u2019Europe ?<\/p><p><strong>L\u2019aspirant :<\/strong> Oui, chef.<\/p><p><strong>Le chef :<\/strong> R\u00e9citons ensemble la loi et les principes.<br \/><em>(Tous r\u00e9citent la loi et les principes.)<\/em><\/p><p><strong>Le chef :<\/strong> Promets-tu d\u2019observer la loi et les principes ?<\/p><p><strong>L\u2019aspirant :<\/strong> Oui, sur mon honneur.<\/p><p><strong>Le chef :<\/strong> Sais-tu que ton honneur est d\u2019appartenir au Christ, d\u2019\u00eatre fid\u00e8le \u00e0 ton pays, tes parents, tes chefs, tes compagnons et de n\u2019avoir qu\u2019une parole sur laquelle les autres doivent pouvoir compter ?<\/p><p><strong>L\u2019aspirant :<\/strong> Oui, chef, je le sais. On pourra compter sur ma parole de scout.<\/p><p><strong>Le chef :<\/strong> Combien de temps es-tu pr\u00eat \u00e0 servir ?<\/p><p><strong>L\u2019aspirant :<\/strong> S\u2019il pla\u00eet \u00e0 Dieu, toujours.<\/p><p><strong>Le chef :<\/strong> Puisque la cour d\u2019honneur a d\u00e9cid\u00e9 de te faire confiance, nous t\u2019admettons \u00e0 prononcer ta promesse. Mais, comme tu es un chr\u00e9tien qui a re\u00e7u au bapt\u00eame le pr\u00e9nom de\u2026 <em>(mentionner ici le pr\u00e9nom de l\u2019aspirant)<\/em>, tu vas auparavant recevoir la b\u00e9n\u00e9diction de Dieu.<\/p><p><em>(Lorsque l\u2019aspirant n\u2019est pas baptis\u00e9 : )<\/em>Et, comme tu te pr\u00e9pares \u00e0 devenir chr\u00e9tien et que tu recevras au bapt\u00eame le pr\u00e9nom de\u2026, tu vas auparavant recevoir la b\u00e9n\u00e9diction de Dieu.<\/p><p><strong>L\u2019aspirant :<\/strong> vient fl\u00e9chir le genou devant le p\u00e8re qui lui donne sa b\u00e9n\u00e9diction en disant : Le p\u00e8re Que Notre-Dame te vienne en aide et que la b\u00e9n\u00e9diction du Dieu tout puissant, P\u00e8re, Fils et Saint-Esprit, descende sur toi et y demeure \u00e0 jamais.<br \/><em>Seul l\u2019aspirant fait le signe de croix, la troupe ne se d\u00e9couvre pas.<\/em><\/p><p><strong>Le chef :\u00a0<\/strong> Scouts, saluez. (<em>Tous les scouts saluent.)<\/em><br \/><em>(L\u2019aspirant salue de la main droite, main gauche au-dessus du baussant, sans toucher celui-ci.)<\/em><\/p><p><strong>Aspirant :<\/strong> Sur mon honneur, avec la gr\u00e2ce de Dieu, je m\u2019engage \u00e0 servir de mon mieux Dieu, l\u2019\u00e9glise, ma patrie et l\u2019Europe, \u00e0 aider mon prochain en toutes circonstances, \u00e0 observer la loi scoute.<\/p><p><strong>Le chef :<\/strong> D\u00e9sormais <em>(ou souviens-toi que, pour un ancien louveteau)<\/em> tu fais partie de la grande fraternit\u00e9 scoute.<\/p><p><em>(Le nouvel \u00e9claireur s\u2019approche. Le chef le coiffe du b\u00e9ret auquel a \u00e9t\u00e9 pr\u00e9alablement fix\u00e9e la croix b\u00e9nie et le salue. Puis l\u2019\u00e9claireur recule d\u2019un pas, salue les chefs et son chef de patrouille. Tous deux se tournent vers la troupe. L\u2019\u00e9claireur salue pour la premi\u00e8re fois la troupe qui lui rend son salut. Puis accompagn\u00e9 de son chef de patrouille, il va reprendre sa place.<\/em><br \/><em>Le chef entonne le chant de la promesse.)<\/em><\/p><p>Exceptionnellement plusieurs aspirants peuvent \u00eatre invit\u00e9s \u00e0 prononcer leur promesse le m\u00eame jour. Ils peuvent alors se pr\u00e9senter ensemble devant la ma\u00eetrise et r\u00e9pondre d\u2019une m\u00eame voix aux questions du chef d\u2019unit\u00e9 jusqu\u2019au moment o\u00f9, recevant individuellement la b\u00e9n\u00e9diction du pr\u00eatre, ils prononcent chacun \u00e0 leur tour leur promesse.<\/p><p>\u00a0<\/p><\/div>\n\t\t\t\t\t\t\t\t\t<div class=\"elementor-tab-title elementor-tab-mobile-title\" aria-selected=\"false\" data-tab=\"2\" role=\"tab\" tabindex=\"-1\" aria-controls=\"elementor-tab-content-1262\" aria-expanded=\"false\">Investiture chef de patrouille<\/div>\n\t\t\t\t\t<div id=\"elementor-tab-content-1262\" class=\"elementor-tab-content elementor-clearfix\" data-tab=\"2\" role=\"tabpanel\" aria-labelledby=\"elementor-tab-title-1262\" tabindex=\"0\" hidden=\"hidden\"><p>Cette c\u00e9r\u00e9monie a lieu le plus rapidement possible apr\u00e8s l\u2019entr\u00e9e en fonction du chef de patrouille.<\/p><p><em>La troupe se rassemble comme pour une c\u00e9r\u00e9monie de promesse. Le fanion et la cordeli\u00e8re blanche du CP \u00e0 investir sont tenus par un CP investi ou \u00e0 d\u00e9faut un ACT.<\/em><\/p><p><strong>Le chef\u00a0<\/strong> \u2026 (pr\u00e9nom).<br \/><em>(Le futur chef de patrouille s\u2019avance au centre, face au chef de troupe et salue. Les autres CP investis ou non se placent en ligne derri\u00e8re lui.)<\/em><\/p><p><strong>Le chef :<\/strong> Je t\u2019ai d\u00e9sign\u00e9 comme chef de patrouille. La cour d\u2019honneur approuve ce choix. Es-tu pr\u00eat \u00e0 donner en tout l\u2019exemple ?<\/p><p><strong>Le CP :<\/strong> Oui, chef.<\/p><p><strong>Le chef :<\/strong> \u00c0 conduire ta patrouille avec douceur et humilit\u00e9 ?<\/p><p><strong>Le CP :<\/strong> Oui, chef.<\/p><p><strong>Le chef :<\/strong> \u00c0 observer et \u00e0 faire observer la loi et les principes du scoutisme europ\u00e9en ?<\/p><p><strong>Le CP :<\/strong> Oui, chef.<\/p><p><strong>Le chef :<\/strong> Sois donc regard\u00e9 d\u00e9sormais comme un chef de patrouille, responsable devant Dieu de chacun de tes gar\u00e7ons, et prends la direction du <em>(de la)\u2026 (totem de patrouille).<\/em><\/p><p><em>(Le nouveau chef de patrouille salue et dit : )<\/em><br \/><strong>Le CP :<\/strong> Je te remercie, chef, et je te promets de t\u2019ob\u00e9ir fid\u00e8lement, de t\u2019aider de tout mon pouvoir dans le gouvernement de la troupe, d\u2019aider en tout mes fr\u00e8res scouts de la patrouille du <em>(de la)\u2026<\/em> dont Notre Seigneur me fait aujourd\u2019hui chef et gardien.<\/p><p><em>Le chef lui remet alors les signes de sa mission de CP. Le nouveau chef de patrouille salue la ma\u00eetrise puis retourne \u00e0 sa place. Il se met alors face \u00e0 sa patrouille et re\u00e7oit l\u2019all\u00e9geance de ses scouts. (Voir l\u2019all\u00e9geance au chef de patrouille, page 47). La c\u00e9r\u00e9monie d\u2019investiture se termine par la pri\u00e8re des chefs.<\/em><\/p><\/div>\n\t\t\t\t\t\t\t\t\t<div class=\"elementor-tab-title elementor-tab-mobile-title\" aria-selected=\"false\" data-tab=\"3\" role=\"tab\" tabindex=\"-1\" aria-controls=\"elementor-tab-content-1263\" aria-expanded=\"false\">All\u00e9geance au chef de patrouille<\/div>\n\t\t\t\t\t<div id=\"elementor-tab-content-1263\" class=\"elementor-tab-content elementor-clearfix\" data-tab=\"3\" role=\"tabpanel\" aria-labelledby=\"elementor-tab-title-1263\" tabindex=\"0\" hidden=\"hidden\"><p><em>La troupe\u00a0 est rassembl\u00e9e en rectangle. Le chef r\u00e9sume en quelques mots le sens de la c\u00e9r\u00e9monie qui va se d\u00e9rouler et dit :<\/em><\/p><p><strong>Des \u00e9claireurs et novices confi\u00e9s \u00e0 vos patrouilles d\u00e9sirent vous pr\u00eater all\u00e9geance.<\/strong><\/p><p>\u00c0 pr\u00e9sent, la c\u00e9r\u00e9monie se d\u00e9roule de fa\u00e7on successive, patrouille par patrouille : Le CP avance de deux pas. Il plante son fanion \u00e0 terre. Chaque scout \u00a0s\u2019avance et pose sa main droite sur la main gauche de son CP que ce dernier tend ouverte vers le ciel, sur le fanion. Le CP les recouvre alors de sa main droite et re\u00e7oit l\u2019all\u00e9geance de ses patrouillards \u00e0 l\u2019unisson :<\/p><p><strong>Je te promets de t\u2019ob\u00e9ir comme au chef, d\u2019\u00eatre fid\u00e8le \u00e0 la patrouille, de remplir de mon mieux par mon poste d\u2019action les missions que tu me confieras et de travailler avec toi chaque jour \u00e0 mieux conna\u00eetre la loi scoute, mon pays et ma foi.<\/strong><\/p><p><em>Le chef de patrouille r\u00e9pond :<\/em><\/p><p><strong>Vous pouvez compter sur moi.<\/strong><\/p><p><em>Le CP attache les flots de patrouille \u00e0 l\u2019\u00e9paule de chaque nouveau membre de la patrouille et rappelle \u00e0 chaque scout son poste d\u2019action :<\/em><\/p><p><strong>La patrouille compte sur toi cette ann\u00e9e en tant que\u2026 (nommer le PA)<\/strong><\/p><p><em>Pour finir, la ma\u00eetrise et les CP r\u00e9citent la pri\u00e8re des chefs.<\/em><\/p><\/div>\n\t\t\t\t\t\t\t<\/div>\n\t\t<\/div>\n\t\t\t\t\t\t<\/div>\n\t\t\t\t<\/div>\n\t\t\t\t\t<\/div>\n\t\t<\/div>\n\t\t\t\t\t<\/div>\n\t\t<\/section>\n\t\t\t\t<\/div>\n\t\t","protected":false},"excerpt":{"rendered":"<p>Promesse Investiture chef de patrouille All\u00e9geance au chef de patrouille Promesse Le chef \u2026 (pr\u00e9nom de l\u2019\u00e9claireur) que d\u00e9sires-tu ? L\u2019aspirant :\u00a0 Devenir scout d\u2019Europe . Le chef :\u00a0 Pourquoi ? L\u2019aspirant : Pour apprendre \u00e0 mieux servir Dieu et mon prochain. Le chef : Quel avantage mat\u00e9riel en attends-tu ? L\u2019aspirant : Aucun. Le [&hellip;]<\/p>\n","protected":false},"author":4,"featured_media":3126,"parent":1299,"menu_order":0,"comment_status":"closed","ping_status":"closed","template":"","meta":{"_seopress_robots_primary_cat":"","_seopress_titles_title":"","_seopress_titles_desc":"","_seopress_robots_index":"","site-sidebar-layout":"no-sidebar","site-content-layout":"page-builder","ast-site-content-layout":"full-width-container","site-content-style":"default","site-sidebar-style":"default","ast-global-header-display":"","ast-banner-title-visibility":"","ast-main-header-display":"","ast-hfb-above-header-display":"","ast-hfb-below-header-display":"","ast-hfb-mobile-header-display":"","site-post-title":"disabled","ast-breadcrumbs-content":"","ast-featured-img":"disabled","footer-sml-layout":"","theme-transparent-header-meta":"","adv-header-id-meta":"","stick-header-meta":"","header-above-stick-meta":"","header-main-stick-meta":"","header-below-stick-meta":"","astra-migrate-meta-layouts":"set","ast-page-background-enabled":"default","ast-page-background-meta":{"desktop":{"background-color":"var(--ast-global-color-4)","background-image":"","background-repeat":"repeat","background-position":"center center","background-size":"auto","background-attachment":"scroll","background-type":"","background-media":"","overlay-type":"","overlay-color":"","overlay-opacity":"","overlay-gradient":""},"tablet":{"background-color":"","background-image":"","background-repeat":"repeat","background-position":"center center","background-size":"auto","background-attachment":"scroll","background-type":"","background-media":"","overlay-type":"","overlay-color":"","overlay-opacity":"","overlay-gradient":""},"mobile":{"background-color":"","background-image":"","background-repeat":"repeat","background-position":"center center","background-size":"auto","background-attachment":"scroll","background-type":"","background-media":"","overlay-type":"","overlay-color":"","overlay-opacity":"","overlay-gradient":""}},"ast-content-background-meta":{"desktop":{"background-color":"var(--ast-global-color-5)","background-image":"","background-repeat":"repeat","background-position":"center center","background-size":"auto","background-attachment":"scroll","background-type":"","background-media":"","overlay-type":"","overlay-color":"","overlay-opacity":"","overlay-gradient":""},"tablet":{"background-color":"var(--ast-global-color-5)","background-image":"","background-repeat":"repeat","background-position":"center center","background-size":"auto","background-attachment":"scroll","background-type":"","background-media":"","overlay-type":"","overlay-color":"","overlay-opacity":"","overlay-gradient":""},"mobile":{"background-color":"var(--ast-global-color-5)","background-image":"","background-repeat":"repeat","background-position":"center center","background-size":"auto","background-attachment":"scroll","background-type":"","background-media":"","overlay-type":"","overlay-color":"","overlay-opacity":"","overlay-gradient":""}},"footnotes":""},"class_list":["post-1389","page","type-page","status-publish","has-post-thumbnail","hentry"],"_links":{"self":[{"href":"https:\/\/www.scouts-europe.org\/eclaireurs\/wp-json\/wp\/v2\/pages\/1389","targetHints":{"allow":["GET"]}}],"collection":[{"href":"https:\/\/www.scouts-europe.org\/eclaireurs\/wp-json\/wp\/v2\/pages"}],"about":[{"href":"https:\/\/www.scouts-europe.org\/eclaireurs\/wp-json\/wp\/v2\/types\/page"}],"author":[{"embeddable":true,"href":"https:\/\/www.scouts-europe.org\/eclaireurs\/wp-json\/wp\/v2\/users\/4"}],"replies":[{"embeddable":true,"href":"https:\/\/www.scouts-europe.org\/eclaireurs\/wp-json\/wp\/v2\/comments?post=1389"}],"version-history":[{"count":31,"href":"https:\/\/www.scouts-europe.org\/eclaireurs\/wp-json\/wp\/v2\/pages\/1389\/revisions"}],"predecessor-version":[{"id":3150,"href":"https:\/\/www.scouts-europe.org\/eclaireurs\/wp-json\/wp\/v2\/pages\/1389\/revisions\/3150"}],"up":[{"embeddable":true,"href":"https:\/\/www.scouts-europe.org\/eclaireurs\/wp-json\/wp\/v2\/pages\/1299"}],"wp:featuredmedia":[{"embeddable":true,"href":"https:\/\/www.scouts-europe.org\/eclaireurs\/wp-json\/wp\/v2\/media\/3126"}],"wp:attachment":[{"href":"https:\/\/www.scouts-europe.org\/eclaireurs\/wp-json\/wp\/v2\/media?parent=1389"}],"curies":[{"name":"wp","href":"https:\/\/api.w.org\/{rel}","templated":true}]}}