{"id":1395,"date":"2025-01-15T10:28:01","date_gmt":"2025-01-15T09:28:01","guid":{"rendered":"https:\/\/www.scouts-europe.org\/eclaireurs\/?page_id=1395"},"modified":"2025-06-03T20:24:42","modified_gmt":"2025-06-03T18:24:42","slug":"pour-toi-cp","status":"publish","type":"page","link":"https:\/\/www.scouts-europe.org\/eclaireurs\/coin-de-pat\/pour-toi-cp\/","title":{"rendered":"Pour toi CP"},"content":{"rendered":"\t\t<div data-elementor-type=\"wp-page\" data-elementor-id=\"1395\" class=\"elementor elementor-1395\">\n\t\t\t\t\t\t<section class=\"elementor-section elementor-top-section elementor-element elementor-element-4f2641a elementor-section-boxed elementor-section-height-default elementor-section-height-default\" data-id=\"4f2641a\" data-element_type=\"section\" data-e-type=\"section\">\n\t\t\t\t\t\t<div class=\"elementor-container elementor-column-gap-default\">\n\t\t\t\t\t<div class=\"elementor-column elementor-col-100 elementor-top-column elementor-element elementor-element-86dbc88\" data-id=\"86dbc88\" data-element_type=\"column\" data-e-type=\"column\" data-settings=\"{&quot;background_background&quot;:&quot;classic&quot;}\">\n\t\t\t<div class=\"elementor-widget-wrap elementor-element-populated\">\n\t\t\t\t\t\t<div class=\"elementor-element elementor-element-e26eba7 elementor-widget elementor-widget-spacer\" data-id=\"e26eba7\" data-element_type=\"widget\" data-e-type=\"widget\" data-widget_type=\"spacer.default\">\n\t\t\t\t<div class=\"elementor-widget-container\">\n\t\t\t\t\t\t\t<div class=\"elementor-spacer\">\n\t\t\t<div class=\"elementor-spacer-inner\"><\/div>\n\t\t<\/div>\n\t\t\t\t\t\t<\/div>\n\t\t\t\t<\/div>\n\t\t\t\t<div class=\"elementor-element elementor-element-6248195 elementor-widget elementor-widget-heading\" data-id=\"6248195\" data-element_type=\"widget\" data-e-type=\"widget\" data-widget_type=\"heading.default\">\n\t\t\t\t<div class=\"elementor-widget-container\">\n\t\t\t\t\t<h2 class=\"elementor-heading-title elementor-size-default\">Tu es chef de patrouille ? <\/h2>\t\t\t\t<\/div>\n\t\t\t\t<\/div>\n\t\t\t\t<div class=\"elementor-element elementor-element-37e7e89 elementor-align-center elementor-widget elementor-widget-elementskit-button\" data-id=\"37e7e89\" data-element_type=\"widget\" data-e-type=\"widget\" data-widget_type=\"elementskit-button.default\">\n\t\t\t\t<div class=\"elementor-widget-container\">\n\t\t\t\t\t<div class=\"ekit-wid-con\" >\t\t<div class=\"ekit-btn-wraper\">\n\t\t\t\t\t\t\t<a href=\"https:\/\/koudou.scouts-europe.org\/messager-tiens-ta-place\" class=\"elementskit-btn  whitespace--normal\" id=\"\">\n\t\t\t\t\tD\u00e9couvres ta mission sur le Koudou !\t\t\t\t<\/a>\n\t\t\t\t\t<\/div>\n        <\/div>\t\t\t\t<\/div>\n\t\t\t\t<\/div>\n\t\t\t\t<div class=\"elementor-element elementor-element-9c33a23 elementor-widget elementor-widget-spacer\" data-id=\"9c33a23\" data-element_type=\"widget\" data-e-type=\"widget\" data-widget_type=\"spacer.default\">\n\t\t\t\t<div class=\"elementor-widget-container\">\n\t\t\t\t\t\t\t<div class=\"elementor-spacer\">\n\t\t\t<div class=\"elementor-spacer-inner\"><\/div>\n\t\t<\/div>\n\t\t\t\t\t\t<\/div>\n\t\t\t\t<\/div>\n\t\t\t\t<div class=\"elementor-element elementor-element-aedbb84 elementor-widget elementor-widget-text-editor\" data-id=\"aedbb84\" data-element_type=\"widget\" data-e-type=\"widget\" data-widget_type=\"text-editor.default\">\n\t\t\t\t<div class=\"elementor-widget-container\">\n\t\t\t\t\t\t\t\t\t<h2>La fonction de chef de patrouille est cl\u00e9 dans la mise en oeuvre de la m\u00e9thode scoute.<\/h2><p>La patrouille est la structure optimale pour que les gar\u00e7ons de 12 \u00e0 17 ans qui la composent vivent l\u2019aventure scoute en y \u00e9tant responsabilis\u00e9s et parties prenantes des projets qui y sont construits. Le chef de patrouille anime celle-ci en s\u2019assurant que chaque membre puisse jouer son r\u00f4le, via les postes d\u2019action, et s\u2019inscrive dans une dynamique de progression individuelle et collective.<\/p><p>La troupe permet d\u2019offrir \u00e0 plusieurs patrouilles un encadrement adapt\u00e9, avec une ma\u00eetrise form\u00e9e, pour vivre cette aventure.\u00a0<\/p>\t\t\t\t\t\t\t\t<\/div>\n\t\t\t\t<\/div>\n\t\t\t\t\t<\/div>\n\t\t<\/div>\n\t\t\t\t\t<\/div>\n\t\t<\/section>\n\t\t\t\t<section class=\"elementor-section elementor-top-section elementor-element elementor-element-68e133f elementor-section-boxed elementor-section-height-default elementor-section-height-default\" data-id=\"68e133f\" data-element_type=\"section\" data-e-type=\"section\">\n\t\t\t\t\t\t<div class=\"elementor-container elementor-column-gap-default\">\n\t\t\t\t\t<div class=\"elementor-column elementor-col-100 elementor-top-column elementor-element elementor-element-0aacf30\" data-id=\"0aacf30\" data-element_type=\"column\" data-e-type=\"column\" data-settings=\"{&quot;background_background&quot;:&quot;classic&quot;}\">\n\t\t\t<div class=\"elementor-widget-wrap elementor-element-populated\">\n\t\t\t\t\t\t<div class=\"elementor-element elementor-element-ce66bd2 elementor-widget elementor-widget-text-editor\" data-id=\"ce66bd2\" data-element_type=\"widget\" data-e-type=\"widget\" data-widget_type=\"text-editor.default\">\n\t\t\t\t<div class=\"elementor-widget-container\">\n\t\t\t\t\t\t\t\t\t<blockquote><p class=\"o_default_snippet_text\"><em>\u00a0\u00ab\u00a0Je vous demande, \u00e0 vous chefs de patrouilles, de former \u00e0 l\u2019avenir vos patrouilles enti\u00e8rement seuls : vous pouvez prendre en main chacun de vos scouts et en faire de braves gar\u00e7ons. Il ne sert \u00e0 rien d\u2019avoir un ou deux types \u00e9patants et le reste d\u2019individus qui ne valent rien. Il faut vous appliquer \u00e0 ce qu\u2019ils soient tous \u00e0 la hauteur.<\/em><\/p><p class=\"o_default_snippet_text\"><em>Le plus important pour cela, c\u2019est l\u2019exemple que vous donnerez vous-m\u00eame : ce que vous ferez, vos \u00e9claireurs le feront aussi. Montrez-leurs que vous savez ob\u00e9ir \u00e0 des ordres, qu\u2019ils soient donn\u00e9s de vive voix ou seulement par \u00e9crit, et que vous les ex\u00e9cutez en l\u2019absence du chef ou en sa pr\u00e9sence. Montrez-leurs que vous savez gagner des insignes de capacit\u00e9s, et sans grande d\u00e9pense d\u2019\u00e9loquence, vous obtiendrez que vos gar\u00e7ons suivent vos conseils.\u00a0\u00bb<\/em><\/p><footer class=\"blockquote-footer\"><img decoding=\"async\" class=\"s_blockquote_avatar img rounded-circle me-2 img-fluid o_we_custom_image\" src=\"https:\/\/koudou.scouts-europe.org\/web\/image\/951-2a1c43cc\/bp.webp\" alt=\"\" data-mimetype=\"image\/webp\" data-original-id=\"354\" data-original-src=\"\/web\/image\/354-e6eaa555\/bp.png\" data-mimetype-before-conversion=\"image\/png\" data-resize-width=\"690\" \/><span class=\"s_blockquote_author text-muted o_default_snippet_text\"><b class=\"o_default_snippet_text\"><span class=\"text-o-color-2\">Robert Baden Powel<\/span><\/b><\/span><\/footer><\/blockquote>\t\t\t\t\t\t\t\t<\/div>\n\t\t\t\t<\/div>\n\t\t\t\t\t<\/div>\n\t\t<\/div>\n\t\t\t\t\t<\/div>\n\t\t<\/section>\n\t\t\t\t<\/div>\n\t\t","protected":false},"excerpt":{"rendered":"<p>Tu es chef de patrouille ? D\u00e9couvres ta mission sur le Koudou ! La fonction de chef de patrouille est cl\u00e9 dans la mise en oeuvre de la m\u00e9thode scoute. La patrouille est la structure optimale pour que les gar\u00e7ons de 12 \u00e0 17 ans qui la composent vivent l\u2019aventure scoute en y \u00e9tant responsabilis\u00e9s [&hellip;]<\/p>\n","protected":false},"author":4,"featured_media":3126,"parent":1301,"menu_order":0,"comment_status":"closed","ping_status":"closed","template":"","meta":{"_seopress_robots_primary_cat":"","_seopress_titles_title":"","_seopress_titles_desc":"","_seopress_robots_index":"","site-sidebar-layout":"no-sidebar","site-content-layout":"page-builder","ast-site-content-layout":"full-width-container","site-content-style":"default","site-sidebar-style":"default","ast-global-header-display":"","ast-banner-title-visibility":"","ast-main-header-display":"","ast-hfb-above-header-display":"","ast-hfb-below-header-display":"","ast-hfb-mobile-header-display":"","site-post-title":"disabled","ast-breadcrumbs-content":"","ast-featured-img":"disabled","footer-sml-layout":"","theme-transparent-header-meta":"","adv-header-id-meta":"","stick-header-meta":"","header-above-stick-meta":"","header-main-stick-meta":"","header-below-stick-meta":"","astra-migrate-meta-layouts":"set","ast-page-background-enabled":"default","ast-page-background-meta":{"desktop":{"background-color":"var(--ast-global-color-4)","background-image":"","background-repeat":"repeat","background-position":"center center","background-size":"auto","background-attachment":"scroll","background-type":"","background-media":"","overlay-type":"","overlay-color":"","overlay-opacity":"","overlay-gradient":""},"tablet":{"background-color":"","background-image":"","background-repeat":"repeat","background-position":"center center","background-size":"auto","background-attachment":"scroll","background-type":"","background-media":"","overlay-type":"","overlay-color":"","overlay-opacity":"","overlay-gradient":""},"mobile":{"background-color":"","background-image":"","background-repeat":"repeat","background-position":"center center","background-size":"auto","background-attachment":"scroll","background-type":"","background-media":"","overlay-type":"","overlay-color":"","overlay-opacity":"","overlay-gradient":""}},"ast-content-background-meta":{"desktop":{"background-color":"var(--ast-global-color-5)","background-image":"","background-repeat":"repeat","background-position":"center center","background-size":"auto","background-attachment":"scroll","background-type":"","background-media":"","overlay-type":"","overlay-color":"","overlay-opacity":"","overlay-gradient":""},"tablet":{"background-color":"var(--ast-global-color-5)","background-image":"","background-repeat":"repeat","background-position":"center center","background-size":"auto","background-attachment":"scroll","background-type":"","background-media":"","overlay-type":"","overlay-color":"","overlay-opacity":"","overlay-gradient":""},"mobile":{"background-color":"var(--ast-global-color-5)","background-image":"","background-repeat":"repeat","background-position":"center center","background-size":"auto","background-attachment":"scroll","background-type":"","background-media":"","overlay-type":"","overlay-color":"","overlay-opacity":"","overlay-gradient":""}},"footnotes":""},"class_list":["post-1395","page","type-page","status-publish","has-post-thumbnail","hentry"],"_links":{"self":[{"href":"https:\/\/www.scouts-europe.org\/eclaireurs\/wp-json\/wp\/v2\/pages\/1395","targetHints":{"allow":["GET"]}}],"collection":[{"href":"https:\/\/www.scouts-europe.org\/eclaireurs\/wp-json\/wp\/v2\/pages"}],"about":[{"href":"https:\/\/www.scouts-europe.org\/eclaireurs\/wp-json\/wp\/v2\/types\/page"}],"author":[{"embeddable":true,"href":"https:\/\/www.scouts-europe.org\/eclaireurs\/wp-json\/wp\/v2\/users\/4"}],"replies":[{"embeddable":true,"href":"https:\/\/www.scouts-europe.org\/eclaireurs\/wp-json\/wp\/v2\/comments?post=1395"}],"version-history":[{"count":31,"href":"https:\/\/www.scouts-europe.org\/eclaireurs\/wp-json\/wp\/v2\/pages\/1395\/revisions"}],"predecessor-version":[{"id":3567,"href":"https:\/\/www.scouts-europe.org\/eclaireurs\/wp-json\/wp\/v2\/pages\/1395\/revisions\/3567"}],"up":[{"embeddable":true,"href":"https:\/\/www.scouts-europe.org\/eclaireurs\/wp-json\/wp\/v2\/pages\/1301"}],"wp:featuredmedia":[{"embeddable":true,"href":"https:\/\/www.scouts-europe.org\/eclaireurs\/wp-json\/wp\/v2\/media\/3126"}],"wp:attachment":[{"href":"https:\/\/www.scouts-europe.org\/eclaireurs\/wp-json\/wp\/v2\/media?parent=1395"}],"curies":[{"name":"wp","href":"https:\/\/api.w.org\/{rel}","templated":true}]}}