{"id":1537,"date":"2025-01-21T12:06:52","date_gmt":"2025-01-21T11:06:52","guid":{"rendered":"https:\/\/www.scouts-europe.org\/eclaireurs\/?page_id=1537"},"modified":"2025-06-05T18:57:44","modified_gmt":"2025-06-05T16:57:44","slug":"specialite-marine","status":"publish","type":"page","link":"https:\/\/www.scouts-europe.org\/eclaireurs\/les-specialites\/specialite-marine\/","title":{"rendered":"Environnement Marin"},"content":{"rendered":"\t\t<div data-elementor-type=\"wp-page\" data-elementor-id=\"1537\" class=\"elementor elementor-1537\">\n\t\t\t\t\t\t<section class=\"elementor-section elementor-top-section elementor-element elementor-element-44bb4b9 elementor-section-boxed elementor-section-height-default elementor-section-height-default\" data-id=\"44bb4b9\" data-element_type=\"section\" data-e-type=\"section\">\n\t\t\t\t\t\t<div class=\"elementor-container elementor-column-gap-default\">\n\t\t\t\t\t<div class=\"elementor-column elementor-col-100 elementor-top-column elementor-element elementor-element-a908d34\" data-id=\"a908d34\" data-element_type=\"column\" data-e-type=\"column\" data-settings=\"{&quot;background_background&quot;:&quot;classic&quot;}\">\n\t\t\t<div class=\"elementor-widget-wrap elementor-element-populated\">\n\t\t\t\t\t\t<div class=\"elementor-element elementor-element-f15ef67 elementor-widget elementor-widget-spacer\" data-id=\"f15ef67\" data-element_type=\"widget\" data-e-type=\"widget\" data-widget_type=\"spacer.default\">\n\t\t\t\t<div class=\"elementor-widget-container\">\n\t\t\t\t\t\t\t<div class=\"elementor-spacer\">\n\t\t\t<div class=\"elementor-spacer-inner\"><\/div>\n\t\t<\/div>\n\t\t\t\t\t\t<\/div>\n\t\t\t\t<\/div>\n\t\t\t\t\t<\/div>\n\t\t<\/div>\n\t\t\t\t\t<\/div>\n\t\t<\/section>\n\t\t\t\t<section class=\"elementor-section elementor-top-section elementor-element elementor-element-21ee932 elementor-section-boxed elementor-section-height-default elementor-section-height-default\" data-id=\"21ee932\" data-element_type=\"section\" data-e-type=\"section\">\n\t\t\t\t\t\t<div class=\"elementor-container elementor-column-gap-default\">\n\t\t\t\t\t<div class=\"elementor-column elementor-col-100 elementor-top-column elementor-element elementor-element-05fd541\" data-id=\"05fd541\" data-element_type=\"column\" data-e-type=\"column\" data-settings=\"{&quot;background_background&quot;:&quot;classic&quot;}\">\n\t\t\t<div class=\"elementor-widget-wrap elementor-element-populated\">\n\t\t\t\t\t\t<div class=\"elementor-element elementor-element-1a5ce71 elementor-widget elementor-widget-text-editor\" data-id=\"1a5ce71\" data-element_type=\"widget\" data-e-type=\"widget\" data-widget_type=\"text-editor.default\">\n\t\t\t\t<div class=\"elementor-widget-container\">\n\t\t\t\t\t\t\t\t\t<p>Une troupe marine est une troupe ayant choisi de pratiquer une partie de ses activit\u00e9s en\u00a0mer. Les scouts apprennent donc en plus des autres techniques scoutes \u00e0 naviguer sur des anciens\u00a0gr\u00e9ements appartenant \u00e0 la flotte des Scout d\u2019Europe, o\u00f9 chaque \u00e9quipage (patrouille marine) aura\u00a0son bateau.<\/p><p>Il y a des sorties de navigation en compagnie ou en Haut Equipage pendant l\u2019ann\u00e9e.\u00a0Le camp se d\u00e9roule g\u00e9n\u00e9ralement en deux temps avec une partie terrestre (+\/- 10 jours) et une\u00a0partie marine (+\/-7 jours).<\/p><p>Durant la partie marine du camp, les scouts participeront \u00e0 des jeux, des olympiades en mer, ou tout\u00a0autre activit\u00e9 en mer, et d\u00e9couvriront l\u2019espace maritime o\u00f9 ils naviguent.<\/p><p>Cette sp\u00e9cialit\u00e9 est un r\u00e9el apport p\u00e9dagogique\u00a0: elle permet notamment de renforcer la coh\u00e9sion\u00a0d\u2019\u00e9quipage, d\u2019appuyer le r\u00f4le de chef du CP capitaine sur son bateau, et ouvre de nouvelles\u00a0possibilit\u00e9s aux activit\u00e9s scoutes habituelles.<\/p>\t\t\t\t\t\t\t\t<\/div>\n\t\t\t\t<\/div>\n\t\t\t\t\t<\/div>\n\t\t<\/div>\n\t\t\t\t\t<\/div>\n\t\t<\/section>\n\t\t\t\t<section class=\"elementor-section elementor-top-section elementor-element elementor-element-d41a553 elementor-section-boxed elementor-section-height-default elementor-section-height-default\" data-id=\"d41a553\" data-element_type=\"section\" data-e-type=\"section\">\n\t\t\t\t\t\t<div class=\"elementor-container elementor-column-gap-default\">\n\t\t\t\t\t<div class=\"elementor-column elementor-col-100 elementor-top-column elementor-element elementor-element-ccc9899\" data-id=\"ccc9899\" data-element_type=\"column\" data-e-type=\"column\" data-settings=\"{&quot;background_background&quot;:&quot;classic&quot;}\">\n\t\t\t<div class=\"elementor-widget-wrap elementor-element-populated\">\n\t\t\t\t\t\t<div class=\"elementor-element elementor-element-4ed83f5 elementor-widget elementor-widget-spacer\" data-id=\"4ed83f5\" data-element_type=\"widget\" data-e-type=\"widget\" data-widget_type=\"spacer.default\">\n\t\t\t\t<div class=\"elementor-widget-container\">\n\t\t\t\t\t\t\t<div class=\"elementor-spacer\">\n\t\t\t<div class=\"elementor-spacer-inner\"><\/div>\n\t\t<\/div>\n\t\t\t\t\t\t<\/div>\n\t\t\t\t<\/div>\n\t\t\t\t<div class=\"elementor-element elementor-element-8d332c9 elementor-widget elementor-widget-heading\" data-id=\"8d332c9\" data-element_type=\"widget\" data-e-type=\"widget\" data-widget_type=\"heading.default\">\n\t\t\t\t<div class=\"elementor-widget-container\">\n\t\t\t\t\t<h2 class=\"elementor-heading-title elementor-size-default\">Comment devenir Troupe marine ?<\/h2>\t\t\t\t<\/div>\n\t\t\t\t<\/div>\n\t\t\t\t\t<\/div>\n\t\t<\/div>\n\t\t\t\t\t<\/div>\n\t\t<\/section>\n\t\t\t\t<section class=\"elementor-section elementor-top-section elementor-element elementor-element-39472a0 elementor-section-boxed elementor-section-height-default elementor-section-height-default\" data-id=\"39472a0\" data-element_type=\"section\" data-e-type=\"section\">\n\t\t\t\t\t\t<div class=\"elementor-container elementor-column-gap-default\">\n\t\t\t\t\t<div class=\"elementor-column elementor-col-50 elementor-top-column elementor-element elementor-element-fa19dbd\" data-id=\"fa19dbd\" data-element_type=\"column\" data-e-type=\"column\" data-settings=\"{&quot;background_background&quot;:&quot;classic&quot;}\">\n\t\t\t<div class=\"elementor-widget-wrap elementor-element-populated\">\n\t\t\t\t\t\t<div class=\"elementor-element elementor-element-4132550 elementor-widget elementor-widget-image\" data-id=\"4132550\" data-element_type=\"widget\" data-e-type=\"widget\" data-widget_type=\"image.default\">\n\t\t\t\t<div class=\"elementor-widget-container\">\n\t\t\t\t\t\t\t\t\t\t\t\t\t\t\t<img fetchpriority=\"high\" decoding=\"async\" width=\"1024\" height=\"683\" src=\"https:\/\/www.scouts-europe.org\/eclaireurs\/wp-content\/uploads\/sites\/109\/2025\/06\/epervier_sur_les_mers-1024x683.jpg\" class=\"attachment-large size-large wp-image-3596\" alt=\"epervier sur les mers\" srcset=\"https:\/\/www.scouts-europe.org\/eclaireurs\/wp-content\/uploads\/sites\/109\/2025\/06\/epervier_sur_les_mers-1024x683.jpg 1024w, https:\/\/www.scouts-europe.org\/eclaireurs\/wp-content\/uploads\/sites\/109\/2025\/06\/epervier_sur_les_mers-300x200.jpg 300w, https:\/\/www.scouts-europe.org\/eclaireurs\/wp-content\/uploads\/sites\/109\/2025\/06\/epervier_sur_les_mers-768x512.jpg 768w, https:\/\/www.scouts-europe.org\/eclaireurs\/wp-content\/uploads\/sites\/109\/2025\/06\/epervier_sur_les_mers-1536x1024.jpg 1536w, https:\/\/www.scouts-europe.org\/eclaireurs\/wp-content\/uploads\/sites\/109\/2025\/06\/epervier_sur_les_mers-2048x1365.jpg 2048w\" sizes=\"(max-width: 1024px) 100vw, 1024px\" \/>\t\t\t\t\t\t\t\t\t\t\t\t\t\t\t<\/div>\n\t\t\t\t<\/div>\n\t\t\t\t\t<\/div>\n\t\t<\/div>\n\t\t\t\t<div class=\"elementor-column elementor-col-50 elementor-top-column elementor-element elementor-element-6b28d00\" data-id=\"6b28d00\" data-element_type=\"column\" data-e-type=\"column\" data-settings=\"{&quot;background_background&quot;:&quot;classic&quot;}\">\n\t\t\t<div class=\"elementor-widget-wrap elementor-element-populated\">\n\t\t\t\t\t\t<div class=\"elementor-element elementor-element-3a83acb elementor-widget elementor-widget-spacer\" data-id=\"3a83acb\" data-element_type=\"widget\" data-e-type=\"widget\" data-widget_type=\"spacer.default\">\n\t\t\t\t<div class=\"elementor-widget-container\">\n\t\t\t\t\t\t\t<div class=\"elementor-spacer\">\n\t\t\t<div class=\"elementor-spacer-inner\"><\/div>\n\t\t<\/div>\n\t\t\t\t\t\t<\/div>\n\t\t\t\t<\/div>\n\t\t\t\t<div class=\"elementor-element elementor-element-d45a2ae elementor-widget elementor-widget-text-editor\" data-id=\"d45a2ae\" data-element_type=\"widget\" data-e-type=\"widget\" data-widget_type=\"text-editor.default\">\n\t\t\t\t<div class=\"elementor-widget-container\">\n\t\t\t\t\t\t\t\t\t<p>Pour devenir troupe marine, il faut \u00e9voquer le sujet\u00a0en\u00a0CDH. Si les scouts et la ma\u00eetrise approuvent ce\u00a0choix, il est possible alors de se lancer dans la marinisation de la troupe.<\/p><p>Il faudra alors que la troupe vive au minimum un camp marin et navigue durant l\u2019ann\u00e9e, utilise les\u00a0\u00e9preuves de classes marines pour sa progression et que toutes les scouts passent des badges marins,\u00a0que la ma\u00eetrise commence \u00e0 se former pour passer les dipl\u00f4mes d\u2019encadrement du scoutisme marin\u00a0(Patron d\u2019Embarcation, Chef de Quart, etc..) et aillent en CEP marin, et que la troupe s\u2019ancre dans une\u00a0culture marine (connaissance de la pri\u00e8re des scouts marins, vocabulaire marin, etc..)<\/p>\t\t\t\t\t\t\t\t<\/div>\n\t\t\t\t<\/div>\n\t\t\t\t\t<\/div>\n\t\t<\/div>\n\t\t\t\t\t<\/div>\n\t\t<\/section>\n\t\t\t\t<\/div>\n\t\t","protected":false},"excerpt":{"rendered":"<p>Une troupe marine est une troupe ayant choisi de pratiquer une partie de ses activit\u00e9s en\u00a0mer. Les scouts apprennent donc en plus des autres techniques scoutes \u00e0 naviguer sur des anciens\u00a0gr\u00e9ements appartenant \u00e0 la flotte des Scout d\u2019Europe, o\u00f9 chaque \u00e9quipage (patrouille marine) aura\u00a0son bateau. Il y a des sorties de navigation en compagnie ou [&hellip;]<\/p>\n","protected":false},"author":4,"featured_media":3596,"parent":2694,"menu_order":0,"comment_status":"closed","ping_status":"closed","template":"","meta":{"_seopress_robots_primary_cat":"","_seopress_titles_title":"","_seopress_titles_desc":"","_seopress_robots_index":"","site-sidebar-layout":"no-sidebar","site-content-layout":"page-builder","ast-site-content-layout":"full-width-container","site-content-style":"default","site-sidebar-style":"default","ast-global-header-display":"","ast-banner-title-visibility":"","ast-main-header-display":"","ast-hfb-above-header-display":"","ast-hfb-below-header-display":"","ast-hfb-mobile-header-display":"","site-post-title":"disabled","ast-breadcrumbs-content":"","ast-featured-img":"disabled","footer-sml-layout":"","theme-transparent-header-meta":"","adv-header-id-meta":"","stick-header-meta":"","header-above-stick-meta":"","header-main-stick-meta":"","header-below-stick-meta":"","astra-migrate-meta-layouts":"set","ast-page-background-enabled":"default","ast-page-background-meta":{"desktop":{"background-color":"var(--ast-global-color-4)","background-image":"","background-repeat":"repeat","background-position":"center center","background-size":"auto","background-attachment":"scroll","background-type":"","background-media":"","overlay-type":"","overlay-color":"","overlay-opacity":"","overlay-gradient":""},"tablet":{"background-color":"","background-image":"","background-repeat":"repeat","background-position":"center center","background-size":"auto","background-attachment":"scroll","background-type":"","background-media":"","overlay-type":"","overlay-color":"","overlay-opacity":"","overlay-gradient":""},"mobile":{"background-color":"","background-image":"","background-repeat":"repeat","background-position":"center center","background-size":"auto","background-attachment":"scroll","background-type":"","background-media":"","overlay-type":"","overlay-color":"","overlay-opacity":"","overlay-gradient":""}},"ast-content-background-meta":{"desktop":{"background-color":"var(--ast-global-color-5)","background-image":"","background-repeat":"repeat","background-position":"center center","background-size":"auto","background-attachment":"scroll","background-type":"","background-media":"","overlay-type":"","overlay-color":"","overlay-opacity":"","overlay-gradient":""},"tablet":{"background-color":"var(--ast-global-color-5)","background-image":"","background-repeat":"repeat","background-position":"center center","background-size":"auto","background-attachment":"scroll","background-type":"","background-media":"","overlay-type":"","overlay-color":"","overlay-opacity":"","overlay-gradient":""},"mobile":{"background-color":"var(--ast-global-color-5)","background-image":"","background-repeat":"repeat","background-position":"center center","background-size":"auto","background-attachment":"scroll","background-type":"","background-media":"","overlay-type":"","overlay-color":"","overlay-opacity":"","overlay-gradient":""}},"footnotes":""},"class_list":["post-1537","page","type-page","status-publish","has-post-thumbnail","hentry"],"_links":{"self":[{"href":"https:\/\/www.scouts-europe.org\/eclaireurs\/wp-json\/wp\/v2\/pages\/1537","targetHints":{"allow":["GET"]}}],"collection":[{"href":"https:\/\/www.scouts-europe.org\/eclaireurs\/wp-json\/wp\/v2\/pages"}],"about":[{"href":"https:\/\/www.scouts-europe.org\/eclaireurs\/wp-json\/wp\/v2\/types\/page"}],"author":[{"embeddable":true,"href":"https:\/\/www.scouts-europe.org\/eclaireurs\/wp-json\/wp\/v2\/users\/4"}],"replies":[{"embeddable":true,"href":"https:\/\/www.scouts-europe.org\/eclaireurs\/wp-json\/wp\/v2\/comments?post=1537"}],"version-history":[{"count":31,"href":"https:\/\/www.scouts-europe.org\/eclaireurs\/wp-json\/wp\/v2\/pages\/1537\/revisions"}],"predecessor-version":[{"id":3602,"href":"https:\/\/www.scouts-europe.org\/eclaireurs\/wp-json\/wp\/v2\/pages\/1537\/revisions\/3602"}],"up":[{"embeddable":true,"href":"https:\/\/www.scouts-europe.org\/eclaireurs\/wp-json\/wp\/v2\/pages\/2694"}],"wp:featuredmedia":[{"embeddable":true,"href":"https:\/\/www.scouts-europe.org\/eclaireurs\/wp-json\/wp\/v2\/media\/3596"}],"wp:attachment":[{"href":"https:\/\/www.scouts-europe.org\/eclaireurs\/wp-json\/wp\/v2\/media?parent=1537"}],"curies":[{"name":"wp","href":"https:\/\/api.w.org\/{rel}","templated":true}]}}