{"id":1549,"date":"2025-01-21T12:11:29","date_gmt":"2025-01-21T11:11:29","guid":{"rendered":"https:\/\/www.scouts-europe.org\/eclaireurs\/?page_id=1549"},"modified":"2025-06-05T19:07:31","modified_gmt":"2025-06-05T17:07:31","slug":"specialite-nautique","status":"publish","type":"page","link":"https:\/\/www.scouts-europe.org\/eclaireurs\/les-specialites\/specialite-nautique\/","title":{"rendered":"Environnement nautique"},"content":{"rendered":"\t\t<div data-elementor-type=\"wp-page\" data-elementor-id=\"1549\" class=\"elementor elementor-1549\">\n\t\t\t\t\t\t<section class=\"elementor-section elementor-top-section elementor-element elementor-element-0521082 elementor-section-boxed elementor-section-height-default elementor-section-height-default\" data-id=\"0521082\" data-element_type=\"section\" data-e-type=\"section\">\n\t\t\t\t\t\t<div class=\"elementor-container elementor-column-gap-default\">\n\t\t\t\t\t<div class=\"elementor-column elementor-col-100 elementor-top-column elementor-element elementor-element-b98ac5b\" data-id=\"b98ac5b\" data-element_type=\"column\" data-e-type=\"column\" data-settings=\"{&quot;background_background&quot;:&quot;classic&quot;}\">\n\t\t\t<div class=\"elementor-widget-wrap elementor-element-populated\">\n\t\t\t\t\t\t<div class=\"elementor-element elementor-element-da663e8 elementor-widget elementor-widget-spacer\" data-id=\"da663e8\" data-element_type=\"widget\" data-e-type=\"widget\" data-widget_type=\"spacer.default\">\n\t\t\t\t<div class=\"elementor-widget-container\">\n\t\t\t\t\t\t\t<div class=\"elementor-spacer\">\n\t\t\t<div class=\"elementor-spacer-inner\"><\/div>\n\t\t<\/div>\n\t\t\t\t\t\t<\/div>\n\t\t\t\t<\/div>\n\t\t\t\t<div class=\"elementor-element elementor-element-5673745 elementor-widget elementor-widget-heading\" data-id=\"5673745\" data-element_type=\"widget\" data-e-type=\"widget\" data-widget_type=\"heading.default\">\n\t\t\t\t<div class=\"elementor-widget-container\">\n\t\t\t\t\t<h2 class=\"elementor-heading-title elementor-size-default\">En quoi consiste le Scoutisme nautique ?<\/h2>\t\t\t\t<\/div>\n\t\t\t\t<\/div>\n\t\t\t\t<div class=\"elementor-element elementor-element-d572ae7 elementor-widget elementor-widget-text-editor\" data-id=\"d572ae7\" data-element_type=\"widget\" data-e-type=\"widget\" data-widget_type=\"text-editor.default\">\n\t\t\t\t<div class=\"elementor-widget-container\">\n\t\t\t\t\t\t\t\t\t<p>Une troupe nautique est une troupe ayant choisi de pratiquer une partie de ses activit\u00e9s sur\u00a0les rivi\u00e8res ou les lacs. Les scouts apprennent donc \u00e0 construire leur propre embarcation de\u00a0patrouille pour ensuite y naviguer.<\/p><p>Il y a des activit\u00e9s nautiques durant l\u2019ann\u00e9e et au camp, comme par exemple des olympiades\u00a0nautiques, une descente de rivi\u00e8re\u2026qui permettent aux scouts de d\u00e9couvrir d\u2019une autre mani\u00e8re\u00a0leur environnement et de pratiquer le froissartage de mani\u00e8re diff\u00e9rente.<\/p><p>Cette sp\u00e9cialit\u00e9 est un r\u00e9el apport p\u00e9dagogique\u00a0: elle permet notamment de renforcer la coh\u00e9sion de\u00a0patrouille, d\u2019appuyer le r\u00f4le de chef du CP qui dirige l\u2019embarcation, et ouvre de nouvelles possibilit\u00e9s\u00a0aux activit\u00e9s scoutes habituelles.<\/p>\t\t\t\t\t\t\t\t<\/div>\n\t\t\t\t<\/div>\n\t\t\t\t<div class=\"elementor-element elementor-element-d3f1825 elementor-widget elementor-widget-image\" data-id=\"d3f1825\" data-element_type=\"widget\" data-e-type=\"widget\" data-widget_type=\"image.default\">\n\t\t\t\t<div class=\"elementor-widget-container\">\n\t\t\t\t\t\t\t\t\t\t\t\t\t\t\t<img fetchpriority=\"high\" decoding=\"async\" width=\"768\" height=\"1152\" src=\"https:\/\/www.scouts-europe.org\/eclaireurs\/wp-content\/uploads\/sites\/109\/2025\/06\/bateau-mini-768x1152.jpg\" class=\"attachment-medium_large size-medium_large wp-image-3609\" alt=\"applemark\" srcset=\"https:\/\/www.scouts-europe.org\/eclaireurs\/wp-content\/uploads\/sites\/109\/2025\/06\/bateau-mini-768x1152.jpg 768w, https:\/\/www.scouts-europe.org\/eclaireurs\/wp-content\/uploads\/sites\/109\/2025\/06\/bateau-mini-200x300.jpg 200w, https:\/\/www.scouts-europe.org\/eclaireurs\/wp-content\/uploads\/sites\/109\/2025\/06\/bateau-mini-683x1024.jpg 683w, https:\/\/www.scouts-europe.org\/eclaireurs\/wp-content\/uploads\/sites\/109\/2025\/06\/bateau-mini-1024x1536.jpg 1024w, https:\/\/www.scouts-europe.org\/eclaireurs\/wp-content\/uploads\/sites\/109\/2025\/06\/bateau-mini-1365x2048.jpg 1365w, https:\/\/www.scouts-europe.org\/eclaireurs\/wp-content\/uploads\/sites\/109\/2025\/06\/bateau-mini-scaled.jpg 1707w\" sizes=\"(max-width: 768px) 100vw, 768px\" \/>\t\t\t\t\t\t\t\t\t\t\t\t\t\t\t<\/div>\n\t\t\t\t<\/div>\n\t\t\t\t\t<\/div>\n\t\t<\/div>\n\t\t\t\t\t<\/div>\n\t\t<\/section>\n\t\t\t\t<section class=\"elementor-section elementor-top-section elementor-element elementor-element-3c96a7c elementor-section-boxed elementor-section-height-default elementor-section-height-default\" data-id=\"3c96a7c\" data-element_type=\"section\" data-e-type=\"section\">\n\t\t\t\t\t\t<div class=\"elementor-container elementor-column-gap-default\">\n\t\t\t\t\t<div class=\"elementor-column elementor-col-100 elementor-top-column elementor-element elementor-element-4b1bdaf\" data-id=\"4b1bdaf\" data-element_type=\"column\" data-e-type=\"column\" data-settings=\"{&quot;background_background&quot;:&quot;classic&quot;}\">\n\t\t\t<div class=\"elementor-widget-wrap elementor-element-populated\">\n\t\t\t\t\t\t<div class=\"elementor-element elementor-element-30e7ee8 elementor-widget elementor-widget-spacer\" data-id=\"30e7ee8\" data-element_type=\"widget\" data-e-type=\"widget\" data-widget_type=\"spacer.default\">\n\t\t\t\t<div class=\"elementor-widget-container\">\n\t\t\t\t\t\t\t<div class=\"elementor-spacer\">\n\t\t\t<div class=\"elementor-spacer-inner\"><\/div>\n\t\t<\/div>\n\t\t\t\t\t\t<\/div>\n\t\t\t\t<\/div>\n\t\t\t\t<div class=\"elementor-element elementor-element-85cfc7e elementor-widget elementor-widget-heading\" data-id=\"85cfc7e\" data-element_type=\"widget\" data-e-type=\"widget\" data-widget_type=\"heading.default\">\n\t\t\t\t<div class=\"elementor-widget-container\">\n\t\t\t\t\t<h2 class=\"elementor-heading-title elementor-size-default\">Comment devenir nautique ? (\u00e9tapes, formation)<\/h2>\t\t\t\t<\/div>\n\t\t\t\t<\/div>\n\t\t\t\t<div class=\"elementor-element elementor-element-eceeba4 elementor-widget elementor-widget-text-editor\" data-id=\"eceeba4\" data-element_type=\"widget\" data-e-type=\"widget\" data-widget_type=\"text-editor.default\">\n\t\t\t\t<div class=\"elementor-widget-container\">\n\t\t\t\t\t\t\t\t\t<p>Pour devenir troupe nautique, il faut demander l\u2019avis \u00e0 la CDH. Si les scouts et la maitrise approuvent ce&nbsp;choix, il est possible alors de se lancer dans la nautismisation de la troupe.&nbsp;Il faudra alors que la troupe vive au minimum un camp o\u00f9 sera organis\u00e9 une activit\u00e9 nautique majeure,&nbsp;pratique durant l\u2019ann\u00e9e, utilise les \u00e9preuves nautiques pour la progression des troupe, que la maitrise&nbsp;se forme, et que la troupe s\u2019ancre dans une culture nautique.<\/p>\t\t\t\t\t\t\t\t<\/div>\n\t\t\t\t<\/div>\n\t\t\t\t\t<\/div>\n\t\t<\/div>\n\t\t\t\t\t<\/div>\n\t\t<\/section>\n\t\t\t\t<\/div>\n\t\t","protected":false},"excerpt":{"rendered":"<p>En quoi consiste le Scoutisme nautique ? Une troupe nautique est une troupe ayant choisi de pratiquer une partie de ses activit\u00e9s sur\u00a0les rivi\u00e8res ou les lacs. Les scouts apprennent donc \u00e0 construire leur propre embarcation de\u00a0patrouille pour ensuite y naviguer. Il y a des activit\u00e9s nautiques durant l\u2019ann\u00e9e et au camp, comme par exemple [&hellip;]<\/p>\n","protected":false},"author":4,"featured_media":3605,"parent":2694,"menu_order":0,"comment_status":"closed","ping_status":"closed","template":"","meta":{"_seopress_robots_primary_cat":"","_seopress_titles_title":"","_seopress_titles_desc":"","_seopress_robots_index":"","site-sidebar-layout":"no-sidebar","site-content-layout":"page-builder","ast-site-content-layout":"full-width-container","site-content-style":"default","site-sidebar-style":"default","ast-global-header-display":"","ast-banner-title-visibility":"","ast-main-header-display":"","ast-hfb-above-header-display":"","ast-hfb-below-header-display":"","ast-hfb-mobile-header-display":"","site-post-title":"disabled","ast-breadcrumbs-content":"","ast-featured-img":"disabled","footer-sml-layout":"","theme-transparent-header-meta":"","adv-header-id-meta":"","stick-header-meta":"","header-above-stick-meta":"","header-main-stick-meta":"","header-below-stick-meta":"","astra-migrate-meta-layouts":"set","ast-page-background-enabled":"default","ast-page-background-meta":{"desktop":{"background-color":"var(--ast-global-color-4)","background-image":"","background-repeat":"repeat","background-position":"center center","background-size":"auto","background-attachment":"scroll","background-type":"","background-media":"","overlay-type":"","overlay-color":"","overlay-opacity":"","overlay-gradient":""},"tablet":{"background-color":"","background-image":"","background-repeat":"repeat","background-position":"center center","background-size":"auto","background-attachment":"scroll","background-type":"","background-media":"","overlay-type":"","overlay-color":"","overlay-opacity":"","overlay-gradient":""},"mobile":{"background-color":"","background-image":"","background-repeat":"repeat","background-position":"center center","background-size":"auto","background-attachment":"scroll","background-type":"","background-media":"","overlay-type":"","overlay-color":"","overlay-opacity":"","overlay-gradient":""}},"ast-content-background-meta":{"desktop":{"background-color":"var(--ast-global-color-5)","background-image":"","background-repeat":"repeat","background-position":"center center","background-size":"auto","background-attachment":"scroll","background-type":"","background-media":"","overlay-type":"","overlay-color":"","overlay-opacity":"","overlay-gradient":""},"tablet":{"background-color":"var(--ast-global-color-5)","background-image":"","background-repeat":"repeat","background-position":"center center","background-size":"auto","background-attachment":"scroll","background-type":"","background-media":"","overlay-type":"","overlay-color":"","overlay-opacity":"","overlay-gradient":""},"mobile":{"background-color":"var(--ast-global-color-5)","background-image":"","background-repeat":"repeat","background-position":"center center","background-size":"auto","background-attachment":"scroll","background-type":"","background-media":"","overlay-type":"","overlay-color":"","overlay-opacity":"","overlay-gradient":""}},"footnotes":""},"class_list":["post-1549","page","type-page","status-publish","has-post-thumbnail","hentry"],"_links":{"self":[{"href":"https:\/\/www.scouts-europe.org\/eclaireurs\/wp-json\/wp\/v2\/pages\/1549","targetHints":{"allow":["GET"]}}],"collection":[{"href":"https:\/\/www.scouts-europe.org\/eclaireurs\/wp-json\/wp\/v2\/pages"}],"about":[{"href":"https:\/\/www.scouts-europe.org\/eclaireurs\/wp-json\/wp\/v2\/types\/page"}],"author":[{"embeddable":true,"href":"https:\/\/www.scouts-europe.org\/eclaireurs\/wp-json\/wp\/v2\/users\/4"}],"replies":[{"embeddable":true,"href":"https:\/\/www.scouts-europe.org\/eclaireurs\/wp-json\/wp\/v2\/comments?post=1549"}],"version-history":[{"count":22,"href":"https:\/\/www.scouts-europe.org\/eclaireurs\/wp-json\/wp\/v2\/pages\/1549\/revisions"}],"predecessor-version":[{"id":3613,"href":"https:\/\/www.scouts-europe.org\/eclaireurs\/wp-json\/wp\/v2\/pages\/1549\/revisions\/3613"}],"up":[{"embeddable":true,"href":"https:\/\/www.scouts-europe.org\/eclaireurs\/wp-json\/wp\/v2\/pages\/2694"}],"wp:featuredmedia":[{"embeddable":true,"href":"https:\/\/www.scouts-europe.org\/eclaireurs\/wp-json\/wp\/v2\/media\/3605"}],"wp:attachment":[{"href":"https:\/\/www.scouts-europe.org\/eclaireurs\/wp-json\/wp\/v2\/media?parent=1549"}],"curies":[{"name":"wp","href":"https:\/\/api.w.org\/{rel}","templated":true}]}}