{"id":3617,"date":"2025-06-05T19:38:19","date_gmt":"2025-06-05T17:38:19","guid":{"rendered":"https:\/\/www.scouts-europe.org\/eclaireurs\/?page_id=3617"},"modified":"2025-06-11T18:57:07","modified_gmt":"2025-06-11T16:57:07","slug":"le-bosco","status":"publish","type":"page","link":"https:\/\/www.scouts-europe.org\/eclaireurs\/le-bosco\/","title":{"rendered":"Le Bosco"},"content":{"rendered":"\t\t<div data-elementor-type=\"wp-page\" data-elementor-id=\"3617\" class=\"elementor elementor-3617\">\n\t\t\t\t\t\t<section class=\"elementor-section elementor-top-section elementor-element elementor-element-07d65ed elementor-section-boxed elementor-section-height-default elementor-section-height-default\" data-id=\"07d65ed\" data-element_type=\"section\" data-e-type=\"section\">\n\t\t\t\t\t\t<div class=\"elementor-container elementor-column-gap-default\">\n\t\t\t\t\t<div class=\"elementor-column elementor-col-100 elementor-top-column elementor-element elementor-element-e072af9\" data-id=\"e072af9\" data-element_type=\"column\" data-e-type=\"column\" data-settings=\"{&quot;background_background&quot;:&quot;classic&quot;}\">\n\t\t\t<div class=\"elementor-widget-wrap elementor-element-populated\">\n\t\t\t\t\t\t<div class=\"elementor-element elementor-element-b21b14c elementor-widget elementor-widget-heading\" data-id=\"b21b14c\" data-element_type=\"widget\" data-e-type=\"widget\" data-widget_type=\"heading.default\">\n\t\t\t\t<div class=\"elementor-widget-container\">\n\t\t\t\t\t<h2 class=\"elementor-heading-title elementor-size-default\">Qu'est-ce que le r\u00e9seau Don Bosco<\/h2>\t\t\t\t<\/div>\n\t\t\t\t<\/div>\n\t\t\t\t\t<\/div>\n\t\t<\/div>\n\t\t\t\t\t<\/div>\n\t\t<\/section>\n\t\t\t\t<section class=\"elementor-section elementor-top-section elementor-element elementor-element-341e656 elementor-section-boxed elementor-section-height-default elementor-section-height-default\" data-id=\"341e656\" data-element_type=\"section\" data-e-type=\"section\">\n\t\t\t\t\t\t<div class=\"elementor-container elementor-column-gap-default\">\n\t\t\t\t\t<div class=\"elementor-column elementor-col-100 elementor-top-column elementor-element elementor-element-9f0cf43\" data-id=\"9f0cf43\" data-element_type=\"column\" data-e-type=\"column\" data-settings=\"{&quot;background_background&quot;:&quot;classic&quot;}\">\n\t\t\t<div class=\"elementor-widget-wrap elementor-element-populated\">\n\t\t\t\t\t\t<div class=\"elementor-element elementor-element-ee98c65 elementor-widget elementor-widget-text-editor\" data-id=\"ee98c65\" data-element_type=\"widget\" data-e-type=\"widget\" data-widget_type=\"text-editor.default\">\n\t\t\t\t<div class=\"elementor-widget-container\">\n\t\t\t\t\t\t\t\t\t<p style=\"margin-top: 1em;margin-bottom: 1em;color: #000000;font-family: 'Segoe UI', 'Segoe UI Emoji', 'Segoe UI Symbol', Lato, 'Liberation Sans', 'Noto Sans', 'Helvetica Neue', Helvetica, sans-serif;font-size: 15.2px;font-style: normal;font-weight: 400\"><span style=\"font-size: 15.2px\">Chaque ann\u00e9e, le \u00ab\u00a0Bosco\u00a0\u00bb de son petit nom, regroupe diff\u00e9rentes troupes de toute la France qui n&rsquo;ont pas de maitrise suffisement form\u00e9 pour pouvoir camper en autonomie.\u00a0<\/span><\/p><p style=\"margin-top: 1em;margin-bottom: 1em;color: #000000;font-family: 'Segoe UI', 'Segoe UI Emoji', 'Segoe UI Symbol', Lato, 'Liberation Sans', 'Noto Sans', 'Helvetica Neue', Helvetica, sans-serif;font-size: 15.2px;font-style: normal;font-weight: 400\">Une \u00e9quipe de chefs exp\u00e9riment\u00e9s aide les chefs de chaque troupe \u00e0 organiser leur ann\u00e9e, \u00e0 proposer des d\u00e9fis aux patrouilles. Ils assurent un suivi r\u00e9gulier. L&rsquo;\u00e9t\u00e9, l&rsquo;ensemble des troupe du Bosco se retrouve pou un grand camp. Les unit\u00e9s sont r\u00e9parties en plusieurs sous-camps.\u00a0<\/p><p style=\"margin-top: 1em;margin-bottom: 1em;color: #000000;font-family: 'Segoe UI', 'Segoe UI Emoji', 'Segoe UI Symbol', Lato, 'Liberation Sans', 'Noto Sans', 'Helvetica Neue', Helvetica, sans-serif;font-size: 15.2px;font-style: normal;font-weight: 400\"><span style=\"font-size: 15.2px\">L&rsquo;investissement du chef de groupe (CGS), de la maitrise de troupe et des chefs de patrouille (CP) sont d\u00e9terminants pour pouvoir profiter pleinement de cette ann\u00e9e au Bosco. Car en effet, une troupe ne reste normalement pas plus d&rsquo;une ann\u00e9e dans le Bosco : cette ann\u00e9e permet aux chefs de la troupe de se former pour ensuite pouvoir vivre en troupe l&rsquo;ann\u00e9e suivante, sans le besoin d&rsquo;une aide du Bosco.\u00a0<\/span><\/p>\t\t\t\t\t\t\t\t<\/div>\n\t\t\t\t<\/div>\n\t\t\t\t<div class=\"elementor-element elementor-element-71c2a83 elementor-widget elementor-widget-image\" data-id=\"71c2a83\" data-element_type=\"widget\" data-e-type=\"widget\" data-widget_type=\"image.default\">\n\t\t\t\t<div class=\"elementor-widget-container\">\n\t\t\t\t\t\t\t\t\t\t\t\t\t\t\t<img fetchpriority=\"high\" decoding=\"async\" width=\"1024\" height=\"678\" src=\"https:\/\/www.scouts-europe.org\/eclaireurs\/wp-content\/uploads\/sites\/109\/2025\/06\/Bosco2016-2-1024x678.jpg\" class=\"attachment-large size-large wp-image-3643\" alt=\"bosco 2016\" srcset=\"https:\/\/www.scouts-europe.org\/eclaireurs\/wp-content\/uploads\/sites\/109\/2025\/06\/Bosco2016-2-1024x678.jpg 1024w, https:\/\/www.scouts-europe.org\/eclaireurs\/wp-content\/uploads\/sites\/109\/2025\/06\/Bosco2016-2-300x199.jpg 300w, https:\/\/www.scouts-europe.org\/eclaireurs\/wp-content\/uploads\/sites\/109\/2025\/06\/Bosco2016-2-768x509.jpg 768w, https:\/\/www.scouts-europe.org\/eclaireurs\/wp-content\/uploads\/sites\/109\/2025\/06\/Bosco2016-2-1536x1018.jpg 1536w, https:\/\/www.scouts-europe.org\/eclaireurs\/wp-content\/uploads\/sites\/109\/2025\/06\/Bosco2016-2.jpg 2000w\" sizes=\"(max-width: 1024px) 100vw, 1024px\" \/>\t\t\t\t\t\t\t\t\t\t\t\t\t\t\t<\/div>\n\t\t\t\t<\/div>\n\t\t\t\t<div class=\"elementor-element elementor-element-f37d1ce elementor-widget elementor-widget-heading\" data-id=\"f37d1ce\" data-element_type=\"widget\" data-e-type=\"widget\" data-widget_type=\"heading.default\">\n\t\t\t\t<div class=\"elementor-widget-container\">\n\t\t\t\t\t<h2 class=\"elementor-heading-title elementor-size-default\">Rejoindre le bosco<\/h2>\t\t\t\t<\/div>\n\t\t\t\t<\/div>\n\t\t\t\t<div class=\"elementor-element elementor-element-0d07011 elementor-widget elementor-widget-text-editor\" data-id=\"0d07011\" data-element_type=\"widget\" data-e-type=\"widget\" data-widget_type=\"text-editor.default\">\n\t\t\t\t<div class=\"elementor-widget-container\">\n\t\t\t\t\t\t\t\t\t<p>Pour faire partie du Bosco, il faut que cela viennent d&rsquo;une d\u00e9cision de la CDH en lien avec le chef de groupe.\u00a0<br \/>La troupe qui veut rejoindre le Bosco doit donc \u00eatre une troupe constitu\u00e9, avec une maitrise reconnue comme insuffisante pour pouvoir camper par ses propres moyens.<\/p><p>Une fois la d\u00e9cision prise de candidater au Bosco, il faudra ensuite appeler le chef de Bosco ou un de ses assistants pour lui faire part de vos motivations. Il fera le point avec le chef de troupe pour savoir si le Bosco est la meilleure solution pour la troupe. Il peut proposer d&rsquo;autres solutions, tel que d&rsquo;envisager un camp jumel\u00e9 par exemple.\u00a0\u00a0<\/p><p>Enfin, si la troupe est accept\u00e9, alors le chef de troupe travaillera avec le chef du Bosco pour cadrer son ann\u00e9e en lien avec les autres troupes du r\u00e9seau en vue du camp d&rsquo;\u00e9t\u00e9. Chaque cas \u00e9tant unique, un dialogue franc et ouvert est n\u00e9cessaire pour profiter pleinement de son ann\u00e9e au Bosco.<\/p>\t\t\t\t\t\t\t\t<\/div>\n\t\t\t\t<\/div>\n\t\t\t\t<div class=\"elementor-element elementor-element-7248f4a elementor-widget elementor-widget-image\" data-id=\"7248f4a\" data-element_type=\"widget\" data-e-type=\"widget\" data-widget_type=\"image.default\">\n\t\t\t\t<div class=\"elementor-widget-container\">\n\t\t\t\t\t\t\t\t\t\t\t\t\t\t\t<img decoding=\"async\" width=\"768\" height=\"1152\" src=\"https:\/\/www.scouts-europe.org\/eclaireurs\/wp-content\/uploads\/sites\/109\/2025\/06\/DomitienAW-WEHPBosco-9035-min-768x1152.jpg\" class=\"attachment-medium_large size-medium_large wp-image-3644\" alt=\"domitienaw wehpbosco 9035 min\" srcset=\"https:\/\/www.scouts-europe.org\/eclaireurs\/wp-content\/uploads\/sites\/109\/2025\/06\/DomitienAW-WEHPBosco-9035-min-768x1152.jpg 768w, https:\/\/www.scouts-europe.org\/eclaireurs\/wp-content\/uploads\/sites\/109\/2025\/06\/DomitienAW-WEHPBosco-9035-min-200x300.jpg 200w, https:\/\/www.scouts-europe.org\/eclaireurs\/wp-content\/uploads\/sites\/109\/2025\/06\/DomitienAW-WEHPBosco-9035-min-683x1024.jpg 683w, https:\/\/www.scouts-europe.org\/eclaireurs\/wp-content\/uploads\/sites\/109\/2025\/06\/DomitienAW-WEHPBosco-9035-min-1024x1536.jpg 1024w, https:\/\/www.scouts-europe.org\/eclaireurs\/wp-content\/uploads\/sites\/109\/2025\/06\/DomitienAW-WEHPBosco-9035-min.jpg 1080w\" sizes=\"(max-width: 768px) 100vw, 768px\" \/>\t\t\t\t\t\t\t\t\t\t\t\t\t\t\t<\/div>\n\t\t\t\t<\/div>\n\t\t\t\t\t<\/div>\n\t\t<\/div>\n\t\t\t\t\t<\/div>\n\t\t<\/section>\n\t\t\t\t<\/div>\n\t\t","protected":false},"excerpt":{"rendered":"<p>Qu&rsquo;est-ce que le r\u00e9seau Don Bosco Chaque ann\u00e9e, le \u00ab\u00a0Bosco\u00a0\u00bb de son petit nom, regroupe diff\u00e9rentes troupes de toute la France qui n&rsquo;ont pas de maitrise suffisement form\u00e9 pour pouvoir camper en autonomie.\u00a0 Une \u00e9quipe de chefs exp\u00e9riment\u00e9s aide les chefs de chaque troupe \u00e0 organiser leur ann\u00e9e, \u00e0 proposer des d\u00e9fis aux patrouilles. Ils [&hellip;]<\/p>\n","protected":false},"author":78,"featured_media":0,"parent":0,"menu_order":0,"comment_status":"closed","ping_status":"closed","template":"","meta":{"_seopress_robots_primary_cat":"","_seopress_titles_title":"","_seopress_titles_desc":"","_seopress_robots_index":"","site-sidebar-layout":"no-sidebar","site-content-layout":"page-builder","ast-site-content-layout":"full-width-container","site-content-style":"default","site-sidebar-style":"default","ast-global-header-display":"","ast-banner-title-visibility":"","ast-main-header-display":"","ast-hfb-above-header-display":"","ast-hfb-below-header-display":"","ast-hfb-mobile-header-display":"","site-post-title":"disabled","ast-breadcrumbs-content":"","ast-featured-img":"disabled","footer-sml-layout":"","theme-transparent-header-meta":"","adv-header-id-meta":"","stick-header-meta":"","header-above-stick-meta":"","header-main-stick-meta":"","header-below-stick-meta":"","astra-migrate-meta-layouts":"set","ast-page-background-enabled":"default","ast-page-background-meta":{"desktop":{"background-color":"var(--ast-global-color-4)","background-image":"","background-repeat":"repeat","background-position":"center center","background-size":"auto","background-attachment":"scroll","background-type":"","background-media":"","overlay-type":"","overlay-color":"","overlay-opacity":"","overlay-gradient":""},"tablet":{"background-color":"","background-image":"","background-repeat":"repeat","background-position":"center center","background-size":"auto","background-attachment":"scroll","background-type":"","background-media":"","overlay-type":"","overlay-color":"","overlay-opacity":"","overlay-gradient":""},"mobile":{"background-color":"","background-image":"","background-repeat":"repeat","background-position":"center center","background-size":"auto","background-attachment":"scroll","background-type":"","background-media":"","overlay-type":"","overlay-color":"","overlay-opacity":"","overlay-gradient":""}},"ast-content-background-meta":{"desktop":{"background-color":"var(--ast-global-color-5)","background-image":"","background-repeat":"repeat","background-position":"center center","background-size":"auto","background-attachment":"scroll","background-type":"","background-media":"","overlay-type":"","overlay-color":"","overlay-opacity":"","overlay-gradient":""},"tablet":{"background-color":"var(--ast-global-color-5)","background-image":"","background-repeat":"repeat","background-position":"center center","background-size":"auto","background-attachment":"scroll","background-type":"","background-media":"","overlay-type":"","overlay-color":"","overlay-opacity":"","overlay-gradient":""},"mobile":{"background-color":"var(--ast-global-color-5)","background-image":"","background-repeat":"repeat","background-position":"center center","background-size":"auto","background-attachment":"scroll","background-type":"","background-media":"","overlay-type":"","overlay-color":"","overlay-opacity":"","overlay-gradient":""}},"footnotes":""},"class_list":["post-3617","page","type-page","status-publish","hentry"],"_links":{"self":[{"href":"https:\/\/www.scouts-europe.org\/eclaireurs\/wp-json\/wp\/v2\/pages\/3617","targetHints":{"allow":["GET"]}}],"collection":[{"href":"https:\/\/www.scouts-europe.org\/eclaireurs\/wp-json\/wp\/v2\/pages"}],"about":[{"href":"https:\/\/www.scouts-europe.org\/eclaireurs\/wp-json\/wp\/v2\/types\/page"}],"author":[{"embeddable":true,"href":"https:\/\/www.scouts-europe.org\/eclaireurs\/wp-json\/wp\/v2\/users\/78"}],"replies":[{"embeddable":true,"href":"https:\/\/www.scouts-europe.org\/eclaireurs\/wp-json\/wp\/v2\/comments?post=3617"}],"version-history":[{"count":5,"href":"https:\/\/www.scouts-europe.org\/eclaireurs\/wp-json\/wp\/v2\/pages\/3617\/revisions"}],"predecessor-version":[{"id":3647,"href":"https:\/\/www.scouts-europe.org\/eclaireurs\/wp-json\/wp\/v2\/pages\/3617\/revisions\/3647"}],"wp:attachment":[{"href":"https:\/\/www.scouts-europe.org\/eclaireurs\/wp-json\/wp\/v2\/media?parent=3617"}],"curies":[{"name":"wp","href":"https:\/\/api.w.org\/{rel}","templated":true}]}}