{"id":1183,"date":"2024-12-02T11:40:09","date_gmt":"2024-12-02T10:40:09","guid":{"rendered":"https:\/\/www.scouts-europe.org\/eclaireuses\/?page_id=1183"},"modified":"2025-04-14T11:12:37","modified_gmt":"2025-04-14T09:12:37","slug":"progression-personnelle-de-la-cheftaine","status":"publish","type":"page","link":"https:\/\/www.scouts-europe.org\/eclaireuses\/progression-personnelle-de-la-cheftaine\/","title":{"rendered":"Progression personnelle de la cheftaine"},"content":{"rendered":"\t\t<div data-elementor-type=\"wp-page\" data-elementor-id=\"1183\" class=\"elementor elementor-1183\">\n\t\t\t\t\t\t<section class=\"elementor-section elementor-top-section elementor-element elementor-element-078160a elementor-section-boxed elementor-section-height-default elementor-section-height-default\" data-id=\"078160a\" data-element_type=\"section\" data-e-type=\"section\" data-settings=\"{&quot;background_background&quot;:&quot;classic&quot;}\">\n\t\t\t\t\t\t<div class=\"elementor-container elementor-column-gap-default\">\n\t\t\t\t\t<div class=\"elementor-column elementor-col-100 elementor-top-column elementor-element elementor-element-42ef7bd\" data-id=\"42ef7bd\" data-element_type=\"column\" data-e-type=\"column\">\n\t\t\t<div class=\"elementor-widget-wrap elementor-element-populated\">\n\t\t\t\t\t\t<div class=\"elementor-element elementor-element-2d1e583 elementor-widget elementor-widget-heading\" data-id=\"2d1e583\" data-element_type=\"widget\" data-e-type=\"widget\" data-widget_type=\"heading.default\">\n\t\t\t\t<div class=\"elementor-widget-container\">\n\t\t\t\t\t<h2 class=\"elementor-heading-title elementor-size-default\">une cheftaine est une guide-ain\u00e9e<\/h2>\t\t\t\t<\/div>\n\t\t\t\t<\/div>\n\t\t\t\t<div class=\"elementor-element elementor-element-4970e00 elementor-widget elementor-widget-text-editor\" data-id=\"4970e00\" data-element_type=\"widget\" data-e-type=\"widget\" data-widget_type=\"text-editor.default\">\n\t\t\t\t<div class=\"elementor-widget-container\">\n\t\t\t\t\t\t\t\t\t<p>Chaque cheftaine est avant tout une guide-ain\u00e9e qui doit progresser. En effet, quel meilleur exemple une guide pourrait avoir que de voir sa cheftaine recevoir son flot jaune, vert ou rouge ! Ainsi, chaque cheftaine, qu&rsquo;elle ait fait partie d&rsquo;un feu pilote ou non, doit poursuivre sa formation personnelle comme promis lors de son investiture.<\/p><blockquote><p><em style=\"font-size: 16px\">\u00ab\u00a0<\/em><em style=\"font-size: 16px\">Je m&rsquo;engage comme chef \u00e0 remplir fid\u00e8lement mes devoirs de baptis\u00e9e, \u00e0 observer et faire observer la loi guide, les principes, les r\u00e8glements et les m\u00e9thodes de la f\u00e9d\u00e9ration du scoutisme europ\u00e9en et \u00e0 suivre loyalement les instructions qui me seront donn\u00e9es par mes chefs. <\/em><\/p><p><em style=\"font-size: 16px\">Je m&rsquo;engage en outre \u00e0 poursuivre ma formation et ma progression personnelle pour assurer mon service.\u00a0\u00bb (cf. c\u00e9r\u00e9monie d&rsquo;investiture de la cheftaine de compagnie)<\/em><\/p><\/blockquote><p>Elle doit \u00e9galement poursuivre sa formation dans le cadre de son service de cheftaine de compagnie ou d&rsquo;assistante en participant \u00e0 des <a href=\"https:\/\/www.scouts-europe.org\/eclaireuses\/formation\/etapes-des-formations\/\">CEP (Camp \u00e9cole pr\u00e9paratoire)\u00a0<\/a>ou au <a href=\"https:\/\/www.scouts-europe.org\/eclaireuses\/shamrog\/\">Shamrog !\u00a0<\/a><\/p><p>Chaque cheftaine doit aussi savoir s&rsquo;appuyer sur le feu inter-maitrise qu&rsquo;elle constitue avec les cheftaines louvettes et guide-ain\u00e9es.\u00a0<\/p>\t\t\t\t\t\t\t\t<\/div>\n\t\t\t\t<\/div>\n\t\t\t\t\t<\/div>\n\t\t<\/div>\n\t\t\t\t\t<\/div>\n\t\t<\/section>\n\t\t\t\t<section class=\"elementor-section elementor-top-section elementor-element elementor-element-94db580 elementor-section-boxed elementor-section-height-default elementor-section-height-default\" data-id=\"94db580\" data-element_type=\"section\" data-e-type=\"section\">\n\t\t\t\t\t\t<div class=\"elementor-container elementor-column-gap-default\">\n\t\t\t\t\t<div class=\"elementor-column elementor-col-100 elementor-top-column elementor-element elementor-element-e9e35f0\" data-id=\"e9e35f0\" data-element_type=\"column\" data-e-type=\"column\" data-settings=\"{&quot;background_background&quot;:&quot;classic&quot;}\">\n\t\t\t<div class=\"elementor-widget-wrap elementor-element-populated\">\n\t\t\t\t\t\t<div class=\"elementor-element elementor-element-a1a714f elementor-widget elementor-widget-spacer\" data-id=\"a1a714f\" data-element_type=\"widget\" data-e-type=\"widget\" data-widget_type=\"spacer.default\">\n\t\t\t\t<div class=\"elementor-widget-container\">\n\t\t\t\t\t\t\t<div class=\"elementor-spacer\">\n\t\t\t<div class=\"elementor-spacer-inner\"><\/div>\n\t\t<\/div>\n\t\t\t\t\t\t<\/div>\n\t\t\t\t<\/div>\n\t\t\t\t<div class=\"elementor-element elementor-element-9af007d elementor-widget elementor-widget-heading\" data-id=\"9af007d\" data-element_type=\"widget\" data-e-type=\"widget\" data-widget_type=\"heading.default\">\n\t\t\t\t<div class=\"elementor-widget-container\">\n\t\t\t\t\t<h2 class=\"elementor-heading-title elementor-size-default\">Quel type d\u2019activit\u00e9s pour un Feu inter-ma\u00eetrises ?<\/h2>\t\t\t\t<\/div>\n\t\t\t\t<\/div>\n\t\t\t\t<div class=\"elementor-element elementor-element-d67b04f elementor-widget elementor-widget-text-editor\" data-id=\"d67b04f\" data-element_type=\"widget\" data-e-type=\"widget\" data-widget_type=\"text-editor.default\">\n\t\t\t\t<div class=\"elementor-widget-container\">\n\t\t\t\t\t\t\t\t\t<p>Faites jouer votre imagination ! Le principe est de rester dans le style scout et que, comme chaque activit\u00e9 propos\u00e9e \u00e0 des guides, on ait un but bien d\u00e9fini pour que l\u2019activit\u00e9 fasse grandir l\u2019ensemble des cheftaines rassembl\u00e9es. L\u2019important au cours de l\u2019ann\u00e9e est de varier les plaisirs et les types de r\u00e9unions.<br \/>Les activit\u00e9s peuvent pour certaines se faire en commun avec le clan inter-ma\u00eetrise, mais il n\u2019est pas souhaitable que ce soit le cas pour toutes les activit\u00e9s. Outre le fait que vous ne partagerez pas la m\u00eame simplicit\u00e9, les m\u00eames joies et soucis \u00ab entre filles \u00bb, la p\u00e9dagogie de la branche rouge est elle aussi sp\u00e9cifique au sexe auquel elle s\u2019adresse. Homme et femme : nous sommes diff\u00e9rents et n\u2019avons pas les m\u00eames besoins pour grandir !<\/p><blockquote><p>\u201cLe Feu inter-ma\u00eetrise a pour but de former des femmes adultes, responsables, solides, joyeuses, chr\u00e9tiennes et capables de s\u2019engager \u00e0 servir. [\u2026] Les activit\u00e9s inter-ma\u00eetrises existent pour offrir ce temps de joie, d\u2019amiti\u00e9, de fraternit\u00e9 et de ressourcement indispensable \u00e0 notre \u00e9panouissement dans notre mission de cheftaines.\u201d (cf. Les traces du feu)<\/p><\/blockquote>\t\t\t\t\t\t\t\t<\/div>\n\t\t\t\t<\/div>\n\t\t\t\t\t<\/div>\n\t\t<\/div>\n\t\t\t\t\t<\/div>\n\t\t<\/section>\n\t\t\t\t<section class=\"elementor-section elementor-top-section elementor-element elementor-element-bf23e3c elementor-section-boxed elementor-section-height-default elementor-section-height-default\" data-id=\"bf23e3c\" data-element_type=\"section\" data-e-type=\"section\">\n\t\t\t\t\t\t<div class=\"elementor-container elementor-column-gap-default\">\n\t\t\t\t\t<div class=\"elementor-column elementor-col-100 elementor-top-column elementor-element elementor-element-156bc84\" data-id=\"156bc84\" data-element_type=\"column\" data-e-type=\"column\" data-settings=\"{&quot;background_background&quot;:&quot;classic&quot;}\">\n\t\t\t<div class=\"elementor-widget-wrap elementor-element-populated\">\n\t\t\t\t\t\t<div class=\"elementor-element elementor-element-ae6e527 elementor-widget elementor-widget-spacer\" data-id=\"ae6e527\" data-element_type=\"widget\" data-e-type=\"widget\" data-widget_type=\"spacer.default\">\n\t\t\t\t<div class=\"elementor-widget-container\">\n\t\t\t\t\t\t\t<div class=\"elementor-spacer\">\n\t\t\t<div class=\"elementor-spacer-inner\"><\/div>\n\t\t<\/div>\n\t\t\t\t\t\t<\/div>\n\t\t\t\t<\/div>\n\t\t\t\t<div class=\"elementor-element elementor-element-5614170 elementor-widget elementor-widget-heading\" data-id=\"5614170\" data-element_type=\"widget\" data-e-type=\"widget\" data-widget_type=\"heading.default\">\n\t\t\t\t<div class=\"elementor-widget-container\">\n\t\t\t\t\t<h2 class=\"elementor-heading-title elementor-size-default\">Quelques exemples au cours de l\u2019ann\u00e9e :<\/h2>\t\t\t\t<\/div>\n\t\t\t\t<\/div>\n\t\t\t\t<div class=\"elementor-element elementor-element-d01aba0 elementor-widget elementor-widget-spacer\" data-id=\"d01aba0\" data-element_type=\"widget\" data-e-type=\"widget\" data-widget_type=\"spacer.default\">\n\t\t\t\t<div class=\"elementor-widget-container\">\n\t\t\t\t\t\t\t<div class=\"elementor-spacer\">\n\t\t\t<div class=\"elementor-spacer-inner\"><\/div>\n\t\t<\/div>\n\t\t\t\t\t\t<\/div>\n\t\t\t\t<\/div>\n\t\t\t\t<div class=\"elementor-element elementor-element-f48a0d8 elementor-widget elementor-widget-text-editor\" data-id=\"f48a0d8\" data-element_type=\"widget\" data-e-type=\"widget\" data-widget_type=\"text-editor.default\">\n\t\t\t\t<div class=\"elementor-widget-container\">\n\t\t\t\t\t\t\t\t\t<h3>Le Week-end de formation de base :<\/h3><div id=\"attachment_549\" class=\"wp-caption alignright\"><p id=\"caption-attachment-549\" class=\"wp-caption-text\">\u00a0<\/p><\/div><p>Propos\u00e9 entre autres pour permettre aux cheftaines non form\u00e9es en d\u00e9but d\u2019ann\u00e9e d\u2019obtenir leur<a href=\"https:\/\/www.scouts-europe.org\/eclaireuses\/formation\/etapes-des-formations\/\"> attestation de capacit\u00e9<\/a>,\u00a0<strong>c\u2019est aussi un moment convivial qui permet aux ma\u00eetrises nouvellement constitu\u00e9es de se rencontrer.<\/strong> La cheftaine de compagnie d\u00e9couvrira que les autres chefs d\u2019unit\u00e9 partagent les m\u00eames responsabilit\u00e9s qu\u2019elle, elle pourra tirer partie de l\u2019exp\u00e9rience des autres et \u00e9changer des id\u00e9es. Ce temps de partage est essentiel, mais il ne serait pas complet si la rencontre ne se faisait pas aussi autour d\u2019activit\u00e9s purement scoutes : cuisiner sur le feu de bois, chanter ensemble au cours d\u2019une veill\u00e9e, dormir sous la tente \u2026 C\u2019est l\u00e0 la sp\u00e9cificit\u00e9 d\u2019un mouvement scout !!<\/p><h3>Apr\u00e8s la messe de rentr\u00e9e \u2026 un temps festif au restaurant entre chefs !<\/h3><p>Il est important en d\u00e9but d\u2019ann\u00e9e de proposer des activit\u00e9s qui permettront aux ma\u00eetrises de se rencontrer. On r\u00e9alise alors pleinement que l\u2019on fait partie d\u2019une grande famille d\u2019\u00e9ducateurs au service des jeunes ! Alors pourquoi pas une cr\u00eaperie le soir de la messe de rentr\u00e9e : se retrouver \u00e0 50 autour d\u2019un bon repas, rien de tel pour lier des amiti\u00e9s.<\/p><h3>Le rassemblement national de la Toussaint.<\/h3><p><strong>C\u2019est un moment privil\u00e9gi\u00e9 pour vivre la fraternit\u00e9 guide avec les cheftaines du district.<\/strong> Rencontres, formations, vie guide : autant de moments forts v\u00e9cus ensemble !<\/p>\t\t\t\t\t\t\t\t<\/div>\n\t\t\t\t<\/div>\n\t\t\t\t<div class=\"elementor-element elementor-element-48495fb elementor-widget elementor-widget-text-editor\" data-id=\"48495fb\" data-element_type=\"widget\" data-e-type=\"widget\" data-widget_type=\"text-editor.default\">\n\t\t\t\t<div class=\"elementor-widget-container\">\n\t\t\t\t\t\t\t\t\t<h3>Un temps de formation un soir de semaine :<\/h3><p><strong>Le feu inter-ma\u00eetrises a aussi pour vocation de former les cheftaines<\/strong>, \u00e0 les aider \u00e0 se construire en temps qu\u2019adulte au sein de la soci\u00e9t\u00e9. Ainsi, on pourra imaginer des soir\u00e9es de formation autour d\u2019intervenants sp\u00e9cialis\u00e9s dans leur domaine. Au cours de ces soir\u00e9es on abordera des th\u00e8mes comme : la bio\u00e9thique, le mariage \/ la vocation religieuse, l\u2019Europe, l\u2019hygi\u00e8ne en collectivit\u00e9, l\u2019\u00e9vang\u00e9lisation, l\u2019objection de conscience, les priorit\u00e9s et l\u2019unit\u00e9 de vie, \u2026<\/p><h3>Un week-end ou une sortie inter-ma\u00eetrises :<\/h3><div id=\"attachment_547\" class=\"wp-caption alignright\"><p id=\"caption-attachment-547\" class=\"wp-caption-text\">\u00a0<\/p><\/div><p>Souvent bas\u00e9 sur les piliers qui font la p\u00e9dagogie de la branche rouge, ce week-end peut \u00eatre l\u2019occasion de marcher ensemble, de cuisiner sur le feu de bois, de faire une veill\u00e9e avec un t\u00e9moignage ou une formation, de rendre un service. Ce week-end peut aussi \u00eatre un moment de d\u00e9tente ludique, ou le temps d\u2019une activit\u00e9 \u00ab extraordinaire \u00bb (cano\u00eb, rappel, accrobranche, rallye voiture\u2026)<\/p><h3>Une rencontre autour d\u2019un engagement guide a\u00een\u00e9e.<\/h3><p>Rien de plus joyeux que de se retrouver autour de celle qui va s\u2019engager ! Repas simple autour du feu, pr\u00e9paration de sc\u00e9nettes pour la veill\u00e9e, puis veill\u00e9e scoute et engagement. Des moments simples et beaux qui nous recentrent sur l\u2019essentiel.<\/p>\t\t\t\t\t\t\t\t<\/div>\n\t\t\t\t<\/div>\n\t\t\t\t\t<\/div>\n\t\t<\/div>\n\t\t\t\t\t<\/div>\n\t\t<\/section>\n\t\t\t\t<\/div>\n\t\t","protected":false},"excerpt":{"rendered":"<p>une cheftaine est une guide-ain\u00e9e Chaque cheftaine est avant tout une guide-ain\u00e9e qui doit progresser. En effet, quel meilleur exemple une guide pourrait avoir que de voir sa cheftaine recevoir son flot jaune, vert ou rouge ! Ainsi, chaque cheftaine, qu&rsquo;elle ait fait partie d&rsquo;un feu pilote ou non, doit poursuivre sa formation personnelle comme [&hellip;]<\/p>\n","protected":false},"author":4,"featured_media":1707,"parent":0,"menu_order":0,"comment_status":"closed","ping_status":"closed","template":"","meta":{"_seopress_robots_primary_cat":"","_seopress_titles_title":"","_seopress_titles_desc":"","_seopress_robots_index":"","site-sidebar-layout":"no-sidebar","site-content-layout":"page-builder","ast-site-content-layout":"full-width-container","site-content-style":"default","site-sidebar-style":"default","ast-global-header-display":"","ast-banner-title-visibility":"","ast-main-header-display":"","ast-hfb-above-header-display":"","ast-hfb-below-header-display":"","ast-hfb-mobile-header-display":"","site-post-title":"disabled","ast-breadcrumbs-content":"","ast-featured-img":"disabled","footer-sml-layout":"","theme-transparent-header-meta":"","adv-header-id-meta":"","stick-header-meta":"","header-above-stick-meta":"","header-main-stick-meta":"","header-below-stick-meta":"","astra-migrate-meta-layouts":"set","ast-page-background-enabled":"default","ast-page-background-meta":{"desktop":{"background-color":"var(--ast-global-color-4)","background-image":"","background-repeat":"repeat","background-position":"center center","background-size":"auto","background-attachment":"scroll","background-type":"","background-media":"","overlay-type":"","overlay-color":"","overlay-opacity":"","overlay-gradient":""},"tablet":{"background-color":"","background-image":"","background-repeat":"repeat","background-position":"center center","background-size":"auto","background-attachment":"scroll","background-type":"","background-media":"","overlay-type":"","overlay-color":"","overlay-opacity":"","overlay-gradient":""},"mobile":{"background-color":"","background-image":"","background-repeat":"repeat","background-position":"center center","background-size":"auto","background-attachment":"scroll","background-type":"","background-media":"","overlay-type":"","overlay-color":"","overlay-opacity":"","overlay-gradient":""}},"ast-content-background-meta":{"desktop":{"background-color":"var(--ast-global-color-5)","background-image":"","background-repeat":"repeat","background-position":"center center","background-size":"auto","background-attachment":"scroll","background-type":"","background-media":"","overlay-type":"","overlay-color":"","overlay-opacity":"","overlay-gradient":""},"tablet":{"background-color":"var(--ast-global-color-5)","background-image":"","background-repeat":"repeat","background-position":"center center","background-size":"auto","background-attachment":"scroll","background-type":"","background-media":"","overlay-type":"","overlay-color":"","overlay-opacity":"","overlay-gradient":""},"mobile":{"background-color":"var(--ast-global-color-5)","background-image":"","background-repeat":"repeat","background-position":"center center","background-size":"auto","background-attachment":"scroll","background-type":"","background-media":"","overlay-type":"","overlay-color":"","overlay-opacity":"","overlay-gradient":""}},"footnotes":""},"class_list":["post-1183","page","type-page","status-publish","has-post-thumbnail","hentry"],"_links":{"self":[{"href":"https:\/\/www.scouts-europe.org\/eclaireuses\/wp-json\/wp\/v2\/pages\/1183","targetHints":{"allow":["GET"]}}],"collection":[{"href":"https:\/\/www.scouts-europe.org\/eclaireuses\/wp-json\/wp\/v2\/pages"}],"about":[{"href":"https:\/\/www.scouts-europe.org\/eclaireuses\/wp-json\/wp\/v2\/types\/page"}],"author":[{"embeddable":true,"href":"https:\/\/www.scouts-europe.org\/eclaireuses\/wp-json\/wp\/v2\/users\/4"}],"replies":[{"embeddable":true,"href":"https:\/\/www.scouts-europe.org\/eclaireuses\/wp-json\/wp\/v2\/comments?post=1183"}],"version-history":[{"count":30,"href":"https:\/\/www.scouts-europe.org\/eclaireuses\/wp-json\/wp\/v2\/pages\/1183\/revisions"}],"predecessor-version":[{"id":3076,"href":"https:\/\/www.scouts-europe.org\/eclaireuses\/wp-json\/wp\/v2\/pages\/1183\/revisions\/3076"}],"wp:featuredmedia":[{"embeddable":true,"href":"https:\/\/www.scouts-europe.org\/eclaireuses\/wp-json\/wp\/v2\/media\/1707"}],"wp:attachment":[{"href":"https:\/\/www.scouts-europe.org\/eclaireuses\/wp-json\/wp\/v2\/media?parent=1183"}],"curies":[{"name":"wp","href":"https:\/\/api.w.org\/{rel}","templated":true}]}}