{"id":1291,"date":"2024-12-16T11:37:28","date_gmt":"2024-12-16T10:37:28","guid":{"rendered":"https:\/\/www.scouts-europe.org\/eclaireuses\/?page_id=1291"},"modified":"2025-01-27T15:24:12","modified_gmt":"2025-01-27T14:24:12","slug":"eurocamps","status":"publish","type":"page","link":"https:\/\/www.scouts-europe.org\/eclaireuses\/eurocamps\/","title":{"rendered":"Eurocamps"},"content":{"rendered":"\t\t<div data-elementor-type=\"wp-page\" data-elementor-id=\"1291\" class=\"elementor elementor-1291\">\n\t\t\t\t\t\t<section class=\"elementor-section elementor-top-section elementor-element elementor-element-9e43c64 elementor-section-boxed elementor-section-height-default elementor-section-height-default\" data-id=\"9e43c64\" data-element_type=\"section\" data-e-type=\"section\">\n\t\t\t\t\t\t<div class=\"elementor-container elementor-column-gap-default\">\n\t\t\t\t\t<div class=\"elementor-column elementor-col-100 elementor-top-column elementor-element elementor-element-1e64d55\" data-id=\"1e64d55\" data-element_type=\"column\" data-e-type=\"column\" data-settings=\"{&quot;background_background&quot;:&quot;classic&quot;}\">\n\t\t\t<div class=\"elementor-widget-wrap elementor-element-populated\">\n\t\t\t\t\t\t<div class=\"elementor-element elementor-element-6c1cf44 elementor-widget elementor-widget-spacer\" data-id=\"6c1cf44\" data-element_type=\"widget\" data-e-type=\"widget\" data-widget_type=\"spacer.default\">\n\t\t\t\t<div class=\"elementor-widget-container\">\n\t\t\t\t\t\t\t<div class=\"elementor-spacer\">\n\t\t\t<div class=\"elementor-spacer-inner\"><\/div>\n\t\t<\/div>\n\t\t\t\t\t\t<\/div>\n\t\t\t\t<\/div>\n\t\t\t\t<div class=\"elementor-element elementor-element-9a52f45 elementor-widget elementor-widget-text-editor\" data-id=\"9a52f45\" data-element_type=\"widget\" data-e-type=\"widget\" data-widget_type=\"text-editor.default\">\n\t\t\t\t<div class=\"elementor-widget-container\">\n\t\t\t\t\t\t\t\t\t<p><strong>Pour tout projet de camp \u00e0 l\u2019\u00e9tranger, tu peux contacter le p\u00f4le \u00e9claireuse qui t\u2019orientera vers l\u2019ACNEg Europe :\u00a0eclaireuses@scouts-europe.org<\/strong><\/p>\t\t\t\t\t\t\t\t<\/div>\n\t\t\t\t<\/div>\n\t\t\t\t\t<\/div>\n\t\t<\/div>\n\t\t\t\t\t<\/div>\n\t\t<\/section>\n\t\t\t\t<section class=\"elementor-section elementor-top-section elementor-element elementor-element-0739194 elementor-section-boxed elementor-section-height-default elementor-section-height-default\" data-id=\"0739194\" data-element_type=\"section\" data-e-type=\"section\">\n\t\t\t\t\t\t<div class=\"elementor-container elementor-column-gap-default\">\n\t\t\t\t\t<div class=\"elementor-column elementor-col-100 elementor-top-column elementor-element elementor-element-7470375\" data-id=\"7470375\" data-element_type=\"column\" data-e-type=\"column\" data-settings=\"{&quot;background_background&quot;:&quot;classic&quot;}\">\n\t\t\t<div class=\"elementor-widget-wrap elementor-element-populated\">\n\t\t\t\t\t\t<div class=\"elementor-element elementor-element-0a04985 elementor-widget elementor-widget-heading\" data-id=\"0a04985\" data-element_type=\"widget\" data-e-type=\"widget\" data-widget_type=\"heading.default\">\n\t\t\t\t<div class=\"elementor-widget-container\">\n\t\t\t\t\t<h2 class=\"elementor-heading-title elementor-size-default\">Pourquoi partir \u00e0 l\u2019\u00e9tranger ?<\/h2>\t\t\t\t<\/div>\n\t\t\t\t<\/div>\n\t\t\t\t<div class=\"elementor-element elementor-element-1b08f75 elementor-widget elementor-widget-text-editor\" data-id=\"1b08f75\" data-element_type=\"widget\" data-e-type=\"widget\" data-widget_type=\"text-editor.default\">\n\t\t\t\t<div class=\"elementor-widget-container\">\n\t\t\t\t\t\t\t\t\t<p>Apr\u00e8s tout, on peut et on doit faire du scoutisme de grande qualit\u00e9 en\u00a0France. Les for\u00eats et la vie de camp ne sont pas si diff\u00e9rentes ici ou au-del\u00e0 des fronti\u00e8res.<\/p><p>Alors, pourquoi partir\u00a0?<\/p><p><strong>Parce que l\u2019\u00e9tranger c\u2019est l\u2019aventure.<\/strong>\u00a0Pour la progression de tes patrouilles, tu as d\u00e9cid\u00e9 qu\u2019il leur\u00a0fallait un d\u00e9fi\u00a0: apprendre \u00e0 s\u2019organiser, \u00e0 pr\u00e9voir, \u00e0 r\u00eaver, \u00e0 sortir de son confort, s\u2019immerger dans\u00a0une nouvelle langue, une nouvelle culture, de nouveaux paysages. Alors, remonte les manches,\u00a0ferme ton ceinturon et boucle ton sac \u00e0 dos\u00a0! L\u2019aventure est devant\u00a0!<\/p><p><strong>Parce que l\u2019\u00e9tranger c\u2019est la rencontre.<\/strong>\u00a0Qu\u2019il est beau de partir \u00e0 l\u2019inconnu, de faire des centaines\u00a0de kilom\u00e8tres, mais il est encore plus beau de faire fleurir de vraies amiti\u00e9s, profondes et solides\u00a0entre les jeunes \u00e2mes qui nous sont confi\u00e9es. Unies par la m\u00eame promesse, toutes les guides du\u00a0monde sont des s\u0153urs\u00a0: quelle belle occasion pour red\u00e9couvrir et vivre cette \u00a0fraternit\u00e9\u00a0! Que tu\u00a0r\u00e9alises une, deux, trois activit\u00e9s ou tout un camp avec une compagnie, une patrouille, ou une\u00a0cheftaine \u00e9trang\u00e8re, c\u2019est \u00e0 la profondeur des \u00e9changes que tu mesureras la r\u00e9ussite de ton camp.<\/p><p><strong>Parce que l\u2019\u00e9tranger c\u2019est l\u2019esprit missionnaire.<\/strong><\/p><div class=\"su-pullquote su-pullquote-align-right\">\u00ab L\u00e0 o\u00f9 une guide est pass\u00e9e, quelque chose a chang\u00e9 en mieux. \u00bb<\/div><p>Allez apporter aux pays qui ne nous connaissent pas ou peu et \u00e0 tous ceux qui n\u2019ont pas la gr\u00e2ce d\u2019\u00eatre guide ou scout, la joie et l\u2019esp\u00e9rance qui sont les n\u00f4tres et que vous puisez dans votre scoutisme. Aux pays qui vous connaissent, aux guides et aux scouts, montrez que cette joie et cette esp\u00e9rance d\u00e9passent les fronti\u00e8res !<\/p>\t\t\t\t\t\t\t\t<\/div>\n\t\t\t\t<\/div>\n\t\t\t\t\t<\/div>\n\t\t<\/div>\n\t\t\t\t\t<\/div>\n\t\t<\/section>\n\t\t\t\t<section class=\"elementor-section elementor-top-section elementor-element elementor-element-aa5f427 elementor-section-boxed elementor-section-height-default elementor-section-height-default\" data-id=\"aa5f427\" data-element_type=\"section\" data-e-type=\"section\">\n\t\t\t\t\t\t<div class=\"elementor-container elementor-column-gap-default\">\n\t\t\t\t\t<div class=\"elementor-column elementor-col-100 elementor-top-column elementor-element elementor-element-2bca881\" data-id=\"2bca881\" data-element_type=\"column\" data-e-type=\"column\" data-settings=\"{&quot;background_background&quot;:&quot;classic&quot;}\">\n\t\t\t<div class=\"elementor-widget-wrap elementor-element-populated\">\n\t\t\t\t\t\t<div class=\"elementor-element elementor-element-bf7c61e elementor-widget elementor-widget-spacer\" data-id=\"bf7c61e\" data-element_type=\"widget\" data-e-type=\"widget\" data-widget_type=\"spacer.default\">\n\t\t\t\t<div class=\"elementor-widget-container\">\n\t\t\t\t\t\t\t<div class=\"elementor-spacer\">\n\t\t\t<div class=\"elementor-spacer-inner\"><\/div>\n\t\t<\/div>\n\t\t\t\t\t\t<\/div>\n\t\t\t\t<\/div>\n\t\t\t\t<div class=\"elementor-element elementor-element-92d3542 elementor-widget elementor-widget-heading\" data-id=\"92d3542\" data-element_type=\"widget\" data-e-type=\"widget\" data-widget_type=\"heading.default\">\n\t\t\t\t<div class=\"elementor-widget-container\">\n\t\t\t\t\t<h2 class=\"elementor-heading-title elementor-size-default\">Les conditions pour partir :<\/h2>\t\t\t\t<\/div>\n\t\t\t\t<\/div>\n\t\t\t\t<div class=\"elementor-element elementor-element-d58e80d elementor-widget elementor-widget-text-editor\" data-id=\"d58e80d\" data-element_type=\"widget\" data-e-type=\"widget\" data-widget_type=\"text-editor.default\">\n\t\t\t\t<div class=\"elementor-widget-container\">\n\t\t\t\t\t\t\t\t\t<ul><li><strong>Une belle motivation de la compagnie\u00a0:<\/strong>\u00a0CDH, discutez et d\u00e9cidez des objectifs concrets\u00a0de ce jumelage.<\/li><li><strong>Un projet de jumelage pens\u00e9 et muri<\/strong>. On ne part pas pour partir, sans que la compagnie\u00a0y soit pr\u00e9par\u00e9e. Quelques exemples\u00a0: accueil d\u2019une patrouille \u00e9trang\u00e8re, avoir une cheftaine\u00a0\u00e9trang\u00e8re dans la maitrise, jumelage ou cousinage avec une compagnie du pays d\u2019accueil,\u00a0avoir une mission dans une paroisse, aupr\u00e8s d\u2019une autre unit\u00e9\u2026<\/li><li>Une cheftaine de compagnie qui commence<strong>\u00a0au moins sa deuxi\u00e8me ann\u00e9e en tant que cheftaine de compagnie<\/strong>.<\/li><li><strong>Une maitrise compl\u00e8te et form\u00e9e<\/strong>, sans d\u00e9rogation.<\/li><li>Contacter l\u2019ACNEg Europe, demande au p\u00f4le \u00e9claireuse de te mettre en contact :\u00a0eclaireuses@scouts-europe.org.<\/li><\/ul>\t\t\t\t\t\t\t\t<\/div>\n\t\t\t\t<\/div>\n\t\t\t\t\t<\/div>\n\t\t<\/div>\n\t\t\t\t\t<\/div>\n\t\t<\/section>\n\t\t\t\t<section class=\"elementor-section elementor-top-section elementor-element elementor-element-91111ab elementor-section-boxed elementor-section-height-default elementor-section-height-default\" data-id=\"91111ab\" data-element_type=\"section\" data-e-type=\"section\">\n\t\t\t\t\t\t<div class=\"elementor-container elementor-column-gap-default\">\n\t\t\t\t\t<div class=\"elementor-column elementor-col-100 elementor-top-column elementor-element elementor-element-d64642b\" data-id=\"d64642b\" data-element_type=\"column\" data-e-type=\"column\" data-settings=\"{&quot;background_background&quot;:&quot;classic&quot;}\">\n\t\t\t<div class=\"elementor-widget-wrap elementor-element-populated\">\n\t\t\t\t\t\t<div class=\"elementor-element elementor-element-cea0d7f elementor-widget elementor-widget-spacer\" data-id=\"cea0d7f\" data-element_type=\"widget\" data-e-type=\"widget\" data-widget_type=\"spacer.default\">\n\t\t\t\t<div class=\"elementor-widget-container\">\n\t\t\t\t\t\t\t<div class=\"elementor-spacer\">\n\t\t\t<div class=\"elementor-spacer-inner\"><\/div>\n\t\t<\/div>\n\t\t\t\t\t\t<\/div>\n\t\t\t\t<\/div>\n\t\t\t\t<div class=\"elementor-element elementor-element-952e35a elementor-widget elementor-widget-heading\" data-id=\"952e35a\" data-element_type=\"widget\" data-e-type=\"widget\" data-widget_type=\"heading.default\">\n\t\t\t\t<div class=\"elementor-widget-container\">\n\t\t\t\t\t<h2 class=\"elementor-heading-title elementor-size-default\">Pourquoi contacter le centre national ?<\/h2>\t\t\t\t<\/div>\n\t\t\t\t<\/div>\n\t\t\t\t<div class=\"elementor-element elementor-element-2f7300d elementor-widget elementor-widget-text-editor\" data-id=\"2f7300d\" data-element_type=\"widget\" data-e-type=\"widget\" data-widget_type=\"text-editor.default\">\n\t\t\t\t<div class=\"elementor-widget-container\">\n\t\t\t\t\t\t\t\t\t<ul><li><strong>Pour que nous puissions d\u00e8s le d\u00e9but t\u2019aider<\/strong>\u00a0et te mettre en contact avec des compagnies \u00a0locales, des aum\u00f4niers, des paroisses, des familles sur place\u2026<\/li><li><strong>Tu auras besoin de l\u2019avis de l\u2019ACNEg Europe\u00a0<\/strong>pour avoir une\u00a0autorisation de camper en plus de la validation de tes cheftaines de groupe et de district.<\/li><\/ul><p>Plus t\u00f4t nous serons en contact, plus ce sera facile et sympathique de travailler ensemble\u00a0!<\/p><blockquote><p>Le d\u00e9placement de ta compagnie \u00e0 l\u2019\u00e9tranger n\u2019est pas envisageable pour ta compagnie cette ann\u00e9e, mais les guides et toi-m\u00eame voudriez quand m\u00eame profiter des richesses de notre scoutisme europ\u00e9en ? Contacte-nous, tu peux accueillir une patrouille ou une compagnie \u00e9trang\u00e8re en jumelage en France !<\/p><\/blockquote>\t\t\t\t\t\t\t\t<\/div>\n\t\t\t\t<\/div>\n\t\t\t\t\t<\/div>\n\t\t<\/div>\n\t\t\t\t\t<\/div>\n\t\t<\/section>\n\t\t\t\t<\/div>\n\t\t","protected":false},"excerpt":{"rendered":"<p>Pour tout projet de camp \u00e0 l\u2019\u00e9tranger, tu peux contacter le p\u00f4le \u00e9claireuse qui t\u2019orientera vers l\u2019ACNEg Europe :\u00a0eclaireuses@scouts-europe.org Pourquoi partir \u00e0 l\u2019\u00e9tranger ? Apr\u00e8s tout, on peut et on doit faire du scoutisme de grande qualit\u00e9 en\u00a0France. Les for\u00eats et la vie de camp ne sont pas si diff\u00e9rentes ici ou au-del\u00e0 des fronti\u00e8res. [&hellip;]<\/p>\n","protected":false},"author":4,"featured_media":1711,"parent":0,"menu_order":0,"comment_status":"closed","ping_status":"closed","template":"","meta":{"_seopress_robots_primary_cat":"","_seopress_titles_title":"","_seopress_titles_desc":"","_seopress_robots_index":"","site-sidebar-layout":"no-sidebar","site-content-layout":"page-builder","ast-site-content-layout":"full-width-container","site-content-style":"default","site-sidebar-style":"default","ast-global-header-display":"","ast-banner-title-visibility":"","ast-main-header-display":"","ast-hfb-above-header-display":"","ast-hfb-below-header-display":"","ast-hfb-mobile-header-display":"","site-post-title":"disabled","ast-breadcrumbs-content":"","ast-featured-img":"disabled","footer-sml-layout":"","theme-transparent-header-meta":"","adv-header-id-meta":"","stick-header-meta":"","header-above-stick-meta":"","header-main-stick-meta":"","header-below-stick-meta":"","astra-migrate-meta-layouts":"set","ast-page-background-enabled":"default","ast-page-background-meta":{"desktop":{"background-color":"var(--ast-global-color-4)","background-image":"","background-repeat":"repeat","background-position":"center center","background-size":"auto","background-attachment":"scroll","background-type":"","background-media":"","overlay-type":"","overlay-color":"","overlay-opacity":"","overlay-gradient":""},"tablet":{"background-color":"","background-image":"","background-repeat":"repeat","background-position":"center center","background-size":"auto","background-attachment":"scroll","background-type":"","background-media":"","overlay-type":"","overlay-color":"","overlay-opacity":"","overlay-gradient":""},"mobile":{"background-color":"","background-image":"","background-repeat":"repeat","background-position":"center center","background-size":"auto","background-attachment":"scroll","background-type":"","background-media":"","overlay-type":"","overlay-color":"","overlay-opacity":"","overlay-gradient":""}},"ast-content-background-meta":{"desktop":{"background-color":"var(--ast-global-color-5)","background-image":"","background-repeat":"repeat","background-position":"center center","background-size":"auto","background-attachment":"scroll","background-type":"","background-media":"","overlay-type":"","overlay-color":"","overlay-opacity":"","overlay-gradient":""},"tablet":{"background-color":"var(--ast-global-color-5)","background-image":"","background-repeat":"repeat","background-position":"center center","background-size":"auto","background-attachment":"scroll","background-type":"","background-media":"","overlay-type":"","overlay-color":"","overlay-opacity":"","overlay-gradient":""},"mobile":{"background-color":"var(--ast-global-color-5)","background-image":"","background-repeat":"repeat","background-position":"center center","background-size":"auto","background-attachment":"scroll","background-type":"","background-media":"","overlay-type":"","overlay-color":"","overlay-opacity":"","overlay-gradient":""}},"footnotes":""},"class_list":["post-1291","page","type-page","status-publish","has-post-thumbnail","hentry"],"_links":{"self":[{"href":"https:\/\/www.scouts-europe.org\/eclaireuses\/wp-json\/wp\/v2\/pages\/1291","targetHints":{"allow":["GET"]}}],"collection":[{"href":"https:\/\/www.scouts-europe.org\/eclaireuses\/wp-json\/wp\/v2\/pages"}],"about":[{"href":"https:\/\/www.scouts-europe.org\/eclaireuses\/wp-json\/wp\/v2\/types\/page"}],"author":[{"embeddable":true,"href":"https:\/\/www.scouts-europe.org\/eclaireuses\/wp-json\/wp\/v2\/users\/4"}],"replies":[{"embeddable":true,"href":"https:\/\/www.scouts-europe.org\/eclaireuses\/wp-json\/wp\/v2\/comments?post=1291"}],"version-history":[{"count":11,"href":"https:\/\/www.scouts-europe.org\/eclaireuses\/wp-json\/wp\/v2\/pages\/1291\/revisions"}],"predecessor-version":[{"id":3207,"href":"https:\/\/www.scouts-europe.org\/eclaireuses\/wp-json\/wp\/v2\/pages\/1291\/revisions\/3207"}],"wp:featuredmedia":[{"embeddable":true,"href":"https:\/\/www.scouts-europe.org\/eclaireuses\/wp-json\/wp\/v2\/media\/1711"}],"wp:attachment":[{"href":"https:\/\/www.scouts-europe.org\/eclaireuses\/wp-json\/wp\/v2\/media?parent=1291"}],"curies":[{"name":"wp","href":"https:\/\/api.w.org\/{rel}","templated":true}]}}