{"id":1293,"date":"2024-12-16T11:38:15","date_gmt":"2024-12-16T10:38:15","guid":{"rendered":"https:\/\/www.scouts-europe.org\/eclaireuses\/?page_id=1293"},"modified":"2025-06-23T03:37:20","modified_gmt":"2025-06-23T01:37:20","slug":"grain-de-seneve-reseau-des-compagnies-sans-cheftaine","status":"publish","type":"page","link":"https:\/\/www.scouts-europe.org\/eclaireuses\/grain-de-seneve-reseau-des-compagnies-sans-cheftaine\/","title":{"rendered":"Grain de S\u00e9nev\u00e9 r\u00e9seau des compagnies sans cheftaine"},"content":{"rendered":"\t\t<div data-elementor-type=\"wp-page\" data-elementor-id=\"1293\" class=\"elementor elementor-1293\">\n\t\t\t\t\t\t<section class=\"elementor-section elementor-top-section elementor-element elementor-element-564249f elementor-section-boxed elementor-section-height-default elementor-section-height-default\" data-id=\"564249f\" data-element_type=\"section\" data-e-type=\"section\">\n\t\t\t\t\t\t<div class=\"elementor-container elementor-column-gap-default\">\n\t\t\t\t\t<div class=\"elementor-column elementor-col-100 elementor-top-column elementor-element elementor-element-ccc211a\" data-id=\"ccc211a\" data-element_type=\"column\" data-e-type=\"column\" data-settings=\"{&quot;background_background&quot;:&quot;classic&quot;}\">\n\t\t\t<div class=\"elementor-widget-wrap elementor-element-populated\">\n\t\t\t\t\t\t<div class=\"elementor-element elementor-element-32e503b elementor-widget elementor-widget-spacer\" data-id=\"32e503b\" data-element_type=\"widget\" data-e-type=\"widget\" data-widget_type=\"spacer.default\">\n\t\t\t\t<div class=\"elementor-widget-container\">\n\t\t\t\t\t\t\t<div class=\"elementor-spacer\">\n\t\t\t<div class=\"elementor-spacer-inner\"><\/div>\n\t\t<\/div>\n\t\t\t\t\t\t<\/div>\n\t\t\t\t<\/div>\n\t\t\t\t<div class=\"elementor-element elementor-element-011cba6 elementor-widget elementor-widget-heading\" data-id=\"011cba6\" data-element_type=\"widget\" data-e-type=\"widget\" data-widget_type=\"heading.default\">\n\t\t\t\t<div class=\"elementor-widget-container\">\n\t\t\t\t\t<h2 class=\"elementor-heading-title elementor-size-default\">Qu'est ce que le r\u00e9seau grain de s\u00e9nev\u00e9 ?<\/h2>\t\t\t\t<\/div>\n\t\t\t\t<\/div>\n\t\t\t\t<div class=\"elementor-element elementor-element-e610bb9 elementor-widget elementor-widget-text-editor\" data-id=\"e610bb9\" data-element_type=\"widget\" data-e-type=\"widget\" data-widget_type=\"text-editor.default\">\n\t\t\t\t<div class=\"elementor-widget-container\">\n\t\t\t\t\t\t\t\t\t<div><div><div><div><div><div><ul><li>Une <strong>solution temporaire (1 an maximum)<\/strong> permettant \u00e0 des compagnies (souvent isol\u00e9es g\u00e9ographiquement) de continuer de vivre un vrai scoutisme en \u00e9tant accompagn\u00e9es durant l&rsquo;ann\u00e9e et en vivant un camp d&rsquo;\u00e9t\u00e9 national.<\/li><\/ul><div><ul><li>A l&rsquo;image du grain de s\u00e9nev\u00e9 (cf Mt 13,31-32) qui en partant de peu devient un bel arbre abritant les oiseaux du ciel, ce r\u00e9seau se veut \u00eatre un <strong>lieu accueillant<\/strong> pour abriter sur la dur\u00e9e d&rsquo;une ann\u00e9e <strong>des compagnies sans cheftaine.<\/strong><\/li><\/ul><\/div><p>Avant tout ce r\u00e9seau est un lieu de formation de futures cheftaines de compagnie, mais aussi une solution pour faire vivre un scoutisme de qualit\u00e9 aux guides d&rsquo;une compagnie sans cheftaine d&rsquo;unit\u00e9.\u00a0<\/p><\/div><p><strong>Attention, ce n&rsquo;est pas :\u00a0<\/strong><\/p><ul><li><strong>Une solution de facilit\u00e9 :<\/strong> cela demande un investissement suppl\u00e9mentaire de la part de la cheftaine de groupe, des assistantes et des CPs;\u00a0<\/li><li><strong>La meilleure solution pour une compagnie :<\/strong> l&rsquo;id\u00e9al reste toujours d&rsquo;avoir une cheftaine de compagnie.\u00a0<\/li><\/ul><\/div><\/div><\/div><\/div><div>\u00a0<\/div><\/div>\t\t\t\t\t\t\t\t<\/div>\n\t\t\t\t<\/div>\n\t\t\t\t<div class=\"elementor-element elementor-element-c74ba7e elementor-widget elementor-widget-heading\" data-id=\"c74ba7e\" data-element_type=\"widget\" data-e-type=\"widget\" data-widget_type=\"heading.default\">\n\t\t\t\t<div class=\"elementor-widget-container\">\n\t\t\t\t\t<h2 class=\"elementor-heading-title elementor-size-default\">Un r\u00e9seau rassemblant ...<\/h2>\t\t\t\t<\/div>\n\t\t\t\t<\/div>\n\t\t\t\t\t<\/div>\n\t\t<\/div>\n\t\t\t\t\t<\/div>\n\t\t<\/section>\n\t\t\t\t<section class=\"elementor-section elementor-top-section elementor-element elementor-element-fbf9424 elementor-section-boxed elementor-section-height-default elementor-section-height-default\" data-id=\"fbf9424\" data-element_type=\"section\" data-e-type=\"section\" data-settings=\"{&quot;background_background&quot;:&quot;classic&quot;}\">\n\t\t\t\t\t\t<div class=\"elementor-container elementor-column-gap-default\">\n\t\t\t\t\t<div class=\"elementor-column elementor-col-50 elementor-top-column elementor-element elementor-element-a410b3d\" data-id=\"a410b3d\" data-element_type=\"column\" data-e-type=\"column\">\n\t\t\t<div class=\"elementor-widget-wrap elementor-element-populated\">\n\t\t\t\t\t\t<div class=\"elementor-element elementor-element-aeefa8d elementor-widget elementor-widget-image\" data-id=\"aeefa8d\" data-element_type=\"widget\" data-e-type=\"widget\" data-widget_type=\"image.default\">\n\t\t\t\t<div class=\"elementor-widget-container\">\n\t\t\t\t\t\t\t\t\t\t\t\t\t\t\t<img fetchpriority=\"high\" decoding=\"async\" width=\"904\" height=\"606\" src=\"https:\/\/www.scouts-europe.org\/eclaireuses\/wp-content\/uploads\/sites\/105\/2025\/06\/Image26-1.png\" class=\"attachment-full size-full wp-image-3669\" alt=\"image26\" srcset=\"https:\/\/www.scouts-europe.org\/eclaireuses\/wp-content\/uploads\/sites\/105\/2025\/06\/Image26-1.png 904w, https:\/\/www.scouts-europe.org\/eclaireuses\/wp-content\/uploads\/sites\/105\/2025\/06\/Image26-1-300x201.png 300w, https:\/\/www.scouts-europe.org\/eclaireuses\/wp-content\/uploads\/sites\/105\/2025\/06\/Image26-1-768x515.png 768w\" sizes=\"(max-width: 904px) 100vw, 904px\" \/>\t\t\t\t\t\t\t\t\t\t\t\t\t\t\t<\/div>\n\t\t\t\t<\/div>\n\t\t\t\t\t<\/div>\n\t\t<\/div>\n\t\t\t\t<div class=\"elementor-column elementor-col-25 elementor-top-column elementor-element elementor-element-86b6c17\" data-id=\"86b6c17\" data-element_type=\"column\" data-e-type=\"column\">\n\t\t\t<div class=\"elementor-widget-wrap elementor-element-populated\">\n\t\t\t\t\t\t<div class=\"elementor-element elementor-element-dd3dbc2 elementor-widget elementor-widget-text-editor\" data-id=\"dd3dbc2\" data-element_type=\"widget\" data-e-type=\"widget\" data-widget_type=\"text-editor.default\">\n\t\t\t\t<div class=\"elementor-widget-container\">\n\t\t\t\t\t\t\t\t\t<ul><li>20 patrouilles ;\u00a0<\/li><li>une cheftaine de r\u00e9seau et ses adjointes, anciennes cheftaines de compagnies exp\u00e9riment\u00e9es;\u00a0<\/li><li>les assistantes des unit\u00e9s du r\u00e9seau, futures cheftaines d&rsquo;unit\u00e9s qui s&rsquo;engagent \u00e0 se former dans l&rsquo;ann\u00e9e et \u00e0 soutenir les patrouilles ;\u00a0<\/li><li>une \u00ab\u00a0cheftaine de groupe\u00a0\u00bb de r\u00e9seau, qui sert la cheftaine de r\u00e9seau pour les aspects administratifs et pour aider les cheftaines de groupe des unit\u00e9s.\u00a0<\/li><\/ul>\t\t\t\t\t\t\t\t<\/div>\n\t\t\t\t<\/div>\n\t\t\t\t\t<\/div>\n\t\t<\/div>\n\t\t\t\t<div class=\"elementor-column elementor-col-25 elementor-top-column elementor-element elementor-element-c9d3e1d\" data-id=\"c9d3e1d\" data-element_type=\"column\" data-e-type=\"column\">\n\t\t\t<div class=\"elementor-widget-wrap elementor-element-populated\">\n\t\t\t\t\t\t<div class=\"elementor-element elementor-element-19c726f elementor-arrows-position-inside elementor-pagination-position-outside elementor-widget elementor-widget-image-carousel\" data-id=\"19c726f\" data-element_type=\"widget\" data-e-type=\"widget\" data-settings=\"{&quot;slides_to_show&quot;:&quot;1&quot;,&quot;navigation&quot;:&quot;both&quot;,&quot;autoplay&quot;:&quot;yes&quot;,&quot;pause_on_hover&quot;:&quot;yes&quot;,&quot;pause_on_interaction&quot;:&quot;yes&quot;,&quot;autoplay_speed&quot;:5000,&quot;infinite&quot;:&quot;yes&quot;,&quot;effect&quot;:&quot;slide&quot;,&quot;speed&quot;:500}\" data-widget_type=\"image-carousel.default\">\n\t\t\t\t<div class=\"elementor-widget-container\">\n\t\t\t\t\t\t\t<div class=\"elementor-image-carousel-wrapper swiper\" role=\"region\" aria-roledescription=\"carousel\" aria-label=\"Carrousel d\u2019images\" dir=\"ltr\">\n\t\t\t<div class=\"elementor-image-carousel swiper-wrapper\" aria-live=\"off\">\n\t\t\t\t\t\t\t\t<div class=\"swiper-slide\" role=\"group\" aria-roledescription=\"slide\" aria-label=\"1 sur 4\"><figure class=\"swiper-slide-inner\"><img decoding=\"async\" class=\"swiper-slide-image\" src=\"https:\/\/www.scouts-europe.org\/eclaireuses\/wp-content\/uploads\/sites\/105\/2025\/06\/Guilhem-De-Cremiers-ETN-Photo-6-1.png\" alt=\"guilhem de cr\u00e9miers etn photo (6)\" \/><\/figure><\/div><div class=\"swiper-slide\" role=\"group\" aria-roledescription=\"slide\" aria-label=\"2 sur 4\"><figure class=\"swiper-slide-inner\"><img decoding=\"async\" class=\"swiper-slide-image\" src=\"https:\/\/www.scouts-europe.org\/eclaireuses\/wp-content\/uploads\/sites\/105\/2025\/06\/Guilhem-De-Cremiers-ETN-Photo-7-1.png\" alt=\"guilhem de cr\u00e9miers etn photo (7)\" \/><\/figure><\/div><div class=\"swiper-slide\" role=\"group\" aria-roledescription=\"slide\" aria-label=\"3 sur 4\"><figure class=\"swiper-slide-inner\"><img decoding=\"async\" class=\"swiper-slide-image\" src=\"https:\/\/www.scouts-europe.org\/eclaireuses\/wp-content\/uploads\/sites\/105\/2025\/06\/Guilhem-De-Cremiers-ETN-Photo-8-1.png\" alt=\"guilhem de cr\u00e9miers etn photo (8)\" \/><\/figure><\/div><div class=\"swiper-slide\" role=\"group\" aria-roledescription=\"slide\" aria-label=\"4 sur 4\"><figure class=\"swiper-slide-inner\"><img decoding=\"async\" class=\"swiper-slide-image\" src=\"https:\/\/www.scouts-europe.org\/eclaireuses\/wp-content\/uploads\/sites\/105\/2025\/06\/Guilhem-De-Cremiers-ETN-Photo-10-1.png\" alt=\"guilhem de cr\u00e9miers etn photo (10)\" \/><\/figure><\/div>\t\t\t<\/div>\n\t\t\t\t\t\t\t\t\t\t\t\t<div class=\"elementor-swiper-button elementor-swiper-button-prev\" role=\"button\" tabindex=\"0\">\n\t\t\t\t\t\t<i aria-hidden=\"true\" class=\"eicon-chevron-left\"><\/i>\t\t\t\t\t<\/div>\n\t\t\t\t\t<div class=\"elementor-swiper-button elementor-swiper-button-next\" role=\"button\" tabindex=\"0\">\n\t\t\t\t\t\t<i aria-hidden=\"true\" class=\"eicon-chevron-right\"><\/i>\t\t\t\t\t<\/div>\n\t\t\t\t\n\t\t\t\t\t\t\t\t\t<div class=\"swiper-pagination\"><\/div>\n\t\t\t\t\t\t\t\t\t<\/div>\n\t\t\t\t\t\t<\/div>\n\t\t\t\t<\/div>\n\t\t\t\t\t<\/div>\n\t\t<\/div>\n\t\t\t\t\t<\/div>\n\t\t<\/section>\n\t\t\t\t<section class=\"elementor-section elementor-top-section elementor-element elementor-element-4122b88 elementor-section-boxed elementor-section-height-default elementor-section-height-default\" data-id=\"4122b88\" data-element_type=\"section\" data-e-type=\"section\" data-settings=\"{&quot;background_background&quot;:&quot;classic&quot;}\">\n\t\t\t\t\t\t<div class=\"elementor-container elementor-column-gap-default\">\n\t\t\t\t\t<div class=\"elementor-column elementor-col-50 elementor-top-column elementor-element elementor-element-fabe782\" data-id=\"fabe782\" data-element_type=\"column\" data-e-type=\"column\">\n\t\t\t<div class=\"elementor-widget-wrap elementor-element-populated\">\n\t\t\t\t\t\t<div class=\"elementor-element elementor-element-9393037 elementor-widget elementor-widget-heading\" data-id=\"9393037\" data-element_type=\"widget\" data-e-type=\"widget\" data-widget_type=\"heading.default\">\n\t\t\t\t<div class=\"elementor-widget-container\">\n\t\t\t\t\t<h2 class=\"elementor-heading-title elementor-size-default\">Les pr\u00e9-requis pour int\u00e9grer le r\u00e9seau Grain de S\u00e9nev\u00e9 : <\/h2>\t\t\t\t<\/div>\n\t\t\t\t<\/div>\n\t\t\t\t<div class=\"elementor-element elementor-element-885f16a elementor-widget elementor-widget-text-editor\" data-id=\"885f16a\" data-element_type=\"widget\" data-e-type=\"widget\" data-widget_type=\"text-editor.default\">\n\t\t\t\t<div class=\"elementor-widget-container\">\n\t\t\t\t\t\t\t\t\t<p>Avoir au moins une assistante qui s&rsquo;engage \u00e0 :\u00a0<\/p><ul><li>Se former en CEP1 dans l&rsquo;ann\u00e9e ;\u00a0<\/li><li>Faire partie de la maitrise du r\u00e9seau ;\u00a0<\/li><li>Participer et aider \u00e0 la pr\u00e9paration des activit\u00e9s et du camp d&rsquo;\u00e9t\u00e9 du r\u00e9seau ;\u00a0<\/li><li>Etre pr\u00e9sente au camp des CPs.\u00a0<\/li><\/ul><p>L&rsquo;unit\u00e9 doit \u00e9galement s&rsquo;engager \u00e0 faire participer ses CPs et ses assistantes au camp de la Toussaint (3 \u00e0 5 jours de camp).\u00a0<\/p><div><div><ul id=\"m_2856072485159456004x_gmail-docs-internal-guid-9904918a-7fff-fa9c-cdd7-f7f7551ac37f\"><li dir=\"ltr\" style=\"list-style-type: none\">\u00a0<\/li><\/ul><\/div><\/div>\t\t\t\t\t\t\t\t<\/div>\n\t\t\t\t<\/div>\n\t\t\t\t\t<\/div>\n\t\t<\/div>\n\t\t\t\t<div class=\"elementor-column elementor-col-50 elementor-top-column elementor-element elementor-element-7bde1b9\" data-id=\"7bde1b9\" data-element_type=\"column\" data-e-type=\"column\">\n\t\t\t<div class=\"elementor-widget-wrap elementor-element-populated\">\n\t\t\t\t\t\t<div class=\"elementor-element elementor-element-a8ade8a elementor-widget elementor-widget-image\" data-id=\"a8ade8a\" data-element_type=\"widget\" data-e-type=\"widget\" data-widget_type=\"image.default\">\n\t\t\t\t<div class=\"elementor-widget-container\">\n\t\t\t\t\t\t\t\t\t\t\t\t\t\t\t<img decoding=\"async\" width=\"748\" height=\"502\" src=\"https:\/\/www.scouts-europe.org\/eclaireuses\/wp-content\/uploads\/sites\/105\/2025\/06\/Image25-1.png\" class=\"attachment-full size-full wp-image-3670\" alt=\"image25\" srcset=\"https:\/\/www.scouts-europe.org\/eclaireuses\/wp-content\/uploads\/sites\/105\/2025\/06\/Image25-1.png 748w, https:\/\/www.scouts-europe.org\/eclaireuses\/wp-content\/uploads\/sites\/105\/2025\/06\/Image25-1-300x201.png 300w\" sizes=\"(max-width: 748px) 100vw, 748px\" \/>\t\t\t\t\t\t\t\t\t\t\t\t\t\t\t<\/div>\n\t\t\t\t<\/div>\n\t\t\t\t\t<\/div>\n\t\t<\/div>\n\t\t\t\t\t<\/div>\n\t\t<\/section>\n\t\t\t\t<section class=\"elementor-section elementor-top-section elementor-element elementor-element-1bc4070 elementor-section-boxed elementor-section-height-default elementor-section-height-default\" data-id=\"1bc4070\" data-element_type=\"section\" data-e-type=\"section\">\n\t\t\t\t\t\t<div class=\"elementor-container elementor-column-gap-default\">\n\t\t\t\t\t<div class=\"elementor-column elementor-col-100 elementor-top-column elementor-element elementor-element-127ef7a\" data-id=\"127ef7a\" data-element_type=\"column\" data-e-type=\"column\" data-settings=\"{&quot;background_background&quot;:&quot;classic&quot;}\">\n\t\t\t<div class=\"elementor-widget-wrap elementor-element-populated\">\n\t\t\t\t\t\t<div class=\"elementor-element elementor-element-10e7843 elementor-widget elementor-widget-spacer\" data-id=\"10e7843\" data-element_type=\"widget\" data-e-type=\"widget\" data-widget_type=\"spacer.default\">\n\t\t\t\t<div class=\"elementor-widget-container\">\n\t\t\t\t\t\t\t<div class=\"elementor-spacer\">\n\t\t\t<div class=\"elementor-spacer-inner\"><\/div>\n\t\t<\/div>\n\t\t\t\t\t\t<\/div>\n\t\t\t\t<\/div>\n\t\t\t\t<div class=\"elementor-element elementor-element-90ac0d2 elementor-widget elementor-widget-heading\" data-id=\"90ac0d2\" data-element_type=\"widget\" data-e-type=\"widget\" data-widget_type=\"heading.default\">\n\t\t\t\t<div class=\"elementor-widget-container\">\n\t\t\t\t\t<h2 class=\"elementor-heading-title elementor-size-default\">Comment int\u00e9grer le r\u00e9seau grain de s\u00e9nev\u00e9 ? <\/h2>\t\t\t\t<\/div>\n\t\t\t\t<\/div>\n\t\t\t\t<div class=\"elementor-element elementor-element-e10c42c elementor-widget elementor-widget-text-editor\" data-id=\"e10c42c\" data-element_type=\"widget\" data-e-type=\"widget\" data-widget_type=\"text-editor.default\">\n\t\t\t\t<div class=\"elementor-widget-container\">\n\t\t\t\t\t\t\t\t\t<div><div>L&rsquo;ouverture des d\u00e9p\u00f4ts des candidatures ouvre aux alentours du 30 septembre. Il faut continuer de profiter de toutes les rentrer \u00e9tudiantes pour rechercher des cheftaines.<\/div><\/div><ul><li>Toutes les demandes d&rsquo;inscription au r\u00e9seau doit avoir \u00e9t\u00e9 discut\u00e9 en conseil de district et de province ;\u00a0<\/li><li>Toutes les demandes ne sont pas forc\u00e9ment accept\u00e9es ;\u00a0<\/li><li>La date de la demande n&rsquo;est pas prise en compte (une date trop pr\u00e9coce joue plut\u00f4t en d\u00e9faveur de la compagnie demandeuse).\u00a0<\/li><\/ul><p>Les demandes \u00e9tant tr\u00e8s importantes chaque ann\u00e9es, diff\u00e9rents crit\u00e8res seront pris en compte pour l&rsquo;acceptation d&rsquo;une compagnie dans le r\u00e9seau :\u00a0<\/p><ul><li>L&rsquo;implication des conseils ;\u00a0<\/li><li>La zone g\u00e9ographique ;\u00a0<\/li><li>La taille de la ville (les grandes villes ou les villes \u00e9tudiantes ne sont pas prioritaires&#8230;) ;\u00a0<\/li><li>Les efforts faits pour trouver une maitrise.\u00a0<\/li><\/ul><div><div>Pour avoir ensuite un premier lien et pr\u00e9senter toute la situation de ta compagnie, tu peux \u00e9crire \u00e0 la cheftaine de r\u00e9seau.\u00a0<\/div><\/div>\t\t\t\t\t\t\t\t<\/div>\n\t\t\t\t<\/div>\n\t\t\t\t\t<\/div>\n\t\t<\/div>\n\t\t\t\t\t<\/div>\n\t\t<\/section>\n\t\t\t\t<section class=\"elementor-section elementor-top-section elementor-element elementor-element-ce2cdb4 elementor-section-boxed elementor-section-height-default elementor-section-height-default\" data-id=\"ce2cdb4\" data-element_type=\"section\" data-e-type=\"section\">\n\t\t\t\t\t\t<div class=\"elementor-container elementor-column-gap-default\">\n\t\t\t\t\t<div class=\"elementor-column elementor-col-100 elementor-top-column elementor-element elementor-element-682c1fd\" data-id=\"682c1fd\" data-element_type=\"column\" data-e-type=\"column\" data-settings=\"{&quot;background_background&quot;:&quot;classic&quot;}\">\n\t\t\t<div class=\"elementor-widget-wrap elementor-element-populated\">\n\t\t\t\t\t\t<div class=\"elementor-element elementor-element-bebe284 elementor-widget elementor-widget-spacer\" data-id=\"bebe284\" data-element_type=\"widget\" data-e-type=\"widget\" data-widget_type=\"spacer.default\">\n\t\t\t\t<div class=\"elementor-widget-container\">\n\t\t\t\t\t\t\t<div class=\"elementor-spacer\">\n\t\t\t<div class=\"elementor-spacer-inner\"><\/div>\n\t\t<\/div>\n\t\t\t\t\t\t<\/div>\n\t\t\t\t<\/div>\n\t\t\t\t<div class=\"elementor-element elementor-element-cbf7156 elementor-align-center elementor-widget elementor-widget-button\" data-id=\"cbf7156\" data-element_type=\"widget\" data-e-type=\"widget\" data-widget_type=\"button.default\">\n\t\t\t\t<div class=\"elementor-widget-container\">\n\t\t\t\t\t\t\t\t\t<div class=\"elementor-button-wrapper\">\n\t\t\t\t\t<a class=\"elementor-button elementor-button-link elementor-size-sm\" href=\"mailto:\u00a0grain-de-seneve@scouts-europe.org\">\n\t\t\t\t\t\t<span class=\"elementor-button-content-wrapper\">\n\t\t\t\t\t\t\t\t\t<span class=\"elementor-button-text\">\u00a0grain-de-seneve@scouts-europe.org<\/span>\n\t\t\t\t\t<\/span>\n\t\t\t\t\t<\/a>\n\t\t\t\t<\/div>\n\t\t\t\t\t\t\t\t<\/div>\n\t\t\t\t<\/div>\n\t\t\t\t<div class=\"elementor-element elementor-element-e8da0f1 elementor-widget elementor-widget-spacer\" data-id=\"e8da0f1\" data-element_type=\"widget\" data-e-type=\"widget\" data-widget_type=\"spacer.default\">\n\t\t\t\t<div class=\"elementor-widget-container\">\n\t\t\t\t\t\t\t<div class=\"elementor-spacer\">\n\t\t\t<div class=\"elementor-spacer-inner\"><\/div>\n\t\t<\/div>\n\t\t\t\t\t\t<\/div>\n\t\t\t\t<\/div>\n\t\t\t\t<div class=\"elementor-element elementor-element-5f243bc elementor-widget elementor-widget-spacer\" data-id=\"5f243bc\" data-element_type=\"widget\" data-e-type=\"widget\" data-widget_type=\"spacer.default\">\n\t\t\t\t<div class=\"elementor-widget-container\">\n\t\t\t\t\t\t\t<div class=\"elementor-spacer\">\n\t\t\t<div class=\"elementor-spacer-inner\"><\/div>\n\t\t<\/div>\n\t\t\t\t\t\t<\/div>\n\t\t\t\t<\/div>\n\t\t\t\t\t<\/div>\n\t\t<\/div>\n\t\t\t\t\t<\/div>\n\t\t<\/section>\n\t\t\t\t<\/div>\n\t\t","protected":false},"excerpt":{"rendered":"<p>Qu&rsquo;est ce que le r\u00e9seau grain de s\u00e9nev\u00e9 ? Une solution temporaire (1 an maximum) permettant \u00e0 des compagnies (souvent isol\u00e9es g\u00e9ographiquement) de continuer de vivre un vrai scoutisme en \u00e9tant accompagn\u00e9es durant l&rsquo;ann\u00e9e et en vivant un camp d&rsquo;\u00e9t\u00e9 national. A l&rsquo;image du grain de s\u00e9nev\u00e9 (cf Mt 13,31-32) qui en partant de peu [&hellip;]<\/p>\n","protected":false},"author":4,"featured_media":1711,"parent":0,"menu_order":0,"comment_status":"closed","ping_status":"closed","template":"","meta":{"_seopress_robots_primary_cat":"","_seopress_titles_title":"","_seopress_titles_desc":"","_seopress_robots_index":"","site-sidebar-layout":"no-sidebar","site-content-layout":"page-builder","ast-site-content-layout":"full-width-container","site-content-style":"default","site-sidebar-style":"default","ast-global-header-display":"","ast-banner-title-visibility":"","ast-main-header-display":"","ast-hfb-above-header-display":"","ast-hfb-below-header-display":"","ast-hfb-mobile-header-display":"","site-post-title":"disabled","ast-breadcrumbs-content":"","ast-featured-img":"disabled","footer-sml-layout":"","theme-transparent-header-meta":"","adv-header-id-meta":"","stick-header-meta":"","header-above-stick-meta":"","header-main-stick-meta":"","header-below-stick-meta":"","astra-migrate-meta-layouts":"set","ast-page-background-enabled":"default","ast-page-background-meta":{"desktop":{"background-color":"var(--ast-global-color-4)","background-image":"","background-repeat":"repeat","background-position":"center center","background-size":"auto","background-attachment":"scroll","background-type":"","background-media":"","overlay-type":"","overlay-color":"","overlay-opacity":"","overlay-gradient":""},"tablet":{"background-color":"","background-image":"","background-repeat":"repeat","background-position":"center center","background-size":"auto","background-attachment":"scroll","background-type":"","background-media":"","overlay-type":"","overlay-color":"","overlay-opacity":"","overlay-gradient":""},"mobile":{"background-color":"","background-image":"","background-repeat":"repeat","background-position":"center center","background-size":"auto","background-attachment":"scroll","background-type":"","background-media":"","overlay-type":"","overlay-color":"","overlay-opacity":"","overlay-gradient":""}},"ast-content-background-meta":{"desktop":{"background-color":"var(--ast-global-color-5)","background-image":"","background-repeat":"repeat","background-position":"center center","background-size":"auto","background-attachment":"scroll","background-type":"","background-media":"","overlay-type":"","overlay-color":"","overlay-opacity":"","overlay-gradient":""},"tablet":{"background-color":"var(--ast-global-color-5)","background-image":"","background-repeat":"repeat","background-position":"center center","background-size":"auto","background-attachment":"scroll","background-type":"","background-media":"","overlay-type":"","overlay-color":"","overlay-opacity":"","overlay-gradient":""},"mobile":{"background-color":"var(--ast-global-color-5)","background-image":"","background-repeat":"repeat","background-position":"center center","background-size":"auto","background-attachment":"scroll","background-type":"","background-media":"","overlay-type":"","overlay-color":"","overlay-opacity":"","overlay-gradient":""}},"footnotes":""},"class_list":["post-1293","page","type-page","status-publish","has-post-thumbnail","hentry"],"_links":{"self":[{"href":"https:\/\/www.scouts-europe.org\/eclaireuses\/wp-json\/wp\/v2\/pages\/1293","targetHints":{"allow":["GET"]}}],"collection":[{"href":"https:\/\/www.scouts-europe.org\/eclaireuses\/wp-json\/wp\/v2\/pages"}],"about":[{"href":"https:\/\/www.scouts-europe.org\/eclaireuses\/wp-json\/wp\/v2\/types\/page"}],"author":[{"embeddable":true,"href":"https:\/\/www.scouts-europe.org\/eclaireuses\/wp-json\/wp\/v2\/users\/4"}],"replies":[{"embeddable":true,"href":"https:\/\/www.scouts-europe.org\/eclaireuses\/wp-json\/wp\/v2\/comments?post=1293"}],"version-history":[{"count":43,"href":"https:\/\/www.scouts-europe.org\/eclaireuses\/wp-json\/wp\/v2\/pages\/1293\/revisions"}],"predecessor-version":[{"id":3694,"href":"https:\/\/www.scouts-europe.org\/eclaireuses\/wp-json\/wp\/v2\/pages\/1293\/revisions\/3694"}],"wp:featuredmedia":[{"embeddable":true,"href":"https:\/\/www.scouts-europe.org\/eclaireuses\/wp-json\/wp\/v2\/media\/1711"}],"wp:attachment":[{"href":"https:\/\/www.scouts-europe.org\/eclaireuses\/wp-json\/wp\/v2\/media?parent=1293"}],"curies":[{"name":"wp","href":"https:\/\/api.w.org\/{rel}","templated":true}]}}