{"id":1389,"date":"2025-01-15T10:25:56","date_gmt":"2025-01-15T09:25:56","guid":{"rendered":"https:\/\/www.scouts-europe.org\/eclaireuses\/?page_id=1389"},"modified":"2025-12-28T18:08:27","modified_gmt":"2025-12-28T17:08:27","slug":"textes-du-ceremonial","status":"publish","type":"page","link":"https:\/\/www.scouts-europe.org\/eclaireuses\/etre-guide-deurope\/textes-du-ceremonial\/","title":{"rendered":"Textes du c\u00e9r\u00e9monial"},"content":{"rendered":"\t\t<div data-elementor-type=\"wp-page\" data-elementor-id=\"1389\" class=\"elementor elementor-1389\">\n\t\t\t\t\t\t<section class=\"elementor-section elementor-top-section elementor-element elementor-element-d0e1c53 elementor-section-boxed elementor-section-height-default elementor-section-height-default\" data-id=\"d0e1c53\" data-element_type=\"section\" data-e-type=\"section\">\n\t\t\t\t\t\t<div class=\"elementor-container elementor-column-gap-default\">\n\t\t\t\t\t<div class=\"elementor-column elementor-col-100 elementor-top-column elementor-element elementor-element-83ee020\" data-id=\"83ee020\" data-element_type=\"column\" data-e-type=\"column\" data-settings=\"{&quot;background_background&quot;:&quot;classic&quot;}\">\n\t\t\t<div class=\"elementor-widget-wrap elementor-element-populated\">\n\t\t\t\t\t\t<div class=\"elementor-element elementor-element-1ac333d elementor-widget elementor-widget-spacer\" data-id=\"1ac333d\" data-element_type=\"widget\" data-e-type=\"widget\" data-widget_type=\"spacer.default\">\n\t\t\t\t<div class=\"elementor-widget-container\">\n\t\t\t\t\t\t\t<div class=\"elementor-spacer\">\n\t\t\t<div class=\"elementor-spacer-inner\"><\/div>\n\t\t<\/div>\n\t\t\t\t\t\t<\/div>\n\t\t\t\t<\/div>\n\t\t\t\t<div class=\"elementor-element elementor-element-7886953 elementor-tabs-view-horizontal elementor-widget elementor-widget-tabs\" data-id=\"7886953\" data-element_type=\"widget\" data-e-type=\"widget\" data-widget_type=\"tabs.default\">\n\t\t\t\t<div class=\"elementor-widget-container\">\n\t\t\t\t\t\t\t<div class=\"elementor-tabs\">\n\t\t\t<div class=\"elementor-tabs-wrapper\" role=\"tablist\" >\n\t\t\t\t\t\t\t\t\t<div id=\"elementor-tab-title-1261\" class=\"elementor-tab-title elementor-tab-desktop-title\" aria-selected=\"true\" data-tab=\"1\" role=\"tab\" tabindex=\"0\" aria-controls=\"elementor-tab-content-1261\" aria-expanded=\"false\">Investiture chef de patrouille<\/div>\n\t\t\t\t\t\t\t\t\t<div id=\"elementor-tab-title-1262\" class=\"elementor-tab-title elementor-tab-desktop-title\" aria-selected=\"false\" data-tab=\"2\" role=\"tab\" tabindex=\"-1\" aria-controls=\"elementor-tab-content-1262\" aria-expanded=\"false\">All\u00e9geance des patrouillardes \u00e0 la CP<\/div>\n\t\t\t\t\t\t\t\t\t<div id=\"elementor-tab-title-1263\" class=\"elementor-tab-title elementor-tab-desktop-title\" aria-selected=\"false\" data-tab=\"3\" role=\"tab\" tabindex=\"-1\" aria-controls=\"elementor-tab-content-1263\" aria-expanded=\"false\">Promesse<\/div>\n\t\t\t\t\t\t\t\t\t<div id=\"elementor-tab-title-1264\" class=\"elementor-tab-title elementor-tab-desktop-title\" aria-selected=\"false\" data-tab=\"4\" role=\"tab\" tabindex=\"-1\" aria-controls=\"elementor-tab-content-1264\" aria-expanded=\"false\">Investiture de la cheftaine de compagnie<\/div>\n\t\t\t\t\t\t\t\t\t<div id=\"elementor-tab-title-1265\" class=\"elementor-tab-title elementor-tab-desktop-title\" aria-selected=\"false\" data-tab=\"5\" role=\"tab\" tabindex=\"-1\" aria-controls=\"elementor-tab-content-1265\" aria-expanded=\"false\">C\u00e9r\u00e9monie d\u2019all\u00e9geance d\u2019une assistante<\/div>\n\t\t\t\t\t\t\t\t\t<div id=\"elementor-tab-title-1266\" class=\"elementor-tab-title elementor-tab-desktop-title\" aria-selected=\"false\" data-tab=\"6\" role=\"tab\" tabindex=\"-1\" aria-controls=\"elementor-tab-content-1266\" aria-expanded=\"false\">C\u00e9r\u00e9monie du d\u00e9part en exploration<\/div>\n\t\t\t\t\t\t\t<\/div>\n\t\t\t<div class=\"elementor-tabs-content-wrapper\" role=\"tablist\" aria-orientation=\"vertical\">\n\t\t\t\t\t\t\t\t\t<div class=\"elementor-tab-title elementor-tab-mobile-title\" aria-selected=\"true\" data-tab=\"1\" role=\"tab\" tabindex=\"0\" aria-controls=\"elementor-tab-content-1261\" aria-expanded=\"false\">Investiture chef de patrouille<\/div>\n\t\t\t\t\t<div id=\"elementor-tab-content-1261\" class=\"elementor-tab-content elementor-clearfix\" data-tab=\"1\" role=\"tabpanel\" aria-labelledby=\"elementor-tab-title-1261\" tabindex=\"0\" hidden=\"false\"><p><strong>CCie :<\/strong>\u00a0<em>[pr\u00e9nom]<\/em>, je t\u2019ai d\u00e9sign\u00e9e comme chef de patrouille. La cour d\u2019honneur approuve ce choix. Es-tu pr\u00eate \u00e0 donner en tout l\u2019exemple ?<br \/><strong>CP :<\/strong> Oui, cheftaine.<br \/><strong>CCie :<\/strong> \u00c0 conduire ta patrouille avec douceur et humilit\u00e9 ?<br \/><strong>CP :<\/strong> Oui, cheftaine.<br \/><strong>CCie :<\/strong> \u00c0 observer et \u00e0 faire observer la loi et les principes du scoutisme europ\u00e9en ?<br \/><strong>CP :<\/strong> Oui, cheftaine.<br \/><strong>CCie :<\/strong> Sois donc regard\u00e9e d\u00e9sormais comme un chef de patrouille, responsable devant Dieu de chacune de tes filles et prend la direction du (de la)\u00a0<em>[totem de patrouille]<\/em>.<br \/><strong>CP (en saluant) :<\/strong> Je te remercie, cheftaine, et je te promets de t\u2019ob\u00e9ir fid\u00e8lement, de t\u2019aider de tout mon pouvoir dans le gouvernement de la compagnie, d\u2019aider en tout mes s\u0153urs guides de la patrouille du (de la)\u00a0<em>[totem de patrouille]<\/em>\u00a0dont Notre Seigneur me fait aujourd\u2019hui chef et gardienne.<\/p><\/div>\n\t\t\t\t\t\t\t\t\t<div class=\"elementor-tab-title elementor-tab-mobile-title\" aria-selected=\"false\" data-tab=\"2\" role=\"tab\" tabindex=\"-1\" aria-controls=\"elementor-tab-content-1262\" aria-expanded=\"false\">All\u00e9geance des patrouillardes \u00e0 la CP<\/div>\n\t\t\t\t\t<div id=\"elementor-tab-content-1262\" class=\"elementor-tab-content elementor-clearfix\" data-tab=\"2\" role=\"tabpanel\" aria-labelledby=\"elementor-tab-title-1262\" tabindex=\"0\" hidden=\"hidden\"><p><em>Apr\u00e8s l&rsquo;investiture de la chef de patrouille, au rassemblement devant la compagnie, les novices (nouvelles \u00e9claireuses) font all\u00e9geance \u00e0 leur chef de patrouille ; elles deviennent alors aspirantes.\u00a0<\/em><\/p><p><em>La CP met sa main gauche sur le staff, puis chaque novice met sa main droite par-dessus celle de la CP, enfin la CP met sa main droite au-dessus de celles des novices. Elles disent alors :<\/em><\/p><p><strong>Guide(s) :<\/strong> Je te promets de t&rsquo;ob\u00e9ir comme \u00e0 la cheftaine, d&rsquo;\u00eatre fid\u00e8le \u00e0 la patrouille, de remplir de mon mieux par mon poste d\u2019action les missions que tu me confieras et de travailler avec toi chaque jour \u00e0 mieux conna\u00eetre la loi guide, mon pays et ma Foi.<\/p><p><strong>CP :<\/strong> Tu (vous) peux (pouvez) compter sur moi.<\/p><p><em>Puis elle remet aux nouvelles aspirantes les flots de patrouille, signe qu&rsquo;elles en font maintenant<\/em> partie \u00e0 part enti\u00e8re.<\/p><\/div>\n\t\t\t\t\t\t\t\t\t<div class=\"elementor-tab-title elementor-tab-mobile-title\" aria-selected=\"false\" data-tab=\"3\" role=\"tab\" tabindex=\"-1\" aria-controls=\"elementor-tab-content-1263\" aria-expanded=\"false\">Promesse<\/div>\n\t\t\t\t\t<div id=\"elementor-tab-content-1263\" class=\"elementor-tab-content elementor-clearfix\" data-tab=\"3\" role=\"tabpanel\" aria-labelledby=\"elementor-tab-title-1263\" tabindex=\"0\" hidden=\"hidden\"><p><strong>Dialogue entre la cheftaine et la promettante<\/strong><\/p><p><strong>Que d\u00e9sires-tu\u00a0?<\/strong><br \/><em>Devenir Guide d\u2019Europe.<\/em><\/p><p><strong>Pourquoi\u00a0?<\/strong><br \/><em>Pour apprendre \u00e0 mieux servir Dieu et mon prochain.<\/em><\/p><p><strong>Quel avantage mat\u00e9riel en attends-tu\u00a0?<\/strong><br \/><em>Aucun.<\/em><\/p><p><strong>Quelle est la premi\u00e8re obligation de la guide ?<\/strong><br \/><em>La bonne action quotidienne.<\/em><\/p><p><strong>Quelles sont les trois vertus principales de la guide ?<\/strong><br \/><em>Franchise, D\u00e9vouement, Puret\u00e9.<\/em><\/p><p><strong>Connais-tu la\u00a0Loi et les Principes\u00a0?<\/strong><br \/><em>Oui, cheftaine.<\/em><\/p><p><strong>R\u00e9citons ensemble la loi et les principes.<\/strong><br \/><em>(Tous r\u00e9citent la loi et les principes.)<\/em><\/p><p><strong>Promets-tu d\u2019observer la loi et les principes\u00a0?<\/strong><br \/><em>Oui, sur mon honneur.<\/em><\/p><p><strong>Sais-tu que ton honneur est d\u2019appartenir au Christ, d\u2019\u00eatre fid\u00e8le \u00e0 ton pays, tes parents, tes chefs, tes compagnons et de n\u2019avoir qu\u2019une seule parole sur laquelle les autres doivent pouvoir compter\u00a0?<\/strong><br \/><em>Oui, cheftaine, je le sais. On pourra compter sur ma parole de guide.<\/em><\/p><p><strong>Combien de temps es-tu pr\u00eate \u00e0 servir\u00a0?<\/strong><br \/>S<em>\u2019il plait \u00e0 Dieu, toujours.<\/em><\/p><p><strong>Puisque la Cour d\u2019Honneur a d\u00e9cid\u00e9 de te faire confiance, nous t\u2019admettons \u00e0 prononcer ta promesse. Mais comme tu es chr\u00e9tien et que tu as re\u00e7u au bapt\u00eame le pr\u00e9nom de \u2026 tu vas recevoir la b\u00e9n\u00e9diction de Dieu.<\/strong><\/p><p>Le conseiller religieux\u00a0: Que Notre Dame te vienne en aide et que la b\u00e9n\u00e9diction du Dieu tout puissant, P\u00e8re, Fils et Saint Esprit, descende sur toi et y demeure \u00e0 jamais.<\/p><h4>\u00a0<\/h4><h3 style=\"text-align: center\"><em>Sur mon honneur, avec la gr\u00e2ce de Dieu,<br \/><\/em><em>je m\u2019engage\u00a0<\/em><em>\u00e0<\/em><em>\u00a0servir de mon mieux<br \/>Dieu, l\u2019Eglise, ma patrie et l\u2019Europe,<br \/><\/em><em>\u00e0 aider mon prochain en toutes circonstances,<br \/><\/em><em>\u00e0 observer la loi guide.<\/em><\/h3><p style=\"text-align: left\"><strong>Tu fais maintenant partie de la grande fraternit\u00e9 scoute.<\/strong><\/p><section class=\"elementor-section elementor-top-section elementor-element elementor-element-870a8d3 elementor-section-boxed elementor-section-height-default elementor-section-height-default\" data-id=\"870a8d3\" data-element_type=\"section\"><div class=\"elementor-container elementor-column-gap-default\"><div class=\"elementor-column elementor-col-100 elementor-top-column elementor-element elementor-element-6ec38b7\" data-id=\"6ec38b7\" data-element_type=\"column\" data-settings=\"{&quot;background_background&quot;:&quot;classic&quot;}\"><div class=\"elementor-widget-wrap elementor-element-populated\"><div class=\"elementor-element elementor-element-27bd928 elementor-widget elementor-widget-heading\" data-id=\"27bd928\" data-element_type=\"widget\" data-widget_type=\"heading.default\"><div class=\"elementor-widget-container\"><h2 class=\"elementor-heading-title elementor-size-default\">Chant de la promesse<\/h2><\/div><\/div><\/div><\/div><\/div><\/section><section class=\"elementor-section elementor-top-section elementor-element elementor-element-d90222f elementor-section-boxed elementor-section-height-default elementor-section-height-default\" data-id=\"d90222f\" data-element_type=\"section\"><div class=\"elementor-container elementor-column-gap-default\"><div class=\"elementor-column elementor-col-50 elementor-top-column elementor-element elementor-element-28bb864\" data-id=\"28bb864\" data-element_type=\"column\" data-settings=\"{&quot;background_background&quot;:&quot;classic&quot;}\"><div class=\"elementor-widget-wrap elementor-element-populated\"><div class=\"elementor-element elementor-element-9454d9e elementor-widget elementor-widget-text-editor\" data-id=\"9454d9e\" data-element_type=\"widget\" data-widget_type=\"text-editor.default\"><div class=\"elementor-widget-container\"><div class=\"wpb_row vc_row vc_row-fluid mk-fullwidth-false attched-false js-master-row mk-grid mk-in-viewport\" data-mk-stretch-content=\"true\"><div class=\"vc_col-sm-12 wpb_column column_container _ height-full\"><div class=\" vc_custom_1602761746201\"><div id=\"text-block-3\" class=\"mk-text-block \"><div id=\"_mcePaste\">1 \u2013 Devant tous je m\u2019engage<\/div><div id=\"_mcePaste\">Sur mon honneur,<\/div><div id=\"_mcePaste\">Et je te fais hommage,<\/div><div id=\"_mcePaste\">De moi, Seigneur !<\/div><div>\u00a0<\/div><div id=\"_mcePaste\"><strong>Refrain<\/strong><\/div><div id=\"_mcePaste\"><strong>Je veux t\u2019aimer sans cesse, de plus en plus,<\/strong><\/div><div id=\"_mcePaste\"><strong>Prot\u00e8ge ma promesse, Seigneur J\u00e9sus !<\/strong><\/div><div id=\"_mcePaste\">\u00a0<\/div><div class=\"clearboth\">2 \u2013 Je jure de te suivre<\/div><\/div><\/div><\/div><\/div><div class=\"wpb_row vc_row vc_row-fluid mk-fullwidth-false attched-false js-master-row mk-grid mk-in-viewport\" data-mk-stretch-content=\"true\"><div class=\"vc_col-sm-6 wpb_column column_container _ height-full\"><div id=\"text-block-5\" class=\"mk-text-block \"><div id=\"_mcePaste\">En fier chr\u00e9tien,<\/div><div id=\"_mcePaste\">Et tout entier je livre<\/div><div id=\"_mcePaste\">Mon c\u0153ur au Tien.<\/div><div>\u00a0<\/div><div id=\"_mcePaste\">3 \u2013 Fid\u00e8le \u00e0 ma Patrie<\/div><div id=\"_mcePaste\">Je le serai ;<\/div><div id=\"_mcePaste\">Tous les jours de ma vie,<\/div><div id=\"_mcePaste\">Je servirai.<\/div><\/div><\/div><\/div><\/div><\/div><\/div><\/div><div class=\"elementor-column elementor-col-50 elementor-top-column elementor-element elementor-element-10dc5fb\" data-id=\"10dc5fb\" data-element_type=\"column\" data-settings=\"{&quot;background_background&quot;:&quot;classic&quot;}\"><div class=\"elementor-widget-wrap elementor-element-populated\"><div class=\"elementor-element elementor-element-6ce61e8 elementor-widget elementor-widget-spacer\" data-id=\"6ce61e8\" data-element_type=\"widget\" data-widget_type=\"spacer.default\"><div class=\"elementor-widget-container\"><div class=\"elementor-spacer\"><div class=\"elementor-spacer-inner\">\u00a0<\/div><\/div><\/div><\/div><div class=\"elementor-element elementor-element-7a3ee66 elementor-widget elementor-widget-text-editor\" data-id=\"7a3ee66\" data-element_type=\"widget\" data-widget_type=\"text-editor.default\"><div class=\"elementor-widget-container\"><div class=\"wpb_row vc_row vc_row-fluid mk-fullwidth-false attched-false js-master-row mk-grid mk-in-viewport\" data-mk-stretch-content=\"true\"><div class=\"vc_col-sm-12 wpb_column column_container _ height-full\"><div class=\" vc_custom_1602761746201\"><div id=\"text-block-3\" class=\"mk-text-block \"><div id=\"_mcePaste\"><div class=\"vc_col-sm-6 wpb_column column_container _ height-full\"><div id=\"text-block-5\" class=\"mk-text-block \"><div id=\"_mcePaste\">4 \u2013\u00a0Je suis de tes ap\u00f4tres,<\/div><div id=\"_mcePaste\">Et chaque jour<\/div><div id=\"_mcePaste\">Je veux aider les autres<\/div><div id=\"_mcePaste\">Pour ton amour.<\/div><div class=\"clearboth\">\u00a0<\/div><\/div><div id=\"text-block-6\" class=\"mk-text-block \"><div class=\"clearboth\">\u00a0<\/div><\/div><\/div><div class=\"vc_col-sm-6 wpb_column column_container _ height-full\"><div id=\"text-block-8\" class=\"mk-text-block \"><div id=\"_mcePaste\">5 \u2013\u00a0Ta R\u00e8gle a sur nous-m\u00eames<\/div><div id=\"_mcePaste\">Un droit sacr\u00e9 ;<\/div><div id=\"_mcePaste\">Je suis faible, tu m\u2019aimes :<\/div><div id=\"_mcePaste\">Je maintiendrai !<\/div><div>\u00a0<\/div><div id=\"_mcePaste\">6 \u2013\u00a0Par dessus les fronti\u00e8res<\/div><div id=\"_mcePaste\">Je tends la main<\/div><div id=\"_mcePaste\">L\u2019Europe de mes fr\u00e8res<\/div><div id=\"_mcePaste\">Na\u00eetra demain.<\/div><\/div><\/div><\/div><\/div><\/div><\/div><\/div><\/div><\/div><\/div><\/div><\/div><\/section><\/div>\n\t\t\t\t\t\t\t\t\t<div class=\"elementor-tab-title elementor-tab-mobile-title\" aria-selected=\"false\" data-tab=\"4\" role=\"tab\" tabindex=\"-1\" aria-controls=\"elementor-tab-content-1264\" aria-expanded=\"false\">Investiture de la cheftaine de compagnie<\/div>\n\t\t\t\t\t<div id=\"elementor-tab-content-1264\" class=\"elementor-tab-content elementor-clearfix\" data-tab=\"4\" role=\"tabpanel\" aria-labelledby=\"elementor-tab-title-1264\" tabindex=\"0\" hidden=\"hidden\"><p><b>La cheftaine de groupe<\/b>\u00a0: &#8230;<i>(pr\u00e9nom)<\/i>, en accord avec la hi\u00e9rarchie du mouvement, nous avons d\u00e9cid\u00e9 de te faire confiance et t&rsquo;estimons capable de prendre une nouvelle responsabilit\u00e9. Acceptes-tu de servir comme cheftaine, \u00e0 la compagnie\u00a0 &#8230; ni\u00e8me &#8230;?<\/p><p><b>La cheftaine de compagnie (CCIE)<\/b>\u00a0: Je te remercie de ta confiance et j&rsquo;accepte ce service.<\/p><p><b>La CG<\/b>\u00a0: Quel avantage mat\u00e9riel en attends-tu?<\/p><p><b>La CCIE<\/b>: Aucun<\/p><p><b>La CG<\/b>\u00a0: As-tu compris que c&rsquo;est charge d&rsquo;\u00e2mes que tu veux prendre?<\/p><p><b>La CCIE<\/b>\u00a0: Oui et je la prend sans crainte avec la gr\u00e2ce de Dieu.<\/p><p><b>La CG<\/b>\u00a0: La mission qui s&rsquo;offre \u00e0 toi est magnifique, elle est aussi lourde de responsabilit\u00e9s. Les jeunes te regardent\u00a0: celui qui a la charge de faire vivre aux autres un id\u00e9al comme le n\u00f4tre doit en \u00eatre l&rsquo;image vivante.<\/p><p><b>La CCIE<\/b>\u00a0: J&rsquo;ai conscience de la port\u00e9e de mon engagement et je ferai de mon mieux pour le remplir.<\/p><p><b>La CG<\/b> : Es-tu pr\u00eate \u00e0 t&rsquo;engager vis-\u00e0-vis du mouvement?<\/p><p><b>La CCIE<\/b>: Oui. J&rsquo;y suis pr\u00eate.<\/p><p><b>La CG<\/b>\u00a0: Tu peux maintenant renouveler ta promesse.<\/p><p><b>La CCIE<\/b>\u00a0: P\u00e8re, je demande la b\u00e9n\u00e9diction du Dieu tout-puissant.<\/p><p><i>(b\u00e9n\u00e9diction du p\u00e8re)<\/i><\/p><p><b>Le p\u00e8re<\/b>\u00a0: Que Notre-Dame te vienne en aide et que la b\u00e9n\u00e9diction du Dieu tout-puissant P\u00e8re, Fils et Saint-Esprit descende sur toi et y demeure \u00e0 jamais.<\/p><p><b>La CG<\/b>\u00a0<i>(s&rsquo;adressant \u00e0 tous)<\/i>\u00a0: Guides et scouts, saluez.<\/p><p><b>La CCIE<\/b> : Sur mon honneur, avec la gr\u00e2ce de Dieu, je m&rsquo;engage \u00e0 servir de mon mieux Dieu, l&rsquo;\u00c9glise, ma patrie et l&rsquo;Europe, \u00e0 aider mon prochain en toutes circonstances, \u00e0 observer la loi guide.<\/p><p>Je m&rsquo;engage comme cheftaine \u00e0 remplir fid\u00e8lement mes devoirs de baptis\u00e9e, \u00e0 observer et \u00e0 faire observer la loi scoute, les principes, les r\u00e8glements et les m\u00e9thodes de la f\u00e9d\u00e9ration du scoutisme europ\u00e9en et \u00e0 suivre loyalement les instructions qui me seront donn\u00e9es par mes chefs.<\/p><p>Je m&rsquo;engage en outre \u00e0 poursuivre ma formation et ma progression personnelle pour assurer mon service.<\/p><p><b>La CG<\/b>\u00a0: Porte d\u00e9sormais les insignes de ta charge\u00a0:<\/p><ul><li>les barrettes qui indiquent \u00e0 tous la mission qui t&rsquo;est confi\u00e9e;<\/li><li>la cordeli\u00e8re qui te d\u00e9signe comme chef, c&rsquo;est-\u00e0-dire serviteur<\/li><\/ul><p>et re\u00e7ois les promesses des guides qui te sont confi\u00e9es.<\/p><\/div>\n\t\t\t\t\t\t\t\t\t<div class=\"elementor-tab-title elementor-tab-mobile-title\" aria-selected=\"false\" data-tab=\"5\" role=\"tab\" tabindex=\"-1\" aria-controls=\"elementor-tab-content-1265\" aria-expanded=\"false\">C\u00e9r\u00e9monie d\u2019all\u00e9geance d\u2019une assistante<\/div>\n\t\t\t\t\t<div id=\"elementor-tab-content-1265\" class=\"elementor-tab-content elementor-clearfix\" data-tab=\"5\" role=\"tabpanel\" aria-labelledby=\"elementor-tab-title-1265\" tabindex=\"0\" hidden=\"hidden\"><p>\u00a0<em style=\"font-size: 16px\">La c\u00e9r\u00e9monie doit rester simple et sobre. Elle se fait en pr\u00e9sence de l\u2019unit\u00e9, de la ma\u00eetrise de celle-ci et de la cheftaine de groupe. Elle est dirig\u00e9e par la cheftaine d\u2019unit\u00e9 elle-m\u00eame d\u00e9j\u00e0 investi. L\u2019investiture de cheftaine d\u2019unit\u00e9 peut \u00eatre imm\u00e9diatement suivie de l\u2019all\u00e9geance des assistantes.<\/em><\/p><p><strong>La cheftaine :<\/strong> En accord avec la hi\u00e9rarchie du Mouvement, je t\u2019ai choisie comme assistante pour former avec le conseiller religieux et moi l\u2019\u00e9quipe de ma\u00eetrise de la compagnie (nom de la cie). Es-tu pr\u00eate \u00e0 m\u2019aider pour faire grandir par la m\u00e9thode des Guides et Scouts d\u2019Europe les filles qui nous sont confi\u00e9es ?<\/p><p><strong>L\u2019assistante :\u00a0<\/strong>Je te remercie de ta confiance. Je m\u2019engage \u00e0 t\u2019aider loyalement dans le respect de la loi guide. Pour servir de mieux en mieux, je m\u2019engage aussi \u00e0 parfaire ma formation technique, p\u00e9dagogique et personnelle.\u00a0<\/p><p><strong>La cheftaine\u00a0:<\/strong> Ensemble, nous formerons une \u00e9quipe unie pour servir. Re\u00e7ois ces barrettes d\u2019assistante et prends ta place dans la ma\u00eetrise.<\/p><p><em>La cheftaine remet les barrettes \u00e0 l\u2019assistante qui salue la ma\u00eetrise, l\u2019unit\u00e9 et prend sa place dans la ma\u00eetrise.<\/em><\/p><\/div>\n\t\t\t\t\t\t\t\t\t<div class=\"elementor-tab-title elementor-tab-mobile-title\" aria-selected=\"false\" data-tab=\"6\" role=\"tab\" tabindex=\"-1\" aria-controls=\"elementor-tab-content-1266\" aria-expanded=\"false\">C\u00e9r\u00e9monie du d\u00e9part en exploration<\/div>\n\t\t\t\t\t<div id=\"elementor-tab-content-1266\" class=\"elementor-tab-content elementor-clearfix\" data-tab=\"6\" role=\"tabpanel\" aria-labelledby=\"elementor-tab-title-1266\" tabindex=\"0\" hidden=\"hidden\"><p><strong>La cheftaine<\/strong> : Prends cette boussole et souviens-toi que si Baden Powell a choisi la fleur de lys comme embl\u00e8me du scoutisme, c&rsquo;est parce qu&rsquo;elle indiquait le nord sur les cartes marines. Que notre scoutisme d&rsquo;aujourd&rsquo;hui t&rsquo;aide \u00e0 trouver l&rsquo;orientation de ta vie.\u00a0<\/p><p>Re\u00e7ois ce levain, symbole des chefs. Qu&rsquo;il te rappelle le sens de tes responsabilit\u00e9s \u00e0 l&rsquo;\u00e9gard de toute la patrouille.\u00a0<\/p><p>Re\u00e7ois ce sel, symbole de ta vie chr\u00e9tienne et souviens-toi que sur la route comme sur les sentiers de la vie, tu dois \u00ab\u00a0\u00eatre le sel de la terre\u00a0\u00bb.\u00a0<\/p><\/div>\n\t\t\t\t\t\t\t<\/div>\n\t\t<\/div>\n\t\t\t\t\t\t<\/div>\n\t\t\t\t<\/div>\n\t\t\t\t\t<\/div>\n\t\t<\/div>\n\t\t\t\t\t<\/div>\n\t\t<\/section>\n\t\t\t\t<\/div>\n\t\t","protected":false},"excerpt":{"rendered":"<p>Investiture chef de patrouille All\u00e9geance des patrouillardes \u00e0 la CP Promesse Investiture de la cheftaine de compagnie C\u00e9r\u00e9monie d\u2019all\u00e9geance d\u2019une assistante C\u00e9r\u00e9monie du d\u00e9part en exploration Investiture chef de patrouille CCie :\u00a0[pr\u00e9nom], je t\u2019ai d\u00e9sign\u00e9e comme chef de patrouille. La cour d\u2019honneur approuve ce choix. Es-tu pr\u00eate \u00e0 donner en tout l\u2019exemple ?CP : Oui, [&hellip;]<\/p>\n","protected":false},"author":4,"featured_media":1711,"parent":1299,"menu_order":0,"comment_status":"closed","ping_status":"closed","template":"","meta":{"_seopress_robots_primary_cat":"","_seopress_titles_title":"","_seopress_titles_desc":"","_seopress_robots_index":"","site-sidebar-layout":"no-sidebar","site-content-layout":"page-builder","ast-site-content-layout":"full-width-container","site-content-style":"default","site-sidebar-style":"default","ast-global-header-display":"","ast-banner-title-visibility":"","ast-main-header-display":"","ast-hfb-above-header-display":"","ast-hfb-below-header-display":"","ast-hfb-mobile-header-display":"","site-post-title":"disabled","ast-breadcrumbs-content":"","ast-featured-img":"disabled","footer-sml-layout":"","theme-transparent-header-meta":"","adv-header-id-meta":"","stick-header-meta":"","header-above-stick-meta":"","header-main-stick-meta":"","header-below-stick-meta":"","astra-migrate-meta-layouts":"set","ast-page-background-enabled":"default","ast-page-background-meta":{"desktop":{"background-color":"var(--ast-global-color-4)","background-image":"","background-repeat":"repeat","background-position":"center center","background-size":"auto","background-attachment":"scroll","background-type":"","background-media":"","overlay-type":"","overlay-color":"","overlay-opacity":"","overlay-gradient":""},"tablet":{"background-color":"","background-image":"","background-repeat":"repeat","background-position":"center center","background-size":"auto","background-attachment":"scroll","background-type":"","background-media":"","overlay-type":"","overlay-color":"","overlay-opacity":"","overlay-gradient":""},"mobile":{"background-color":"","background-image":"","background-repeat":"repeat","background-position":"center center","background-size":"auto","background-attachment":"scroll","background-type":"","background-media":"","overlay-type":"","overlay-color":"","overlay-opacity":"","overlay-gradient":""}},"ast-content-background-meta":{"desktop":{"background-color":"var(--ast-global-color-5)","background-image":"","background-repeat":"repeat","background-position":"center center","background-size":"auto","background-attachment":"scroll","background-type":"","background-media":"","overlay-type":"","overlay-color":"","overlay-opacity":"","overlay-gradient":""},"tablet":{"background-color":"var(--ast-global-color-5)","background-image":"","background-repeat":"repeat","background-position":"center center","background-size":"auto","background-attachment":"scroll","background-type":"","background-media":"","overlay-type":"","overlay-color":"","overlay-opacity":"","overlay-gradient":""},"mobile":{"background-color":"var(--ast-global-color-5)","background-image":"","background-repeat":"repeat","background-position":"center center","background-size":"auto","background-attachment":"scroll","background-type":"","background-media":"","overlay-type":"","overlay-color":"","overlay-opacity":"","overlay-gradient":""}},"footnotes":""},"class_list":["post-1389","page","type-page","status-publish","has-post-thumbnail","hentry"],"_links":{"self":[{"href":"https:\/\/www.scouts-europe.org\/eclaireuses\/wp-json\/wp\/v2\/pages\/1389","targetHints":{"allow":["GET"]}}],"collection":[{"href":"https:\/\/www.scouts-europe.org\/eclaireuses\/wp-json\/wp\/v2\/pages"}],"about":[{"href":"https:\/\/www.scouts-europe.org\/eclaireuses\/wp-json\/wp\/v2\/types\/page"}],"author":[{"embeddable":true,"href":"https:\/\/www.scouts-europe.org\/eclaireuses\/wp-json\/wp\/v2\/users\/4"}],"replies":[{"embeddable":true,"href":"https:\/\/www.scouts-europe.org\/eclaireuses\/wp-json\/wp\/v2\/comments?post=1389"}],"version-history":[{"count":43,"href":"https:\/\/www.scouts-europe.org\/eclaireuses\/wp-json\/wp\/v2\/pages\/1389\/revisions"}],"predecessor-version":[{"id":3877,"href":"https:\/\/www.scouts-europe.org\/eclaireuses\/wp-json\/wp\/v2\/pages\/1389\/revisions\/3877"}],"up":[{"embeddable":true,"href":"https:\/\/www.scouts-europe.org\/eclaireuses\/wp-json\/wp\/v2\/pages\/1299"}],"wp:featuredmedia":[{"embeddable":true,"href":"https:\/\/www.scouts-europe.org\/eclaireuses\/wp-json\/wp\/v2\/media\/1711"}],"wp:attachment":[{"href":"https:\/\/www.scouts-europe.org\/eclaireuses\/wp-json\/wp\/v2\/media?parent=1389"}],"curies":[{"name":"wp","href":"https:\/\/api.w.org\/{rel}","templated":true}]}}