{"id":1517,"date":"2025-01-21T11:25:57","date_gmt":"2025-01-21T10:25:57","guid":{"rendered":"https:\/\/www.scouts-europe.org\/eclaireuses\/?page_id=1517"},"modified":"2025-10-21T16:16:07","modified_gmt":"2025-10-21T14:16:07","slug":"inscription","status":"publish","type":"page","link":"https:\/\/www.scouts-europe.org\/eclaireuses\/semper-fidelis\/inscription\/","title":{"rendered":"Inscription"},"content":{"rendered":"\t\t<div data-elementor-type=\"wp-page\" data-elementor-id=\"1517\" class=\"elementor elementor-1517\">\n\t\t\t\t\t\t<section class=\"elementor-section elementor-top-section elementor-element elementor-element-d76efa9 elementor-section-boxed elementor-section-height-default elementor-section-height-default\" data-id=\"d76efa9\" data-element_type=\"section\" data-e-type=\"section\">\n\t\t\t\t\t\t<div class=\"elementor-container elementor-column-gap-default\">\n\t\t\t\t\t<div class=\"elementor-column elementor-col-100 elementor-top-column elementor-element elementor-element-054cf74\" data-id=\"054cf74\" data-element_type=\"column\" data-e-type=\"column\" data-settings=\"{&quot;background_background&quot;:&quot;classic&quot;}\">\n\t\t\t<div class=\"elementor-widget-wrap elementor-element-populated\">\n\t\t\t\t\t\t<div class=\"elementor-element elementor-element-4ca9485 elementor-widget elementor-widget-spacer\" data-id=\"4ca9485\" data-element_type=\"widget\" data-e-type=\"widget\" data-widget_type=\"spacer.default\">\n\t\t\t\t<div class=\"elementor-widget-container\">\n\t\t\t\t\t\t\t<div class=\"elementor-spacer\">\n\t\t\t<div class=\"elementor-spacer-inner\"><\/div>\n\t\t<\/div>\n\t\t\t\t\t\t<\/div>\n\t\t\t\t<\/div>\n\t\t\t\t<div class=\"elementor-element elementor-element-ea293dd elementor-widget elementor-widget-text-editor\" data-id=\"ea293dd\" data-element_type=\"widget\" data-e-type=\"widget\" data-widget_type=\"text-editor.default\">\n\t\t\t\t<div class=\"elementor-widget-container\">\n\t\t\t\t\t\t\t\t\t<p>Voici les modalit\u00e9s et d\u00e9lais \u00e0 respecter pour pouvoir t\u2019inscrire \u00e0 la progression Semper Fidelis :<\/p>\t\t\t\t\t\t\t\t<\/div>\n\t\t\t\t<\/div>\n\t\t\t\t\t<\/div>\n\t\t<\/div>\n\t\t\t\t\t<\/div>\n\t\t<\/section>\n\t\t\t\t<section class=\"elementor-section elementor-top-section elementor-element elementor-element-e04126f elementor-section-boxed elementor-section-height-default elementor-section-height-default\" data-id=\"e04126f\" data-element_type=\"section\" data-e-type=\"section\">\n\t\t\t\t\t\t<div class=\"elementor-container elementor-column-gap-default\">\n\t\t\t\t\t<div class=\"elementor-column elementor-col-100 elementor-top-column elementor-element elementor-element-a6949b5\" data-id=\"a6949b5\" data-element_type=\"column\" data-e-type=\"column\" data-settings=\"{&quot;background_background&quot;:&quot;classic&quot;}\">\n\t\t\t<div class=\"elementor-widget-wrap elementor-element-populated\">\n\t\t\t\t\t\t<div class=\"elementor-element elementor-element-d757b37 elementor-widget elementor-widget-heading\" data-id=\"d757b37\" data-element_type=\"widget\" data-e-type=\"widget\" data-widget_type=\"heading.default\">\n\t\t\t\t<div class=\"elementor-widget-container\">\n\t\t\t\t\t<h2 class=\"elementor-heading-title elementor-size-default\">Remplir un dossier d\u2019inscription<\/h2>\t\t\t\t<\/div>\n\t\t\t\t<\/div>\n\t\t\t\t\t<\/div>\n\t\t<\/div>\n\t\t\t\t\t<\/div>\n\t\t<\/section>\n\t\t\t\t<section class=\"elementor-section elementor-top-section elementor-element elementor-element-a6f245a elementor-section-boxed elementor-section-height-default elementor-section-height-default\" data-id=\"a6f245a\" data-element_type=\"section\" data-e-type=\"section\">\n\t\t\t\t\t\t<div class=\"elementor-container elementor-column-gap-default\">\n\t\t\t\t\t<div class=\"elementor-column elementor-col-100 elementor-top-column elementor-element elementor-element-9c89da5\" data-id=\"9c89da5\" data-element_type=\"column\" data-e-type=\"column\" data-settings=\"{&quot;background_background&quot;:&quot;classic&quot;}\">\n\t\t\t<div class=\"elementor-widget-wrap elementor-element-populated\">\n\t\t\t\t\t\t<div class=\"elementor-element elementor-element-284fc9c elementor-widget elementor-widget-text-editor\" data-id=\"284fc9c\" data-element_type=\"widget\" data-e-type=\"widget\" data-widget_type=\"text-editor.default\">\n\t\t\t\t<div class=\"elementor-widget-container\">\n\t\t\t\t\t\t\t\t\t<ul><li>Parle \u00e0 ta cheftaine de compagnie de ton souhait de te lancer dans la progression\u00a0<em>Semper Fidelis.<\/em><\/li><li>Remplis ce\u00a0<a href=\"https:\/\/forms.gle\/TtcE3qbEYnWxrJiV8\">formulaire de pr\u00e9-inscription<\/a>.<\/li><\/ul><p>DATE LIMITE POUR LA PRE-INSCRIPTION :\u00a0<strong>15 octobre.<\/strong><\/p><ul><li>La cheftaine responsable Semper Fidelis t\u2019envoie alors ton mini-dossier \u00e0 compl\u00e9ter en ligne avant le\u00a0<strong>1er novembre.<\/strong><\/li><li>Fais relire ton dossier \u00e0 ta cheftaine de compagnie ou de r\u00e9seau.<\/li><li>A partir du 1er novembre, ton dossier est relu par un membre de l\u2019\u00e9quipe nationale \u00e9claireuses, qui peut \u00e9ventuellement te demander de pr\u00e9ciser ou de changer certains points pr\u00e9vus dans tes d\u00e9fis.<\/li><\/ul><p><em>Les commentaires de ta relectrice apparaissent directement sur ton dossier en ligne qu\u2019il faut donc consulter r\u00e9guli\u00e8rement.<\/em><\/p><ul><li>Une fois le dossier consid\u00e9r\u00e9 comme complet, il est valid\u00e9.<\/li><li>Un mail te sera envoy\u00e9 pour t\u2019inscrire au camp qui aura lieu pendant les vacances de No\u00ebl :\u00a0<strong>29 d\u00e9cembre 2025 au 03 janvier 2026.<\/strong><\/li><\/ul>\t\t\t\t\t\t\t\t<\/div>\n\t\t\t\t<\/div>\n\t\t\t\t\t<\/div>\n\t\t<\/div>\n\t\t\t\t\t<\/div>\n\t\t<\/section>\n\t\t\t\t<section class=\"elementor-section elementor-top-section elementor-element elementor-element-02d4a12 elementor-section-boxed elementor-section-height-default elementor-section-height-default\" data-id=\"02d4a12\" data-element_type=\"section\" data-e-type=\"section\">\n\t\t\t\t\t\t<div class=\"elementor-container elementor-column-gap-default\">\n\t\t\t\t\t<div class=\"elementor-column elementor-col-100 elementor-top-column elementor-element elementor-element-b549933\" data-id=\"b549933\" data-element_type=\"column\" data-e-type=\"column\" data-settings=\"{&quot;background_background&quot;:&quot;classic&quot;}\">\n\t\t\t<div class=\"elementor-widget-wrap elementor-element-populated\">\n\t\t\t\t\t\t<div class=\"elementor-element elementor-element-cd6c372 elementor-widget elementor-widget-spacer\" data-id=\"cd6c372\" data-element_type=\"widget\" data-e-type=\"widget\" data-widget_type=\"spacer.default\">\n\t\t\t\t<div class=\"elementor-widget-container\">\n\t\t\t\t\t\t\t<div class=\"elementor-spacer\">\n\t\t\t<div class=\"elementor-spacer-inner\"><\/div>\n\t\t<\/div>\n\t\t\t\t\t\t<\/div>\n\t\t\t\t<\/div>\n\t\t\t\t<div class=\"elementor-element elementor-element-ec0382d elementor-widget elementor-widget-heading\" data-id=\"ec0382d\" data-element_type=\"widget\" data-e-type=\"widget\" data-widget_type=\"heading.default\">\n\t\t\t\t<div class=\"elementor-widget-container\">\n\t\t\t\t\t<h2 class=\"elementor-heading-title elementor-size-default\">D\u00e9roulement de la mission<\/h2>\t\t\t\t<\/div>\n\t\t\t\t<\/div>\n\t\t\t\t<div class=\"elementor-element elementor-element-06ad31f elementor-widget elementor-widget-text-editor\" data-id=\"06ad31f\" data-element_type=\"widget\" data-e-type=\"widget\" data-widget_type=\"text-editor.default\">\n\t\t\t\t<div class=\"elementor-widget-container\">\n\t\t\t\t\t\t\t\t\t<p>La progression\u00a0<em>Semper Fidelis<\/em>\u00a0d\u00e9but d\u00e8s le d\u00e9but d\u2019ann\u00e9e (et pas seulement \u00e0 partir de janvier). Ta cheftaine peut signer sur le dossier (cadres verts) au fur et \u00e0 mesure que tu remplis les \u00e9preuves.<\/p><p>Quand tous les objectifs sont atteints (Mission Alta\u00efr en patrouille, crit\u00e8res de base et d\u00e9fis\u00a0<em>Semper Fidelis<\/em>), la Cour d\u2019Honneur se r\u00e9unit afin de donner son avis final et faire signer officiellement tous les membres.<\/p><p>Ta cheftaine vous remettra officiellement les insignes de la Mission Alta\u00efr et tu pourras prendre l\u2019engagement\u00a0<em>Semper Fidelis<\/em>\u00a0lors d\u2019un rassemblement.<\/p><p>\u00a0<\/p><p>DATE LIMITE POUR TERMINER LA PROGRESSION :\u00a0<strong>fin du camp d\u2019\u00e9t\u00e9.<\/strong><\/p>\t\t\t\t\t\t\t\t<\/div>\n\t\t\t\t<\/div>\n\t\t\t\t\t<\/div>\n\t\t<\/div>\n\t\t\t\t\t<\/div>\n\t\t<\/section>\n\t\t\t\t<section class=\"elementor-section elementor-top-section elementor-element elementor-element-9fa6866 elementor-section-boxed elementor-section-height-default elementor-section-height-default\" data-id=\"9fa6866\" data-element_type=\"section\" data-e-type=\"section\">\n\t\t\t\t\t\t<div class=\"elementor-container elementor-column-gap-default\">\n\t\t\t\t\t<div class=\"elementor-column elementor-col-100 elementor-top-column elementor-element elementor-element-f582f18\" data-id=\"f582f18\" data-element_type=\"column\" data-e-type=\"column\" data-settings=\"{&quot;background_background&quot;:&quot;classic&quot;}\">\n\t\t\t<div class=\"elementor-widget-wrap elementor-element-populated\">\n\t\t\t\t\t\t<div class=\"elementor-element elementor-element-2e2d724 elementor-widget elementor-widget-spacer\" data-id=\"2e2d724\" data-element_type=\"widget\" data-e-type=\"widget\" data-widget_type=\"spacer.default\">\n\t\t\t\t<div class=\"elementor-widget-container\">\n\t\t\t\t\t\t\t<div class=\"elementor-spacer\">\n\t\t\t<div class=\"elementor-spacer-inner\"><\/div>\n\t\t<\/div>\n\t\t\t\t\t\t<\/div>\n\t\t\t\t<\/div>\n\t\t\t\t<div class=\"elementor-element elementor-element-4a56a24 elementor-widget elementor-widget-heading\" data-id=\"4a56a24\" data-element_type=\"widget\" data-e-type=\"widget\" data-widget_type=\"heading.default\">\n\t\t\t\t<div class=\"elementor-widget-container\">\n\t\t\t\t\t<h2 class=\"elementor-heading-title elementor-size-default\">Enregistrer ta patrouille Alta\u00efr et ton engagement Semper Fidelis<\/h2>\t\t\t\t<\/div>\n\t\t\t\t<\/div>\n\t\t\t\t<div class=\"elementor-element elementor-element-8a960c6 elementor-widget elementor-widget-text-editor\" data-id=\"8a960c6\" data-element_type=\"widget\" data-e-type=\"widget\" data-widget_type=\"text-editor.default\">\n\t\t\t\t<div class=\"elementor-widget-container\">\n\t\t\t\t\t\t\t\t\t<p><em>\u00ab\u00a0La guide ne fait rien \u00e0 moiti\u00e9\u00a0\u00bb<\/em>, n\u2019oublie pas de terminer\u00a0:<\/p><ol><li>Vous \u00e9crivez le rapport de la Mission Alta\u00efr en patrouille et tu \u00e9cris s\u00e9par\u00e9ment le r\u00e9cit de ton aventure\u00a0<em>Semper Fidelis<\/em><\/li><li>Tu envoies\u00a0:<\/li><\/ol><ul><li>\u00e0\u00a0<a href=\"mailto:mission-altair@scouts-europe.org\">mission-altair@scouts-europe.org<\/a>:\u00a0<strong>le rapport<\/strong>\u00a0de la Mission Alta\u00efr +\u00a0<strong>la derni\u00e8re page du dossier<\/strong>\u00a0de Mission Alta\u00efr +\u00a0<strong>les photos<\/strong>\u00a0(photos au format jpg ou jpeg)<\/li><li>\u00e0\u00a0<a href=\"mailto:semperfidelis@scouts-europe.org\">semperfidelis@scouts-europe.org<\/a><strong>: le r\u00e9cit de ton aventure\u00a0<\/strong><em>Semper Fidelis<\/em>\u00a0+\u00a0<strong>la derni\u00e8re page du dossier<\/strong>\u00a0de\u00a0<em>Semper Fidelis<\/em>\u00a0+\u00a0<strong>des photos<\/strong>\u00a0(photos au format jpg ou jpeg)<\/li><\/ul><p>Ta patrouille et toi \u00eates alors officiellement enregistr\u00e9es aupr\u00e8s de l\u2019\u00e9quipe nationale\u00a0; les r\u00e9cits de votre Mission Alta\u00efr ainsi que de ton aventure\u00a0<em>Semper Fidelis<\/em>\u00a0pourront \u00eatre publi\u00e9s sur le site.<\/p><p>DATE LIMITE pour envoyer le rapport:\u00a0<strong>31 ao\u00fbt.<\/strong><\/p>\t\t\t\t\t\t\t\t<\/div>\n\t\t\t\t<\/div>\n\t\t\t\t\t<\/div>\n\t\t<\/div>\n\t\t\t\t\t<\/div>\n\t\t<\/section>\n\t\t\t\t<\/div>\n\t\t","protected":false},"excerpt":{"rendered":"<p>Voici les modalit\u00e9s et d\u00e9lais \u00e0 respecter pour pouvoir t\u2019inscrire \u00e0 la progression Semper Fidelis : Remplir un dossier d\u2019inscription Parle \u00e0 ta cheftaine de compagnie de ton souhait de te lancer dans la progression\u00a0Semper Fidelis. Remplis ce\u00a0formulaire de pr\u00e9-inscription. DATE LIMITE POUR LA PRE-INSCRIPTION :\u00a015 octobre. La cheftaine responsable Semper Fidelis t\u2019envoie alors ton [&hellip;]<\/p>\n","protected":false},"author":4,"featured_media":1707,"parent":1305,"menu_order":0,"comment_status":"closed","ping_status":"closed","template":"","meta":{"_seopress_robots_primary_cat":"","_seopress_titles_title":"","_seopress_titles_desc":"","_seopress_robots_index":"","site-sidebar-layout":"no-sidebar","site-content-layout":"page-builder","ast-site-content-layout":"full-width-container","site-content-style":"default","site-sidebar-style":"default","ast-global-header-display":"","ast-banner-title-visibility":"","ast-main-header-display":"","ast-hfb-above-header-display":"","ast-hfb-below-header-display":"","ast-hfb-mobile-header-display":"","site-post-title":"disabled","ast-breadcrumbs-content":"","ast-featured-img":"disabled","footer-sml-layout":"","theme-transparent-header-meta":"","adv-header-id-meta":"","stick-header-meta":"","header-above-stick-meta":"","header-main-stick-meta":"","header-below-stick-meta":"","astra-migrate-meta-layouts":"set","ast-page-background-enabled":"default","ast-page-background-meta":{"desktop":{"background-color":"var(--ast-global-color-4)","background-image":"","background-repeat":"repeat","background-position":"center center","background-size":"auto","background-attachment":"scroll","background-type":"","background-media":"","overlay-type":"","overlay-color":"","overlay-opacity":"","overlay-gradient":""},"tablet":{"background-color":"","background-image":"","background-repeat":"repeat","background-position":"center center","background-size":"auto","background-attachment":"scroll","background-type":"","background-media":"","overlay-type":"","overlay-color":"","overlay-opacity":"","overlay-gradient":""},"mobile":{"background-color":"","background-image":"","background-repeat":"repeat","background-position":"center center","background-size":"auto","background-attachment":"scroll","background-type":"","background-media":"","overlay-type":"","overlay-color":"","overlay-opacity":"","overlay-gradient":""}},"ast-content-background-meta":{"desktop":{"background-color":"var(--ast-global-color-5)","background-image":"","background-repeat":"repeat","background-position":"center center","background-size":"auto","background-attachment":"scroll","background-type":"","background-media":"","overlay-type":"","overlay-color":"","overlay-opacity":"","overlay-gradient":""},"tablet":{"background-color":"var(--ast-global-color-5)","background-image":"","background-repeat":"repeat","background-position":"center center","background-size":"auto","background-attachment":"scroll","background-type":"","background-media":"","overlay-type":"","overlay-color":"","overlay-opacity":"","overlay-gradient":""},"mobile":{"background-color":"var(--ast-global-color-5)","background-image":"","background-repeat":"repeat","background-position":"center center","background-size":"auto","background-attachment":"scroll","background-type":"","background-media":"","overlay-type":"","overlay-color":"","overlay-opacity":"","overlay-gradient":""}},"footnotes":""},"class_list":["post-1517","page","type-page","status-publish","has-post-thumbnail","hentry"],"_links":{"self":[{"href":"https:\/\/www.scouts-europe.org\/eclaireuses\/wp-json\/wp\/v2\/pages\/1517","targetHints":{"allow":["GET"]}}],"collection":[{"href":"https:\/\/www.scouts-europe.org\/eclaireuses\/wp-json\/wp\/v2\/pages"}],"about":[{"href":"https:\/\/www.scouts-europe.org\/eclaireuses\/wp-json\/wp\/v2\/types\/page"}],"author":[{"embeddable":true,"href":"https:\/\/www.scouts-europe.org\/eclaireuses\/wp-json\/wp\/v2\/users\/4"}],"replies":[{"embeddable":true,"href":"https:\/\/www.scouts-europe.org\/eclaireuses\/wp-json\/wp\/v2\/comments?post=1517"}],"version-history":[{"count":13,"href":"https:\/\/www.scouts-europe.org\/eclaireuses\/wp-json\/wp\/v2\/pages\/1517\/revisions"}],"predecessor-version":[{"id":3776,"href":"https:\/\/www.scouts-europe.org\/eclaireuses\/wp-json\/wp\/v2\/pages\/1517\/revisions\/3776"}],"up":[{"embeddable":true,"href":"https:\/\/www.scouts-europe.org\/eclaireuses\/wp-json\/wp\/v2\/pages\/1305"}],"wp:featuredmedia":[{"embeddable":true,"href":"https:\/\/www.scouts-europe.org\/eclaireuses\/wp-json\/wp\/v2\/media\/1707"}],"wp:attachment":[{"href":"https:\/\/www.scouts-europe.org\/eclaireuses\/wp-json\/wp\/v2\/media?parent=1517"}],"curies":[{"name":"wp","href":"https:\/\/api.w.org\/{rel}","templated":true}]}}