{"id":1549,"date":"2025-01-21T12:11:29","date_gmt":"2025-01-21T11:11:29","guid":{"rendered":"https:\/\/www.scouts-europe.org\/eclaireuses\/?page_id=1549"},"modified":"2026-02-18T11:00:31","modified_gmt":"2026-02-18T10:00:31","slug":"specialite-nautique","status":"publish","type":"page","link":"https:\/\/www.scouts-europe.org\/eclaireuses\/les-specialites\/specialite-nautique\/","title":{"rendered":"Sp\u00e9cialit\u00e9 nautique"},"content":{"rendered":"\t\t<div data-elementor-type=\"wp-page\" data-elementor-id=\"1549\" class=\"elementor elementor-1549\">\n\t\t\t\t\t\t<section class=\"elementor-section elementor-top-section elementor-element elementor-element-0521082 elementor-section-boxed elementor-section-height-default elementor-section-height-default\" data-id=\"0521082\" data-element_type=\"section\" data-e-type=\"section\">\n\t\t\t\t\t\t<div class=\"elementor-container elementor-column-gap-default\">\n\t\t\t\t\t<div class=\"elementor-column elementor-col-100 elementor-top-column elementor-element elementor-element-b98ac5b\" data-id=\"b98ac5b\" data-element_type=\"column\" data-e-type=\"column\" data-settings=\"{&quot;background_background&quot;:&quot;classic&quot;}\">\n\t\t\t<div class=\"elementor-widget-wrap elementor-element-populated\">\n\t\t\t\t\t\t<div class=\"elementor-element elementor-element-da663e8 elementor-widget elementor-widget-spacer\" data-id=\"da663e8\" data-element_type=\"widget\" data-e-type=\"widget\" data-widget_type=\"spacer.default\">\n\t\t\t\t<div class=\"elementor-widget-container\">\n\t\t\t\t\t\t\t<div class=\"elementor-spacer\">\n\t\t\t<div class=\"elementor-spacer-inner\"><\/div>\n\t\t<\/div>\n\t\t\t\t\t\t<\/div>\n\t\t\t\t<\/div>\n\t\t\t\t<div class=\"elementor-element elementor-element-f55ca50 elementor-widget elementor-widget-text-editor\" data-id=\"f55ca50\" data-element_type=\"widget\" data-e-type=\"widget\" data-widget_type=\"text-editor.default\">\n\t\t\t\t<div class=\"elementor-widget-container\">\n\t\t\t\t\t\t\t\t\t<p>Ta compagnie vit au bord de l&rsquo;eau ou pr\u00e8s d&rsquo;un milieu nautique (rivi\u00e8re, fleuve, lac, &#8230;) ? Viens donc d\u00e9couvrir la sp\u00e9cialisation nautique !<\/p>\t\t\t\t\t\t\t\t<\/div>\n\t\t\t\t<\/div>\n\t\t\t\t<div class=\"elementor-element elementor-element-5673745 elementor-widget elementor-widget-heading\" data-id=\"5673745\" data-element_type=\"widget\" data-e-type=\"widget\" data-widget_type=\"heading.default\">\n\t\t\t\t<div class=\"elementor-widget-container\">\n\t\t\t\t\t<h2 class=\"elementor-heading-title elementor-size-default\">Qu'est ce qu'une compagnie nautique ?<\/h2>\t\t\t\t<\/div>\n\t\t\t\t<\/div>\n\t\t\t\t<section class=\"elementor-section elementor-inner-section elementor-element elementor-element-b719b99 elementor-section-boxed elementor-section-height-default elementor-section-height-default\" data-id=\"b719b99\" data-element_type=\"section\" data-e-type=\"section\">\n\t\t\t\t\t\t<div class=\"elementor-container elementor-column-gap-default\">\n\t\t\t\t\t<div class=\"elementor-column elementor-col-50 elementor-inner-column elementor-element elementor-element-ba06027\" data-id=\"ba06027\" data-element_type=\"column\" data-e-type=\"column\">\n\t\t\t<div class=\"elementor-widget-wrap elementor-element-populated\">\n\t\t\t\t\t\t<div class=\"elementor-element elementor-element-1b682fe elementor-widget elementor-widget-image\" data-id=\"1b682fe\" data-element_type=\"widget\" data-e-type=\"widget\" data-widget_type=\"image.default\">\n\t\t\t\t<div class=\"elementor-widget-container\">\n\t\t\t\t\t\t\t\t\t\t\t\t\t\t\t<img fetchpriority=\"high\" decoding=\"async\" width=\"482\" height=\"858\" src=\"https:\/\/www.scouts-europe.org\/eclaireuses\/wp-content\/uploads\/sites\/105\/2026\/02\/Cie-Nautique-Canoe.png\" class=\"attachment-medium_large size-medium_large wp-image-3881\" alt=\"cie nautique canoe\" srcset=\"https:\/\/www.scouts-europe.org\/eclaireuses\/wp-content\/uploads\/sites\/105\/2026\/02\/Cie-Nautique-Canoe.png 482w, https:\/\/www.scouts-europe.org\/eclaireuses\/wp-content\/uploads\/sites\/105\/2026\/02\/Cie-Nautique-Canoe-169x300.png 169w\" sizes=\"(max-width: 482px) 100vw, 482px\" \/>\t\t\t\t\t\t\t\t\t\t\t\t\t\t\t<\/div>\n\t\t\t\t<\/div>\n\t\t\t\t\t<\/div>\n\t\t<\/div>\n\t\t\t\t<div class=\"elementor-column elementor-col-50 elementor-inner-column elementor-element elementor-element-284a139\" data-id=\"284a139\" data-element_type=\"column\" data-e-type=\"column\">\n\t\t\t<div class=\"elementor-widget-wrap elementor-element-populated\">\n\t\t\t\t\t\t<div class=\"elementor-element elementor-element-d572ae7 elementor-widget elementor-widget-text-editor\" data-id=\"d572ae7\" data-element_type=\"widget\" data-e-type=\"widget\" data-widget_type=\"text-editor.default\">\n\t\t\t\t<div class=\"elementor-widget-container\">\n\t\t\t\t\t\t\t\t\t<p>Une compagnie nautique est une compagnie qui est implant\u00e9e \u00e0 proximit\u00e9 d&rsquo;un milieu aquatique (rivi\u00e8re, fleuve, lac, &#8230;) et qui choisit de vivre un scoutisme ancr\u00e9 dans son environnement naturel. Les guides vont donc pouvoir s&rsquo;appuyer sur les sp\u00e9cificit\u00e9s de leur cadre naturel pour avancer dans leur progression.<\/p><div>\u00a0<\/div><p dir=\"auto\">Loin de limiter la p\u00e9dagogie, la sp\u00e9cialisation vient la compl\u00e9ter.\u00a0Elle offre aux guides la possibilit\u00e9 de d\u00e9velopper leurs techniques \u00e0 travers des activit\u00e9s vari\u00e9es :\u00a0<\/p><ul><li dir=\"auto\">nettoyage de rivi\u00e8res (nature)<\/li><li dir=\"auto\">olympiades nautiques (sport)<\/li><li dir=\"auto\">construction\u00a0d&rsquo;un pont (froissartage)<\/li><li dir=\"auto\">froissartage pour construire un radeau, autel flottant<\/li><li dir=\"auto\">aff\u00fbt de la faune\/flore (nature)<\/li><li dir=\"auto\">descente en radeaucats (rivi\u00e8re et fleuve)<\/li><li dir=\"auto\">apprentissage des noeuds (matelotage)<\/li><li dir=\"auto\">d\u00e9couverte de la faune\/flore locale avec une association<\/li><li dir=\"auto\">fabrication de pagaies<\/li><li dir=\"auto\">pr\u00e9paration d&rsquo;un itin\u00e9raire nautique (exploration)<\/li><li dir=\"auto\">apprentissage de nouvelles recettes (cuisine)<\/li><li dir=\"auto\">d\u00e9couverte de chants nautiques (expression)<\/li><\/ul>\t\t\t\t\t\t\t\t<\/div>\n\t\t\t\t<\/div>\n\t\t\t\t\t<\/div>\n\t\t<\/div>\n\t\t\t\t\t<\/div>\n\t\t<\/section>\n\t\t\t\t\t<\/div>\n\t\t<\/div>\n\t\t\t\t\t<\/div>\n\t\t<\/section>\n\t\t\t\t<section class=\"elementor-section elementor-top-section elementor-element elementor-element-3c96a7c elementor-section-boxed elementor-section-height-default elementor-section-height-default\" data-id=\"3c96a7c\" data-element_type=\"section\" data-e-type=\"section\">\n\t\t\t\t\t\t<div class=\"elementor-container elementor-column-gap-default\">\n\t\t\t\t\t<div class=\"elementor-column elementor-col-100 elementor-top-column elementor-element elementor-element-4b1bdaf\" data-id=\"4b1bdaf\" data-element_type=\"column\" data-e-type=\"column\" data-settings=\"{&quot;background_background&quot;:&quot;classic&quot;}\">\n\t\t\t<div class=\"elementor-widget-wrap elementor-element-populated\">\n\t\t\t\t\t\t<div class=\"elementor-element elementor-element-30e7ee8 elementor-widget elementor-widget-spacer\" data-id=\"30e7ee8\" data-element_type=\"widget\" data-e-type=\"widget\" data-widget_type=\"spacer.default\">\n\t\t\t\t<div class=\"elementor-widget-container\">\n\t\t\t\t\t\t\t<div class=\"elementor-spacer\">\n\t\t\t<div class=\"elementor-spacer-inner\"><\/div>\n\t\t<\/div>\n\t\t\t\t\t\t<\/div>\n\t\t\t\t<\/div>\n\t\t\t\t<div class=\"elementor-element elementor-element-88f8520 elementor-widget elementor-widget-spacer\" data-id=\"88f8520\" data-element_type=\"widget\" data-e-type=\"widget\" data-widget_type=\"spacer.default\">\n\t\t\t\t<div class=\"elementor-widget-container\">\n\t\t\t\t\t\t\t<div class=\"elementor-spacer\">\n\t\t\t<div class=\"elementor-spacer-inner\"><\/div>\n\t\t<\/div>\n\t\t\t\t\t\t<\/div>\n\t\t\t\t<\/div>\n\t\t\t\t<div class=\"elementor-element elementor-element-85cfc7e elementor-widget elementor-widget-heading\" data-id=\"85cfc7e\" data-element_type=\"widget\" data-e-type=\"widget\" data-widget_type=\"heading.default\">\n\t\t\t\t<div class=\"elementor-widget-container\">\n\t\t\t\t\t<h2 class=\"elementor-heading-title elementor-size-default\">Comment se d\u00e9roule une ann\u00e9e pour une compagnie nautique ?<\/h2>\t\t\t\t<\/div>\n\t\t\t\t<\/div>\n\t\t\t\t<section class=\"elementor-section elementor-inner-section elementor-element elementor-element-2eb9ce2 elementor-section-boxed elementor-section-height-default elementor-section-height-default\" data-id=\"2eb9ce2\" data-element_type=\"section\" data-e-type=\"section\">\n\t\t\t\t\t\t<div class=\"elementor-container elementor-column-gap-default\">\n\t\t\t\t\t<div class=\"elementor-column elementor-col-50 elementor-inner-column elementor-element elementor-element-59bcd4e\" data-id=\"59bcd4e\" data-element_type=\"column\" data-e-type=\"column\">\n\t\t\t<div class=\"elementor-widget-wrap elementor-element-populated\">\n\t\t\t\t\t\t<div class=\"elementor-element elementor-element-01769b2 elementor-widget elementor-widget-text-editor\" data-id=\"01769b2\" data-element_type=\"widget\" data-e-type=\"widget\" data-widget_type=\"text-editor.default\">\n\t\t\t\t<div class=\"elementor-widget-container\">\n\t\t\t\t\t\t\t\t\t<p>Comme toute compagnie, une compagnie nautique construit son ann\u00e9e autour des objectifs d\u00e9cid\u00e9s en CDH. Ceux-ci sont d\u00e9clin\u00e9s au fil des cycles, en \u00e9tant adapt\u00e9s \u00e0 la\u00a0sp\u00e9cificit\u00e9 nautique de l&rsquo;unit\u00e9. Par exemple, si l&rsquo;objectif porte sur la cuisine, la compagnie pourrait mettre l&rsquo;accent sur l&rsquo;apprentissage de recettes qui touchent au monde nautique; si c&rsquo;est l&rsquo;expression, elle pourrait \u00e9crire une veill\u00e9e pour raconter l&rsquo;histoire d&rsquo;un peuple nautique ; etc&#8230;\u00a0<\/p><p>Concr\u00e8tement, une compagnie nautique organise au minimum six activit\u00e9s au cours de l&rsquo;ann\u00e9e en lien avec le milieu nautique (voir la liste non exhaustive d&rsquo;activit\u00e9s cit\u00e9es plus haut). Tout cela permet de pr\u00e9parer le camp au cours duquel au moins une activit\u00e9 nautique majeure est organis\u00e9e.<\/p><p>Tout au long de l&rsquo;ann\u00e9e, la progression est exigeante : en plus de la progression guide, les guides doivent valider\u00a0un badge sp\u00e9cifique chaque ann\u00e9e pour leur progression technique nautique. Cela leur permet de d\u00e9velopper leurs comp\u00e9tences pour cette sp\u00e9cialisation et de les transmettre aux plus jeunes pour vivre ensemble de belles aventures !<\/p>\t\t\t\t\t\t\t\t<\/div>\n\t\t\t\t<\/div>\n\t\t\t\t\t<\/div>\n\t\t<\/div>\n\t\t\t\t<div class=\"elementor-column elementor-col-50 elementor-inner-column elementor-element elementor-element-2efdf8a\" data-id=\"2efdf8a\" data-element_type=\"column\" data-e-type=\"column\">\n\t\t\t<div class=\"elementor-widget-wrap elementor-element-populated\">\n\t\t\t\t\t\t<div class=\"elementor-element elementor-element-808d899 elementor-widget elementor-widget-image\" data-id=\"808d899\" data-element_type=\"widget\" data-e-type=\"widget\" data-widget_type=\"image.default\">\n\t\t\t\t<div class=\"elementor-widget-container\">\n\t\t\t\t\t\t\t\t\t\t\t\t\t\t\t<img decoding=\"async\" width=\"1024\" height=\"769\" src=\"https:\/\/www.scouts-europe.org\/eclaireuses\/wp-content\/uploads\/sites\/105\/2026\/02\/Cie-Nautique-paysage-1024x769.png\" class=\"attachment-large size-large wp-image-3883\" alt=\"cie nautique paysage\" srcset=\"https:\/\/www.scouts-europe.org\/eclaireuses\/wp-content\/uploads\/sites\/105\/2026\/02\/Cie-Nautique-paysage-1024x769.png 1024w, https:\/\/www.scouts-europe.org\/eclaireuses\/wp-content\/uploads\/sites\/105\/2026\/02\/Cie-Nautique-paysage-300x225.png 300w, https:\/\/www.scouts-europe.org\/eclaireuses\/wp-content\/uploads\/sites\/105\/2026\/02\/Cie-Nautique-paysage-768x577.png 768w, https:\/\/www.scouts-europe.org\/eclaireuses\/wp-content\/uploads\/sites\/105\/2026\/02\/Cie-Nautique-paysage.png 1126w\" sizes=\"(max-width: 1024px) 100vw, 1024px\" \/>\t\t\t\t\t\t\t\t\t\t\t\t\t\t\t<\/div>\n\t\t\t\t<\/div>\n\t\t\t\t\t<\/div>\n\t\t<\/div>\n\t\t\t\t\t<\/div>\n\t\t<\/section>\n\t\t\t\t\t<\/div>\n\t\t<\/div>\n\t\t\t\t\t<\/div>\n\t\t<\/section>\n\t\t\t\t<section class=\"elementor-section elementor-top-section elementor-element elementor-element-9852fbb elementor-section-boxed elementor-section-height-default elementor-section-height-default\" data-id=\"9852fbb\" data-element_type=\"section\" data-e-type=\"section\">\n\t\t\t\t\t\t<div class=\"elementor-container elementor-column-gap-default\">\n\t\t\t\t\t<div class=\"elementor-column elementor-col-100 elementor-top-column elementor-element elementor-element-a58cdd6\" data-id=\"a58cdd6\" data-element_type=\"column\" data-e-type=\"column\" data-settings=\"{&quot;background_background&quot;:&quot;classic&quot;}\">\n\t\t\t<div class=\"elementor-widget-wrap elementor-element-populated\">\n\t\t\t\t\t\t<div class=\"elementor-element elementor-element-ea94b48 elementor-widget elementor-widget-spacer\" data-id=\"ea94b48\" data-element_type=\"widget\" data-e-type=\"widget\" data-widget_type=\"spacer.default\">\n\t\t\t\t<div class=\"elementor-widget-container\">\n\t\t\t\t\t\t\t<div class=\"elementor-spacer\">\n\t\t\t<div class=\"elementor-spacer-inner\"><\/div>\n\t\t<\/div>\n\t\t\t\t\t\t<\/div>\n\t\t\t\t<\/div>\n\t\t\t\t<div class=\"elementor-element elementor-element-6ff5de0 elementor-widget elementor-widget-spacer\" data-id=\"6ff5de0\" data-element_type=\"widget\" data-e-type=\"widget\" data-widget_type=\"spacer.default\">\n\t\t\t\t<div class=\"elementor-widget-container\">\n\t\t\t\t\t\t\t<div class=\"elementor-spacer\">\n\t\t\t<div class=\"elementor-spacer-inner\"><\/div>\n\t\t<\/div>\n\t\t\t\t\t\t<\/div>\n\t\t\t\t<\/div>\n\t\t\t\t<div class=\"elementor-element elementor-element-3c1936e elementor-widget elementor-widget-heading\" data-id=\"3c1936e\" data-element_type=\"widget\" data-e-type=\"widget\" data-widget_type=\"heading.default\">\n\t\t\t\t<div class=\"elementor-widget-container\">\n\t\t\t\t\t<h2 class=\"elementor-heading-title elementor-size-default\">Comment devenir Cie nautique ? (\u00e9tapes, formation)<\/h2>\t\t\t\t<\/div>\n\t\t\t\t<\/div>\n\t\t\t\t<div class=\"elementor-element elementor-element-419297d elementor-widget elementor-widget-text-editor\" data-id=\"419297d\" data-element_type=\"widget\" data-e-type=\"widget\" data-widget_type=\"text-editor.default\">\n\t\t\t\t<div class=\"elementor-widget-container\">\n\t\t\t\t\t\t\t\t\t<div><p>La sp\u00e9cialisation se d\u00e9roule en 5 \u00e9tapes:<\/p><p><strong>Prise de contact (en amont)<\/strong><\/p><p>Avant de se lancer dans le processus de sp\u00e9cialisation, la cheftaine de compagnie en discute avec son <b>ACDE <\/b>et sa <b>CG\u00a0<\/b>et prend contact avec l\u2019<b>ACNE<\/b>. Cela lui permet de lui poser d\u2019\u00e9ventuelles questions et surtout de <b>prendre connaissance des crit\u00e8res<\/b> pour devenir compagnie nautique.\u00a0 En parall\u00e8le, les <b>CP discutent du projet avec leurs patrouilles<\/b>.<\/p><p><strong>Prise de d\u00e9cision (CDH)<\/strong><\/p><p>C\u2019est au cours de la <b>CDH <\/b>que la d\u00e9cision est prise de se lancer dans l\u2019Aventure nautique\u00a0! Il faut bien prendre conscience que cette Aventure est belle, formatrice et <b>exigeante<\/b>. Elle demande un r\u00e9el engagement de la part de la ma\u00eetrise, des HP et des guides. Elles doivent se former aussi bien sur les techniques classiques que sur celles nautiques.<\/p><p>La Ccie s&rsquo;engage pour au moins deux ans (ou une assistante pr\u00e9sente toute l&rsquo;ann\u00e9e s&rsquo;engage \u00e0 prendre le relais si la cheftaine ne peut rester deux ans).<\/p><p><strong>Lettre de candidature (CDH)<\/strong><\/p><p>Une fois la d\u00e9cision prise, la <b>CDH <\/b>\u00e9crit une lettre de candidature \u00e0 l\u2019<b>ACNE<\/b><b> <\/b>(avec l\u2019<b>ACDE<\/b><b> et la CG en copie<\/b>). Cette lettre permet \u00e0 l&rsquo;ACNE de conna\u00eetre l&rsquo;unit\u00e9,\u00a0son histoire, sa composition,\u00a0ses motivations, ses forces, ses points d&rsquo;am\u00e9lioration, ses projets d\u00e9j\u00e0 men\u00e9s, &#8230; .\u00a0L&rsquo;ACNE\u00a0valide ensuite avec la Ccie une dur\u00e9e de sp\u00e9cialisation (entre 1 et 2 ans en fonction du niveau de base de la compagnie).<\/p><p>La compagnie se lance alors dans le postulat nautique ! La cheftaine de compagnie\u00a0 re\u00e7oit un document de suivi \u00e0 remplir pour qu&rsquo;elle et l&rsquo;ACNE puisse\u00a0suivre ensemble l\u2019\u00e9volution p\u00e9dagogique et technique de l&rsquo;unit\u00e9.\u00a0<\/p><p><strong>Accompagnement vers la sp\u00e9cialisation<\/strong>\u00a0<\/p><p>A la fin du postulat, la compagnie doit atteindre un niveau de base\u00a0:<br \/>&#8211; toute la compagnie doit poss\u00e9der son badge TOUTIER\u00a0(niveau aspirant)<br \/>&#8211; deux guides par patrouille un badge nautique de 2nd classe<br \/>&#8211; 1 guide par patrouille a un badge nautique de 1e classe<\/p><p>De plus, les guides ont pu organiser 6 activit\u00e9s nautiques pendant l&rsquo;ann\u00e9e et une activit\u00e9 nautique majeure pendant le camp.\u00a0<\/p><p><strong>Reconnaissance de la sp\u00e9cialisation<\/strong><\/p><p>Une fois le postulat valid\u00e9, la compagnie est reconnue nautique apr\u00e8s avis de la Batellerie, de\u00a0l\u2019ACNE et de la territoriale.\u00a0<\/p><\/div>\t\t\t\t\t\t\t\t<\/div>\n\t\t\t\t<\/div>\n\t\t\t\t<div class=\"elementor-element elementor-element-3470a7e elementor-widget elementor-widget-image\" data-id=\"3470a7e\" data-element_type=\"widget\" data-e-type=\"widget\" data-widget_type=\"image.default\">\n\t\t\t\t<div class=\"elementor-widget-container\">\n\t\t\t\t\t\t\t\t\t\t\t\t\t\t\t<img decoding=\"async\" width=\"768\" height=\"432\" src=\"https:\/\/www.scouts-europe.org\/eclaireuses\/wp-content\/uploads\/sites\/105\/2026\/02\/Cie-Nautique-oiseaux-768x432.png\" class=\"attachment-medium_large size-medium_large wp-image-3882\" alt=\"cie nautique oiseaux\" srcset=\"https:\/\/www.scouts-europe.org\/eclaireuses\/wp-content\/uploads\/sites\/105\/2026\/02\/Cie-Nautique-oiseaux-768x432.png 768w, https:\/\/www.scouts-europe.org\/eclaireuses\/wp-content\/uploads\/sites\/105\/2026\/02\/Cie-Nautique-oiseaux-300x169.png 300w, https:\/\/www.scouts-europe.org\/eclaireuses\/wp-content\/uploads\/sites\/105\/2026\/02\/Cie-Nautique-oiseaux-1024x576.png 1024w, https:\/\/www.scouts-europe.org\/eclaireuses\/wp-content\/uploads\/sites\/105\/2026\/02\/Cie-Nautique-oiseaux.png 1450w\" sizes=\"(max-width: 768px) 100vw, 768px\" \/>\t\t\t\t\t\t\t\t\t\t\t\t\t\t\t<\/div>\n\t\t\t\t<\/div>\n\t\t\t\t\t<\/div>\n\t\t<\/div>\n\t\t\t\t\t<\/div>\n\t\t<\/section>\n\t\t\t\t<section class=\"elementor-section elementor-top-section elementor-element elementor-element-66f7b64 elementor-section-boxed elementor-section-height-default elementor-section-height-default\" data-id=\"66f7b64\" data-element_type=\"section\" data-e-type=\"section\">\n\t\t\t\t\t\t<div class=\"elementor-container elementor-column-gap-default\">\n\t\t\t\t\t<div class=\"elementor-column elementor-col-100 elementor-top-column elementor-element elementor-element-d2e8fe3\" data-id=\"d2e8fe3\" data-element_type=\"column\" data-e-type=\"column\" data-settings=\"{&quot;background_background&quot;:&quot;classic&quot;}\">\n\t\t\t<div class=\"elementor-widget-wrap elementor-element-populated\">\n\t\t\t\t\t\t<div class=\"elementor-element elementor-element-c198718 elementor-widget elementor-widget-spacer\" data-id=\"c198718\" data-element_type=\"widget\" data-e-type=\"widget\" data-widget_type=\"spacer.default\">\n\t\t\t\t<div class=\"elementor-widget-container\">\n\t\t\t\t\t\t\t<div class=\"elementor-spacer\">\n\t\t\t<div class=\"elementor-spacer-inner\"><\/div>\n\t\t<\/div>\n\t\t\t\t\t\t<\/div>\n\t\t\t\t<\/div>\n\t\t\t\t<div class=\"elementor-element elementor-element-30199d0 elementor-widget elementor-widget-heading\" data-id=\"30199d0\" data-element_type=\"widget\" data-e-type=\"widget\" data-widget_type=\"heading.default\">\n\t\t\t\t<div class=\"elementor-widget-container\">\n\t\t\t\t\t<h2 class=\"elementor-heading-title elementor-size-default\">Quelles sont les Cies nautiques  ?<\/h2>\t\t\t\t<\/div>\n\t\t\t\t<\/div>\n\t\t\t\t<div class=\"elementor-element elementor-element-eda4325 elementor-widget elementor-widget-text-editor\" data-id=\"eda4325\" data-element_type=\"widget\" data-e-type=\"widget\" data-widget_type=\"text-editor.default\">\n\t\t\t\t<div class=\"elementor-widget-container\">\n\t\t\t\t\t\t\t\t\t<ul><li data-olk-copy-source=\"MessageBody\"><p>La\u00a0<strong>II\u00e8me Bourges<\/strong>\u00a0est la premi\u00e8re \u00e0 \u00eatre reconnue nautique depuis 2019.<\/p><p>La <strong>VIe Tours<\/strong>\u00a0 et la <strong>IIe Beauvais<\/strong>\u00a0 sont en postulat nautique.<\/p><\/li><\/ul>\t\t\t\t\t\t\t\t<\/div>\n\t\t\t\t<\/div>\n\t\t\t\t<div class=\"elementor-element elementor-element-67d557d elementor-widget elementor-widget-text-editor\" data-id=\"67d557d\" data-element_type=\"widget\" data-e-type=\"widget\" data-widget_type=\"text-editor.default\">\n\t\t\t\t<div class=\"elementor-widget-container\">\n\t\t\t\t\t\t\t\t\t<p><b>Pour toutes questions, vous pouvez contacter l&rsquo;ACNE\u00a0(Agathe) sur\u00a0:<\/b>\u00a0<a href=\"mailto:compagnie-nautique@scouts-europe.org\" target=\"_blank\" rel=\"noopener\">compagnie-nautique@<wbr \/>scouts-europe.org<\/a>.<\/p>\t\t\t\t\t\t\t\t<\/div>\n\t\t\t\t<\/div>\n\t\t\t\t<div class=\"elementor-element elementor-element-0d1e465 elementor-widget elementor-widget-spacer\" data-id=\"0d1e465\" data-element_type=\"widget\" data-e-type=\"widget\" data-widget_type=\"spacer.default\">\n\t\t\t\t<div class=\"elementor-widget-container\">\n\t\t\t\t\t\t\t<div class=\"elementor-spacer\">\n\t\t\t<div class=\"elementor-spacer-inner\"><\/div>\n\t\t<\/div>\n\t\t\t\t\t\t<\/div>\n\t\t\t\t<\/div>\n\t\t\t\t\t<\/div>\n\t\t<\/div>\n\t\t\t\t\t<\/div>\n\t\t<\/section>\n\t\t\t\t<\/div>\n\t\t","protected":false},"excerpt":{"rendered":"<p>Ta compagnie vit au bord de l&rsquo;eau ou pr\u00e8s d&rsquo;un milieu nautique (rivi\u00e8re, fleuve, lac, &#8230;) ? Viens donc d\u00e9couvrir la sp\u00e9cialisation nautique ! Qu&rsquo;est ce qu&rsquo;une compagnie nautique ? Une compagnie nautique est une compagnie qui est implant\u00e9e \u00e0 proximit\u00e9 d&rsquo;un milieu aquatique (rivi\u00e8re, fleuve, lac, &#8230;) et qui choisit de vivre un scoutisme [&hellip;]<\/p>\n","protected":false},"author":4,"featured_media":1711,"parent":2694,"menu_order":0,"comment_status":"closed","ping_status":"closed","template":"","meta":{"_seopress_robots_primary_cat":"","_seopress_titles_title":"","_seopress_titles_desc":"","_seopress_robots_index":"","site-sidebar-layout":"no-sidebar","site-content-layout":"page-builder","ast-site-content-layout":"full-width-container","site-content-style":"default","site-sidebar-style":"default","ast-global-header-display":"","ast-banner-title-visibility":"","ast-main-header-display":"","ast-hfb-above-header-display":"","ast-hfb-below-header-display":"","ast-hfb-mobile-header-display":"","site-post-title":"disabled","ast-breadcrumbs-content":"","ast-featured-img":"disabled","footer-sml-layout":"","theme-transparent-header-meta":"","adv-header-id-meta":"","stick-header-meta":"","header-above-stick-meta":"","header-main-stick-meta":"","header-below-stick-meta":"","astra-migrate-meta-layouts":"set","ast-page-background-enabled":"default","ast-page-background-meta":{"desktop":{"background-color":"var(--ast-global-color-4)","background-image":"","background-repeat":"repeat","background-position":"center center","background-size":"auto","background-attachment":"scroll","background-type":"","background-media":"","overlay-type":"","overlay-color":"","overlay-opacity":"","overlay-gradient":""},"tablet":{"background-color":"","background-image":"","background-repeat":"repeat","background-position":"center center","background-size":"auto","background-attachment":"scroll","background-type":"","background-media":"","overlay-type":"","overlay-color":"","overlay-opacity":"","overlay-gradient":""},"mobile":{"background-color":"","background-image":"","background-repeat":"repeat","background-position":"center center","background-size":"auto","background-attachment":"scroll","background-type":"","background-media":"","overlay-type":"","overlay-color":"","overlay-opacity":"","overlay-gradient":""}},"ast-content-background-meta":{"desktop":{"background-color":"var(--ast-global-color-5)","background-image":"","background-repeat":"repeat","background-position":"center center","background-size":"auto","background-attachment":"scroll","background-type":"","background-media":"","overlay-type":"","overlay-color":"","overlay-opacity":"","overlay-gradient":""},"tablet":{"background-color":"var(--ast-global-color-5)","background-image":"","background-repeat":"repeat","background-position":"center center","background-size":"auto","background-attachment":"scroll","background-type":"","background-media":"","overlay-type":"","overlay-color":"","overlay-opacity":"","overlay-gradient":""},"mobile":{"background-color":"var(--ast-global-color-5)","background-image":"","background-repeat":"repeat","background-position":"center center","background-size":"auto","background-attachment":"scroll","background-type":"","background-media":"","overlay-type":"","overlay-color":"","overlay-opacity":"","overlay-gradient":""}},"footnotes":""},"class_list":["post-1549","page","type-page","status-publish","has-post-thumbnail","hentry"],"_links":{"self":[{"href":"https:\/\/www.scouts-europe.org\/eclaireuses\/wp-json\/wp\/v2\/pages\/1549","targetHints":{"allow":["GET"]}}],"collection":[{"href":"https:\/\/www.scouts-europe.org\/eclaireuses\/wp-json\/wp\/v2\/pages"}],"about":[{"href":"https:\/\/www.scouts-europe.org\/eclaireuses\/wp-json\/wp\/v2\/types\/page"}],"author":[{"embeddable":true,"href":"https:\/\/www.scouts-europe.org\/eclaireuses\/wp-json\/wp\/v2\/users\/4"}],"replies":[{"embeddable":true,"href":"https:\/\/www.scouts-europe.org\/eclaireuses\/wp-json\/wp\/v2\/comments?post=1549"}],"version-history":[{"count":15,"href":"https:\/\/www.scouts-europe.org\/eclaireuses\/wp-json\/wp\/v2\/pages\/1549\/revisions"}],"predecessor-version":[{"id":3886,"href":"https:\/\/www.scouts-europe.org\/eclaireuses\/wp-json\/wp\/v2\/pages\/1549\/revisions\/3886"}],"up":[{"embeddable":true,"href":"https:\/\/www.scouts-europe.org\/eclaireuses\/wp-json\/wp\/v2\/pages\/2694"}],"wp:featuredmedia":[{"embeddable":true,"href":"https:\/\/www.scouts-europe.org\/eclaireuses\/wp-json\/wp\/v2\/media\/1711"}],"wp:attachment":[{"href":"https:\/\/www.scouts-europe.org\/eclaireuses\/wp-json\/wp\/v2\/media?parent=1549"}],"curies":[{"name":"wp","href":"https:\/\/api.w.org\/{rel}","templated":true}]}}