{"id":2032,"date":"2025-01-27T15:38:31","date_gmt":"2025-01-27T14:38:31","guid":{"rendered":"https:\/\/www.scouts-europe.org\/eclaireuses\/?page_id=2032"},"modified":"2025-12-22T11:55:29","modified_gmt":"2025-12-22T10:55:29","slug":"comment-sinscrire","status":"publish","type":"page","link":"https:\/\/www.scouts-europe.org\/eclaireuses\/altair\/comment-sinscrire\/","title":{"rendered":"Comment s&rsquo;inscrire ?"},"content":{"rendered":"\t\t<div data-elementor-type=\"wp-page\" data-elementor-id=\"2032\" class=\"elementor elementor-2032\">\n\t\t\t\t\t\t<section class=\"elementor-section elementor-top-section elementor-element elementor-element-d4240e8 elementor-section-boxed elementor-section-height-default elementor-section-height-default\" data-id=\"d4240e8\" data-element_type=\"section\" data-e-type=\"section\">\n\t\t\t\t\t\t<div class=\"elementor-container elementor-column-gap-default\">\n\t\t\t\t\t<div class=\"elementor-column elementor-col-100 elementor-top-column elementor-element elementor-element-580d888\" data-id=\"580d888\" data-element_type=\"column\" data-e-type=\"column\" data-settings=\"{&quot;background_background&quot;:&quot;classic&quot;}\">\n\t\t\t<div class=\"elementor-widget-wrap elementor-element-populated\">\n\t\t\t\t\t\t<div class=\"elementor-element elementor-element-2064cb5 elementor-widget elementor-widget-spacer\" data-id=\"2064cb5\" data-element_type=\"widget\" data-e-type=\"widget\" data-widget_type=\"spacer.default\">\n\t\t\t\t<div class=\"elementor-widget-container\">\n\t\t\t\t\t\t\t<div class=\"elementor-spacer\">\n\t\t\t<div class=\"elementor-spacer-inner\"><\/div>\n\t\t<\/div>\n\t\t\t\t\t\t<\/div>\n\t\t\t\t<\/div>\n\t\t\t\t<div class=\"elementor-element elementor-element-b5321e3 elementor-widget elementor-widget-text-editor\" data-id=\"b5321e3\" data-element_type=\"widget\" data-e-type=\"widget\" data-widget_type=\"text-editor.default\">\n\t\t\t\t<div class=\"elementor-widget-container\">\n\t\t\t\t\t\t\t\t\t<p>Voici les modalit\u00e9s et d\u00e9lais \u00e0 respecter pour pouvoir inscrire ta patrouille :<\/p>\t\t\t\t\t\t\t\t<\/div>\n\t\t\t\t<\/div>\n\t\t\t\t\t<\/div>\n\t\t<\/div>\n\t\t\t\t\t<\/div>\n\t\t<\/section>\n\t\t\t\t<section class=\"elementor-section elementor-top-section elementor-element elementor-element-a16ef0d elementor-section-boxed elementor-section-height-default elementor-section-height-default\" data-id=\"a16ef0d\" data-element_type=\"section\" data-e-type=\"section\">\n\t\t\t\t\t\t<div class=\"elementor-container elementor-column-gap-default\">\n\t\t\t\t\t<div class=\"elementor-column elementor-col-100 elementor-top-column elementor-element elementor-element-9037f90\" data-id=\"9037f90\" data-element_type=\"column\" data-e-type=\"column\" data-settings=\"{&quot;background_background&quot;:&quot;classic&quot;}\">\n\t\t\t<div class=\"elementor-widget-wrap elementor-element-populated\">\n\t\t\t\t\t\t<div class=\"elementor-element elementor-element-3490e8d elementor-widget elementor-widget-heading\" data-id=\"3490e8d\" data-element_type=\"widget\" data-e-type=\"widget\" data-widget_type=\"heading.default\">\n\t\t\t\t<div class=\"elementor-widget-container\">\n\t\t\t\t\t<h2 class=\"elementor-heading-title elementor-size-default\">Comment s'inscrire \u00e0 Mission Alta\u00efr ou Projet Phoenix ? <\/h2>\t\t\t\t<\/div>\n\t\t\t\t<\/div>\n\t\t\t\t<div class=\"elementor-element elementor-element-764eb4e elementor-widget elementor-widget-text-editor\" data-id=\"764eb4e\" data-element_type=\"widget\" data-e-type=\"widget\" data-widget_type=\"text-editor.default\">\n\t\t\t\t<div class=\"elementor-widget-container\">\n\t\t\t\t\t\t\t\t\t<p><span style=\"font-weight: 400\">Lance-toi dans l\u2019aventure en compl\u00e9tant en patrouille la fiche ci dessous :&nbsp;<\/span><\/p>\n<ul>\n<li><span style=\"text-align: start;color: #000000\"><span style=\"font-size: 11pt;font-family: Ubuntu, sans-serif;vertical-align: baseline;white-space: pre-wrap\">Fiche de pr\u00e9paration pour Mission Alta\u00efr: <\/span><\/span><a href=\"https:\/\/sycomore.scouts-europe.org\/Import\/2025724_15282_Fiche%20CP%20-%20Mission%20Alta%c3%afr.pdf\" target=\"_blank\" rel=\"noopener\">vers la fiche de pr\u00e9paration Mission Alta\u00efr<\/a><\/li>\n<li><span style=\"text-align: start;color: #000000\"><span style=\"font-size: 11pt;font-family: Ubuntu, sans-serif;vertical-align: baseline;white-space: pre-wrap\">Fiche de pr\u00e9paration pour Projet Phoenix: <\/span><\/span><a href=\"https:\/\/sycomore.scouts-europe.org\/Import\/2025724_152840_Fiche%20CP%20-%20Projet%20Phoenix.pdf\" target=\"_blank\" rel=\"noopener\">vers la fiche de pr\u00e9paration Projet Phoenix<\/a><\/li>\n<\/ul>\n<p dir=\"ltr\" style=\"line-height: 1.38;text-align: justify;margin-top: 0pt;margin-bottom: 0pt\"><span style=\"font-size: 11pt;font-family: Ubuntu, sans-serif;color: #6aa84f;background-color: transparent;font-weight: 400;font-style: normal;text-decoration: none;vertical-align: baseline;white-space: pre-wrap\">D\u00e8s que vous choisissez de vous lancer dans ce projet, et au plus tard, le 25 octobre, ta CCie cr\u00e9e votre dossier Alta\u00efr ou Phoenix depuis l\u2019onglet \u201cMon ann\u00e9e\u201d du dossier de compagnie.<\/span><\/p>\n<p><b id=\"docs-internal-guid-9e7ed17c-7fff-0a57-e9fc-6009952fe20b\" style=\"font-style: normal;letter-spacing: normal;text-align: start;text-indent: 0px;text-transform: none;white-space: normal;text-decoration: none;color: #000000;font-weight: normal\">&nbsp;<\/b><span style=\"font-family: Ubuntu, sans-serif;font-size: 11pt;white-space: pre-wrap\">Apr\u00e8s relecture avec ta CCie et validation par la CdH, la fiche de pr\u00e9paration est \u00e0 retranscrire par ta CCie directement sur le dossier d\u2019ann\u00e9e de la compagnie avant le 15 novembre (31 octobre si une guide de ta patrouille fait Semper Fidelis).&nbsp;<\/span><\/p>\n<p dir=\"ltr\" style=\"line-height: 1.38;text-align: justify;margin-top: 0pt;margin-bottom: 0pt\"><span style=\"font-size: 11pt;font-family: Ubuntu, sans-serif;color: #000000;background-color: transparent;font-weight: 400;font-style: italic;text-decoration: none;vertical-align: baseline;white-space: pre-wrap\">Un guide explicatif se trouve \u00e0 la fin de cette pr\u00e9sentation pour mieux comprendre comment fonctionne le dossier : <\/span><a href=\"https:\/\/sycomore.scouts-europe.org\/Import\/2025925_103542_09-2025%20-%20Visio%20pr%c3%a9sentation%20Projet%20de%20patrouille%20-%20Alta%c3%afr%20-%20Phoenix.pdf\" target=\"_blank\" style=\"font-size: 1rem\">vers le guide explicatif<\/a><\/p>\n<p><\/p>\t\t\t\t\t\t\t\t<\/div>\n\t\t\t\t<\/div>\n\t\t\t\t\t<\/div>\n\t\t<\/div>\n\t\t\t\t\t<\/div>\n\t\t<\/section>\n\t\t\t\t<section class=\"elementor-section elementor-top-section elementor-element elementor-element-c73a458 elementor-section-boxed elementor-section-height-default elementor-section-height-default\" data-id=\"c73a458\" data-element_type=\"section\" data-e-type=\"section\">\n\t\t\t\t\t\t<div class=\"elementor-container elementor-column-gap-default\">\n\t\t\t\t\t<div class=\"elementor-column elementor-col-100 elementor-top-column elementor-element elementor-element-0745c76\" data-id=\"0745c76\" data-element_type=\"column\" data-e-type=\"column\" data-settings=\"{&quot;background_background&quot;:&quot;classic&quot;}\">\n\t\t\t<div class=\"elementor-widget-wrap elementor-element-populated\">\n\t\t\t\t\t\t<div class=\"elementor-element elementor-element-c458491 elementor-widget elementor-widget-spacer\" data-id=\"c458491\" data-element_type=\"widget\" data-e-type=\"widget\" data-widget_type=\"spacer.default\">\n\t\t\t\t<div class=\"elementor-widget-container\">\n\t\t\t\t\t\t\t<div class=\"elementor-spacer\">\n\t\t\t<div class=\"elementor-spacer-inner\"><\/div>\n\t\t<\/div>\n\t\t\t\t\t\t<\/div>\n\t\t\t\t<\/div>\n\t\t\t\t<div class=\"elementor-element elementor-element-d3b2c62 elementor-widget elementor-widget-heading\" data-id=\"d3b2c62\" data-element_type=\"widget\" data-e-type=\"widget\" data-widget_type=\"heading.default\">\n\t\t\t\t<div class=\"elementor-widget-container\">\n\t\t\t\t\t<h2 class=\"elementor-heading-title elementor-size-default\">Validation du dossier<\/h2>\t\t\t\t<\/div>\n\t\t\t\t<\/div>\n\t\t\t\t<div class=\"elementor-element elementor-element-15ec1d8 elementor-widget elementor-widget-text-editor\" data-id=\"15ec1d8\" data-element_type=\"widget\" data-e-type=\"widget\" data-widget_type=\"text-editor.default\">\n\t\t\t\t<div class=\"elementor-widget-container\">\n\t\t\t\t\t\t\t\t\t<p>Ton dossier est relu d\u2019ici d\u00e9cembre par un membre de l\u2019\u00e9quipe Alta\u00efr\/Phoenix, qui peut \u00e9ventuellement te demander de pr\u00e9ciser le dossier ou de changer certains points pr\u00e9vus dans votre mission.<\/span><\/p>\n<p>Tu as alors <b>15 jours maximum<\/b> pour reprendre les \u00e9l\u00e9ments demand\u00e9s avant de nous renvoyer le dossier pour une seconde relecture. Une fois le projet complet et approuv\u00e9, tu re\u00e7ois un mail de validation de votre candidature \u00e0 Phoenix ou \u00e0 Alta\u00efr. Vous \u00eates officiellement enregistr\u00e9es.<br>Pour les patrouilles candidates \u00e0 Mission Alta\u00efr, vous \u00eates invit\u00e9es \u00e0 commander votre insigne tiss\u00e9 \u201cMission Alta\u00efr\u201d pour chaque guide de la patrouille&nbsp;<a href=\"https:\/\/www.carrick.fr\/insignes\/guides-et-scouts-d-europe\/insignes-de-base\/5052-insigne-mission-altair-3486380116000.html\" target=\"_blank\">sur le site de Carrick<\/a>. Cet insigne est \u00e0 coudre au-dessus de la bande Guides d\u2019Europe, \u00e0 c\u00f4t\u00e9 des PA. Vous pouvez le porter jusqu\u2019\u00e0 la qualification Patrouille Alta\u00efr, ou au plus tard, jusqu\u2019\u00e0 la fin du camp d\u2019\u00e9t\u00e9.<\/p>\n<p>Garde pr\u00e9cieusement la fiche de pr\u00e9paration pour pouvoir facilement suivre l\u2019avancement de la patrouille tout au long de l\u2019ann\u00e9e lors de vos activit\u00e9s guides.<\/p>\n<p><u>Attention<\/u> : Attends bien la validation de ton dossier avant de r\u00e9aliser ton d\u00e9fi technique et ton WE missionnaire !&nbsp;<\/p>\n<p><span style=\"font-style: inherit\">L\u2019\u00e9quipe Alta\u00efr\/Phoenix s\u2019engage \u00e0 valider tout projet complet et audacieux au plus tard d\u00e9but janvier \u263a\ufe0f<\/span><\/p>\t\t\t\t\t\t\t\t<\/div>\n\t\t\t\t<\/div>\n\t\t\t\t\t<\/div>\n\t\t<\/div>\n\t\t\t\t\t<\/div>\n\t\t<\/section>\n\t\t\t\t<section class=\"elementor-section elementor-top-section elementor-element elementor-element-e00b80c elementor-section-boxed elementor-section-height-default elementor-section-height-default\" data-id=\"e00b80c\" data-element_type=\"section\" data-e-type=\"section\">\n\t\t\t\t\t\t<div class=\"elementor-container elementor-column-gap-default\">\n\t\t\t\t\t<div class=\"elementor-column elementor-col-100 elementor-top-column elementor-element elementor-element-42d2846\" data-id=\"42d2846\" data-element_type=\"column\" data-e-type=\"column\" data-settings=\"{&quot;background_background&quot;:&quot;classic&quot;}\">\n\t\t\t<div class=\"elementor-widget-wrap elementor-element-populated\">\n\t\t\t\t\t\t<div class=\"elementor-element elementor-element-30199d4 elementor-widget elementor-widget-spacer\" data-id=\"30199d4\" data-element_type=\"widget\" data-e-type=\"widget\" data-widget_type=\"spacer.default\">\n\t\t\t\t<div class=\"elementor-widget-container\">\n\t\t\t\t\t\t\t<div class=\"elementor-spacer\">\n\t\t\t<div class=\"elementor-spacer-inner\"><\/div>\n\t\t<\/div>\n\t\t\t\t\t\t<\/div>\n\t\t\t\t<\/div>\n\t\t\t\t<div class=\"elementor-element elementor-element-c24452c elementor-widget elementor-widget-heading\" data-id=\"c24452c\" data-element_type=\"widget\" data-e-type=\"widget\" data-widget_type=\"heading.default\">\n\t\t\t\t<div class=\"elementor-widget-container\">\n\t\t\t\t\t<h2 class=\"elementor-heading-title elementor-size-default\">D\u00e9roulement de la mission<\/h2>\t\t\t\t<\/div>\n\t\t\t\t<\/div>\n\t\t\t\t<div class=\"elementor-element elementor-element-bf4e9a7 elementor-widget elementor-widget-text-editor\" data-id=\"bf4e9a7\" data-element_type=\"widget\" data-e-type=\"widget\" data-widget_type=\"text-editor.default\">\n\t\t\t\t<div class=\"elementor-widget-container\">\n\t\t\t\t\t\t\t\t\t<p><span style=\"font-weight: 400\">La mission se d\u00e9roule et ta cheftaine peut valider chaque \u00e9tape sur votre fiche de pr\u00e9paration au format papier et \u00e9galement sur le dossier d\u2019ann\u00e9e.<\/span><\/p><p><b>Qualification de la patrouille :\u00a0<\/b><\/p><p><span style=\"font-weight: 400\">D\u00e9but juin, ta cheftaine re\u00e7oit un mail de rappel pour valider la qualification de la patrouille en patrouille Alta\u00efr ou patrouille Phoenix.\u00a0<\/span><\/p><p><span style=\"font-weight: 400\">Elle peut valider votre qualification dans deux cas:<\/span><\/p><ul><li style=\"font-weight: 400\"><span style=\"font-weight: 400\">Les 4 axes sont r\u00e9alis\u00e9s et valid\u00e9s par la CCie et la CdH.<\/span><\/li><li style=\"font-weight: 400\"><span style=\"font-weight: 400\">Le projet est en bonne voie et sera termin\u00e9 d\u2019ici le camp.<\/span><\/li><\/ul><p><span style=\"font-weight: 400\">Cette \u00e9tape se valide sur le dossier en ligne et g\u00e9n\u00e8re automatiquement le questionnaire pour la commande des brevets Phoenix ou insignes Alta\u00efr, \u00e0 renvoyer avant la fin du mois.\u00a0<\/span><\/p><p><span style=\"font-weight: 400\">Les insignes et le c\u00e9r\u00e9monial de remise des insignes lui seront adress\u00e9s directement \u00e0 l\u2019adresse postale souhait\u00e9e (lieu de camp ou autre).<\/span><\/p><p><span style=\"font-weight: 400\">Quand tous les objectifs sont atteints (progression, campisme, d\u00e9fi technique et mission), la Cour d\u2019Honneur se r\u00e9unit afin de donner son avis final et faire signer officiellement tous les membres.<\/span><\/p><p><span style=\"font-weight: 400\">Ta cheftaine vous remettra officiellement au camp d\u2019\u00e9t\u00e9 lors d\u2019un rassemblement un flot \u201cProjet Phoenix\u201d ou \u201cMission Alta\u00efr\u201d qui spe\u0301cifie la technique travaille\u0301e, si le projet est valide\u0301 par la CDH. Tu es invit\u00e9e \u00e0 mettre sur ce flot ton insigne m\u00e9tallique Alta\u00efr ou l\u2019insigne brod\u00e9 Phoenix.<\/span><\/p><p>\u00a0<\/p>\t\t\t\t\t\t\t\t<\/div>\n\t\t\t\t<\/div>\n\t\t\t\t\t<\/div>\n\t\t<\/div>\n\t\t\t\t\t<\/div>\n\t\t<\/section>\n\t\t\t\t<section class=\"elementor-section elementor-top-section elementor-element elementor-element-74ee962 elementor-section-boxed elementor-section-height-default elementor-section-height-default\" data-id=\"74ee962\" data-element_type=\"section\" data-e-type=\"section\" data-settings=\"{&quot;background_background&quot;:&quot;classic&quot;}\">\n\t\t\t\t\t\t<div class=\"elementor-container elementor-column-gap-default\">\n\t\t\t\t\t<div class=\"elementor-column elementor-col-100 elementor-top-column elementor-element elementor-element-019f783\" data-id=\"019f783\" data-element_type=\"column\" data-e-type=\"column\">\n\t\t\t<div class=\"elementor-widget-wrap elementor-element-populated\">\n\t\t\t\t\t\t<div class=\"elementor-element elementor-element-5c259bc elementor-widget elementor-widget-heading\" data-id=\"5c259bc\" data-element_type=\"widget\" data-e-type=\"widget\" data-widget_type=\"heading.default\">\n\t\t\t\t<div class=\"elementor-widget-container\">\n\t\t\t\t\t<h2 class=\"elementor-heading-title elementor-size-default\">PARTAGE TON AVENTURE <\/h2>\t\t\t\t<\/div>\n\t\t\t\t<\/div>\n\t\t\t\t<div class=\"elementor-element elementor-element-4c3df6a elementor-widget elementor-widget-text-editor\" data-id=\"4c3df6a\" data-element_type=\"widget\" data-e-type=\"widget\" data-widget_type=\"text-editor.default\">\n\t\t\t\t<div class=\"elementor-widget-container\">\n\t\t\t\t\t\t\t\t\t<p><span style=\"font-weight: 400\">Gr\u00e2ce \u00e0 la validation de la cheftaine sur le dossier en ligne, vous serez automatiquement enregistr\u00e9es comme patrouille Alta\u00efr ou Phoenix.\u00a0<\/span><\/p><p><span style=\"font-weight: 400\">N\u2019oublie pas d\u2019envoyer un r\u00e9cit illustr\u00e9 de votre mission \u00e0 <\/span><a href=\"mailto:mission-altair@scouts-europe.org\"><span style=\"font-weight: 400\">mission-altair@scouts-europe.org.<\/span><\/a> Ta patrouille pourra \u00eatre publi\u00e9e sur ce site <a href=\"https:\/\/www.scouts-europe.org\/eclaireuses\/recits-daventure\/\">ici<\/a> !\u00a0<\/p><p><span style=\"font-weight: 400\">Tu peux aussi envoyer le r\u00e9cit de mission \u00e0 <\/span><a href=\"mailto:revue-sde@scouts-europe.org\"><span style=\"font-weight: 400\">revue-sde@scouts-europe.org<\/span><\/a><span style=\"font-weight: 400\"> pour publication dans la prochaine revue Scout d&rsquo;Europe !<\/span><\/p>\t\t\t\t\t\t\t\t<\/div>\n\t\t\t\t<\/div>\n\t\t\t\t\t<\/div>\n\t\t<\/div>\n\t\t\t\t\t<\/div>\n\t\t<\/section>\n\t\t\t\t<section class=\"elementor-section elementor-top-section elementor-element elementor-element-4f23b8f elementor-section-boxed elementor-section-height-default elementor-section-height-default\" data-id=\"4f23b8f\" data-element_type=\"section\" data-e-type=\"section\">\n\t\t\t\t\t\t<div class=\"elementor-container elementor-column-gap-default\">\n\t\t\t\t\t<div class=\"elementor-column elementor-col-100 elementor-top-column elementor-element elementor-element-f8ae747\" data-id=\"f8ae747\" data-element_type=\"column\" data-e-type=\"column\" data-settings=\"{&quot;background_background&quot;:&quot;classic&quot;}\">\n\t\t\t<div class=\"elementor-widget-wrap elementor-element-populated\">\n\t\t\t\t\t\t<div class=\"elementor-element elementor-element-f76a887 elementor-widget elementor-widget-spacer\" data-id=\"f76a887\" data-element_type=\"widget\" data-e-type=\"widget\" data-widget_type=\"spacer.default\">\n\t\t\t\t<div class=\"elementor-widget-container\">\n\t\t\t\t\t\t\t<div class=\"elementor-spacer\">\n\t\t\t<div class=\"elementor-spacer-inner\"><\/div>\n\t\t<\/div>\n\t\t\t\t\t\t<\/div>\n\t\t\t\t<\/div>\n\t\t\t\t<div class=\"elementor-element elementor-element-aefc523 elementor-widget elementor-widget-heading\" data-id=\"aefc523\" data-element_type=\"widget\" data-e-type=\"widget\" data-widget_type=\"heading.default\">\n\t\t\t\t<div class=\"elementor-widget-container\">\n\t\t\t\t\t<h2 class=\"elementor-heading-title elementor-size-default\">Faire enregistrer ta patrouille comme patrouille Alta\u00efr<\/h2>\t\t\t\t<\/div>\n\t\t\t\t<\/div>\n\t\t\t\t<div class=\"elementor-element elementor-element-ebe9957 elementor-widget elementor-widget-text-editor\" data-id=\"ebe9957\" data-element_type=\"widget\" data-e-type=\"widget\" data-widget_type=\"text-editor.default\">\n\t\t\t\t<div class=\"elementor-widget-container\">\n\t\t\t\t\t\t\t\t\t<p>Il faudra renvoyer la fiche (derni\u00e8re page du dossier) par mail ou par courrier avec le compte-rendu de mission Alta\u00efr, \u00e0 l\u2019ENE pour enregistrement officiel de la patrouille. \u00a0<\/p><p><strong>\u00c9ch\u00e9ance : 1er septembre.<\/strong><\/p>\t\t\t\t\t\t\t\t<\/div>\n\t\t\t\t<\/div>\n\t\t\t\t\t<\/div>\n\t\t<\/div>\n\t\t\t\t\t<\/div>\n\t\t<\/section>\n\t\t\t\t<\/div>\n\t\t","protected":false},"excerpt":{"rendered":"<p>Voici les modalit\u00e9s et d\u00e9lais \u00e0 respecter pour pouvoir inscrire ta patrouille : Comment s&rsquo;inscrire \u00e0 Mission Alta\u00efr ou Projet Phoenix ? Lance-toi dans l\u2019aventure en compl\u00e9tant en patrouille la fiche ci dessous :&nbsp; Fiche de pr\u00e9paration pour Mission Alta\u00efr: vers la fiche de pr\u00e9paration Mission Alta\u00efr Fiche de pr\u00e9paration pour Projet Phoenix: vers la [&hellip;]<\/p>\n","protected":false},"author":4,"featured_media":1707,"parent":1303,"menu_order":0,"comment_status":"closed","ping_status":"closed","template":"","meta":{"_seopress_robots_primary_cat":"","_seopress_titles_title":"","_seopress_titles_desc":"","_seopress_robots_index":"","site-sidebar-layout":"no-sidebar","site-content-layout":"page-builder","ast-site-content-layout":"full-width-container","site-content-style":"default","site-sidebar-style":"default","ast-global-header-display":"","ast-banner-title-visibility":"","ast-main-header-display":"","ast-hfb-above-header-display":"","ast-hfb-below-header-display":"","ast-hfb-mobile-header-display":"","site-post-title":"disabled","ast-breadcrumbs-content":"","ast-featured-img":"disabled","footer-sml-layout":"","theme-transparent-header-meta":"","adv-header-id-meta":"","stick-header-meta":"","header-above-stick-meta":"","header-main-stick-meta":"","header-below-stick-meta":"","astra-migrate-meta-layouts":"set","ast-page-background-enabled":"default","ast-page-background-meta":{"desktop":{"background-color":"var(--ast-global-color-4)","background-image":"","background-repeat":"repeat","background-position":"center center","background-size":"auto","background-attachment":"scroll","background-type":"","background-media":"","overlay-type":"","overlay-color":"","overlay-opacity":"","overlay-gradient":""},"tablet":{"background-color":"","background-image":"","background-repeat":"repeat","background-position":"center center","background-size":"auto","background-attachment":"scroll","background-type":"","background-media":"","overlay-type":"","overlay-color":"","overlay-opacity":"","overlay-gradient":""},"mobile":{"background-color":"","background-image":"","background-repeat":"repeat","background-position":"center center","background-size":"auto","background-attachment":"scroll","background-type":"","background-media":"","overlay-type":"","overlay-color":"","overlay-opacity":"","overlay-gradient":""}},"ast-content-background-meta":{"desktop":{"background-color":"var(--ast-global-color-5)","background-image":"","background-repeat":"repeat","background-position":"center center","background-size":"auto","background-attachment":"scroll","background-type":"","background-media":"","overlay-type":"","overlay-color":"","overlay-opacity":"","overlay-gradient":""},"tablet":{"background-color":"var(--ast-global-color-5)","background-image":"","background-repeat":"repeat","background-position":"center center","background-size":"auto","background-attachment":"scroll","background-type":"","background-media":"","overlay-type":"","overlay-color":"","overlay-opacity":"","overlay-gradient":""},"mobile":{"background-color":"var(--ast-global-color-5)","background-image":"","background-repeat":"repeat","background-position":"center center","background-size":"auto","background-attachment":"scroll","background-type":"","background-media":"","overlay-type":"","overlay-color":"","overlay-opacity":"","overlay-gradient":""}},"footnotes":""},"class_list":["post-2032","page","type-page","status-publish","has-post-thumbnail","hentry"],"_links":{"self":[{"href":"https:\/\/www.scouts-europe.org\/eclaireuses\/wp-json\/wp\/v2\/pages\/2032","targetHints":{"allow":["GET"]}}],"collection":[{"href":"https:\/\/www.scouts-europe.org\/eclaireuses\/wp-json\/wp\/v2\/pages"}],"about":[{"href":"https:\/\/www.scouts-europe.org\/eclaireuses\/wp-json\/wp\/v2\/types\/page"}],"author":[{"embeddable":true,"href":"https:\/\/www.scouts-europe.org\/eclaireuses\/wp-json\/wp\/v2\/users\/4"}],"replies":[{"embeddable":true,"href":"https:\/\/www.scouts-europe.org\/eclaireuses\/wp-json\/wp\/v2\/comments?post=2032"}],"version-history":[{"count":22,"href":"https:\/\/www.scouts-europe.org\/eclaireuses\/wp-json\/wp\/v2\/pages\/2032\/revisions"}],"predecessor-version":[{"id":3832,"href":"https:\/\/www.scouts-europe.org\/eclaireuses\/wp-json\/wp\/v2\/pages\/2032\/revisions\/3832"}],"up":[{"embeddable":true,"href":"https:\/\/www.scouts-europe.org\/eclaireuses\/wp-json\/wp\/v2\/pages\/1303"}],"wp:featuredmedia":[{"embeddable":true,"href":"https:\/\/www.scouts-europe.org\/eclaireuses\/wp-json\/wp\/v2\/media\/1707"}],"wp:attachment":[{"href":"https:\/\/www.scouts-europe.org\/eclaireuses\/wp-json\/wp\/v2\/media?parent=2032"}],"curies":[{"name":"wp","href":"https:\/\/api.w.org\/{rel}","templated":true}]}}