{"id":2345,"date":"2025-02-18T10:21:12","date_gmt":"2025-02-18T09:21:12","guid":{"rendered":"https:\/\/www.scouts-europe.org\/eclaireuses\/?page_id=2345"},"modified":"2025-02-18T10:32:13","modified_gmt":"2025-02-18T09:32:13","slug":"mission-altair","status":"publish","type":"page","link":"https:\/\/www.scouts-europe.org\/eclaireuses\/photos\/mission-altair\/","title":{"rendered":"Mission Alta\u00efr"},"content":{"rendered":"\t\t<div data-elementor-type=\"wp-page\" data-elementor-id=\"2345\" class=\"elementor elementor-2345\">\n\t\t\t\t\t\t<section class=\"elementor-section elementor-top-section elementor-element elementor-element-521c988 elementor-section-boxed elementor-section-height-default elementor-section-height-default\" data-id=\"521c988\" data-element_type=\"section\" data-e-type=\"section\">\n\t\t\t\t\t\t<div class=\"elementor-container elementor-column-gap-default\">\n\t\t\t\t\t<div class=\"elementor-column elementor-col-100 elementor-top-column elementor-element elementor-element-bc0fc7d\" data-id=\"bc0fc7d\" data-element_type=\"column\" data-e-type=\"column\" data-settings=\"{&quot;background_background&quot;:&quot;classic&quot;}\">\n\t\t\t<div class=\"elementor-widget-wrap elementor-element-populated\">\n\t\t\t\t\t\t<div class=\"elementor-element elementor-element-69f4701 elementor-widget elementor-widget-spacer\" data-id=\"69f4701\" data-element_type=\"widget\" data-e-type=\"widget\" data-widget_type=\"spacer.default\">\n\t\t\t\t<div class=\"elementor-widget-container\">\n\t\t\t\t\t\t\t<div class=\"elementor-spacer\">\n\t\t\t<div class=\"elementor-spacer-inner\"><\/div>\n\t\t<\/div>\n\t\t\t\t\t\t<\/div>\n\t\t\t\t<\/div>\n\t\t\t\t\t<\/div>\n\t\t<\/div>\n\t\t\t\t\t<\/div>\n\t\t<\/section>\n\t\t\t\t<section class=\"elementor-section elementor-top-section elementor-element elementor-element-6bc709a elementor-section-boxed elementor-section-height-default elementor-section-height-default\" data-id=\"6bc709a\" data-element_type=\"section\" data-e-type=\"section\">\n\t\t\t\t\t\t<div class=\"elementor-container elementor-column-gap-default\">\n\t\t\t\t\t<div class=\"elementor-column elementor-col-100 elementor-top-column elementor-element elementor-element-9c8a818\" data-id=\"9c8a818\" data-element_type=\"column\" data-e-type=\"column\" data-settings=\"{&quot;background_background&quot;:&quot;classic&quot;}\">\n\t\t\t<div class=\"elementor-widget-wrap elementor-element-populated\">\n\t\t\t\t\t\t<div class=\"elementor-element elementor-element-2721fd1 gallery-spacing-custom elementor-widget elementor-widget-image-gallery\" data-id=\"2721fd1\" data-element_type=\"widget\" data-e-type=\"widget\" data-widget_type=\"image-gallery.default\">\n\t\t\t\t<div class=\"elementor-widget-container\">\n\t\t\t\t\t\t\t<div class=\"elementor-image-gallery\">\n\t\t\t<div id='gallery-1' class='gallery galleryid-2345 gallery-columns-3 gallery-size-full'><figure class='gallery-item'>\n\t\t\t<div class='gallery-icon landscape'>\n\t\t\t\t<a data-elementor-open-lightbox=\"yes\" data-elementor-lightbox-slideshow=\"2721fd1\" data-elementor-lightbox-title=\"D\u00e9fis Alta\u00efr - veill\u00e9e compagnie Metz\" data-e-action-hash=\"#elementor-action%3Aaction%3Dlightbox%26settings%3DeyJpZCI6MjMzNiwidXJsIjoiaHR0cHM6XC9cL3d3dy5zY291dHMtZXVyb3BlLm9yZ1wvZWNsYWlyZXVzZXNcL3dwLWNvbnRlbnRcL3VwbG9hZHNcL3NpdGVzXC8xMDVcLzIwMjVcLzAyXC8yLnBuZyIsInNsaWRlc2hvdyI6IjI3MjFmZDEifQ%3D%3D\" href='https:\/\/www.scouts-europe.org\/eclaireuses\/wp-content\/uploads\/sites\/105\/2025\/02\/2.png'><img fetchpriority=\"high\" decoding=\"async\" width=\"2048\" height=\"1047\" src=\"https:\/\/www.scouts-europe.org\/eclaireuses\/wp-content\/uploads\/sites\/105\/2025\/02\/2.png\" class=\"attachment-full size-full\" alt=\"\" srcset=\"https:\/\/www.scouts-europe.org\/eclaireuses\/wp-content\/uploads\/sites\/105\/2025\/02\/2.png 2048w, https:\/\/www.scouts-europe.org\/eclaireuses\/wp-content\/uploads\/sites\/105\/2025\/02\/2-300x153.png 300w, https:\/\/www.scouts-europe.org\/eclaireuses\/wp-content\/uploads\/sites\/105\/2025\/02\/2-1024x524.png 1024w, https:\/\/www.scouts-europe.org\/eclaireuses\/wp-content\/uploads\/sites\/105\/2025\/02\/2-768x393.png 768w, https:\/\/www.scouts-europe.org\/eclaireuses\/wp-content\/uploads\/sites\/105\/2025\/02\/2-1536x785.png 1536w\" sizes=\"(max-width: 2048px) 100vw, 2048px\" \/><\/a>\n\t\t\t<\/div><\/figure><figure class='gallery-item'>\n\t\t\t<div class='gallery-icon landscape'>\n\t\t\t\t<a data-elementor-open-lightbox=\"yes\" data-elementor-lightbox-slideshow=\"2721fd1\" data-elementor-lightbox-title=\"D\u00e9fis Alta\u00efr - veill\u00e9e compagnie Metz\" data-e-action-hash=\"#elementor-action%3Aaction%3Dlightbox%26settings%3DeyJpZCI6MjMzNSwidXJsIjoiaHR0cHM6XC9cL3d3dy5zY291dHMtZXVyb3BlLm9yZ1wvZWNsYWlyZXVzZXNcL3dwLWNvbnRlbnRcL3VwbG9hZHNcL3NpdGVzXC8xMDVcLzIwMjVcLzAyXC8xLnBuZyIsInNsaWRlc2hvdyI6IjI3MjFmZDEifQ%3D%3D\" href='https:\/\/www.scouts-europe.org\/eclaireuses\/wp-content\/uploads\/sites\/105\/2025\/02\/1.png'><img decoding=\"async\" width=\"2048\" height=\"1047\" src=\"https:\/\/www.scouts-europe.org\/eclaireuses\/wp-content\/uploads\/sites\/105\/2025\/02\/1.png\" class=\"attachment-full size-full\" alt=\"\" srcset=\"https:\/\/www.scouts-europe.org\/eclaireuses\/wp-content\/uploads\/sites\/105\/2025\/02\/1.png 2048w, https:\/\/www.scouts-europe.org\/eclaireuses\/wp-content\/uploads\/sites\/105\/2025\/02\/1-300x153.png 300w, https:\/\/www.scouts-europe.org\/eclaireuses\/wp-content\/uploads\/sites\/105\/2025\/02\/1-1024x524.png 1024w, https:\/\/www.scouts-europe.org\/eclaireuses\/wp-content\/uploads\/sites\/105\/2025\/02\/1-768x393.png 768w, https:\/\/www.scouts-europe.org\/eclaireuses\/wp-content\/uploads\/sites\/105\/2025\/02\/1-1536x785.png 1536w\" sizes=\"(max-width: 2048px) 100vw, 2048px\" \/><\/a>\n\t\t\t<\/div><\/figure><figure class='gallery-item'>\n\t\t\t<div class='gallery-icon landscape'>\n\t\t\t\t<a data-elementor-open-lightbox=\"yes\" data-elementor-lightbox-slideshow=\"2721fd1\" data-elementor-lightbox-title=\"D\u00e9fis Alta\u00efr - veill\u00e9e compagnie Metz\" data-e-action-hash=\"#elementor-action%3Aaction%3Dlightbox%26settings%3DeyJpZCI6MjMzNCwidXJsIjoiaHR0cHM6XC9cL3d3dy5zY291dHMtZXVyb3BlLm9yZ1wvZWNsYWlyZXVzZXNcL3dwLWNvbnRlbnRcL3VwbG9hZHNcL3NpdGVzXC8xMDVcLzIwMjVcLzAyXC82LnBuZyIsInNsaWRlc2hvdyI6IjI3MjFmZDEifQ%3D%3D\" href='https:\/\/www.scouts-europe.org\/eclaireuses\/wp-content\/uploads\/sites\/105\/2025\/02\/6.png'><img decoding=\"async\" width=\"2048\" height=\"1047\" src=\"https:\/\/www.scouts-europe.org\/eclaireuses\/wp-content\/uploads\/sites\/105\/2025\/02\/6.png\" class=\"attachment-full size-full\" alt=\"\" srcset=\"https:\/\/www.scouts-europe.org\/eclaireuses\/wp-content\/uploads\/sites\/105\/2025\/02\/6.png 2048w, https:\/\/www.scouts-europe.org\/eclaireuses\/wp-content\/uploads\/sites\/105\/2025\/02\/6-300x153.png 300w, https:\/\/www.scouts-europe.org\/eclaireuses\/wp-content\/uploads\/sites\/105\/2025\/02\/6-1024x524.png 1024w, https:\/\/www.scouts-europe.org\/eclaireuses\/wp-content\/uploads\/sites\/105\/2025\/02\/6-768x393.png 768w, https:\/\/www.scouts-europe.org\/eclaireuses\/wp-content\/uploads\/sites\/105\/2025\/02\/6-1536x785.png 1536w\" sizes=\"(max-width: 2048px) 100vw, 2048px\" \/><\/a>\n\t\t\t<\/div><\/figure><figure class='gallery-item'>\n\t\t\t<div class='gallery-icon landscape'>\n\t\t\t\t<a data-elementor-open-lightbox=\"yes\" data-elementor-lightbox-slideshow=\"2721fd1\" data-elementor-lightbox-title=\"D\u00e9fis Alta\u00efr - veill\u00e9e compagnie Metz\" data-e-action-hash=\"#elementor-action%3Aaction%3Dlightbox%26settings%3DeyJpZCI6MjMzMywidXJsIjoiaHR0cHM6XC9cL3d3dy5zY291dHMtZXVyb3BlLm9yZ1wvZWNsYWlyZXVzZXNcL3dwLWNvbnRlbnRcL3VwbG9hZHNcL3NpdGVzXC8xMDVcLzIwMjVcLzAyXC81LnBuZyIsInNsaWRlc2hvdyI6IjI3MjFmZDEifQ%3D%3D\" href='https:\/\/www.scouts-europe.org\/eclaireuses\/wp-content\/uploads\/sites\/105\/2025\/02\/5.png'><img loading=\"lazy\" decoding=\"async\" width=\"2048\" height=\"1047\" src=\"https:\/\/www.scouts-europe.org\/eclaireuses\/wp-content\/uploads\/sites\/105\/2025\/02\/5.png\" class=\"attachment-full size-full\" alt=\"\" srcset=\"https:\/\/www.scouts-europe.org\/eclaireuses\/wp-content\/uploads\/sites\/105\/2025\/02\/5.png 2048w, https:\/\/www.scouts-europe.org\/eclaireuses\/wp-content\/uploads\/sites\/105\/2025\/02\/5-300x153.png 300w, https:\/\/www.scouts-europe.org\/eclaireuses\/wp-content\/uploads\/sites\/105\/2025\/02\/5-1024x524.png 1024w, https:\/\/www.scouts-europe.org\/eclaireuses\/wp-content\/uploads\/sites\/105\/2025\/02\/5-768x393.png 768w, https:\/\/www.scouts-europe.org\/eclaireuses\/wp-content\/uploads\/sites\/105\/2025\/02\/5-1536x785.png 1536w\" sizes=\"(max-width: 2048px) 100vw, 2048px\" \/><\/a>\n\t\t\t<\/div><\/figure><figure class='gallery-item'>\n\t\t\t<div class='gallery-icon landscape'>\n\t\t\t\t<a data-elementor-open-lightbox=\"yes\" data-elementor-lightbox-slideshow=\"2721fd1\" data-elementor-lightbox-title=\"D\u00e9fis Alta\u00efr - veill\u00e9e compagnie Metz\" data-e-action-hash=\"#elementor-action%3Aaction%3Dlightbox%26settings%3DeyJpZCI6MjMzMiwidXJsIjoiaHR0cHM6XC9cL3d3dy5zY291dHMtZXVyb3BlLm9yZ1wvZWNsYWlyZXVzZXNcL3dwLWNvbnRlbnRcL3VwbG9hZHNcL3NpdGVzXC8xMDVcLzIwMjVcLzAyXC80LnBuZyIsInNsaWRlc2hvdyI6IjI3MjFmZDEifQ%3D%3D\" href='https:\/\/www.scouts-europe.org\/eclaireuses\/wp-content\/uploads\/sites\/105\/2025\/02\/4.png'><img loading=\"lazy\" decoding=\"async\" width=\"2048\" height=\"1047\" src=\"https:\/\/www.scouts-europe.org\/eclaireuses\/wp-content\/uploads\/sites\/105\/2025\/02\/4.png\" class=\"attachment-full size-full\" alt=\"\" srcset=\"https:\/\/www.scouts-europe.org\/eclaireuses\/wp-content\/uploads\/sites\/105\/2025\/02\/4.png 2048w, https:\/\/www.scouts-europe.org\/eclaireuses\/wp-content\/uploads\/sites\/105\/2025\/02\/4-300x153.png 300w, https:\/\/www.scouts-europe.org\/eclaireuses\/wp-content\/uploads\/sites\/105\/2025\/02\/4-1024x524.png 1024w, https:\/\/www.scouts-europe.org\/eclaireuses\/wp-content\/uploads\/sites\/105\/2025\/02\/4-768x393.png 768w, https:\/\/www.scouts-europe.org\/eclaireuses\/wp-content\/uploads\/sites\/105\/2025\/02\/4-1536x785.png 1536w\" sizes=\"(max-width: 2048px) 100vw, 2048px\" \/><\/a>\n\t\t\t<\/div><\/figure><figure class='gallery-item'>\n\t\t\t<div class='gallery-icon landscape'>\n\t\t\t\t<a data-elementor-open-lightbox=\"yes\" data-elementor-lightbox-slideshow=\"2721fd1\" data-elementor-lightbox-title=\"D\u00e9fis Alta\u00efr - veill\u00e9e compagnie Metz\" data-e-action-hash=\"#elementor-action%3Aaction%3Dlightbox%26settings%3DeyJpZCI6MjMzMSwidXJsIjoiaHR0cHM6XC9cL3d3dy5zY291dHMtZXVyb3BlLm9yZ1wvZWNsYWlyZXVzZXNcL3dwLWNvbnRlbnRcL3VwbG9hZHNcL3NpdGVzXC8xMDVcLzIwMjVcLzAyXC8zLnBuZyIsInNsaWRlc2hvdyI6IjI3MjFmZDEifQ%3D%3D\" href='https:\/\/www.scouts-europe.org\/eclaireuses\/wp-content\/uploads\/sites\/105\/2025\/02\/3.png'><img loading=\"lazy\" decoding=\"async\" width=\"2048\" height=\"1047\" src=\"https:\/\/www.scouts-europe.org\/eclaireuses\/wp-content\/uploads\/sites\/105\/2025\/02\/3.png\" class=\"attachment-full size-full\" alt=\"\" srcset=\"https:\/\/www.scouts-europe.org\/eclaireuses\/wp-content\/uploads\/sites\/105\/2025\/02\/3.png 2048w, https:\/\/www.scouts-europe.org\/eclaireuses\/wp-content\/uploads\/sites\/105\/2025\/02\/3-300x153.png 300w, https:\/\/www.scouts-europe.org\/eclaireuses\/wp-content\/uploads\/sites\/105\/2025\/02\/3-1024x524.png 1024w, https:\/\/www.scouts-europe.org\/eclaireuses\/wp-content\/uploads\/sites\/105\/2025\/02\/3-768x393.png 768w, https:\/\/www.scouts-europe.org\/eclaireuses\/wp-content\/uploads\/sites\/105\/2025\/02\/3-1536x785.png 1536w\" sizes=\"(max-width: 2048px) 100vw, 2048px\" \/><\/a>\n\t\t\t<\/div><\/figure>\n\t\t<\/div>\n\t\t<\/div>\n\t\t\t\t\t\t<\/div>\n\t\t\t\t<\/div>\n\t\t\t\t<div class=\"elementor-element elementor-element-dfb0229 gallery-spacing-custom elementor-widget elementor-widget-image-gallery\" data-id=\"dfb0229\" data-element_type=\"widget\" data-e-type=\"widget\" data-widget_type=\"image-gallery.default\">\n\t\t\t\t<div class=\"elementor-widget-container\">\n\t\t\t\t\t\t\t<div class=\"elementor-image-gallery\">\n\t\t\t<div id='gallery-2' class='gallery galleryid-2345 gallery-columns-3 gallery-size-full'><figure class='gallery-item'>\n\t\t\t<div class='gallery-icon landscape'>\n\t\t\t\t<a data-elementor-open-lightbox=\"yes\" data-elementor-lightbox-slideshow=\"dfb0229\" data-elementor-lightbox-title=\"D\u00e9fis Alta\u00efr confection radeaux\" data-e-action-hash=\"#elementor-action%3Aaction%3Dlightbox%26settings%3DeyJpZCI6MjM1MiwidXJsIjoiaHR0cHM6XC9cL3d3dy5zY291dHMtZXVyb3BlLm9yZ1wvZWNsYWlyZXVzZXNcL3dwLWNvbnRlbnRcL3VwbG9hZHNcL3NpdGVzXC8xMDVcLzIwMjVcLzAyXC8yLTIucG5nIiwic2xpZGVzaG93IjoiZGZiMDIyOSJ9\" href='https:\/\/www.scouts-europe.org\/eclaireuses\/wp-content\/uploads\/sites\/105\/2025\/02\/2-2.png'><img loading=\"lazy\" decoding=\"async\" width=\"2048\" height=\"1366\" src=\"https:\/\/www.scouts-europe.org\/eclaireuses\/wp-content\/uploads\/sites\/105\/2025\/02\/2-2.png\" class=\"attachment-full size-full\" alt=\"\" srcset=\"https:\/\/www.scouts-europe.org\/eclaireuses\/wp-content\/uploads\/sites\/105\/2025\/02\/2-2.png 2048w, https:\/\/www.scouts-europe.org\/eclaireuses\/wp-content\/uploads\/sites\/105\/2025\/02\/2-2-300x200.png 300w, https:\/\/www.scouts-europe.org\/eclaireuses\/wp-content\/uploads\/sites\/105\/2025\/02\/2-2-1024x683.png 1024w, https:\/\/www.scouts-europe.org\/eclaireuses\/wp-content\/uploads\/sites\/105\/2025\/02\/2-2-768x512.png 768w, https:\/\/www.scouts-europe.org\/eclaireuses\/wp-content\/uploads\/sites\/105\/2025\/02\/2-2-1536x1025.png 1536w\" sizes=\"(max-width: 2048px) 100vw, 2048px\" \/><\/a>\n\t\t\t<\/div><\/figure><figure class='gallery-item'>\n\t\t\t<div class='gallery-icon landscape'>\n\t\t\t\t<a data-elementor-open-lightbox=\"yes\" data-elementor-lightbox-slideshow=\"dfb0229\" data-elementor-lightbox-title=\"D\u00e9fis Alta\u00efr confection radeaux\" data-e-action-hash=\"#elementor-action%3Aaction%3Dlightbox%26settings%3DeyJpZCI6MjM1MywidXJsIjoiaHR0cHM6XC9cL3d3dy5zY291dHMtZXVyb3BlLm9yZ1wvZWNsYWlyZXVzZXNcL3dwLWNvbnRlbnRcL3VwbG9hZHNcL3NpdGVzXC8xMDVcLzIwMjVcLzAyXC8zLTIucG5nIiwic2xpZGVzaG93IjoiZGZiMDIyOSJ9\" href='https:\/\/www.scouts-europe.org\/eclaireuses\/wp-content\/uploads\/sites\/105\/2025\/02\/3-2.png'><img loading=\"lazy\" decoding=\"async\" width=\"2048\" height=\"1366\" src=\"https:\/\/www.scouts-europe.org\/eclaireuses\/wp-content\/uploads\/sites\/105\/2025\/02\/3-2.png\" class=\"attachment-full size-full\" alt=\"\" srcset=\"https:\/\/www.scouts-europe.org\/eclaireuses\/wp-content\/uploads\/sites\/105\/2025\/02\/3-2.png 2048w, https:\/\/www.scouts-europe.org\/eclaireuses\/wp-content\/uploads\/sites\/105\/2025\/02\/3-2-300x200.png 300w, https:\/\/www.scouts-europe.org\/eclaireuses\/wp-content\/uploads\/sites\/105\/2025\/02\/3-2-1024x683.png 1024w, https:\/\/www.scouts-europe.org\/eclaireuses\/wp-content\/uploads\/sites\/105\/2025\/02\/3-2-768x512.png 768w, https:\/\/www.scouts-europe.org\/eclaireuses\/wp-content\/uploads\/sites\/105\/2025\/02\/3-2-1536x1025.png 1536w\" sizes=\"(max-width: 2048px) 100vw, 2048px\" \/><\/a>\n\t\t\t<\/div><\/figure><figure class='gallery-item'>\n\t\t\t<div class='gallery-icon landscape'>\n\t\t\t\t<a data-elementor-open-lightbox=\"yes\" data-elementor-lightbox-slideshow=\"dfb0229\" data-elementor-lightbox-title=\"D\u00e9fis Alta\u00efr confection radeaux\" data-e-action-hash=\"#elementor-action%3Aaction%3Dlightbox%26settings%3DeyJpZCI6MjM1NCwidXJsIjoiaHR0cHM6XC9cL3d3dy5zY291dHMtZXVyb3BlLm9yZ1wvZWNsYWlyZXVzZXNcL3dwLWNvbnRlbnRcL3VwbG9hZHNcL3NpdGVzXC8xMDVcLzIwMjVcLzAyXC8xLTIucG5nIiwic2xpZGVzaG93IjoiZGZiMDIyOSJ9\" href='https:\/\/www.scouts-europe.org\/eclaireuses\/wp-content\/uploads\/sites\/105\/2025\/02\/1-2.png'><img loading=\"lazy\" decoding=\"async\" width=\"2048\" height=\"1366\" src=\"https:\/\/www.scouts-europe.org\/eclaireuses\/wp-content\/uploads\/sites\/105\/2025\/02\/1-2.png\" class=\"attachment-full size-full\" alt=\"\" srcset=\"https:\/\/www.scouts-europe.org\/eclaireuses\/wp-content\/uploads\/sites\/105\/2025\/02\/1-2.png 2048w, https:\/\/www.scouts-europe.org\/eclaireuses\/wp-content\/uploads\/sites\/105\/2025\/02\/1-2-300x200.png 300w, https:\/\/www.scouts-europe.org\/eclaireuses\/wp-content\/uploads\/sites\/105\/2025\/02\/1-2-1024x683.png 1024w, https:\/\/www.scouts-europe.org\/eclaireuses\/wp-content\/uploads\/sites\/105\/2025\/02\/1-2-768x512.png 768w, https:\/\/www.scouts-europe.org\/eclaireuses\/wp-content\/uploads\/sites\/105\/2025\/02\/1-2-1536x1025.png 1536w\" sizes=\"(max-width: 2048px) 100vw, 2048px\" \/><\/a>\n\t\t\t<\/div><\/figure>\n\t\t<\/div>\n\t\t<\/div>\n\t\t\t\t\t\t<\/div>\n\t\t\t\t<\/div>\n\t\t\t\t<div class=\"elementor-element elementor-element-05ae0da gallery-spacing-custom elementor-widget elementor-widget-image-gallery\" data-id=\"05ae0da\" data-element_type=\"widget\" data-e-type=\"widget\" data-widget_type=\"image-gallery.default\">\n\t\t\t\t<div class=\"elementor-widget-container\">\n\t\t\t\t\t\t\t<div class=\"elementor-image-gallery\">\n\t\t\t<div id='gallery-3' class='gallery galleryid-2345 gallery-columns-3 gallery-size-full'><figure class='gallery-item'>\n\t\t\t<div class='gallery-icon landscape'>\n\t\t\t\t<a data-elementor-open-lightbox=\"yes\" data-elementor-lightbox-slideshow=\"05ae0da\" data-elementor-lightbox-title=\"D\u00e9fis Alta\u00efr patrouille Colibri Metz\" data-e-action-hash=\"#elementor-action%3Aaction%3Dlightbox%26settings%3DeyJpZCI6MjM0OCwidXJsIjoiaHR0cHM6XC9cL3d3dy5zY291dHMtZXVyb3BlLm9yZ1wvZWNsYWlyZXVzZXNcL3dwLWNvbnRlbnRcL3VwbG9hZHNcL3NpdGVzXC8xMDVcLzIwMjVcLzAyXC8yLTEucG5nIiwic2xpZGVzaG93IjoiMDVhZTBkYSJ9\" href='https:\/\/www.scouts-europe.org\/eclaireuses\/wp-content\/uploads\/sites\/105\/2025\/02\/2-1.png'><img loading=\"lazy\" decoding=\"async\" width=\"2048\" height=\"1163\" src=\"https:\/\/www.scouts-europe.org\/eclaireuses\/wp-content\/uploads\/sites\/105\/2025\/02\/2-1.png\" class=\"attachment-full size-full\" alt=\"2\" srcset=\"https:\/\/www.scouts-europe.org\/eclaireuses\/wp-content\/uploads\/sites\/105\/2025\/02\/2-1.png 2048w, https:\/\/www.scouts-europe.org\/eclaireuses\/wp-content\/uploads\/sites\/105\/2025\/02\/2-1-300x170.png 300w, https:\/\/www.scouts-europe.org\/eclaireuses\/wp-content\/uploads\/sites\/105\/2025\/02\/2-1-1024x582.png 1024w, https:\/\/www.scouts-europe.org\/eclaireuses\/wp-content\/uploads\/sites\/105\/2025\/02\/2-1-768x436.png 768w, https:\/\/www.scouts-europe.org\/eclaireuses\/wp-content\/uploads\/sites\/105\/2025\/02\/2-1-1536x872.png 1536w\" sizes=\"(max-width: 2048px) 100vw, 2048px\" \/><\/a>\n\t\t\t<\/div><\/figure><figure class='gallery-item'>\n\t\t\t<div class='gallery-icon landscape'>\n\t\t\t\t<a data-elementor-open-lightbox=\"yes\" data-elementor-lightbox-slideshow=\"05ae0da\" data-elementor-lightbox-title=\"D\u00e9fis Alta\u00efr patrouille Colibri Metz\" data-e-action-hash=\"#elementor-action%3Aaction%3Dlightbox%26settings%3DeyJpZCI6MjM0OSwidXJsIjoiaHR0cHM6XC9cL3d3dy5zY291dHMtZXVyb3BlLm9yZ1wvZWNsYWlyZXVzZXNcL3dwLWNvbnRlbnRcL3VwbG9hZHNcL3NpdGVzXC8xMDVcLzIwMjVcLzAyXC8zLTEucG5nIiwic2xpZGVzaG93IjoiMDVhZTBkYSJ9\" href='https:\/\/www.scouts-europe.org\/eclaireuses\/wp-content\/uploads\/sites\/105\/2025\/02\/3-1.png'><img loading=\"lazy\" decoding=\"async\" width=\"2048\" height=\"1163\" src=\"https:\/\/www.scouts-europe.org\/eclaireuses\/wp-content\/uploads\/sites\/105\/2025\/02\/3-1.png\" class=\"attachment-full size-full\" alt=\"\" srcset=\"https:\/\/www.scouts-europe.org\/eclaireuses\/wp-content\/uploads\/sites\/105\/2025\/02\/3-1.png 2048w, https:\/\/www.scouts-europe.org\/eclaireuses\/wp-content\/uploads\/sites\/105\/2025\/02\/3-1-300x170.png 300w, https:\/\/www.scouts-europe.org\/eclaireuses\/wp-content\/uploads\/sites\/105\/2025\/02\/3-1-1024x582.png 1024w, https:\/\/www.scouts-europe.org\/eclaireuses\/wp-content\/uploads\/sites\/105\/2025\/02\/3-1-768x436.png 768w, https:\/\/www.scouts-europe.org\/eclaireuses\/wp-content\/uploads\/sites\/105\/2025\/02\/3-1-1536x872.png 1536w\" sizes=\"(max-width: 2048px) 100vw, 2048px\" \/><\/a>\n\t\t\t<\/div><\/figure><figure class='gallery-item'>\n\t\t\t<div class='gallery-icon landscape'>\n\t\t\t\t<a data-elementor-open-lightbox=\"yes\" data-elementor-lightbox-slideshow=\"05ae0da\" data-elementor-lightbox-title=\"D\u00e9fis Alta\u00efr patrouille Colibri Metz\" data-e-action-hash=\"#elementor-action%3Aaction%3Dlightbox%26settings%3DeyJpZCI6MjM1MCwidXJsIjoiaHR0cHM6XC9cL3d3dy5zY291dHMtZXVyb3BlLm9yZ1wvZWNsYWlyZXVzZXNcL3dwLWNvbnRlbnRcL3VwbG9hZHNcL3NpdGVzXC8xMDVcLzIwMjVcLzAyXC80LTEucG5nIiwic2xpZGVzaG93IjoiMDVhZTBkYSJ9\" href='https:\/\/www.scouts-europe.org\/eclaireuses\/wp-content\/uploads\/sites\/105\/2025\/02\/4-1.png'><img loading=\"lazy\" decoding=\"async\" width=\"2048\" height=\"1163\" src=\"https:\/\/www.scouts-europe.org\/eclaireuses\/wp-content\/uploads\/sites\/105\/2025\/02\/4-1.png\" class=\"attachment-full size-full\" alt=\"\" srcset=\"https:\/\/www.scouts-europe.org\/eclaireuses\/wp-content\/uploads\/sites\/105\/2025\/02\/4-1.png 2048w, https:\/\/www.scouts-europe.org\/eclaireuses\/wp-content\/uploads\/sites\/105\/2025\/02\/4-1-300x170.png 300w, https:\/\/www.scouts-europe.org\/eclaireuses\/wp-content\/uploads\/sites\/105\/2025\/02\/4-1-1024x582.png 1024w, https:\/\/www.scouts-europe.org\/eclaireuses\/wp-content\/uploads\/sites\/105\/2025\/02\/4-1-768x436.png 768w, https:\/\/www.scouts-europe.org\/eclaireuses\/wp-content\/uploads\/sites\/105\/2025\/02\/4-1-1536x872.png 1536w\" sizes=\"(max-width: 2048px) 100vw, 2048px\" \/><\/a>\n\t\t\t<\/div><\/figure><figure class='gallery-item'>\n\t\t\t<div class='gallery-icon landscape'>\n\t\t\t\t<a data-elementor-open-lightbox=\"yes\" data-elementor-lightbox-slideshow=\"05ae0da\" data-elementor-lightbox-title=\"D\u00e9fis Alta\u00efr patrouille Colibri Metz\" data-e-action-hash=\"#elementor-action%3Aaction%3Dlightbox%26settings%3DeyJpZCI6MjM1MSwidXJsIjoiaHR0cHM6XC9cL3d3dy5zY291dHMtZXVyb3BlLm9yZ1wvZWNsYWlyZXVzZXNcL3dwLWNvbnRlbnRcL3VwbG9hZHNcL3NpdGVzXC8xMDVcLzIwMjVcLzAyXC8xLTEucG5nIiwic2xpZGVzaG93IjoiMDVhZTBkYSJ9\" href='https:\/\/www.scouts-europe.org\/eclaireuses\/wp-content\/uploads\/sites\/105\/2025\/02\/1-1.png'><img loading=\"lazy\" decoding=\"async\" width=\"2048\" height=\"1163\" src=\"https:\/\/www.scouts-europe.org\/eclaireuses\/wp-content\/uploads\/sites\/105\/2025\/02\/1-1.png\" class=\"attachment-full size-full\" alt=\"\" srcset=\"https:\/\/www.scouts-europe.org\/eclaireuses\/wp-content\/uploads\/sites\/105\/2025\/02\/1-1.png 2048w, https:\/\/www.scouts-europe.org\/eclaireuses\/wp-content\/uploads\/sites\/105\/2025\/02\/1-1-300x170.png 300w, https:\/\/www.scouts-europe.org\/eclaireuses\/wp-content\/uploads\/sites\/105\/2025\/02\/1-1-1024x582.png 1024w, https:\/\/www.scouts-europe.org\/eclaireuses\/wp-content\/uploads\/sites\/105\/2025\/02\/1-1-768x436.png 768w, https:\/\/www.scouts-europe.org\/eclaireuses\/wp-content\/uploads\/sites\/105\/2025\/02\/1-1-1536x872.png 1536w\" sizes=\"(max-width: 2048px) 100vw, 2048px\" \/><\/a>\n\t\t\t<\/div><\/figure>\n\t\t<\/div>\n\t\t<\/div>\n\t\t\t\t\t\t<\/div>\n\t\t\t\t<\/div>\n\t\t\t\t\t<\/div>\n\t\t<\/div>\n\t\t\t\t\t<\/div>\n\t\t<\/section>\n\t\t\t\t<\/div>\n\t\t","protected":false},"excerpt":{"rendered":"","protected":false},"author":4,"featured_media":1711,"parent":2328,"menu_order":0,"comment_status":"closed","ping_status":"closed","template":"","meta":{"_seopress_robots_primary_cat":"","_seopress_titles_title":"","_seopress_titles_desc":"","_seopress_robots_index":"","site-sidebar-layout":"no-sidebar","site-content-layout":"page-builder","ast-site-content-layout":"full-width-container","site-content-style":"default","site-sidebar-style":"default","ast-global-header-display":"","ast-banner-title-visibility":"","ast-main-header-display":"","ast-hfb-above-header-display":"","ast-hfb-below-header-display":"","ast-hfb-mobile-header-display":"","site-post-title":"disabled","ast-breadcrumbs-content":"","ast-featured-img":"disabled","footer-sml-layout":"","theme-transparent-header-meta":"default","adv-header-id-meta":"","stick-header-meta":"","header-above-stick-meta":"","header-main-stick-meta":"","header-below-stick-meta":"","astra-migrate-meta-layouts":"set","ast-page-background-enabled":"default","ast-page-background-meta":{"desktop":{"background-color":"var(--ast-global-color-4)","background-image":"","background-repeat":"repeat","background-position":"center center","background-size":"auto","background-attachment":"scroll","background-type":"","background-media":"","overlay-type":"","overlay-color":"","overlay-opacity":"","overlay-gradient":""},"tablet":{"background-color":"","background-image":"","background-repeat":"repeat","background-position":"center center","background-size":"auto","background-attachment":"scroll","background-type":"","background-media":"","overlay-type":"","overlay-color":"","overlay-opacity":"","overlay-gradient":""},"mobile":{"background-color":"","background-image":"","background-repeat":"repeat","background-position":"center center","background-size":"auto","background-attachment":"scroll","background-type":"","background-media":"","overlay-type":"","overlay-color":"","overlay-opacity":"","overlay-gradient":""}},"ast-content-background-meta":{"desktop":{"background-color":"var(--ast-global-color-5)","background-image":"","background-repeat":"repeat","background-position":"center center","background-size":"auto","background-attachment":"scroll","background-type":"","background-media":"","overlay-type":"","overlay-color":"","overlay-opacity":"","overlay-gradient":""},"tablet":{"background-color":"var(--ast-global-color-5)","background-image":"","background-repeat":"repeat","background-position":"center center","background-size":"auto","background-attachment":"scroll","background-type":"","background-media":"","overlay-type":"","overlay-color":"","overlay-opacity":"","overlay-gradient":""},"mobile":{"background-color":"var(--ast-global-color-5)","background-image":"","background-repeat":"repeat","background-position":"center center","background-size":"auto","background-attachment":"scroll","background-type":"","background-media":"","overlay-type":"","overlay-color":"","overlay-opacity":"","overlay-gradient":""}},"footnotes":""},"class_list":["post-2345","page","type-page","status-publish","has-post-thumbnail","hentry"],"_links":{"self":[{"href":"https:\/\/www.scouts-europe.org\/eclaireuses\/wp-json\/wp\/v2\/pages\/2345","targetHints":{"allow":["GET"]}}],"collection":[{"href":"https:\/\/www.scouts-europe.org\/eclaireuses\/wp-json\/wp\/v2\/pages"}],"about":[{"href":"https:\/\/www.scouts-europe.org\/eclaireuses\/wp-json\/wp\/v2\/types\/page"}],"author":[{"embeddable":true,"href":"https:\/\/www.scouts-europe.org\/eclaireuses\/wp-json\/wp\/v2\/users\/4"}],"replies":[{"embeddable":true,"href":"https:\/\/www.scouts-europe.org\/eclaireuses\/wp-json\/wp\/v2\/comments?post=2345"}],"version-history":[{"count":4,"href":"https:\/\/www.scouts-europe.org\/eclaireuses\/wp-json\/wp\/v2\/pages\/2345\/revisions"}],"predecessor-version":[{"id":2357,"href":"https:\/\/www.scouts-europe.org\/eclaireuses\/wp-json\/wp\/v2\/pages\/2345\/revisions\/2357"}],"up":[{"embeddable":true,"href":"https:\/\/www.scouts-europe.org\/eclaireuses\/wp-json\/wp\/v2\/pages\/2328"}],"wp:featuredmedia":[{"embeddable":true,"href":"https:\/\/www.scouts-europe.org\/eclaireuses\/wp-json\/wp\/v2\/media\/1711"}],"wp:attachment":[{"href":"https:\/\/www.scouts-europe.org\/eclaireuses\/wp-json\/wp\/v2\/media?parent=2345"}],"curies":[{"name":"wp","href":"https:\/\/api.w.org\/{rel}","templated":true}]}}