{"id":277,"date":"2024-03-18T09:33:37","date_gmt":"2024-03-18T08:33:37","guid":{"rendered":"https:\/\/agse.dev.overscan.io\/branche\/?page_id=277"},"modified":"2026-03-21T15:30:36","modified_gmt":"2026-03-21T14:30:36","slug":"etapes-des-formations","status":"publish","type":"page","link":"https:\/\/www.scouts-europe.org\/eclaireuses\/formation\/etapes-des-formations\/","title":{"rendered":"Etapes des formations"},"content":{"rendered":"\t\t<div data-elementor-type=\"wp-page\" data-elementor-id=\"277\" class=\"elementor elementor-277\">\n\t\t\t\t\t\t<section class=\"elementor-section elementor-top-section elementor-element elementor-element-9ec85ef elementor-section-boxed elementor-section-height-default elementor-section-height-default\" data-id=\"9ec85ef\" data-element_type=\"section\" data-e-type=\"section\">\n\t\t\t\t\t\t<div class=\"elementor-container elementor-column-gap-default\">\n\t\t\t\t\t<div class=\"elementor-column elementor-col-100 elementor-top-column elementor-element elementor-element-178e65b\" data-id=\"178e65b\" data-element_type=\"column\" data-e-type=\"column\" data-settings=\"{&quot;background_background&quot;:&quot;classic&quot;}\">\n\t\t\t<div class=\"elementor-widget-wrap elementor-element-populated\">\n\t\t\t\t\t\t<div class=\"elementor-element elementor-element-2a0d354 elementor-widget elementor-widget-spacer\" data-id=\"2a0d354\" data-element_type=\"widget\" data-e-type=\"widget\" data-widget_type=\"spacer.default\">\n\t\t\t\t<div class=\"elementor-widget-container\">\n\t\t\t\t\t\t\t<div class=\"elementor-spacer\">\n\t\t\t<div class=\"elementor-spacer-inner\"><\/div>\n\t\t<\/div>\n\t\t\t\t\t\t<\/div>\n\t\t\t\t<\/div>\n\t\t\t\t<div class=\"elementor-element elementor-element-b043208 elementor-widget elementor-widget-text-editor\" data-id=\"b043208\" data-element_type=\"widget\" data-e-type=\"widget\" data-widget_type=\"text-editor.default\">\n\t\t\t\t<div class=\"elementor-widget-container\">\n\t\t\t\t\t\t\t\t\t<h2><strong>Le WE de formation de base<\/strong><\/h2><p>C\u2019est un week-end organis\u00e9 en g\u00e9n\u00e9ral dans ton district ou ta province, en d\u00e9but d\u2019ann\u00e9e.<\/p><p>Comme son nom l\u2019indique, son but est de te fournir une formation de base, d\u00e8s ta prise de fonction. Cela te permet d\u2019avoir quelques outils et notions indispensables pour bien jouer ton r\u00f4le de cheftaine ou d\u2019assistante d\u00e8s le d\u00e9but de l\u2019ann\u00e9e !<\/p><p>A l\u2019issue de ce week-end,\u00a0<strong>une attestation de capacit\u00e9 t\u2019est d\u00e9livr\u00e9e<\/strong>, indipensable pour pouvoir encadrer des activit\u00e9s de compagnie pendant l\u2019ann\u00e9e en toute conformit\u00e9 \u00e0 ce que demande le minist\u00e8re de la Jeunesse et des Sports.<\/p><h2>Les CEP<\/h2><p>Mais que signifie \u201cCEP\u201d ? Camp Ecole Pr\u00e9paratoire.<\/p><p>C\u2019est donc en tout premier lieu un camp scout. On campe, on vit sous la tente, en patrouille, on cuisine sur le feu de bois, on organise de belles veill\u00e9es\u2026<\/p><p><strong>C\u2019est aussi une semaine de formation<\/strong>\u00a0o\u00f9 tu retrouves d\u2019autres cheftaines, \u201cstagiaires\u201d comme toi, qui viennent\u00a0<strong>approfondir la m\u00e9thode scoute pour mieux servir dans leur unit\u00e9.\u00a0<\/strong>Ces camps sont encadr\u00e9s par des \u201cmestres de camp\u201d, des cheftaines ayant effectu\u00e9 le Shamrog (camp national d\u2019entrainement de la branche \u00e9claireuses) et qui sont donc \u201cfoulard vert\u201d.<\/p><p><strong>On y apprend la m\u00e9thode scoute,<\/strong>\u00a0la \u201cth\u00e9orie\u201d de ce que tu vis sur le terrain,\u00a0mais cette th\u00e9orie reste pratique et concr\u00e8te, appliqu\u00e9e au quotidien, et applicable directement dans ta mission de cheftaine. Bien conna\u00eetre la m\u00e9thode, c\u2019est avoir les bonnes cl\u00e9s en main pour faire fonctionner ta compagnie.<\/p><p>Tu ne te rends pas non plus \u00e0 un CEP pour recevoir des informations \u201ctout cuit dans le bec\u201d :\u00a0<strong>le CEP est un espace de dialogue, d\u2019\u00e9changes, de partage fraternel, o\u00f9 on apprend les unes des autres,<\/strong>\u00a0o\u00f9 l\u2019on peut comparer nos exp\u00e9riences, partager nos difficult\u00e9s, poser nos questions\u2026<\/p><p>Aucune cheftaine ne saurait pr\u00e9tendre se passer de CEP : tout le monde a besoin d\u2019apprendre!<\/p><h3>Il y a deux CEP :<\/h3><ul><li><strong>Le CEP 1er degr\u00e9, destin\u00e9 aux assistantes<\/strong>, on y aborde toutes les notions fondamentales du scoutisme, on voit de mani\u00e8re concr\u00e8te le r\u00f4le de l\u2019assistante, comment aider sa cheftaine, et d\u00e9j\u00e0, comment b\u00e2tir un programme d\u2019ann\u00e9e\u2026<\/li><li><strong>Le CEP 2\u00e8me degr\u00e9, destin\u00e9 aux cheftaines de compagnie<\/strong>, on y approfondit la m\u00e9thode scoute, et on travaille concr\u00e8tement sur le \u201cfameux\u201d dossier de camp, outil indispensable de la cheftaine\u2026<\/li><\/ul><p>A l\u2019issue de chacun des CEP, un dipl\u00f4me t\u2019est d\u00e9livr\u00e9, attestant de ta capacit\u00e9 \u00e0 encadrer des jeunes. Ces dipl\u00f4mes sont n\u00e9cessaires pour organiser des camps, vis-\u00e0-vis du mouvement (formation scoute) mais aussi du Minist\u00e8re de la Jeunesse et des Sports (formation p\u00e9dagogique).<\/p><h2>Le Shamrog<\/h2><p><a href=\"https:\/\/www.scouts-europe.org\/eclaireuses\/shamrog\/\">Le Shamrog<\/a> est le camp national d\u2019entra\u00eenement de la branche \u00e9claireuses, appel\u00e9 parfois 3\u00e8 degr\u00e9 parce qu\u2019il vient apr\u00e8s le 1er et le 2\u00e8me degr\u00e9 (en r\u00e9alit\u00e9, les CEP \u2013 camps \u00e9coles\u00a0<em>pr\u00e9paratoires \u2013<\/em>\u00a0<em>pr\u00e9parent<\/em>\u00a0au Shamrog). Il est destin\u00e9 \u00e0 toutes les cheftaines (ayant d\u00e9j\u00e0 deux degr\u00e9s!) motiv\u00e9es pour s\u2019investir dans le mouvement, au service de la branche \u00e9claireuses. Il permet d\u2019approfondir la p\u00e9dagogie de la branche verte. Il n\u2019est pas r\u00e9serv\u00e9 \u00e0 une \u00e9lite !<\/p>\t\t\t\t\t\t\t\t<\/div>\n\t\t\t\t<\/div>\n\t\t\t\t\t<\/div>\n\t\t<\/div>\n\t\t\t\t\t<\/div>\n\t\t<\/section>\n\t\t\t\t<section class=\"elementor-section elementor-top-section elementor-element elementor-element-5bfc87e elementor-section-boxed elementor-section-height-default elementor-section-height-default\" data-id=\"5bfc87e\" data-element_type=\"section\" data-e-type=\"section\">\n\t\t\t\t\t\t<div class=\"elementor-container elementor-column-gap-default\">\n\t\t\t\t\t<div class=\"elementor-column elementor-col-100 elementor-top-column elementor-element elementor-element-8fda919\" data-id=\"8fda919\" data-element_type=\"column\" data-e-type=\"column\" data-settings=\"{&quot;background_background&quot;:&quot;classic&quot;}\">\n\t\t\t<div class=\"elementor-widget-wrap elementor-element-populated\">\n\t\t\t\t\t\t\t<\/div>\n\t\t<\/div>\n\t\t\t\t\t<\/div>\n\t\t<\/section>\n\t\t\t\t<section class=\"elementor-section elementor-top-section elementor-element elementor-element-a198b55 elementor-section-boxed elementor-section-height-default elementor-section-height-default\" data-id=\"a198b55\" data-element_type=\"section\" data-e-type=\"section\">\n\t\t\t\t\t\t<div class=\"elementor-container elementor-column-gap-default\">\n\t\t\t\t\t<div class=\"elementor-column elementor-col-100 elementor-top-column elementor-element elementor-element-5805b78\" data-id=\"5805b78\" data-element_type=\"column\" data-e-type=\"column\" data-settings=\"{&quot;background_background&quot;:&quot;classic&quot;}\">\n\t\t\t<div class=\"elementor-widget-wrap elementor-element-populated\">\n\t\t\t\t\t\t<div class=\"elementor-element elementor-element-cb0e58a elementor-widget elementor-widget-heading\" data-id=\"cb0e58a\" data-element_type=\"widget\" data-e-type=\"widget\" data-widget_type=\"heading.default\">\n\t\t\t\t<div class=\"elementor-widget-container\">\n\t\t\t\t\t<h2 class=\"elementor-heading-title elementor-size-default\">S'inscrire en CEP<\/h2>\t\t\t\t<\/div>\n\t\t\t\t<\/div>\n\t\t\t\t<div class=\"elementor-element elementor-element-0934f29 elementor-align-center elementor-widget elementor-widget-button\" data-id=\"0934f29\" data-element_type=\"widget\" data-e-type=\"widget\" data-widget_type=\"button.default\">\n\t\t\t\t<div class=\"elementor-widget-container\">\n\t\t\t\t\t\t\t\t\t<div class=\"elementor-button-wrapper\">\n\t\t\t\t\t<a class=\"elementor-button elementor-button-link elementor-size-sm\" href=\"https:\/\/azimuth.scouts-europe.org\/login\" target=\"_blank\">\n\t\t\t\t\t\t<span class=\"elementor-button-content-wrapper\">\n\t\t\t\t\t\t\t\t\t<span class=\"elementor-button-text\">Inscription sur Azimuth<\/span>\n\t\t\t\t\t<\/span>\n\t\t\t\t\t<\/a>\n\t\t\t\t<\/div>\n\t\t\t\t\t\t\t\t<\/div>\n\t\t\t\t<\/div>\n\t\t\t\t<div class=\"elementor-element elementor-element-0b0b5e6 elementor-widget elementor-widget-spacer\" data-id=\"0b0b5e6\" data-element_type=\"widget\" data-e-type=\"widget\" data-widget_type=\"spacer.default\">\n\t\t\t\t<div class=\"elementor-widget-container\">\n\t\t\t\t\t\t\t<div class=\"elementor-spacer\">\n\t\t\t<div class=\"elementor-spacer-inner\"><\/div>\n\t\t<\/div>\n\t\t\t\t\t\t<\/div>\n\t\t\t\t<\/div>\n\t\t\t\t\t<\/div>\n\t\t<\/div>\n\t\t\t\t\t<\/div>\n\t\t<\/section>\n\t\t\t\t<section class=\"elementor-section elementor-top-section elementor-element elementor-element-fa3e996 elementor-section-boxed elementor-section-height-default elementor-section-height-default\" data-id=\"fa3e996\" data-element_type=\"section\" data-e-type=\"section\">\n\t\t\t\t\t\t<div class=\"elementor-container elementor-column-gap-default\">\n\t\t\t\t\t<div class=\"elementor-column elementor-col-100 elementor-top-column elementor-element elementor-element-c08c77d\" data-id=\"c08c77d\" data-element_type=\"column\" data-e-type=\"column\">\n\t\t\t<div class=\"elementor-widget-wrap\">\n\t\t\t\t\t\t\t<\/div>\n\t\t<\/div>\n\t\t\t\t\t<\/div>\n\t\t<\/section>\n\t\t\t\t<\/div>\n\t\t","protected":false},"excerpt":{"rendered":"<p>Le WE de formation de base C\u2019est un week-end organis\u00e9 en g\u00e9n\u00e9ral dans ton district ou ta province, en d\u00e9but d\u2019ann\u00e9e. Comme son nom l\u2019indique, son but est de te fournir une formation de base, d\u00e8s ta prise de fonction. Cela te permet d\u2019avoir quelques outils et notions indispensables pour bien jouer ton r\u00f4le de [&hellip;]<\/p>\n","protected":false},"author":1,"featured_media":1711,"parent":2677,"menu_order":0,"comment_status":"closed","ping_status":"closed","template":"","meta":{"_seopress_robots_primary_cat":"","_seopress_titles_title":"","_seopress_titles_desc":"","_seopress_robots_index":"","site-sidebar-layout":"no-sidebar","site-content-layout":"page-builder","ast-site-content-layout":"full-width-container","site-content-style":"default","site-sidebar-style":"default","ast-global-header-display":"","ast-banner-title-visibility":"","ast-main-header-display":"","ast-hfb-above-header-display":"","ast-hfb-below-header-display":"","ast-hfb-mobile-header-display":"","site-post-title":"disabled","ast-breadcrumbs-content":"","ast-featured-img":"disabled","footer-sml-layout":"","theme-transparent-header-meta":"default","adv-header-id-meta":"","stick-header-meta":"","header-above-stick-meta":"","header-main-stick-meta":"","header-below-stick-meta":"","astra-migrate-meta-layouts":"set","ast-page-background-enabled":"default","ast-page-background-meta":{"desktop":{"background-color":"var(--ast-global-color-4)","background-image":"","background-repeat":"repeat","background-position":"center center","background-size":"auto","background-attachment":"scroll","background-type":"","background-media":"","overlay-type":"","overlay-color":"","overlay-opacity":"","overlay-gradient":""},"tablet":{"background-color":"","background-image":"","background-repeat":"repeat","background-position":"center center","background-size":"auto","background-attachment":"scroll","background-type":"","background-media":"","overlay-type":"","overlay-color":"","overlay-opacity":"","overlay-gradient":""},"mobile":{"background-color":"","background-image":"","background-repeat":"repeat","background-position":"center center","background-size":"auto","background-attachment":"scroll","background-type":"","background-media":"","overlay-type":"","overlay-color":"","overlay-opacity":"","overlay-gradient":""}},"ast-content-background-meta":{"desktop":{"background-color":"var(--ast-global-color-5)","background-image":"","background-repeat":"repeat","background-position":"center center","background-size":"auto","background-attachment":"scroll","background-type":"","background-media":"","overlay-type":"","overlay-color":"","overlay-opacity":"","overlay-gradient":""},"tablet":{"background-color":"var(--ast-global-color-5)","background-image":"","background-repeat":"repeat","background-position":"center center","background-size":"auto","background-attachment":"scroll","background-type":"","background-media":"","overlay-type":"","overlay-color":"","overlay-opacity":"","overlay-gradient":""},"mobile":{"background-color":"var(--ast-global-color-5)","background-image":"","background-repeat":"repeat","background-position":"center center","background-size":"auto","background-attachment":"scroll","background-type":"","background-media":"","overlay-type":"","overlay-color":"","overlay-opacity":"","overlay-gradient":""}},"footnotes":""},"class_list":["post-277","page","type-page","status-publish","has-post-thumbnail","hentry"],"_links":{"self":[{"href":"https:\/\/www.scouts-europe.org\/eclaireuses\/wp-json\/wp\/v2\/pages\/277","targetHints":{"allow":["GET"]}}],"collection":[{"href":"https:\/\/www.scouts-europe.org\/eclaireuses\/wp-json\/wp\/v2\/pages"}],"about":[{"href":"https:\/\/www.scouts-europe.org\/eclaireuses\/wp-json\/wp\/v2\/types\/page"}],"author":[{"embeddable":true,"href":"https:\/\/www.scouts-europe.org\/eclaireuses\/wp-json\/wp\/v2\/users\/1"}],"replies":[{"embeddable":true,"href":"https:\/\/www.scouts-europe.org\/eclaireuses\/wp-json\/wp\/v2\/comments?post=277"}],"version-history":[{"count":15,"href":"https:\/\/www.scouts-europe.org\/eclaireuses\/wp-json\/wp\/v2\/pages\/277\/revisions"}],"predecessor-version":[{"id":3980,"href":"https:\/\/www.scouts-europe.org\/eclaireuses\/wp-json\/wp\/v2\/pages\/277\/revisions\/3980"}],"up":[{"embeddable":true,"href":"https:\/\/www.scouts-europe.org\/eclaireuses\/wp-json\/wp\/v2\/pages\/2677"}],"wp:featuredmedia":[{"embeddable":true,"href":"https:\/\/www.scouts-europe.org\/eclaireuses\/wp-json\/wp\/v2\/media\/1711"}],"wp:attachment":[{"href":"https:\/\/www.scouts-europe.org\/eclaireuses\/wp-json\/wp\/v2\/media?parent=277"}],"curies":[{"name":"wp","href":"https:\/\/api.w.org\/{rel}","templated":true}]}}