{"id":3739,"date":"2025-10-18T16:04:27","date_gmt":"2025-10-18T14:04:27","guid":{"rendered":"https:\/\/www.scouts-europe.org\/eclaireuses\/?page_id=3739"},"modified":"2025-10-20T09:56:20","modified_gmt":"2025-10-20T07:56:20","slug":"defi-phoenix","status":"publish","type":"page","link":"https:\/\/www.scouts-europe.org\/eclaireuses\/pedagogie\/defi-phoenix\/","title":{"rendered":"D\u00e9fi Phoenix"},"content":{"rendered":"\t\t<div data-elementor-type=\"wp-page\" data-elementor-id=\"3739\" class=\"elementor elementor-3739\">\n\t\t\t\t\t\t<section class=\"elementor-section elementor-top-section elementor-element elementor-element-b653970 elementor-section-boxed elementor-section-height-default elementor-section-height-default\" data-id=\"b653970\" data-element_type=\"section\" data-e-type=\"section\">\n\t\t\t\t\t\t<div class=\"elementor-container elementor-column-gap-default\">\n\t\t\t\t\t<div class=\"elementor-column elementor-col-100 elementor-top-column elementor-element elementor-element-d3ec429\" data-id=\"d3ec429\" data-element_type=\"column\" data-e-type=\"column\" data-settings=\"{&quot;background_background&quot;:&quot;classic&quot;}\">\n\t\t\t<div class=\"elementor-widget-wrap elementor-element-populated\">\n\t\t\t\t\t\t<div class=\"elementor-element elementor-element-d7ea98d elementor-widget elementor-widget-text-editor\" data-id=\"d7ea98d\" data-element_type=\"widget\" data-e-type=\"widget\" data-widget_type=\"text-editor.default\">\n\t\t\t\t<div class=\"elementor-widget-container\">\n\t\t\t\t\t\t\t\t\t<p><span style=\"font-weight: 400;\">Ta patrouille ne remplit pas les conditions de la mission Alta\u00efr mais le CDP a d\u00e9cid\u00e9 de faire un projet hors-norme ? Tu as une petite ou jeune patrouille mais vous souhaitez prendre votre envol ? <\/span><\/p><p style=\"text-align: center;\"><strong>Tel un ph\u0153nix, fais de ta faiblesse une force et rejoins le projet Phoenix ! <\/strong><\/p>\t\t\t\t\t\t\t\t<\/div>\n\t\t\t\t<\/div>\n\t\t\t\t<div class=\"elementor-element elementor-element-8cd79a8 elementor-arrows-position-inside elementor-pagination-position-outside elementor-widget elementor-widget-image-carousel\" data-id=\"8cd79a8\" data-element_type=\"widget\" data-e-type=\"widget\" data-settings=\"{&quot;slides_to_show&quot;:&quot;2&quot;,&quot;navigation&quot;:&quot;both&quot;,&quot;autoplay&quot;:&quot;yes&quot;,&quot;pause_on_hover&quot;:&quot;yes&quot;,&quot;pause_on_interaction&quot;:&quot;yes&quot;,&quot;autoplay_speed&quot;:5000,&quot;infinite&quot;:&quot;yes&quot;,&quot;speed&quot;:500,&quot;image_spacing_custom&quot;:{&quot;unit&quot;:&quot;px&quot;,&quot;size&quot;:20,&quot;sizes&quot;:[]},&quot;image_spacing_custom_tablet&quot;:{&quot;unit&quot;:&quot;px&quot;,&quot;size&quot;:&quot;&quot;,&quot;sizes&quot;:[]},&quot;image_spacing_custom_mobile&quot;:{&quot;unit&quot;:&quot;px&quot;,&quot;size&quot;:&quot;&quot;,&quot;sizes&quot;:[]}}\" data-widget_type=\"image-carousel.default\">\n\t\t\t\t<div class=\"elementor-widget-container\">\n\t\t\t\t\t\t\t<div class=\"elementor-image-carousel-wrapper swiper\" role=\"region\" aria-roledescription=\"carousel\" aria-label=\"Carrousel d\u2019images\" dir=\"ltr\">\n\t\t\t<div class=\"elementor-image-carousel swiper-wrapper\" aria-live=\"off\">\n\t\t\t\t\t\t\t\t<div class=\"swiper-slide\" role=\"group\" aria-roledescription=\"slide\" aria-label=\"1 sur 5\"><figure class=\"swiper-slide-inner\"><img decoding=\"async\" class=\"swiper-slide-image\" src=\"https:\/\/www.scouts-europe.org\/eclaireuses\/wp-content\/uploads\/sites\/105\/2025\/10\/Apolline-de-Villemagne-ETN-Photo-3.png\" alt=\"apolline de villemagne etn photo (3)\" \/><\/figure><\/div><div class=\"swiper-slide\" role=\"group\" aria-roledescription=\"slide\" aria-label=\"2 sur 5\"><figure class=\"swiper-slide-inner\"><img decoding=\"async\" class=\"swiper-slide-image\" src=\"https:\/\/www.scouts-europe.org\/eclaireuses\/wp-content\/uploads\/sites\/105\/2025\/10\/Apolline-de-Villemagne-ETN-Photo-2.png\" alt=\"apolline de villemagne etn photo (2)\" \/><\/figure><\/div><div class=\"swiper-slide\" role=\"group\" aria-roledescription=\"slide\" aria-label=\"3 sur 5\"><figure class=\"swiper-slide-inner\"><img decoding=\"async\" class=\"swiper-slide-image\" src=\"https:\/\/www.scouts-europe.org\/eclaireuses\/wp-content\/uploads\/sites\/105\/2025\/10\/Apolline-de-Villemagne-ETN-Photo-6-bis.png\" alt=\"apolline de villemagne etn photo (6) bis\" \/><\/figure><\/div><div class=\"swiper-slide\" role=\"group\" aria-roledescription=\"slide\" aria-label=\"4 sur 5\"><figure class=\"swiper-slide-inner\"><img decoding=\"async\" class=\"swiper-slide-image\" src=\"https:\/\/www.scouts-europe.org\/eclaireuses\/wp-content\/uploads\/sites\/105\/2025\/10\/Apolline-de-Villemagne-ETN-Photo-5-bis.png\" alt=\"apolline de villemagne etn photo (5) bis\" \/><\/figure><\/div><div class=\"swiper-slide\" role=\"group\" aria-roledescription=\"slide\" aria-label=\"5 sur 5\"><figure class=\"swiper-slide-inner\"><img decoding=\"async\" class=\"swiper-slide-image\" src=\"https:\/\/www.scouts-europe.org\/eclaireuses\/wp-content\/uploads\/sites\/105\/2025\/10\/Apolline-de-Villemagne-ETN-Photo-4-bis.png\" alt=\"apolline de villemagne etn photo (4) bis\" \/><\/figure><\/div>\t\t\t<\/div>\n\t\t\t\t\t\t\t\t\t\t\t\t<div class=\"elementor-swiper-button elementor-swiper-button-prev\" role=\"button\" tabindex=\"0\">\n\t\t\t\t\t\t<i aria-hidden=\"true\" class=\"eicon-chevron-left\"><\/i>\t\t\t\t\t<\/div>\n\t\t\t\t\t<div class=\"elementor-swiper-button elementor-swiper-button-next\" role=\"button\" tabindex=\"0\">\n\t\t\t\t\t\t<i aria-hidden=\"true\" class=\"eicon-chevron-right\"><\/i>\t\t\t\t\t<\/div>\n\t\t\t\t\n\t\t\t\t\t\t\t\t\t<div class=\"swiper-pagination\"><\/div>\n\t\t\t\t\t\t\t\t\t<\/div>\n\t\t\t\t\t\t<\/div>\n\t\t\t\t<\/div>\n\t\t\t\t\t<\/div>\n\t\t<\/div>\n\t\t\t\t\t<\/div>\n\t\t<\/section>\n\t\t\t\t<section class=\"elementor-section elementor-top-section elementor-element elementor-element-0fef216 elementor-section-boxed elementor-section-height-default elementor-section-height-default\" data-id=\"0fef216\" data-element_type=\"section\" data-e-type=\"section\">\n\t\t\t\t\t\t<div class=\"elementor-container elementor-column-gap-default\">\n\t\t\t\t\t<div class=\"elementor-column elementor-col-100 elementor-top-column elementor-element elementor-element-f5129ae\" data-id=\"f5129ae\" data-element_type=\"column\" data-e-type=\"column\" data-settings=\"{&quot;background_background&quot;:&quot;classic&quot;}\">\n\t\t\t<div class=\"elementor-widget-wrap elementor-element-populated\">\n\t\t\t\t\t\t<div class=\"elementor-element elementor-element-17101d0 elementor-widget elementor-widget-text-editor\" data-id=\"17101d0\" data-element_type=\"widget\" data-e-type=\"widget\" data-widget_type=\"text-editor.default\">\n\t\t\t\t<div class=\"elementor-widget-container\">\n\t\t\t\t\t\t\t\t\t<p><i><span style=\"font-weight: 400\">Cela s\u2019adresse \u00e0 toutes les patrouilles, peu importe le nombre et le niveau des guides.<\/span><\/i><\/p><p><span style=\"font-weight: 400\">La patrouille choisit en CDP si elle se lance dans l\u2019aventure. L\u2019implication de chaque guide est n\u00e9cessaire pour mener \u00e0 bien le projet Phoenix.<\/span><\/p><p><span style=\"font-weight: 400\">En effet, chaque guide doit aller plus loin dans sa formation et se fixer des objectifs de progression pour l&rsquo;ann\u00e9e qui soient \u00e0 la fois audacieux et atteignables: classes, badges, BM&#8230; Leur r\u00e9ussite conditionne la qualification Phoenix de la patrouille.<\/span><\/p><p><span style=\"text-decoration: underline\"><span style=\"font-weight: 400\">Conditions de d\u00e9part :\u00a0<\/span><\/span><\/p><ul><li style=\"font-weight: 400\"><span style=\"font-weight: 400\">Au moins 1 guide de 1\u00e8re classe.<\/span><\/li><li style=\"font-weight: 400\"><span style=\"font-weight: 400\">Une fiche d\u2019inscription \u00e0 compl\u00e9ter en CDP et faire valider par ta CCie dans le dossier d\u2019ann\u00e9e avant le 31 octobre si une guide de la patrouille est candidate pour Semper Fidelis, et d\u2019ici le 15 novembre pour les autres.<\/span><\/li><\/ul>\t\t\t\t\t\t\t\t<\/div>\n\t\t\t\t<\/div>\n\t\t\t\t\t<\/div>\n\t\t<\/div>\n\t\t\t\t\t<\/div>\n\t\t<\/section>\n\t\t\t\t<section class=\"elementor-section elementor-top-section elementor-element elementor-element-fa41426 elementor-section-boxed elementor-section-height-default elementor-section-height-default\" data-id=\"fa41426\" data-element_type=\"section\" data-e-type=\"section\">\n\t\t\t\t\t\t<div class=\"elementor-container elementor-column-gap-default\">\n\t\t\t\t\t<div class=\"elementor-column elementor-col-50 elementor-top-column elementor-element elementor-element-5f4272c\" data-id=\"5f4272c\" data-element_type=\"column\" data-e-type=\"column\" data-settings=\"{&quot;background_background&quot;:&quot;classic&quot;}\">\n\t\t\t<div class=\"elementor-widget-wrap elementor-element-populated\">\n\t\t\t\t\t\t<div class=\"elementor-element elementor-element-dd2e888 elementor-widget elementor-widget-image\" data-id=\"dd2e888\" data-element_type=\"widget\" data-e-type=\"widget\" data-widget_type=\"image.default\">\n\t\t\t\t<div class=\"elementor-widget-container\">\n\t\t\t\t\t\t\t\t\t\t\t\t\t\t\t<img fetchpriority=\"high\" decoding=\"async\" width=\"1024\" height=\"686\" src=\"https:\/\/www.scouts-europe.org\/eclaireuses\/wp-content\/uploads\/sites\/105\/2025\/06\/Image19-1024x686.png\" class=\"attachment-large size-large wp-image-3501\" alt=\"image19\" srcset=\"https:\/\/www.scouts-europe.org\/eclaireuses\/wp-content\/uploads\/sites\/105\/2025\/06\/Image19-1024x686.png 1024w, https:\/\/www.scouts-europe.org\/eclaireuses\/wp-content\/uploads\/sites\/105\/2025\/06\/Image19-300x201.png 300w, https:\/\/www.scouts-europe.org\/eclaireuses\/wp-content\/uploads\/sites\/105\/2025\/06\/Image19-768x514.png 768w, https:\/\/www.scouts-europe.org\/eclaireuses\/wp-content\/uploads\/sites\/105\/2025\/06\/Image19.png 1135w\" sizes=\"(max-width: 1024px) 100vw, 1024px\" \/>\t\t\t\t\t\t\t\t\t\t\t\t\t\t\t<\/div>\n\t\t\t\t<\/div>\n\t\t\t\t<div class=\"elementor-element elementor-element-c9acd1e elementor-widget elementor-widget-text-editor\" data-id=\"c9acd1e\" data-element_type=\"widget\" data-e-type=\"widget\" data-widget_type=\"text-editor.default\">\n\t\t\t\t<div class=\"elementor-widget-container\">\n\t\t\t\t\t\t\t\t\t<h2><span style=\"font-weight: 400\"><strong>2- Campisme :<\/strong>\u00a0<\/span><\/h2><ul><li style=\"font-weight: 400\"><span style=\"font-weight: 400\">Camper <\/span><span style=\"font-weight: 400\">8 nuits<\/span><span style=\"font-weight: 400\"> sous tente (en patrouille ou en compagnie) r\u00e9parties dans l\u2019ann\u00e9e.<\/span><\/li><\/ul><ul><li style=\"font-weight: 400\"><span style=\"font-weight: 400\">Valider les <a href=\"https:\/\/www.scouts-europe.org\/eclaireuses\/wp-content\/uploads\/sites\/105\/2025\/10\/Altair-Phoenix-Criteres-de-campisme.pdf\">crit\u00e8res de campisme<\/a> autour du feu, de la cuisine, des installations et du campisme.<\/span><\/li><\/ul>\t\t\t\t\t\t\t\t<\/div>\n\t\t\t\t<\/div>\n\t\t\t\t<div class=\"elementor-element elementor-element-1ac69a1 elementor-widget elementor-widget-image\" data-id=\"1ac69a1\" data-element_type=\"widget\" data-e-type=\"widget\" data-widget_type=\"image.default\">\n\t\t\t\t<div class=\"elementor-widget-container\">\n\t\t\t\t\t\t\t\t\t\t\t\t\t\t\t<img decoding=\"async\" width=\"930\" height=\"623\" src=\"https:\/\/www.scouts-europe.org\/eclaireuses\/wp-content\/uploads\/sites\/105\/2025\/06\/Image25.png\" class=\"attachment-large size-large wp-image-3506\" alt=\"image25\" srcset=\"https:\/\/www.scouts-europe.org\/eclaireuses\/wp-content\/uploads\/sites\/105\/2025\/06\/Image25.png 930w, https:\/\/www.scouts-europe.org\/eclaireuses\/wp-content\/uploads\/sites\/105\/2025\/06\/Image25-300x201.png 300w, https:\/\/www.scouts-europe.org\/eclaireuses\/wp-content\/uploads\/sites\/105\/2025\/06\/Image25-768x514.png 768w\" sizes=\"(max-width: 930px) 100vw, 930px\" \/>\t\t\t\t\t\t\t\t\t\t\t\t\t\t\t<\/div>\n\t\t\t\t<\/div>\n\t\t\t\t\t<\/div>\n\t\t<\/div>\n\t\t\t\t<div class=\"elementor-column elementor-col-50 elementor-top-column elementor-element elementor-element-7bc0d44\" data-id=\"7bc0d44\" data-element_type=\"column\" data-e-type=\"column\" data-settings=\"{&quot;background_background&quot;:&quot;classic&quot;}\">\n\t\t\t<div class=\"elementor-widget-wrap elementor-element-populated\">\n\t\t\t\t\t\t<div class=\"elementor-element elementor-element-e80fd94 elementor-widget elementor-widget-text-editor\" data-id=\"e80fd94\" data-element_type=\"widget\" data-e-type=\"widget\" data-widget_type=\"text-editor.default\">\n\t\t\t\t<div class=\"elementor-widget-container\">\n\t\t\t\t\t\t\t\t\t<h2><strong>1- Progression<\/strong><\/h2><ul><li style=\"font-weight: 400\"><span style=\"font-weight: 400\">Obtenir, pour chaque guide, une classe ou badge suppl\u00e9mentaire, selon les objectifs fix\u00e9s<\/span><\/li><li style=\"font-weight: 400\"><span style=\"font-weight: 400\">Les aspirantes prononcent leur promesse avant le camp<\/span><\/li><\/ul><div>\u00a0<\/div><div>\u00a0<\/div>\t\t\t\t\t\t\t\t<\/div>\n\t\t\t\t<\/div>\n\t\t\t\t<div class=\"elementor-element elementor-element-fd7ac13 elementor-widget elementor-widget-image\" data-id=\"fd7ac13\" data-element_type=\"widget\" data-e-type=\"widget\" data-widget_type=\"image.default\">\n\t\t\t\t<div class=\"elementor-widget-container\">\n\t\t\t\t\t\t\t\t\t\t\t\t\t\t\t<img decoding=\"async\" width=\"1024\" height=\"684\" src=\"https:\/\/www.scouts-europe.org\/eclaireuses\/wp-content\/uploads\/sites\/105\/2025\/02\/Design-sans-titre-2025-02-19T121111.955-1024x684.png\" class=\"attachment-large size-large wp-image-2484\" alt=\"design sans titre 2025 02 19t121111.955\" srcset=\"https:\/\/www.scouts-europe.org\/eclaireuses\/wp-content\/uploads\/sites\/105\/2025\/02\/Design-sans-titre-2025-02-19T121111.955-1024x684.png 1024w, https:\/\/www.scouts-europe.org\/eclaireuses\/wp-content\/uploads\/sites\/105\/2025\/02\/Design-sans-titre-2025-02-19T121111.955-300x200.png 300w, https:\/\/www.scouts-europe.org\/eclaireuses\/wp-content\/uploads\/sites\/105\/2025\/02\/Design-sans-titre-2025-02-19T121111.955-768x513.png 768w, https:\/\/www.scouts-europe.org\/eclaireuses\/wp-content\/uploads\/sites\/105\/2025\/02\/Design-sans-titre-2025-02-19T121111.955-1536x1025.png 1536w, https:\/\/www.scouts-europe.org\/eclaireuses\/wp-content\/uploads\/sites\/105\/2025\/02\/Design-sans-titre-2025-02-19T121111.955.png 2048w\" sizes=\"(max-width: 1024px) 100vw, 1024px\" \/>\t\t\t\t\t\t\t\t\t\t\t\t\t\t\t<\/div>\n\t\t\t\t<\/div>\n\t\t\t\t<div class=\"elementor-element elementor-element-5a3836f elementor-widget elementor-widget-text-editor\" data-id=\"5a3836f\" data-element_type=\"widget\" data-e-type=\"widget\" data-widget_type=\"text-editor.default\">\n\t\t\t\t<div class=\"elementor-widget-container\">\n\t\t\t\t\t\t\t\t\t<h2>\u00a0<\/h2><h2><strong>3- D\u00e9fi technique :\u00a0<\/strong><\/h2><ul><li style=\"font-weight: 400\"><span style=\"font-weight: 400\">Travailler 1 ou 2 badge(s) en patrouille en approfondissant une technique d\u2019ann\u00e9e de la compagnie.<\/span><\/li><\/ul><p><i><span style=\"font-weight: 400\">Il est recommand\u00e9 de s\u00e9lectionner un seul badge pour construire un projet Phoenix.<\/span><\/i><\/p><ul><li style=\"font-weight: 400\"><span style=\"font-weight: 400\">R\u00e9aliser un d\u00e9fi technique en lien avec ces badges.<\/span><\/li><\/ul><h2><strong>4- WE missionnaire :\u00a0<\/strong><\/h2><ul><li style=\"font-weight: 400\"><span style=\"font-weight: 400\">Inviter une jeune fille \u00e0 un week-end de patrouille pour lui faire d\u00e9couvrir le scoutisme<\/span><\/li><\/ul>\t\t\t\t\t\t\t\t<\/div>\n\t\t\t\t<\/div>\n\t\t\t\t\t<\/div>\n\t\t<\/div>\n\t\t\t\t\t<\/div>\n\t\t<\/section>\n\t\t\t\t<\/div>\n\t\t","protected":false},"excerpt":{"rendered":"<p>Ta patrouille ne remplit pas les conditions de la mission Alta\u00efr mais le CDP a d\u00e9cid\u00e9 de faire un projet hors-norme ? Tu as une petite ou jeune patrouille mais vous souhaitez prendre votre envol ? Tel un ph\u0153nix, fais de ta faiblesse une force et rejoins le projet Phoenix ! Cela s\u2019adresse \u00e0 toutes [&hellip;]<\/p>\n","protected":false},"author":74,"featured_media":1711,"parent":470,"menu_order":0,"comment_status":"closed","ping_status":"closed","template":"","meta":{"_seopress_robots_primary_cat":"","_seopress_titles_title":"","_seopress_titles_desc":"","_seopress_robots_index":"","site-sidebar-layout":"no-sidebar","site-content-layout":"page-builder","ast-site-content-layout":"full-width-container","site-content-style":"default","site-sidebar-style":"default","ast-global-header-display":"","ast-banner-title-visibility":"","ast-main-header-display":"","ast-hfb-above-header-display":"","ast-hfb-below-header-display":"","ast-hfb-mobile-header-display":"","site-post-title":"disabled","ast-breadcrumbs-content":"","ast-featured-img":"disabled","footer-sml-layout":"","theme-transparent-header-meta":"","adv-header-id-meta":"","stick-header-meta":"","header-above-stick-meta":"","header-main-stick-meta":"","header-below-stick-meta":"","astra-migrate-meta-layouts":"set","ast-page-background-enabled":"default","ast-page-background-meta":{"desktop":{"background-color":"var(--ast-global-color-4)","background-image":"","background-repeat":"repeat","background-position":"center center","background-size":"auto","background-attachment":"scroll","background-type":"","background-media":"","overlay-type":"","overlay-color":"","overlay-opacity":"","overlay-gradient":""},"tablet":{"background-color":"","background-image":"","background-repeat":"repeat","background-position":"center center","background-size":"auto","background-attachment":"scroll","background-type":"","background-media":"","overlay-type":"","overlay-color":"","overlay-opacity":"","overlay-gradient":""},"mobile":{"background-color":"","background-image":"","background-repeat":"repeat","background-position":"center center","background-size":"auto","background-attachment":"scroll","background-type":"","background-media":"","overlay-type":"","overlay-color":"","overlay-opacity":"","overlay-gradient":""}},"ast-content-background-meta":{"desktop":{"background-color":"var(--ast-global-color-5)","background-image":"","background-repeat":"repeat","background-position":"center center","background-size":"auto","background-attachment":"scroll","background-type":"","background-media":"","overlay-type":"","overlay-color":"","overlay-opacity":"","overlay-gradient":""},"tablet":{"background-color":"var(--ast-global-color-5)","background-image":"","background-repeat":"repeat","background-position":"center center","background-size":"auto","background-attachment":"scroll","background-type":"","background-media":"","overlay-type":"","overlay-color":"","overlay-opacity":"","overlay-gradient":""},"mobile":{"background-color":"var(--ast-global-color-5)","background-image":"","background-repeat":"repeat","background-position":"center center","background-size":"auto","background-attachment":"scroll","background-type":"","background-media":"","overlay-type":"","overlay-color":"","overlay-opacity":"","overlay-gradient":""}},"footnotes":""},"class_list":["post-3739","page","type-page","status-publish","has-post-thumbnail","hentry"],"_links":{"self":[{"href":"https:\/\/www.scouts-europe.org\/eclaireuses\/wp-json\/wp\/v2\/pages\/3739","targetHints":{"allow":["GET"]}}],"collection":[{"href":"https:\/\/www.scouts-europe.org\/eclaireuses\/wp-json\/wp\/v2\/pages"}],"about":[{"href":"https:\/\/www.scouts-europe.org\/eclaireuses\/wp-json\/wp\/v2\/types\/page"}],"author":[{"embeddable":true,"href":"https:\/\/www.scouts-europe.org\/eclaireuses\/wp-json\/wp\/v2\/users\/74"}],"replies":[{"embeddable":true,"href":"https:\/\/www.scouts-europe.org\/eclaireuses\/wp-json\/wp\/v2\/comments?post=3739"}],"version-history":[{"count":10,"href":"https:\/\/www.scouts-europe.org\/eclaireuses\/wp-json\/wp\/v2\/pages\/3739\/revisions"}],"predecessor-version":[{"id":3769,"href":"https:\/\/www.scouts-europe.org\/eclaireuses\/wp-json\/wp\/v2\/pages\/3739\/revisions\/3769"}],"up":[{"embeddable":true,"href":"https:\/\/www.scouts-europe.org\/eclaireuses\/wp-json\/wp\/v2\/pages\/470"}],"wp:featuredmedia":[{"embeddable":true,"href":"https:\/\/www.scouts-europe.org\/eclaireuses\/wp-json\/wp\/v2\/media\/1711"}],"wp:attachment":[{"href":"https:\/\/www.scouts-europe.org\/eclaireuses\/wp-json\/wp\/v2\/media?parent=3739"}],"curies":[{"name":"wp","href":"https:\/\/api.w.org\/{rel}","templated":true}]}}