{"id":3904,"date":"2026-02-25T22:38:00","date_gmt":"2026-02-25T21:38:00","guid":{"rendered":"https:\/\/www.scouts-europe.org\/eclaireuses\/?page_id=3904"},"modified":"2026-02-25T22:48:52","modified_gmt":"2026-02-25T21:48:52","slug":"ceremonie-de-remise-2-2","status":"publish","type":"page","link":"https:\/\/www.scouts-europe.org\/eclaireuses\/pour-aller-plus-loin-altair-et-phoenix\/ceremonie-de-remise-2\/ceremonie-de-remise-2-2\/","title":{"rendered":"Le week-end missionnaire"},"content":{"rendered":"\t\t<div data-elementor-type=\"wp-page\" data-elementor-id=\"3904\" class=\"elementor elementor-3904\">\n\t\t\t\t\t\t<section class=\"elementor-section elementor-top-section elementor-element elementor-element-e1131ad elementor-section-boxed elementor-section-height-default elementor-section-height-default\" data-id=\"e1131ad\" data-element_type=\"section\" data-e-type=\"section\">\n\t\t\t\t\t\t<div class=\"elementor-container elementor-column-gap-default\">\n\t\t\t\t\t<div class=\"elementor-column elementor-col-100 elementor-top-column elementor-element elementor-element-5b7edef\" data-id=\"5b7edef\" data-element_type=\"column\" data-e-type=\"column\" data-settings=\"{&quot;background_background&quot;:&quot;classic&quot;}\">\n\t\t\t<div class=\"elementor-widget-wrap elementor-element-populated\">\n\t\t\t\t\t\t<div class=\"elementor-element elementor-element-a583621 elementor-widget elementor-widget-spacer\" data-id=\"a583621\" data-element_type=\"widget\" data-e-type=\"widget\" data-widget_type=\"spacer.default\">\n\t\t\t\t<div class=\"elementor-widget-container\">\n\t\t\t\t\t\t\t<div class=\"elementor-spacer\">\n\t\t\t<div class=\"elementor-spacer-inner\"><\/div>\n\t\t<\/div>\n\t\t\t\t\t\t<\/div>\n\t\t\t\t<\/div>\n\t\t\t\t<div class=\"elementor-element elementor-element-2ee7856 elementor-widget elementor-widget-heading\" data-id=\"2ee7856\" data-element_type=\"widget\" data-e-type=\"widget\" data-widget_type=\"heading.default\">\n\t\t\t\t<div class=\"elementor-widget-container\">\n\t\t\t\t\t<h2 class=\"elementor-heading-title elementor-size-default\">Partager l\u2019aventure guide \u00e0 ton invit\u00e9e \u00e0 travers le WE missionnaire<br><\/h2>\t\t\t\t<\/div>\n\t\t\t\t<\/div>\n\t\t\t\t<div class=\"elementor-element elementor-element-fd255df elementor-widget elementor-widget-text-editor\" data-id=\"fd255df\" data-element_type=\"widget\" data-e-type=\"widget\" data-widget_type=\"text-editor.default\">\n\t\t\t\t<div class=\"elementor-widget-container\">\n\t\t\t\t\t\t\t\t\t<p>Lors du week-end missionnaire, chaque patrouille est invit\u00e9e \u00e0 partager l\u2019aventure guide avec une amie. Une camarade de classe, une voisine, une cousine\u2026 Peu importe ! L\u2019important, c\u2019est de lui faire d\u00e9couvrir ce qui rend la vie guide si unique : la fraternit\u00e9, le go\u00fbt de l\u2019effort, le service et notre Foi.<\/p><p>Partager l\u2019aventure guide, c\u2019est ouvrir son c\u0153ur et dire : \u00ab Viens voir comme on vit, viens go\u00fbter \u00e0 notre joie ! \u00bb<br \/>Et \u00e0 travers les activit\u00e9s du week-end missionnaire, on va vivre chacun des cinq buts du scoutisme.<\/p>\t\t\t\t\t\t\t\t<\/div>\n\t\t\t\t<\/div>\n\t\t\t\t<div class=\"elementor-element elementor-element-b207d70 elementor-widget-divider--view-line elementor-widget elementor-widget-divider\" data-id=\"b207d70\" data-element_type=\"widget\" data-e-type=\"widget\" data-widget_type=\"divider.default\">\n\t\t\t\t<div class=\"elementor-widget-container\">\n\t\t\t\t\t\t\t<div class=\"elementor-divider\">\n\t\t\t<span class=\"elementor-divider-separator\">\n\t\t\t\t\t\t<\/span>\n\t\t<\/div>\n\t\t\t\t\t\t<\/div>\n\t\t\t\t<\/div>\n\t\t\t\t<div class=\"elementor-element elementor-element-2d6a1de elementor-widget elementor-widget-text-editor\" data-id=\"2d6a1de\" data-element_type=\"widget\" data-e-type=\"widget\" data-widget_type=\"text-editor.default\">\n\t\t\t\t<div class=\"elementor-widget-container\">\n\t\t\t\t\t\t\t\t\t<p><i>Envie d\u2019un week-end inoubliable avec ton invit\u00e9e ? Pr\u00e9pare-le en t\u2019appuyant sur les cinq buts du scoutisme, que tu retrouveras dans la fiche de pr\u00e9paration : un bon rep\u00e8re pour que ce week-end soit extraordinaire !<\/i><\/p>\t\t\t\t\t\t\t\t<\/div>\n\t\t\t\t<\/div>\n\t\t\t\t<div class=\"elementor-element elementor-element-1b157bc elementor-widget-divider--view-line elementor-widget elementor-widget-divider\" data-id=\"1b157bc\" data-element_type=\"widget\" data-e-type=\"widget\" data-widget_type=\"divider.default\">\n\t\t\t\t<div class=\"elementor-widget-container\">\n\t\t\t\t\t\t\t<div class=\"elementor-divider\">\n\t\t\t<span class=\"elementor-divider-separator\">\n\t\t\t\t\t\t<\/span>\n\t\t<\/div>\n\t\t\t\t\t\t<\/div>\n\t\t\t\t<\/div>\n\t\t\t\t<div class=\"elementor-element elementor-element-39e655b elementor-widget elementor-widget-heading\" data-id=\"39e655b\" data-element_type=\"widget\" data-e-type=\"widget\" data-widget_type=\"heading.default\">\n\t\t\t\t<div class=\"elementor-widget-container\">\n\t\t\t\t\t<h2 class=\"elementor-heading-title elementor-size-default\">Formation du caract\u00e8re<\/h2>\t\t\t\t<\/div>\n\t\t\t\t<\/div>\n\t\t\t\t<div class=\"elementor-element elementor-element-5e9b9a5 elementor-widget elementor-widget-text-editor\" data-id=\"5e9b9a5\" data-element_type=\"widget\" data-e-type=\"widget\" data-widget_type=\"text-editor.default\">\n\t\t\t\t<div class=\"elementor-widget-container\">\n\t\t\t\t\t\t\t\t\t<p>Inviter une amie, c\u2019est d\u00e9j\u00e0 faire preuve d\u2019audace et de g\u00e9n\u00e9rosit\u00e9 : on ose parler de ce qu\u2019on aime profond\u00e9ment.<br \/>Durant le week-end, ta patrouille et ton invit\u00e9e vont vivre des d\u00e9fis, des jeux, des services\u2026 Des moments o\u00f9 il faut choisir d\u2019aller jusqu\u2019au bout, m\u00eame quand c\u2019est difficile.<br \/><strong>Une id\u00e9e d\u2019activit\u00e9 :<\/strong> une veill\u00e9e (oui, m\u00eame en patrouille !) o\u00f9 tout le monde participe, une randonn\u00e9e aux aurores pour aller admirer un lever de soleil. Car c\u2019est en surmontant les obstacles qu\u2019on d\u00e9couvre la vraie force du caract\u00e8re !<\/p>\t\t\t\t\t\t\t\t<\/div>\n\t\t\t\t<\/div>\n\t\t\t\t<div class=\"elementor-element elementor-element-e1c57a0 elementor-widget elementor-widget-heading\" data-id=\"e1c57a0\" data-element_type=\"widget\" data-e-type=\"widget\" data-widget_type=\"heading.default\">\n\t\t\t\t<div class=\"elementor-widget-container\">\n\t\t\t\t\t<h2 class=\"elementor-heading-title elementor-size-default\">D\u00e9velopper le sens du concret<\/h2>\t\t\t\t<\/div>\n\t\t\t\t<\/div>\n\t\t\t\t<div class=\"elementor-element elementor-element-04a990e elementor-widget elementor-widget-text-editor\" data-id=\"04a990e\" data-element_type=\"widget\" data-e-type=\"widget\" data-widget_type=\"text-editor.default\">\n\t\t\t\t<div class=\"elementor-widget-container\">\n\t\t\t\t\t\t\t\t\t<p>La vie guide, c\u2019est l\u2019\u00e9cole des bois. On apprend \u00e0 faire, \u00e0 construire, \u00e0 oser se tromper et recommencer.<br \/>Et \u00e7a, une invit\u00e9e le comprend vite en voyant le campement s\u2019installer, la vaisselle s\u2019organiser, ou le feu s\u2019allumer.<br \/><strong>Activit\u00e9 propos\u00e9e :<\/strong> un petit atelier ou un jeu concret, comme fabriquer un tr\u00e9pied, une aire de veill\u00e9e, ou pr\u00e9parer un go\u00fbter au feu de bois.<br \/>Ce que ton invit\u00e9e retiendra, c\u2019est que la guide met la main \u00e0 la p\u00e2te et trouve de la joie \u00e0 faire du beau, du solide en installant, par exemple, un bivouac de qualit\u00e9.<\/p>\t\t\t\t\t\t\t\t<\/div>\n\t\t\t\t<\/div>\n\t\t\t\t<div class=\"elementor-element elementor-element-dd07415 elementor-widget elementor-widget-heading\" data-id=\"dd07415\" data-element_type=\"widget\" data-e-type=\"widget\" data-widget_type=\"heading.default\">\n\t\t\t\t<div class=\"elementor-widget-container\">\n\t\t\t\t\t<h2 class=\"elementor-heading-title elementor-size-default\">Former \u00e0 la sant\u00e9<\/h2>\t\t\t\t<\/div>\n\t\t\t\t<\/div>\n\t\t\t\t<div class=\"elementor-element elementor-element-2b19ee4 elementor-widget elementor-widget-text-editor\" data-id=\"2b19ee4\" data-element_type=\"widget\" data-e-type=\"widget\" data-widget_type=\"text-editor.default\">\n\t\t\t\t<div class=\"elementor-widget-container\">\n\t\t\t\t\t\t\t\t\t<p>La vie guide, c\u2019est une vie saine, joyeuse et active !<br \/>Pendant le week-end missionnaire, ton invit\u00e9e d\u00e9couvre combien le corps est un alli\u00e9 : courir, grimper, rire, chanter, se d\u00e9passer\u2026 tout cela fait du bien !<br \/><strong>Une activit\u00e9 possible :<\/strong> un parcours h\u00e9bert avec des \u00e9preuves sportives et d\u2019agilit\u00e9, o\u00f9 chaque fille doit encourager les autres \u00e0 donner le meilleur d\u2019elle-m\u00eame.<br \/>Mais la sant\u00e9, ce n\u2019est pas seulement les muscles : c\u2019est aussi le moral. Les guides savent garder le sourire m\u00eame sous la pluie, partager un fou rire, et transformer la fatigue en joie. Voil\u00e0 un bel id\u00e9al \u00e0 transmettre !<\/p>\t\t\t\t\t\t\t\t<\/div>\n\t\t\t\t<\/div>\n\t\t\t\t<div class=\"elementor-element elementor-element-347ec57 elementor-widget elementor-widget-heading\" data-id=\"347ec57\" data-element_type=\"widget\" data-e-type=\"widget\" data-widget_type=\"heading.default\">\n\t\t\t\t<div class=\"elementor-widget-container\">\n\t\t\t\t\t<h2 class=\"elementor-heading-title elementor-size-default\">Se mettre au service<\/h2>\t\t\t\t<\/div>\n\t\t\t\t<\/div>\n\t\t\t\t<div class=\"elementor-element elementor-element-e16d0bd elementor-widget elementor-widget-text-editor\" data-id=\"e16d0bd\" data-element_type=\"widget\" data-e-type=\"widget\" data-widget_type=\"text-editor.default\">\n\t\t\t\t<div class=\"elementor-widget-container\">\n\t\t\t\t\t\t\t\t\t<p>\u00ab La guide est faite pour servir et sauver son prochain. \u00bb<br \/>Pendant ce week-end, pourquoi ne pas vivre ensemble un petit service concret ?<br \/>Entretenir un coin de for\u00eat ou de jardin, aider \u00e0 la paroisse pour faire la qu\u00eate, lire une lecture, et pourquoi pas animer la messe ! Peu importe la forme, l\u2019essentiel est d\u2019apprendre \u00e0 donner gratuitement.<br \/>Ton invit\u00e9e d\u00e9couvrira que le scoutisme, ce n\u2019est pas seulement s\u2019amuser : c\u2019est se rendre utile, ensemble, dans la bonne humeur.<\/p>\t\t\t\t\t\t\t\t<\/div>\n\t\t\t\t<\/div>\n\t\t\t\t<div class=\"elementor-element elementor-element-a124016 elementor-widget elementor-widget-heading\" data-id=\"a124016\" data-element_type=\"widget\" data-e-type=\"widget\" data-widget_type=\"heading.default\">\n\t\t\t\t<div class=\"elementor-widget-container\">\n\t\t\t\t\t<h2 class=\"elementor-heading-title elementor-size-default\">Le sens de Dieu<\/h2>\t\t\t\t<\/div>\n\t\t\t\t<\/div>\n\t\t\t\t<div class=\"elementor-element elementor-element-cf254d6 elementor-widget elementor-widget-text-editor\" data-id=\"cf254d6\" data-element_type=\"widget\" data-e-type=\"widget\" data-widget_type=\"text-editor.default\">\n\t\t\t\t<div class=\"elementor-widget-container\">\n\t\t\t\t\t\t\t\t\t<p>Enfin, tout ce que nous vivons prend sens en Dieu.<br \/>Dans la pri\u00e8re du matin, le chant du soir, la veill\u00e9e autour du feu, on Lui confie nos joies et nos peines.<br \/><strong>Une activit\u00e9 simple et belle<\/strong> : un temps de pri\u00e8re ou un moment de partage o\u00f9 chacune peut confier une intention ou remercier pour un moment qui l\u2019a touch\u00e9e. Vous pouvez \u00e9galement r\u00e9aliser des croix en froissartage pour les coins de pri\u00e8res des guides ou \u00e9crire une pri\u00e8re sp\u00e9cialement \u00e0 l\u2019occasion de ce week-end.<br \/>Ainsi, ton invit\u00e9e verra que la vie guide est d\u2019abord une \u00e9cole de confiance et d\u2019abandon.<\/p>\t\t\t\t\t\t\t\t<\/div>\n\t\t\t\t<\/div>\n\t\t\t\t<div class=\"elementor-element elementor-element-9303501 elementor-widget elementor-widget-text-editor\" data-id=\"9303501\" data-element_type=\"widget\" data-e-type=\"widget\" data-widget_type=\"text-editor.default\">\n\t\t\t\t<div class=\"elementor-widget-container\">\n\t\t\t\t\t\t\t\t\t<p><b>Quelques conseils pour bien accueillir\u00a0<\/b><\/p><ul><li>Accueillir une invit\u00e9e, c\u2019est tout un art : celui de faire entrer quelqu\u2019un dans une aventure qui nous d\u00e9passe et que l\u2019on aime profond\u00e9ment. Pour que ton invit\u00e9e se sente attendue d\u00e8s le premier instant, quelques rep\u00e8res peuvent aider.<\/li><li>Avant le week-end, pr\u00e9pare une belle invitation, soign\u00e9e, qui lui explique ce qu\u2019elle doit apporter : c\u2019est une premi\u00e8re fa\u00e7on de lui dire \u201ctu comptes pour nous\u201d. Tu peux aussi l\u2019aider \u00e0 faire son sac, ou demander une guide volontaire pour l&rsquo;accompagner : ce petit geste rassure beaucoup lorsqu\u2019on d\u00e9couvre les guides pour la premi\u00e8re fois.<\/li><li>Si votre week-end comporte des codes, du morse ou des techniques particuli\u00e8res, pense \u00e0 pr\u00e9parer pour elle un petit m\u00e9mo clair. C\u2019est une attention qui montre que vous avez pens\u00e9 \u00e0 elle et que vous voulez vraiment qu\u2019elle puisse participer pleinement.<\/li><li>Et puis, n\u2019h\u00e9site pas \u00e0 te renseigner sur ce qui la fait vibrer : une passion, un talent. Int\u00e9grez-le dans un jeu, dans une veill\u00e9e, dans un d\u00e9fi : cela transforme le week-end en une aventure o\u00f9 elle a un r\u00f4le \u00e0 jouer.\u00a0<\/li><li>Enfin, pour la faire r\u00eaver, imagine un Grand Jeu digne des plus belles histoires, avec un th\u00e8me mis en sc\u00e8ne sur tout le week-end, comme un fil rouge qui relie chaque activit\u00e9.<\/li><li>Et surtout n\u2019attendez pas les beaux jours d\u2019avril pour vivre un tel moment : d\u00e8s que la candidature est valid\u00e9e, invitez-la. Pas besoin du soleil pour \u00eatre \u00e9merveill\u00e9e !<\/li><\/ul>\t\t\t\t\t\t\t\t<\/div>\n\t\t\t\t<\/div>\n\t\t\t\t<div class=\"elementor-element elementor-element-63b3356 elementor-widget elementor-widget-text-editor\" data-id=\"63b3356\" data-element_type=\"widget\" data-e-type=\"widget\" data-widget_type=\"text-editor.default\">\n\t\t\t\t<div class=\"elementor-widget-container\">\n\t\t\t\t\t\t\t\t\t<p><b>Rappels\u00a0<\/b><\/p><p>Ce week-end missionnaire se vit en patrouille et non en compagnie pour que vous puissiez cr\u00e9er un week-end sur mesure pour votre invit\u00e9e.<\/p><p>Il est demand\u00e9 d\u2019inviter une seule amie afin de lui r\u00e9server votre meilleur accueil rien que pour elle.\u00a0<\/p><p>\u00a0<\/p><p><i>Partager l\u2019aventure guide \u00e0 ton invit\u00e9e, c\u2019est lui offrir bien plus qu\u2019un week-end : c\u2019est lui\u00a0 donner un avant-go\u00fbt d\u2019une vie simple, joyeuse et vraie.<\/i><i><br \/><\/i><i>Une vie o\u00f9 l\u2019on apprend \u00e0 grandir, \u00e0 servir, \u00e0 aimer et \u00e0 croire.<\/i><\/p><p><i>Alors, pour ce week-end missionnaire, n\u2019aie pas peur d\u2019oser. Invite, accueille et fais \u00a0 d\u00e9couvrir.<\/i><i><br \/><\/i><i>Et qui sait ? Peut-\u00eatre que ton invit\u00e9e repartira avec une \u00e9toile dans les yeux\u2026 et l\u2019envie\u00a0 de devenir guide \u00e0 son tour.<\/i><\/p><p><br \/><br \/><\/p>\t\t\t\t\t\t\t\t<\/div>\n\t\t\t\t<\/div>\n\t\t\t\t\t<\/div>\n\t\t<\/div>\n\t\t\t\t\t<\/div>\n\t\t<\/section>\n\t\t\t\t<\/div>\n\t\t","protected":false},"excerpt":{"rendered":"<p>Partager l\u2019aventure guide \u00e0 ton invit\u00e9e \u00e0 travers le WE missionnaire Lors du week-end missionnaire, chaque patrouille est invit\u00e9e \u00e0 partager l\u2019aventure guide avec une amie. Une camarade de classe, une voisine, une cousine\u2026 Peu importe ! L\u2019important, c\u2019est de lui faire d\u00e9couvrir ce qui rend la vie guide si unique : la fraternit\u00e9, le [&hellip;]<\/p>\n","protected":false},"author":83,"featured_media":1707,"parent":3899,"menu_order":0,"comment_status":"closed","ping_status":"closed","template":"","meta":{"_seopress_robots_primary_cat":"","_seopress_titles_title":"","_seopress_titles_desc":"","_seopress_robots_index":"","site-sidebar-layout":"no-sidebar","site-content-layout":"page-builder","ast-site-content-layout":"full-width-container","site-content-style":"default","site-sidebar-style":"default","ast-global-header-display":"","ast-banner-title-visibility":"","ast-main-header-display":"","ast-hfb-above-header-display":"","ast-hfb-below-header-display":"","ast-hfb-mobile-header-display":"","site-post-title":"disabled","ast-breadcrumbs-content":"","ast-featured-img":"disabled","footer-sml-layout":"","theme-transparent-header-meta":"","adv-header-id-meta":"","stick-header-meta":"","header-above-stick-meta":"","header-main-stick-meta":"","header-below-stick-meta":"","astra-migrate-meta-layouts":"set","ast-page-background-enabled":"default","ast-page-background-meta":{"desktop":{"background-color":"var(--ast-global-color-4)","background-image":"","background-repeat":"repeat","background-position":"center center","background-size":"auto","background-attachment":"scroll","background-type":"","background-media":"","overlay-type":"","overlay-color":"","overlay-opacity":"","overlay-gradient":""},"tablet":{"background-color":"","background-image":"","background-repeat":"repeat","background-position":"center center","background-size":"auto","background-attachment":"scroll","background-type":"","background-media":"","overlay-type":"","overlay-color":"","overlay-opacity":"","overlay-gradient":""},"mobile":{"background-color":"","background-image":"","background-repeat":"repeat","background-position":"center center","background-size":"auto","background-attachment":"scroll","background-type":"","background-media":"","overlay-type":"","overlay-color":"","overlay-opacity":"","overlay-gradient":""}},"ast-content-background-meta":{"desktop":{"background-color":"var(--ast-global-color-5)","background-image":"","background-repeat":"repeat","background-position":"center center","background-size":"auto","background-attachment":"scroll","background-type":"","background-media":"","overlay-type":"","overlay-color":"","overlay-opacity":"","overlay-gradient":""},"tablet":{"background-color":"var(--ast-global-color-5)","background-image":"","background-repeat":"repeat","background-position":"center center","background-size":"auto","background-attachment":"scroll","background-type":"","background-media":"","overlay-type":"","overlay-color":"","overlay-opacity":"","overlay-gradient":""},"mobile":{"background-color":"var(--ast-global-color-5)","background-image":"","background-repeat":"repeat","background-position":"center center","background-size":"auto","background-attachment":"scroll","background-type":"","background-media":"","overlay-type":"","overlay-color":"","overlay-opacity":"","overlay-gradient":""}},"footnotes":""},"class_list":["post-3904","page","type-page","status-publish","has-post-thumbnail","hentry"],"_links":{"self":[{"href":"https:\/\/www.scouts-europe.org\/eclaireuses\/wp-json\/wp\/v2\/pages\/3904","targetHints":{"allow":["GET"]}}],"collection":[{"href":"https:\/\/www.scouts-europe.org\/eclaireuses\/wp-json\/wp\/v2\/pages"}],"about":[{"href":"https:\/\/www.scouts-europe.org\/eclaireuses\/wp-json\/wp\/v2\/types\/page"}],"author":[{"embeddable":true,"href":"https:\/\/www.scouts-europe.org\/eclaireuses\/wp-json\/wp\/v2\/users\/83"}],"replies":[{"embeddable":true,"href":"https:\/\/www.scouts-europe.org\/eclaireuses\/wp-json\/wp\/v2\/comments?post=3904"}],"version-history":[{"count":4,"href":"https:\/\/www.scouts-europe.org\/eclaireuses\/wp-json\/wp\/v2\/pages\/3904\/revisions"}],"predecessor-version":[{"id":3908,"href":"https:\/\/www.scouts-europe.org\/eclaireuses\/wp-json\/wp\/v2\/pages\/3904\/revisions\/3908"}],"up":[{"embeddable":true,"href":"https:\/\/www.scouts-europe.org\/eclaireuses\/wp-json\/wp\/v2\/pages\/3899"}],"wp:featuredmedia":[{"embeddable":true,"href":"https:\/\/www.scouts-europe.org\/eclaireuses\/wp-json\/wp\/v2\/media\/1707"}],"wp:attachment":[{"href":"https:\/\/www.scouts-europe.org\/eclaireuses\/wp-json\/wp\/v2\/media?parent=3904"}],"curies":[{"name":"wp","href":"https:\/\/api.w.org\/{rel}","templated":true}]}}