{"id":3915,"date":"2026-02-26T08:46:37","date_gmt":"2026-02-26T07:46:37","guid":{"rendered":"https:\/\/www.scouts-europe.org\/eclaireuses\/?page_id=3915"},"modified":"2026-02-26T08:51:36","modified_gmt":"2026-02-26T07:51:36","slug":"comment-s-inscrire","status":"publish","type":"page","link":"https:\/\/www.scouts-europe.org\/eclaireuses\/pour-aller-plus-loin-altair-et-phoenix\/ceremonie-de-remise-2\/comment-s-inscrire\/","title":{"rendered":"Comment s&rsquo;inscrire ?"},"content":{"rendered":"\t\t<div data-elementor-type=\"wp-page\" data-elementor-id=\"3915\" class=\"elementor elementor-3915\">\n\t\t\t\t\t\t<section class=\"elementor-section elementor-top-section elementor-element elementor-element-9941653 elementor-section-boxed elementor-section-height-default elementor-section-height-default\" data-id=\"9941653\" data-element_type=\"section\" data-e-type=\"section\">\n\t\t\t\t\t\t<div class=\"elementor-container elementor-column-gap-default\">\n\t\t\t\t\t<div class=\"elementor-column elementor-col-100 elementor-top-column elementor-element elementor-element-a1566a8\" data-id=\"a1566a8\" data-element_type=\"column\" data-e-type=\"column\" data-settings=\"{&quot;background_background&quot;:&quot;classic&quot;}\">\n\t\t\t<div class=\"elementor-widget-wrap elementor-element-populated\">\n\t\t\t\t\t\t<div class=\"elementor-element elementor-element-526a7ad elementor-widget elementor-widget-spacer\" data-id=\"526a7ad\" data-element_type=\"widget\" data-e-type=\"widget\" data-widget_type=\"spacer.default\">\n\t\t\t\t<div class=\"elementor-widget-container\">\n\t\t\t\t\t\t\t<div class=\"elementor-spacer\">\n\t\t\t<div class=\"elementor-spacer-inner\"><\/div>\n\t\t<\/div>\n\t\t\t\t\t\t<\/div>\n\t\t\t\t<\/div>\n\t\t\t\t<div class=\"elementor-element elementor-element-a422e8e elementor-widget elementor-widget-text-editor\" data-id=\"a422e8e\" data-element_type=\"widget\" data-e-type=\"widget\" data-widget_type=\"text-editor.default\">\n\t\t\t\t<div class=\"elementor-widget-container\">\n\t\t\t\t\t\t\t\t\t<p>Lance-toi dans l\u2019aventure en compl\u00e9tant en patrouille la fiche ci-dessous :<\/p>\n<ul>\n<li>Fiche de pr\u00e9paration pour Mission Alta\u00efr: <a href=\"https:\/\/sycomore.scouts-europe.org\/Import\/2025724_15282_Fiche%20CP%20-%20Mission%20Alta%c3%afr.pdf\">lien Sycomore <\/a><\/li>\n<li>Fiche de pr\u00e9paration pour Projet Phoenix: <a href=\"https:\/\/sycomore.scouts-europe.org\/Import\/2025724_152840_Fiche%20CP%20-%20Projet%20Phoenix.pdf\">lien Sycomore<\/a>\u00a0<\/li>\n<\/ul>\n<p>\u00a0<\/p>\n<p><i>\ud83d\udc49 Va consulter l\u2019article <a href=\"https:\/\/www.scouts-europe.org\/eclaireuses\/pour-aller-plus-loin-altair-et-phoenix\/ceremonie-de-remise-2\/remplir-un-dossier-dinscription\/\">\u201cConseils pour remplir la fiche de pr\u00e9paration\u201d <\/a><\/i><i>\u00a0<\/i><i>pour aider la patrouille \u00e0 compl\u00e9ter la fiche.\u00a0<\/i><\/p>\n<p>D\u00e8s que vous choisissez de vous lancer dans ce projet, et au plus tard, le 25 octobre, ta CCie cr\u00e9e votre dossier Alta\u00efr ou Phoenix depuis l\u2019onglet \u201cMon ann\u00e9e\u201d du dossier de compagnie.<\/p>\n<p>Apr\u00e8s relecture avec ta cheftaine de compagnie (CCie) et validation par la CdH, la fiche de pr\u00e9paration est \u00e0 retranscrire par ta CCie directement sur le dossier d\u2019ann\u00e9e de la compagnie avant le 15 novembre (31 octobre si une guide de ta patrouille fait Semper Fidelis).\u00a0<\/p>\t\t\t\t\t\t\t\t<\/div>\n\t\t\t\t<\/div>\n\t\t\t\t\t<\/div>\n\t\t<\/div>\n\t\t\t\t\t<\/div>\n\t\t<\/section>\n\t\t\t\t<section class=\"elementor-section elementor-top-section elementor-element elementor-element-58b9db2 elementor-section-boxed elementor-section-height-default elementor-section-height-default\" data-id=\"58b9db2\" data-element_type=\"section\" data-e-type=\"section\">\n\t\t\t\t\t\t<div class=\"elementor-container elementor-column-gap-default\">\n\t\t\t\t\t<div class=\"elementor-column elementor-col-100 elementor-top-column elementor-element elementor-element-4ae4f68\" data-id=\"4ae4f68\" data-element_type=\"column\" data-e-type=\"column\" data-settings=\"{&quot;background_background&quot;:&quot;classic&quot;}\">\n\t\t\t<div class=\"elementor-widget-wrap elementor-element-populated\">\n\t\t\t\t\t\t<div class=\"elementor-element elementor-element-eced677 elementor-widget elementor-widget-spacer\" data-id=\"eced677\" data-element_type=\"widget\" data-e-type=\"widget\" data-widget_type=\"spacer.default\">\n\t\t\t\t<div class=\"elementor-widget-container\">\n\t\t\t\t\t\t\t<div class=\"elementor-spacer\">\n\t\t\t<div class=\"elementor-spacer-inner\"><\/div>\n\t\t<\/div>\n\t\t\t\t\t\t<\/div>\n\t\t\t\t<\/div>\n\t\t\t\t<div class=\"elementor-element elementor-element-a82e70c elementor-widget elementor-widget-heading\" data-id=\"a82e70c\" data-element_type=\"widget\" data-e-type=\"widget\" data-widget_type=\"heading.default\">\n\t\t\t\t<div class=\"elementor-widget-container\">\n\t\t\t\t\t<h2 class=\"elementor-heading-title elementor-size-default\">Validation de votre candidature<\/h2>\t\t\t\t<\/div>\n\t\t\t\t<\/div>\n\t\t\t\t<div class=\"elementor-element elementor-element-43bff85 elementor-widget elementor-widget-text-editor\" data-id=\"43bff85\" data-element_type=\"widget\" data-e-type=\"widget\" data-widget_type=\"text-editor.default\">\n\t\t\t\t<div class=\"elementor-widget-container\">\n\t\t\t\t\t\t\t\t\t<p>Ton dossier est relu d\u2019ici d\u00e9cembre par un membre de l\u2019\u00e9quipe Alta\u00efr\/Phoenix, qui peut \u00e9ventuellement te demander de pr\u00e9ciser le dossier ou de changer certains points pr\u00e9vus dans votre mission.<\/p>\n<p>Tu as alors <b>15 jours maximum<\/b> pour reprendre les \u00e9l\u00e9ments demand\u00e9s avant de nous renvoyer le dossier pour une seconde relecture.<\/p>\n<p>Une fois le projet complet et approuv\u00e9, tu re\u00e7ois un mail de validation de votre candidature \u00e0 Phoenix ou \u00e0 Alta\u00efr. Vous \u00eates officiellement enregistr\u00e9es.<\/p>\n<p>Pour les patrouilles candidates \u00e0 Mission Alta\u00efr, vous \u00eates invit\u00e9es \u00e0 commander votre <a href=\"https:\/\/www.carrick.fr\/insignes\/guides-et-scouts-d-europe\/insignes-de-base\/5052-insigne-mission-altair-3486380116000.html\">insigne tiss\u00e9 \u201cMission Alta\u00efr\u201d<\/a>\u00a0 pour chaque guide de la patrouille sur le site de Carrick. Cet insigne est \u00e0 coudre au-dessus de la bande Guides d\u2019Europe, \u00e0 c\u00f4t\u00e9 des PA. Vous pouvez le porter jusqu\u2019\u00e0 la qualification Patrouille Alta\u00efr, ou au plus tard, jusqu\u2019\u00e0 la fin du camp d\u2019\u00e9t\u00e9.<\/p>\n<p>Garde pr\u00e9cieusement la fiche de pr\u00e9paration pour pouvoir facilement suivre l\u2019avancement de la patrouille tout au long de l\u2019ann\u00e9e lors de vos activit\u00e9s guides.\u00a0<\/p>\n<p>Attention : Attends bien la validation de ton dossier avant de r\u00e9aliser ton d\u00e9fi technique et ton WE missionnaire ! L\u2019\u00e9quipe Alta\u00efr\/Phoenix s\u2019engage \u00e0 valider tout projet complet et audacieux au plus tard d\u00e9but janvier \u263a\ufe0f<\/p>\n<p>Puis, la mission avance et ta cheftaine peut valider chaque \u00e9tape sur votre fiche de pr\u00e9paration au format papier et \u00e9galement sur le dossier d\u2019ann\u00e9e.<\/p>\t\t\t\t\t\t\t\t<\/div>\n\t\t\t\t<\/div>\n\t\t\t\t\t<\/div>\n\t\t<\/div>\n\t\t\t\t\t<\/div>\n\t\t<\/section>\n\t\t\t\t<section class=\"elementor-section elementor-top-section elementor-element elementor-element-efdf8c6 elementor-section-boxed elementor-section-height-default elementor-section-height-default\" data-id=\"efdf8c6\" data-element_type=\"section\" data-e-type=\"section\">\n\t\t\t\t\t\t<div class=\"elementor-container elementor-column-gap-default\">\n\t\t\t\t\t<div class=\"elementor-column elementor-col-100 elementor-top-column elementor-element elementor-element-9122f9c\" data-id=\"9122f9c\" data-element_type=\"column\" data-e-type=\"column\" data-settings=\"{&quot;background_background&quot;:&quot;classic&quot;}\">\n\t\t\t<div class=\"elementor-widget-wrap elementor-element-populated\">\n\t\t\t\t\t\t<div class=\"elementor-element elementor-element-b826bd8 elementor-widget elementor-widget-spacer\" data-id=\"b826bd8\" data-element_type=\"widget\" data-e-type=\"widget\" data-widget_type=\"spacer.default\">\n\t\t\t\t<div class=\"elementor-widget-container\">\n\t\t\t\t\t\t\t<div class=\"elementor-spacer\">\n\t\t\t<div class=\"elementor-spacer-inner\"><\/div>\n\t\t<\/div>\n\t\t\t\t\t\t<\/div>\n\t\t\t\t<\/div>\n\t\t\t\t<div class=\"elementor-element elementor-element-2b19fe0 elementor-widget elementor-widget-heading\" data-id=\"2b19fe0\" data-element_type=\"widget\" data-e-type=\"widget\" data-widget_type=\"heading.default\">\n\t\t\t\t<div class=\"elementor-widget-container\">\n\t\t\t\t\t<h2 class=\"elementor-heading-title elementor-size-default\">Qualification de la patrouille<\/h2>\t\t\t\t<\/div>\n\t\t\t\t<\/div>\n\t\t\t\t<div class=\"elementor-element elementor-element-2b39eb7 elementor-widget elementor-widget-text-editor\" data-id=\"2b39eb7\" data-element_type=\"widget\" data-e-type=\"widget\" data-widget_type=\"text-editor.default\">\n\t\t\t\t<div class=\"elementor-widget-container\">\n\t\t\t\t\t\t\t\t\t<p>D\u00e9but juin, ta cheftaine recevra un mail de rappel pour valider la qualification de la patrouille en patrouille Alta\u00efr ou patrouille Phoenix.\u00a0<\/p>\n<p>Elle peut valider votre qualification dans deux cas:<\/p>\n<ul>\n<li>Les 4 axes sont r\u00e9alis\u00e9s et valid\u00e9s par la CCie et la CdH.<\/li>\n<li>Le projet est en bonne voie et sera termin\u00e9 d\u2019ici le camp.<\/li>\n<\/ul>\n<p>Cette \u00e9tape se valide sur le dossier en ligne et g\u00e9n\u00e8re automatiquement le questionnaire pour la commande des brevets Phoenix ou insignes Alta\u00efr, \u00e0 renvoyer avant la fin du mois.\u00a0<\/p>\n<p>Les insignes et le c\u00e9r\u00e9monial de remise des insignes lui seront adress\u00e9s directement \u00e0 l\u2019adresse postale souhait\u00e9e (lieu de camp ou autre).<\/p>\n<p>Quand tous les objectifs sont atteints (progression, campisme, d\u00e9fi technique et mission), la Cour d\u2019Honneur se r\u00e9unit afin de donner son avis final et faire signer officiellement tous les membres.<\/p>\n<p>Ta cheftaine vous remettra officiellement au camp d\u2019\u00e9t\u00e9 lors d\u2019un rassemblement un flot \u201cProjet Phoenix\u201d ou \u201cMission Alta\u00efr\u201d qui spe\u0301cifie la technique travaille\u0301e, si le projet est valide\u0301 par la CDH. Tu es invit\u00e9e \u00e0 mettre sur ce flot ton insigne m\u00e9tallique Alta\u00efr ou l\u2019insigne brod\u00e9 Phoenix.<\/p>\t\t\t\t\t\t\t\t<\/div>\n\t\t\t\t<\/div>\n\t\t\t\t\t<\/div>\n\t\t<\/div>\n\t\t\t\t\t<\/div>\n\t\t<\/section>\n\t\t\t\t<section class=\"elementor-section elementor-top-section elementor-element elementor-element-636224a elementor-section-boxed elementor-section-height-default elementor-section-height-default\" data-id=\"636224a\" data-element_type=\"section\" data-e-type=\"section\">\n\t\t\t\t\t\t<div class=\"elementor-container elementor-column-gap-default\">\n\t\t\t\t\t<div class=\"elementor-column elementor-col-100 elementor-top-column elementor-element elementor-element-98267fc\" data-id=\"98267fc\" data-element_type=\"column\" data-e-type=\"column\" data-settings=\"{&quot;background_background&quot;:&quot;classic&quot;}\">\n\t\t\t<div class=\"elementor-widget-wrap elementor-element-populated\">\n\t\t\t\t\t\t<div class=\"elementor-element elementor-element-76c3a11 elementor-widget elementor-widget-spacer\" data-id=\"76c3a11\" data-element_type=\"widget\" data-e-type=\"widget\" data-widget_type=\"spacer.default\">\n\t\t\t\t<div class=\"elementor-widget-container\">\n\t\t\t\t\t\t\t<div class=\"elementor-spacer\">\n\t\t\t<div class=\"elementor-spacer-inner\"><\/div>\n\t\t<\/div>\n\t\t\t\t\t\t<\/div>\n\t\t\t\t<\/div>\n\t\t\t\t<div class=\"elementor-element elementor-element-f91aec2 elementor-widget elementor-widget-heading\" data-id=\"f91aec2\" data-element_type=\"widget\" data-e-type=\"widget\" data-widget_type=\"heading.default\">\n\t\t\t\t<div class=\"elementor-widget-container\">\n\t\t\t\t\t<h2 class=\"elementor-heading-title elementor-size-default\">Partage fi\u00e8rement votre r\u00e9ussite !<\/h2>\t\t\t\t<\/div>\n\t\t\t\t<\/div>\n\t\t\t\t<div class=\"elementor-element elementor-element-ccf5ac8 elementor-widget elementor-widget-text-editor\" data-id=\"ccf5ac8\" data-element_type=\"widget\" data-e-type=\"widget\" data-widget_type=\"text-editor.default\">\n\t\t\t\t<div class=\"elementor-widget-container\">\n\t\t\t\t\t\t\t\t\t<p>Gr\u00e2ce \u00e0 la validation de la cheftaine sur le dossier en ligne, vous serez automatiquement enregistr\u00e9es comme patrouille Alta\u00efr ou Phoenix.\u00a0<\/p>\n<p>N\u2019oublie pas d\u2019envoyer un r\u00e9cit illustr\u00e9 de votre mission \u00e0 <a href=\"mailto:mission-altair@scouts-europe.org\">mission-altair@scouts-europe.org<\/a>.<\/p>\n<p>Tu peux aussi envoyer le r\u00e9cit de mission \u00e0 <a href=\"mailto:revue-sde@scouts-europe.org\">revue-sde@scouts-europe.org<\/a> pour publication dans la prochaine revue Scout d&rsquo;Europe !<\/p>\t\t\t\t\t\t\t\t<\/div>\n\t\t\t\t<\/div>\n\t\t\t\t\t<\/div>\n\t\t<\/div>\n\t\t\t\t\t<\/div>\n\t\t<\/section>\n\t\t\t\t<\/div>\n\t\t","protected":false},"excerpt":{"rendered":"<p>Lance-toi dans l\u2019aventure en compl\u00e9tant en patrouille la fiche ci-dessous : Fiche de pr\u00e9paration pour Mission Alta\u00efr: lien Sycomore Fiche de pr\u00e9paration pour Projet Phoenix: lien Sycomore\u00a0 \u00a0 \ud83d\udc49 Va consulter l\u2019article \u201cConseils pour remplir la fiche de pr\u00e9paration\u201d \u00a0pour aider la patrouille \u00e0 compl\u00e9ter la fiche.\u00a0 D\u00e8s que vous choisissez de vous lancer dans [&hellip;]<\/p>\n","protected":false},"author":83,"featured_media":1707,"parent":3899,"menu_order":0,"comment_status":"closed","ping_status":"closed","template":"","meta":{"_seopress_robots_primary_cat":"","_seopress_titles_title":"","_seopress_titles_desc":"","_seopress_robots_index":"","site-sidebar-layout":"no-sidebar","site-content-layout":"page-builder","ast-site-content-layout":"full-width-container","site-content-style":"default","site-sidebar-style":"default","ast-global-header-display":"","ast-banner-title-visibility":"","ast-main-header-display":"","ast-hfb-above-header-display":"","ast-hfb-below-header-display":"","ast-hfb-mobile-header-display":"","site-post-title":"disabled","ast-breadcrumbs-content":"","ast-featured-img":"disabled","footer-sml-layout":"","theme-transparent-header-meta":"","adv-header-id-meta":"","stick-header-meta":"","header-above-stick-meta":"","header-main-stick-meta":"","header-below-stick-meta":"","astra-migrate-meta-layouts":"set","ast-page-background-enabled":"default","ast-page-background-meta":{"desktop":{"background-color":"var(--ast-global-color-4)","background-image":"","background-repeat":"repeat","background-position":"center center","background-size":"auto","background-attachment":"scroll","background-type":"","background-media":"","overlay-type":"","overlay-color":"","overlay-opacity":"","overlay-gradient":""},"tablet":{"background-color":"","background-image":"","background-repeat":"repeat","background-position":"center center","background-size":"auto","background-attachment":"scroll","background-type":"","background-media":"","overlay-type":"","overlay-color":"","overlay-opacity":"","overlay-gradient":""},"mobile":{"background-color":"","background-image":"","background-repeat":"repeat","background-position":"center center","background-size":"auto","background-attachment":"scroll","background-type":"","background-media":"","overlay-type":"","overlay-color":"","overlay-opacity":"","overlay-gradient":""}},"ast-content-background-meta":{"desktop":{"background-color":"var(--ast-global-color-5)","background-image":"","background-repeat":"repeat","background-position":"center center","background-size":"auto","background-attachment":"scroll","background-type":"","background-media":"","overlay-type":"","overlay-color":"","overlay-opacity":"","overlay-gradient":""},"tablet":{"background-color":"var(--ast-global-color-5)","background-image":"","background-repeat":"repeat","background-position":"center center","background-size":"auto","background-attachment":"scroll","background-type":"","background-media":"","overlay-type":"","overlay-color":"","overlay-opacity":"","overlay-gradient":""},"mobile":{"background-color":"var(--ast-global-color-5)","background-image":"","background-repeat":"repeat","background-position":"center center","background-size":"auto","background-attachment":"scroll","background-type":"","background-media":"","overlay-type":"","overlay-color":"","overlay-opacity":"","overlay-gradient":""}},"footnotes":""},"class_list":["post-3915","page","type-page","status-publish","has-post-thumbnail","hentry"],"_links":{"self":[{"href":"https:\/\/www.scouts-europe.org\/eclaireuses\/wp-json\/wp\/v2\/pages\/3915","targetHints":{"allow":["GET"]}}],"collection":[{"href":"https:\/\/www.scouts-europe.org\/eclaireuses\/wp-json\/wp\/v2\/pages"}],"about":[{"href":"https:\/\/www.scouts-europe.org\/eclaireuses\/wp-json\/wp\/v2\/types\/page"}],"author":[{"embeddable":true,"href":"https:\/\/www.scouts-europe.org\/eclaireuses\/wp-json\/wp\/v2\/users\/83"}],"replies":[{"embeddable":true,"href":"https:\/\/www.scouts-europe.org\/eclaireuses\/wp-json\/wp\/v2\/comments?post=3915"}],"version-history":[{"count":4,"href":"https:\/\/www.scouts-europe.org\/eclaireuses\/wp-json\/wp\/v2\/pages\/3915\/revisions"}],"predecessor-version":[{"id":3919,"href":"https:\/\/www.scouts-europe.org\/eclaireuses\/wp-json\/wp\/v2\/pages\/3915\/revisions\/3919"}],"up":[{"embeddable":true,"href":"https:\/\/www.scouts-europe.org\/eclaireuses\/wp-json\/wp\/v2\/pages\/3899"}],"wp:featuredmedia":[{"embeddable":true,"href":"https:\/\/www.scouts-europe.org\/eclaireuses\/wp-json\/wp\/v2\/media\/1707"}],"wp:attachment":[{"href":"https:\/\/www.scouts-europe.org\/eclaireuses\/wp-json\/wp\/v2\/media?parent=3915"}],"curies":[{"name":"wp","href":"https:\/\/api.w.org\/{rel}","templated":true}]}}