{"id":1685,"date":"2025-03-06T14:09:47","date_gmt":"2025-03-06T13:09:47","guid":{"rendered":"https:\/\/www.scouts-europe.org\/guides-ainees\/?page_id=1685"},"modified":"2025-05-26T16:09:35","modified_gmt":"2025-05-26T14:09:35","slug":"etre-guide-ainee","status":"publish","type":"page","link":"https:\/\/www.scouts-europe.org\/guides-ainees\/etre-guide-ainee\/","title":{"rendered":"\u00catre guide-a\u00een\u00e9e"},"content":{"rendered":"\t\t<div data-elementor-type=\"wp-page\" data-elementor-id=\"1685\" class=\"elementor elementor-1685\">\n\t\t\t\t\t\t<section class=\"elementor-section elementor-top-section elementor-element elementor-element-16dc0f0 elementor-section-boxed elementor-section-height-default elementor-section-height-default\" data-id=\"16dc0f0\" data-element_type=\"section\" data-e-type=\"section\">\n\t\t\t\t\t\t<div class=\"elementor-container elementor-column-gap-default\">\n\t\t\t\t\t<div class=\"elementor-column elementor-col-100 elementor-top-column elementor-element elementor-element-fcdc91f\" data-id=\"fcdc91f\" data-element_type=\"column\" data-e-type=\"column\" data-settings=\"{&quot;background_background&quot;:&quot;classic&quot;}\">\n\t\t\t<div class=\"elementor-widget-wrap elementor-element-populated\">\n\t\t\t\t\t\t<div class=\"elementor-element elementor-element-b301f6c elementor-widget elementor-widget-spacer\" data-id=\"b301f6c\" data-element_type=\"widget\" data-e-type=\"widget\" data-widget_type=\"spacer.default\">\n\t\t\t\t<div class=\"elementor-widget-container\">\n\t\t\t\t\t\t\t<div class=\"elementor-spacer\">\n\t\t\t<div class=\"elementor-spacer-inner\"><\/div>\n\t\t<\/div>\n\t\t\t\t\t\t<\/div>\n\t\t\t\t<\/div>\n\t\t\t\t\t<\/div>\n\t\t<\/div>\n\t\t\t\t\t<\/div>\n\t\t<\/section>\n\t\t\t\t<section class=\"elementor-section elementor-top-section elementor-element elementor-element-7055a65 elementor-section-boxed elementor-section-height-default elementor-section-height-default\" data-id=\"7055a65\" data-element_type=\"section\" data-e-type=\"section\">\n\t\t\t\t\t\t<div class=\"elementor-container elementor-column-gap-default\">\n\t\t\t\t\t<div class=\"elementor-column elementor-col-100 elementor-top-column elementor-element elementor-element-7696bbb\" data-id=\"7696bbb\" data-element_type=\"column\" data-e-type=\"column\" data-settings=\"{&quot;background_background&quot;:&quot;classic&quot;}\">\n\t\t\t<div class=\"elementor-widget-wrap elementor-element-populated\">\n\t\t\t\t\t\t<section class=\"elementor-section elementor-inner-section elementor-element elementor-element-acd8415 elementor-section-boxed elementor-section-height-default elementor-section-height-default\" data-id=\"acd8415\" data-element_type=\"section\" data-e-type=\"section\">\n\t\t\t\t\t\t<div class=\"elementor-container elementor-column-gap-default\">\n\t\t\t\t\t<div class=\"elementor-column elementor-col-50 elementor-inner-column elementor-element elementor-element-74b09f5\" data-id=\"74b09f5\" data-element_type=\"column\" data-e-type=\"column\" data-settings=\"{&quot;background_background&quot;:&quot;classic&quot;}\">\n\t\t\t<div class=\"elementor-widget-wrap elementor-element-populated\">\n\t\t\t\t\t\t<div class=\"elementor-element elementor-element-9f29800 elementor-widget elementor-widget-spacer\" data-id=\"9f29800\" data-element_type=\"widget\" data-e-type=\"widget\" data-widget_type=\"spacer.default\">\n\t\t\t\t<div class=\"elementor-widget-container\">\n\t\t\t\t\t\t\t<div class=\"elementor-spacer\">\n\t\t\t<div class=\"elementor-spacer-inner\"><\/div>\n\t\t<\/div>\n\t\t\t\t\t\t<\/div>\n\t\t\t\t<\/div>\n\t\t\t\t<div class=\"elementor-element elementor-element-90857e9 elementor-widget elementor-widget-heading\" data-id=\"90857e9\" data-element_type=\"widget\" data-e-type=\"widget\" data-widget_type=\"heading.default\">\n\t\t\t\t<div class=\"elementor-widget-container\">\n\t\t\t\t\t<h2 class=\"elementor-heading-title elementor-size-default\">\nUne vie simple et fraternelle<\/h2>\t\t\t\t<\/div>\n\t\t\t\t<\/div>\n\t\t\t\t<div class=\"elementor-element elementor-element-4822df3 elementor-widget elementor-widget-spacer\" data-id=\"4822df3\" data-element_type=\"widget\" data-e-type=\"widget\" data-widget_type=\"spacer.default\">\n\t\t\t\t<div class=\"elementor-widget-container\">\n\t\t\t\t\t\t\t<div class=\"elementor-spacer\">\n\t\t\t<div class=\"elementor-spacer-inner\"><\/div>\n\t\t<\/div>\n\t\t\t\t\t\t<\/div>\n\t\t\t\t<\/div>\n\t\t\t\t<div class=\"elementor-element elementor-element-aa29c49 elementor-widget elementor-widget-text-editor\" data-id=\"aa29c49\" data-element_type=\"widget\" data-e-type=\"widget\" data-widget_type=\"text-editor.default\">\n\t\t\t\t<div class=\"elementor-widget-container\">\n\t\t\t\t\t\t\t\t\t<p><span style=\"font-weight: 400;\">La vie en \u00e9quipe est avant tout joyeuse et fraternelle. Vivre ensemble, ajuster les caract\u00e8res, accepter de d\u00e9couvrir l\u2019autre telle qu\u2019elle est, se rendre mutuellement service\u2026.constituer en bref une v\u00e9ritable petite communaut\u00e9, voil\u00e0 le d\u00e9fi num\u00e9ro 1 !<\/span><\/p>\t\t\t\t\t\t\t\t<\/div>\n\t\t\t\t<\/div>\n\t\t\t\t\t<\/div>\n\t\t<\/div>\n\t\t\t\t<div class=\"elementor-column elementor-col-50 elementor-inner-column elementor-element elementor-element-0364587\" data-id=\"0364587\" data-element_type=\"column\" data-e-type=\"column\">\n\t\t\t<div class=\"elementor-widget-wrap\">\n\t\t\t\t\t\t\t<\/div>\n\t\t<\/div>\n\t\t\t\t\t<\/div>\n\t\t<\/section>\n\t\t\t\t\t<\/div>\n\t\t<\/div>\n\t\t\t\t\t<\/div>\n\t\t<\/section>\n\t\t\t\t<section class=\"elementor-section elementor-top-section elementor-element elementor-element-06c3d61 elementor-section-boxed elementor-section-height-default elementor-section-height-default\" data-id=\"06c3d61\" data-element_type=\"section\" data-e-type=\"section\">\n\t\t\t\t\t\t<div class=\"elementor-container elementor-column-gap-default\">\n\t\t\t\t\t<div class=\"elementor-column elementor-col-100 elementor-top-column elementor-element elementor-element-453e9c9\" data-id=\"453e9c9\" data-element_type=\"column\" data-e-type=\"column\" data-settings=\"{&quot;background_background&quot;:&quot;classic&quot;}\">\n\t\t\t<div class=\"elementor-widget-wrap elementor-element-populated\">\n\t\t\t\t\t\t<div class=\"elementor-element elementor-element-4ec4661 elementor-widget-divider--view-line_icon elementor-view-default elementor-widget-divider--element-align-center elementor-widget elementor-widget-divider\" data-id=\"4ec4661\" data-element_type=\"widget\" data-e-type=\"widget\" data-widget_type=\"divider.default\">\n\t\t\t\t<div class=\"elementor-widget-container\">\n\t\t\t\t\t\t\t<div class=\"elementor-divider\">\n\t\t\t<span class=\"elementor-divider-separator\">\n\t\t\t\t\t\t\t<div class=\"elementor-icon elementor-divider__element\">\n\t\t\t\t\t<svg xmlns=\"http:\/\/www.w3.org\/2000\/svg\" xmlns:xlink=\"http:\/\/www.w3.org\/1999\/xlink\" id=\"Calque_1\" x=\"0px\" y=\"0px\" viewBox=\"0 0 161 161\" style=\"enable-background:new 0 0 161 161;\" xml:space=\"preserve\"><style type=\"text\/css\">\t.st0{fill:none;}\t.st1{fill:#DA0D1F;}\t.st2{fill:#E30427;}\t.st3{fill:#A91828;}\t.st4{fill:#FFFFFF;}<\/style><g>\t<rect x=\"16.22\" y=\"17.24\" class=\"st0\" width=\"128.04\" height=\"128.04\"><\/rect>\t<path id=\"Trac&#xE9;_5162\" class=\"st1\" d=\"M75.88,73.53c-0.06,0.15-0.13,0.25-0.2,0.38C76.85,74.14,77.16,74.08,75.88,73.53\"><\/path>\t<path id=\"Trac&#xE9;_5163\" class=\"st2\" d=\"M54.72,95.36c2.05-4.72,9.02,2.42,12.84-0.07l-3.14-16.79c2.57-5.68,8.19,2.11,11.27-4.61  c-4.2-0.8-19.56-5.35-11.45-4.67c10.96-1.17,22.01-19.95,16.62-29.92c1.01,0.31,16.16,16.66,16.99,17.49l44.35,40.6  c8.99-34.27-11.5-69.33-45.77-78.32S27.1,30.59,18.11,64.86s11.5,69.33,45.77,78.32c8.2,2.15,16.74,2.66,25.13,1.48l-31.7-28.03  C52.86,102.33,49.76,106.75,54.72,95.36\"><\/path>\t<path id=\"Trac&#xE9;_5164\" class=\"st3\" d=\"M142.2,97.41L97.84,56.82c-0.83-0.83-15.98-17.17-16.99-17.49  c5.39,9.97-5.66,28.75-16.62,29.92c-8.11-0.69,7.25,3.86,11.46,4.66c0.06-0.13,0.13-0.24,0.19-0.38c1.29,0.54,0.98,0.6-0.19,0.38  c-3.08,6.71-8.7-1.08-11.27,4.61l3.14,16.77c-3.82,2.49-10.79-4.65-12.84,0.07c-4.96,11.39-1.86,6.98,2.59,21.26l31.71,28.03  C114.66,141.1,135.65,122.46,142.2,97.41\"><\/path>\t<path id=\"Trac&#xE9;_5165\" class=\"st4\" d=\"M106.36,81.95c-0.24-0.01-0.48,0.02-0.71,0.08c-0.96,0.37-1.9,0.79-2.82,1.26  c-3.27,1.91-6.2,4.36-8.65,7.24c-0.02-2.32,0.76-4.58,2.2-6.41c4.27-6.14,2.6-19.1-6.75-25.3c0.4,1.6,0.88,3.11,1.12,4.65  c0.66,4.2-0.03,7.99-3.86,10.56c-2.27,1.66-5.46,1.17-7.12-1.1c-0.34-0.46-0.59-0.97-0.76-1.52c-0.67-2.18-0.77-4.5-0.28-6.73  c0.56-3.54,1.66-6.95,2.5-10.41c1.22-3.88,1.58-7.99,1.06-12.02c-0.03-0.99-0.53-1.9-1.35-2.46c0.34,2.79-0.34,5.62-1.91,7.95  c-1.8,2.6-3.92,4.98-6.3,7.06c-2.74,2.41-5.33,4.97-7.78,7.68c-2.69,3.01-4.11,6.95-3.97,10.98c0.07,2.05,0.54,4.08,0.82,6.12  c0.45,2.09,0.55,4.23,0.28,6.35c-0.22,1.92-1.71,3.45-3.63,3.71c-1.85,0.21-3.6-0.86-4.27-2.59c-0.36-0.63-0.33-1.47-1.11-2.06  c-3.55,12.95-0.76,23.08,0.84,26.09c4.41,9.29,13.92,15.06,24.19,14.71c14.44,0.35,26.43-11.07,26.78-25.5  c0.06-2.54-0.25-5.07-0.91-7.52c-0.92-3.53-0.05-7.3,2.33-10.06C106.47,82.53,106.67,82.31,106.36,81.95\"><\/path><\/g><\/svg><\/div>\n\t\t\t\t\t\t<\/span>\n\t\t<\/div>\n\t\t\t\t\t\t<\/div>\n\t\t\t\t<\/div>\n\t\t\t\t\t<\/div>\n\t\t<\/div>\n\t\t\t\t\t<\/div>\n\t\t<\/section>\n\t\t\t\t<section class=\"elementor-section elementor-top-section elementor-element elementor-element-5fd4e49 elementor-section-boxed elementor-section-height-default elementor-section-height-default\" data-id=\"5fd4e49\" data-element_type=\"section\" data-e-type=\"section\">\n\t\t\t\t\t\t<div class=\"elementor-container elementor-column-gap-default\">\n\t\t\t\t\t<div class=\"elementor-column elementor-col-100 elementor-top-column elementor-element elementor-element-04303e0\" data-id=\"04303e0\" data-element_type=\"column\" data-e-type=\"column\" data-settings=\"{&quot;background_background&quot;:&quot;classic&quot;}\">\n\t\t\t<div class=\"elementor-widget-wrap elementor-element-populated\">\n\t\t\t\t\t\t<section class=\"elementor-section elementor-inner-section elementor-element elementor-element-91af799 elementor-section-boxed elementor-section-height-default elementor-section-height-default\" data-id=\"91af799\" data-element_type=\"section\" data-e-type=\"section\">\n\t\t\t\t\t\t<div class=\"elementor-container elementor-column-gap-default\">\n\t\t\t\t\t<div class=\"elementor-column elementor-col-50 elementor-inner-column elementor-element elementor-element-383ff95\" data-id=\"383ff95\" data-element_type=\"column\" data-e-type=\"column\">\n\t\t\t<div class=\"elementor-widget-wrap\">\n\t\t\t\t\t\t\t<\/div>\n\t\t<\/div>\n\t\t\t\t<div class=\"elementor-column elementor-col-50 elementor-inner-column elementor-element elementor-element-66ff539\" data-id=\"66ff539\" data-element_type=\"column\" data-e-type=\"column\" data-settings=\"{&quot;background_background&quot;:&quot;classic&quot;}\">\n\t\t\t<div class=\"elementor-widget-wrap elementor-element-populated\">\n\t\t\t\t\t\t<div class=\"elementor-element elementor-element-bbc71ca elementor-widget elementor-widget-spacer\" data-id=\"bbc71ca\" data-element_type=\"widget\" data-e-type=\"widget\" data-widget_type=\"spacer.default\">\n\t\t\t\t<div class=\"elementor-widget-container\">\n\t\t\t\t\t\t\t<div class=\"elementor-spacer\">\n\t\t\t<div class=\"elementor-spacer-inner\"><\/div>\n\t\t<\/div>\n\t\t\t\t\t\t<\/div>\n\t\t\t\t<\/div>\n\t\t\t\t<div class=\"elementor-element elementor-element-efb0f36 elementor-widget elementor-widget-heading\" data-id=\"efb0f36\" data-element_type=\"widget\" data-e-type=\"widget\" data-widget_type=\"heading.default\">\n\t\t\t\t<div class=\"elementor-widget-container\">\n\t\t\t\t\t<h2 class=\"elementor-heading-title elementor-size-default\">Vivre de vraies aventures<\/h2>\t\t\t\t<\/div>\n\t\t\t\t<\/div>\n\t\t\t\t<div class=\"elementor-element elementor-element-41fdbec elementor-widget elementor-widget-spacer\" data-id=\"41fdbec\" data-element_type=\"widget\" data-e-type=\"widget\" data-widget_type=\"spacer.default\">\n\t\t\t\t<div class=\"elementor-widget-container\">\n\t\t\t\t\t\t\t<div class=\"elementor-spacer\">\n\t\t\t<div class=\"elementor-spacer-inner\"><\/div>\n\t\t<\/div>\n\t\t\t\t\t\t<\/div>\n\t\t\t\t<\/div>\n\t\t\t\t<div class=\"elementor-element elementor-element-2fbb534 elementor-widget elementor-widget-text-editor\" data-id=\"2fbb534\" data-element_type=\"widget\" data-e-type=\"widget\" data-widget_type=\"text-editor.default\">\n\t\t\t\t<div class=\"elementor-widget-container\">\n\t\t\t\t\t\t\t\t\t<p><span style=\"font-weight: 400;\">Partir sur la route est la premi\u00e8re des grandes aventures \u00e0 vivre au feu pilote. Mais elle n\u2019est pas la seule ! D\u00e9fis techniques, d\u00e9fis physiques, activit\u00e9s extraordinaires sont des moyens pour mieux se former, se conna\u00eetre, progresser et vivre l\u2019amiti\u00e9.<\/span><\/p>\t\t\t\t\t\t\t\t<\/div>\n\t\t\t\t<\/div>\n\t\t\t\t\t<\/div>\n\t\t<\/div>\n\t\t\t\t\t<\/div>\n\t\t<\/section>\n\t\t\t\t\t<\/div>\n\t\t<\/div>\n\t\t\t\t\t<\/div>\n\t\t<\/section>\n\t\t\t\t<section class=\"elementor-section elementor-top-section elementor-element elementor-element-94bd499 elementor-section-boxed elementor-section-height-default elementor-section-height-default\" data-id=\"94bd499\" data-element_type=\"section\" data-e-type=\"section\">\n\t\t\t\t\t\t<div class=\"elementor-container elementor-column-gap-default\">\n\t\t\t\t\t<div class=\"elementor-column elementor-col-100 elementor-top-column elementor-element elementor-element-ef343ac\" data-id=\"ef343ac\" data-element_type=\"column\" data-e-type=\"column\" data-settings=\"{&quot;background_background&quot;:&quot;classic&quot;}\">\n\t\t\t<div class=\"elementor-widget-wrap elementor-element-populated\">\n\t\t\t\t\t\t<div class=\"elementor-element elementor-element-9adc8fc elementor-widget-divider--view-line_icon elementor-view-default elementor-widget-divider--element-align-center elementor-widget elementor-widget-divider\" data-id=\"9adc8fc\" data-element_type=\"widget\" data-e-type=\"widget\" data-widget_type=\"divider.default\">\n\t\t\t\t<div class=\"elementor-widget-container\">\n\t\t\t\t\t\t\t<div class=\"elementor-divider\">\n\t\t\t<span class=\"elementor-divider-separator\">\n\t\t\t\t\t\t\t<div class=\"elementor-icon elementor-divider__element\">\n\t\t\t\t\t<svg xmlns=\"http:\/\/www.w3.org\/2000\/svg\" xmlns:xlink=\"http:\/\/www.w3.org\/1999\/xlink\" id=\"Calque_1\" x=\"0px\" y=\"0px\" viewBox=\"0 0 161 161\" style=\"enable-background:new 0 0 161 161;\" xml:space=\"preserve\"><style type=\"text\/css\">\t.st0{fill:none;}\t.st1{fill:#DA0D1F;}\t.st2{fill:#E30427;}\t.st3{fill:#A91828;}\t.st4{fill:#FFFFFF;}<\/style><g>\t<rect x=\"16.22\" y=\"17.24\" class=\"st0\" width=\"128.04\" height=\"128.04\"><\/rect>\t<path id=\"Trac&#xE9;_5162\" class=\"st1\" d=\"M75.88,73.53c-0.06,0.15-0.13,0.25-0.2,0.38C76.85,74.14,77.16,74.08,75.88,73.53\"><\/path>\t<path id=\"Trac&#xE9;_5163\" class=\"st2\" d=\"M54.72,95.36c2.05-4.72,9.02,2.42,12.84-0.07l-3.14-16.79c2.57-5.68,8.19,2.11,11.27-4.61  c-4.2-0.8-19.56-5.35-11.45-4.67c10.96-1.17,22.01-19.95,16.62-29.92c1.01,0.31,16.16,16.66,16.99,17.49l44.35,40.6  c8.99-34.27-11.5-69.33-45.77-78.32S27.1,30.59,18.11,64.86s11.5,69.33,45.77,78.32c8.2,2.15,16.74,2.66,25.13,1.48l-31.7-28.03  C52.86,102.33,49.76,106.75,54.72,95.36\"><\/path>\t<path id=\"Trac&#xE9;_5164\" class=\"st3\" d=\"M142.2,97.41L97.84,56.82c-0.83-0.83-15.98-17.17-16.99-17.49  c5.39,9.97-5.66,28.75-16.62,29.92c-8.11-0.69,7.25,3.86,11.46,4.66c0.06-0.13,0.13-0.24,0.19-0.38c1.29,0.54,0.98,0.6-0.19,0.38  c-3.08,6.71-8.7-1.08-11.27,4.61l3.14,16.77c-3.82,2.49-10.79-4.65-12.84,0.07c-4.96,11.39-1.86,6.98,2.59,21.26l31.71,28.03  C114.66,141.1,135.65,122.46,142.2,97.41\"><\/path>\t<path id=\"Trac&#xE9;_5165\" class=\"st4\" d=\"M106.36,81.95c-0.24-0.01-0.48,0.02-0.71,0.08c-0.96,0.37-1.9,0.79-2.82,1.26  c-3.27,1.91-6.2,4.36-8.65,7.24c-0.02-2.32,0.76-4.58,2.2-6.41c4.27-6.14,2.6-19.1-6.75-25.3c0.4,1.6,0.88,3.11,1.12,4.65  c0.66,4.2-0.03,7.99-3.86,10.56c-2.27,1.66-5.46,1.17-7.12-1.1c-0.34-0.46-0.59-0.97-0.76-1.52c-0.67-2.18-0.77-4.5-0.28-6.73  c0.56-3.54,1.66-6.95,2.5-10.41c1.22-3.88,1.58-7.99,1.06-12.02c-0.03-0.99-0.53-1.9-1.35-2.46c0.34,2.79-0.34,5.62-1.91,7.95  c-1.8,2.6-3.92,4.98-6.3,7.06c-2.74,2.41-5.33,4.97-7.78,7.68c-2.69,3.01-4.11,6.95-3.97,10.98c0.07,2.05,0.54,4.08,0.82,6.12  c0.45,2.09,0.55,4.23,0.28,6.35c-0.22,1.92-1.71,3.45-3.63,3.71c-1.85,0.21-3.6-0.86-4.27-2.59c-0.36-0.63-0.33-1.47-1.11-2.06  c-3.55,12.95-0.76,23.08,0.84,26.09c4.41,9.29,13.92,15.06,24.19,14.71c14.44,0.35,26.43-11.07,26.78-25.5  c0.06-2.54-0.25-5.07-0.91-7.52c-0.92-3.53-0.05-7.3,2.33-10.06C106.47,82.53,106.67,82.31,106.36,81.95\"><\/path><\/g><\/svg><\/div>\n\t\t\t\t\t\t<\/span>\n\t\t<\/div>\n\t\t\t\t\t\t<\/div>\n\t\t\t\t<\/div>\n\t\t\t\t\t<\/div>\n\t\t<\/div>\n\t\t\t\t\t<\/div>\n\t\t<\/section>\n\t\t\t\t<section class=\"elementor-section elementor-top-section elementor-element elementor-element-9f55322 elementor-section-boxed elementor-section-height-default elementor-section-height-default\" data-id=\"9f55322\" data-element_type=\"section\" data-e-type=\"section\">\n\t\t\t\t\t\t<div class=\"elementor-container elementor-column-gap-default\">\n\t\t\t\t\t<div class=\"elementor-column elementor-col-100 elementor-top-column elementor-element elementor-element-dcbb308\" data-id=\"dcbb308\" data-element_type=\"column\" data-e-type=\"column\" data-settings=\"{&quot;background_background&quot;:&quot;classic&quot;}\">\n\t\t\t<div class=\"elementor-widget-wrap elementor-element-populated\">\n\t\t\t\t\t\t<section class=\"elementor-section elementor-inner-section elementor-element elementor-element-af6787d elementor-section-boxed elementor-section-height-default elementor-section-height-default\" data-id=\"af6787d\" data-element_type=\"section\" data-e-type=\"section\">\n\t\t\t\t\t\t<div class=\"elementor-container elementor-column-gap-default\">\n\t\t\t\t\t<div class=\"elementor-column elementor-col-50 elementor-inner-column elementor-element elementor-element-f43e310\" data-id=\"f43e310\" data-element_type=\"column\" data-e-type=\"column\" data-settings=\"{&quot;background_background&quot;:&quot;classic&quot;}\">\n\t\t\t<div class=\"elementor-widget-wrap elementor-element-populated\">\n\t\t\t\t\t\t<div class=\"elementor-element elementor-element-9cdbf0c elementor-widget elementor-widget-spacer\" data-id=\"9cdbf0c\" data-element_type=\"widget\" data-e-type=\"widget\" data-widget_type=\"spacer.default\">\n\t\t\t\t<div class=\"elementor-widget-container\">\n\t\t\t\t\t\t\t<div class=\"elementor-spacer\">\n\t\t\t<div class=\"elementor-spacer-inner\"><\/div>\n\t\t<\/div>\n\t\t\t\t\t\t<\/div>\n\t\t\t\t<\/div>\n\t\t\t\t<div class=\"elementor-element elementor-element-9c13d78 elementor-widget elementor-widget-heading\" data-id=\"9c13d78\" data-element_type=\"widget\" data-e-type=\"widget\" data-widget_type=\"heading.default\">\n\t\t\t\t<div class=\"elementor-widget-container\">\n\t\t\t\t\t<h2 class=\"elementor-heading-title elementor-size-default\">Se former et servir<\/h2>\t\t\t\t<\/div>\n\t\t\t\t<\/div>\n\t\t\t\t<div class=\"elementor-element elementor-element-e381077 elementor-widget elementor-widget-spacer\" data-id=\"e381077\" data-element_type=\"widget\" data-e-type=\"widget\" data-widget_type=\"spacer.default\">\n\t\t\t\t<div class=\"elementor-widget-container\">\n\t\t\t\t\t\t\t<div class=\"elementor-spacer\">\n\t\t\t<div class=\"elementor-spacer-inner\"><\/div>\n\t\t<\/div>\n\t\t\t\t\t\t<\/div>\n\t\t\t\t<\/div>\n\t\t\t\t<div class=\"elementor-element elementor-element-f04a373 elementor-widget elementor-widget-text-editor\" data-id=\"f04a373\" data-element_type=\"widget\" data-e-type=\"widget\" data-widget_type=\"text-editor.default\">\n\t\t\t\t<div class=\"elementor-widget-container\">\n\t\t\t\t\t\t\t\t\t<p><span style=\"font-weight: 400;\">On ne peut donner les mains vides\u2026 Pour prendre ta place dans la cit\u00e9 et y donner le meilleur de toi m\u00eame en servant les autres, il est essentiel de continuer \u00e0 bien se former. La formation touche tous les domaines : techniques, humains et spirituels. En \u00e9quipe, vous prendrez un engagement de service et pourrez grandir dans la fid\u00e9lit\u00e9 \u00e0 cet engagement.<\/span><\/p>\t\t\t\t\t\t\t\t<\/div>\n\t\t\t\t<\/div>\n\t\t\t\t\t<\/div>\n\t\t<\/div>\n\t\t\t\t<div class=\"elementor-column elementor-col-50 elementor-inner-column elementor-element elementor-element-38acd2a\" data-id=\"38acd2a\" data-element_type=\"column\" data-e-type=\"column\">\n\t\t\t<div class=\"elementor-widget-wrap\">\n\t\t\t\t\t\t\t<\/div>\n\t\t<\/div>\n\t\t\t\t\t<\/div>\n\t\t<\/section>\n\t\t\t\t\t<\/div>\n\t\t<\/div>\n\t\t\t\t\t<\/div>\n\t\t<\/section>\n\t\t\t\t<section class=\"elementor-section elementor-top-section elementor-element elementor-element-337312b elementor-section-boxed elementor-section-height-default elementor-section-height-default\" data-id=\"337312b\" data-element_type=\"section\" data-e-type=\"section\">\n\t\t\t\t\t\t<div class=\"elementor-container elementor-column-gap-default\">\n\t\t\t\t\t<div class=\"elementor-column elementor-col-100 elementor-top-column elementor-element elementor-element-6ed9155\" data-id=\"6ed9155\" data-element_type=\"column\" data-e-type=\"column\" data-settings=\"{&quot;background_background&quot;:&quot;classic&quot;}\">\n\t\t\t<div class=\"elementor-widget-wrap elementor-element-populated\">\n\t\t\t\t\t\t<div class=\"elementor-element elementor-element-89a5288 elementor-widget elementor-widget-spacer\" data-id=\"89a5288\" data-element_type=\"widget\" data-e-type=\"widget\" data-widget_type=\"spacer.default\">\n\t\t\t\t<div class=\"elementor-widget-container\">\n\t\t\t\t\t\t\t<div class=\"elementor-spacer\">\n\t\t\t<div class=\"elementor-spacer-inner\"><\/div>\n\t\t<\/div>\n\t\t\t\t\t\t<\/div>\n\t\t\t\t<\/div>\n\t\t\t\t\t<\/div>\n\t\t<\/div>\n\t\t\t\t\t<\/div>\n\t\t<\/section>\n\t\t\t\t<\/div>\n\t\t","protected":false},"excerpt":{"rendered":"<p>Une vie simple et fraternelle La vie en \u00e9quipe est avant tout joyeuse et fraternelle. Vivre ensemble, ajuster les caract\u00e8res, accepter de d\u00e9couvrir l\u2019autre telle qu\u2019elle est, se rendre mutuellement service\u2026.constituer en bref une v\u00e9ritable petite communaut\u00e9, voil\u00e0 le d\u00e9fi num\u00e9ro 1 ! Vivre de vraies aventures Partir sur la route est la premi\u00e8re des [&hellip;]<\/p>\n","protected":false},"author":4,"featured_media":1348,"parent":0,"menu_order":0,"comment_status":"closed","ping_status":"closed","template":"","meta":{"_seopress_robots_primary_cat":"","_seopress_titles_title":"","_seopress_titles_desc":"","_seopress_robots_index":"","site-sidebar-layout":"no-sidebar","site-content-layout":"page-builder","ast-site-content-layout":"full-width-container","site-content-style":"default","site-sidebar-style":"default","ast-global-header-display":"","ast-banner-title-visibility":"","ast-main-header-display":"","ast-hfb-above-header-display":"","ast-hfb-below-header-display":"","ast-hfb-mobile-header-display":"","site-post-title":"disabled","ast-breadcrumbs-content":"","ast-featured-img":"disabled","footer-sml-layout":"","theme-transparent-header-meta":"","adv-header-id-meta":"","stick-header-meta":"","header-above-stick-meta":"","header-main-stick-meta":"","header-below-stick-meta":"","astra-migrate-meta-layouts":"set","ast-page-background-enabled":"default","ast-page-background-meta":{"desktop":{"background-color":"var(--ast-global-color-4)","background-image":"","background-repeat":"repeat","background-position":"center center","background-size":"auto","background-attachment":"scroll","background-type":"","background-media":"","overlay-type":"","overlay-color":"","overlay-opacity":"","overlay-gradient":""},"tablet":{"background-color":"","background-image":"","background-repeat":"repeat","background-position":"center center","background-size":"auto","background-attachment":"scroll","background-type":"","background-media":"","overlay-type":"","overlay-color":"","overlay-opacity":"","overlay-gradient":""},"mobile":{"background-color":"","background-image":"","background-repeat":"repeat","background-position":"center center","background-size":"auto","background-attachment":"scroll","background-type":"","background-media":"","overlay-type":"","overlay-color":"","overlay-opacity":"","overlay-gradient":""}},"ast-content-background-meta":{"desktop":{"background-color":"var(--ast-global-color-5)","background-image":"","background-repeat":"repeat","background-position":"center center","background-size":"auto","background-attachment":"scroll","background-type":"","background-media":"","overlay-type":"","overlay-color":"","overlay-opacity":"","overlay-gradient":""},"tablet":{"background-color":"var(--ast-global-color-5)","background-image":"","background-repeat":"repeat","background-position":"center center","background-size":"auto","background-attachment":"scroll","background-type":"","background-media":"","overlay-type":"","overlay-color":"","overlay-opacity":"","overlay-gradient":""},"mobile":{"background-color":"var(--ast-global-color-5)","background-image":"","background-repeat":"repeat","background-position":"center center","background-size":"auto","background-attachment":"scroll","background-type":"","background-media":"","overlay-type":"","overlay-color":"","overlay-opacity":"","overlay-gradient":""}},"footnotes":""},"class_list":["post-1685","page","type-page","status-publish","has-post-thumbnail","hentry"],"_links":{"self":[{"href":"https:\/\/www.scouts-europe.org\/guides-ainees\/wp-json\/wp\/v2\/pages\/1685","targetHints":{"allow":["GET"]}}],"collection":[{"href":"https:\/\/www.scouts-europe.org\/guides-ainees\/wp-json\/wp\/v2\/pages"}],"about":[{"href":"https:\/\/www.scouts-europe.org\/guides-ainees\/wp-json\/wp\/v2\/types\/page"}],"author":[{"embeddable":true,"href":"https:\/\/www.scouts-europe.org\/guides-ainees\/wp-json\/wp\/v2\/users\/4"}],"replies":[{"embeddable":true,"href":"https:\/\/www.scouts-europe.org\/guides-ainees\/wp-json\/wp\/v2\/comments?post=1685"}],"version-history":[{"count":22,"href":"https:\/\/www.scouts-europe.org\/guides-ainees\/wp-json\/wp\/v2\/pages\/1685\/revisions"}],"predecessor-version":[{"id":1876,"href":"https:\/\/www.scouts-europe.org\/guides-ainees\/wp-json\/wp\/v2\/pages\/1685\/revisions\/1876"}],"wp:featuredmedia":[{"embeddable":true,"href":"https:\/\/www.scouts-europe.org\/guides-ainees\/wp-json\/wp\/v2\/media\/1348"}],"wp:attachment":[{"href":"https:\/\/www.scouts-europe.org\/guides-ainees\/wp-json\/wp\/v2\/media?parent=1685"}],"curies":[{"name":"wp","href":"https:\/\/api.w.org\/{rel}","templated":true}]}}