{"id":277,"date":"2024-03-18T09:33:37","date_gmt":"2024-03-18T08:33:37","guid":{"rendered":"https:\/\/agse.dev.overscan.io\/branche\/?page_id=277"},"modified":"2025-04-14T10:30:17","modified_gmt":"2025-04-14T08:30:17","slug":"formations","status":"publish","type":"page","link":"https:\/\/www.scouts-europe.org\/guides-ainees\/accueil\/formations\/","title":{"rendered":"Formations"},"content":{"rendered":"\t\t<div data-elementor-type=\"wp-page\" data-elementor-id=\"277\" class=\"elementor elementor-277\">\n\t\t\t\t\t\t<section class=\"elementor-section elementor-top-section elementor-element elementor-element-5ec3545 elementor-section-boxed elementor-section-height-default elementor-section-height-default\" data-id=\"5ec3545\" data-element_type=\"section\" data-e-type=\"section\">\n\t\t\t\t\t\t<div class=\"elementor-container elementor-column-gap-default\">\n\t\t\t\t\t<div class=\"elementor-column elementor-col-100 elementor-top-column elementor-element elementor-element-afee0c7\" data-id=\"afee0c7\" data-element_type=\"column\" data-e-type=\"column\" data-settings=\"{&quot;background_background&quot;:&quot;classic&quot;}\">\n\t\t\t<div class=\"elementor-widget-wrap elementor-element-populated\">\n\t\t\t\t\t\t<section class=\"elementor-section elementor-inner-section elementor-element elementor-element-7b36e4c elementor-section-boxed elementor-section-height-default elementor-section-height-default\" data-id=\"7b36e4c\" data-element_type=\"section\" data-e-type=\"section\">\n\t\t\t\t\t\t<div class=\"elementor-container elementor-column-gap-default\">\n\t\t\t\t\t<div class=\"elementor-column elementor-col-50 elementor-inner-column elementor-element elementor-element-04e567d\" data-id=\"04e567d\" data-element_type=\"column\" data-e-type=\"column\">\n\t\t\t<div class=\"elementor-widget-wrap elementor-element-populated\">\n\t\t\t\t\t\t<div class=\"elementor-element elementor-element-f5ae187 elementor-widget elementor-widget-image\" data-id=\"f5ae187\" data-element_type=\"widget\" data-e-type=\"widget\" data-widget_type=\"image.default\">\n\t\t\t\t<div class=\"elementor-widget-container\">\n\t\t\t\t\t\t\t\t\t\t\t\t\t\t\t<img fetchpriority=\"high\" decoding=\"async\" width=\"1024\" height=\"683\" src=\"https:\/\/www.scouts-europe.org\/guides-ainees\/wp-content\/uploads\/sites\/103\/2025\/01\/20230713-FEU-DE-L-AIN-ELK-DSC_0739-1024x683.jpg\" class=\"attachment-large size-large wp-image-1441\" alt=\"20230713 feu de l ain elk dsc 0739\" srcset=\"https:\/\/www.scouts-europe.org\/guides-ainees\/wp-content\/uploads\/sites\/103\/2025\/01\/20230713-FEU-DE-L-AIN-ELK-DSC_0739-1024x683.jpg 1024w, https:\/\/www.scouts-europe.org\/guides-ainees\/wp-content\/uploads\/sites\/103\/2025\/01\/20230713-FEU-DE-L-AIN-ELK-DSC_0739-300x200.jpg 300w, https:\/\/www.scouts-europe.org\/guides-ainees\/wp-content\/uploads\/sites\/103\/2025\/01\/20230713-FEU-DE-L-AIN-ELK-DSC_0739-768x512.jpg 768w, https:\/\/www.scouts-europe.org\/guides-ainees\/wp-content\/uploads\/sites\/103\/2025\/01\/20230713-FEU-DE-L-AIN-ELK-DSC_0739-1536x1024.jpg 1536w, https:\/\/www.scouts-europe.org\/guides-ainees\/wp-content\/uploads\/sites\/103\/2025\/01\/20230713-FEU-DE-L-AIN-ELK-DSC_0739.jpg 2048w\" sizes=\"(max-width: 1024px) 100vw, 1024px\" \/>\t\t\t\t\t\t\t\t\t\t\t\t\t\t\t<\/div>\n\t\t\t\t<\/div>\n\t\t\t\t\t<\/div>\n\t\t<\/div>\n\t\t\t\t<div class=\"elementor-column elementor-col-50 elementor-inner-column elementor-element elementor-element-d43bc59\" data-id=\"d43bc59\" data-element_type=\"column\" data-e-type=\"column\">\n\t\t\t<div class=\"elementor-widget-wrap elementor-element-populated\">\n\t\t\t\t\t\t<div class=\"elementor-element elementor-element-0986523 elementor-widget elementor-widget-heading\" data-id=\"0986523\" data-element_type=\"widget\" data-e-type=\"widget\" data-widget_type=\"heading.default\">\n\t\t\t\t<div class=\"elementor-widget-container\">\n\t\t\t\t\t<h2 class=\"elementor-heading-title elementor-size-default\">Les formations<\/h2>\t\t\t\t<\/div>\n\t\t\t\t<\/div>\n\t\t\t\t<div class=\"elementor-element elementor-element-c075a08 elementor-widget elementor-widget-text-editor\" data-id=\"c075a08\" data-element_type=\"widget\" data-e-type=\"widget\" data-widget_type=\"text-editor.default\">\n\t\t\t\t<div class=\"elementor-widget-container\">\n\t\t\t\t\t\t\t\t\t<p>Il existe trois sortes de routes-\u00e9coles\u00a0:<\/p><ul><li><span style=\"font-weight: 400;\"><span style=\"text-decoration: underline;\"><strong>Les REGA 1 :<\/strong><\/span> routes \u00e9coles guide-a\u00een\u00e9e, 1er degr\u00e9 qui s\u2019adressent aux ACF(Assistantes de la Cheftaine de Feu)<\/span><\/li><li><span style=\"font-weight: 400;\"><span style=\"text-decoration: underline;\"><strong>Les REGA 2 :<\/strong><\/span> routes \u00e9coles guide-a\u00een\u00e9e, 2\u00e8me degr\u00e9 qui s\u2019adressent aux CF (Cheftaines de Feu pilote).<\/span><\/li><li><span style=\"font-weight: 400;\"><b><u>Uriyyah : <\/u><\/b><\/span><span style=\"font-weight: 400;\">camp national d&rsquo;entrainement de la branche feu, dont le nom signifie \u00ab Dieu est ma lumi\u00e8re \u00bb en h\u00e9breu auquel sont invit\u00e9es les cheftaines ayant d\u00e9j\u00e0 suivi les REGA 1 et 2. Elles y approfondissent la m\u00e9thode scoute \u00e0 travers la p\u00e9dagogie guide-a\u00een\u00e9e.<\/span><\/li><\/ul>\t\t\t\t\t\t\t\t<\/div>\n\t\t\t\t<\/div>\n\t\t\t\t\t<\/div>\n\t\t<\/div>\n\t\t\t\t\t<\/div>\n\t\t<\/section>\n\t\t\t\t<section class=\"elementor-section elementor-inner-section elementor-element elementor-element-2d6f21a elementor-section-boxed elementor-section-height-default elementor-section-height-default\" data-id=\"2d6f21a\" data-element_type=\"section\" data-e-type=\"section\">\n\t\t\t\t\t\t<div class=\"elementor-container elementor-column-gap-default\">\n\t\t\t\t\t<div class=\"elementor-column elementor-col-50 elementor-inner-column elementor-element elementor-element-ecd72ba\" data-id=\"ecd72ba\" data-element_type=\"column\" data-e-type=\"column\">\n\t\t\t<div class=\"elementor-widget-wrap elementor-element-populated\">\n\t\t\t\t\t\t<div class=\"elementor-element elementor-element-01b6a1c elementor-widget elementor-widget-heading\" data-id=\"01b6a1c\" data-element_type=\"widget\" data-e-type=\"widget\" data-widget_type=\"heading.default\">\n\t\t\t\t<div class=\"elementor-widget-container\">\n\t\t\t\t\t<h2 class=\"elementor-heading-title elementor-size-default\">Les prochaines routes \u00e9coles<\/h2>\t\t\t\t<\/div>\n\t\t\t\t<\/div>\n\t\t\t\t<div class=\"elementor-element elementor-element-6c7f810 elementor-widget elementor-widget-text-editor\" data-id=\"6c7f810\" data-element_type=\"widget\" data-e-type=\"widget\" data-widget_type=\"text-editor.default\">\n\t\t\t\t<div class=\"elementor-widget-container\">\n\t\t\t\t\t\t\t\t\t<p><span data-teams=\"true\"><strong>REGA1 &amp; 2 juillet<\/strong> : 28 juin au 5 juillet 2025<\/span><\/p><p><span data-teams=\"true\"><br \/><strong>REGA1 &amp; 2 ao\u00fbt, internationale :<\/strong> 9 au 16 ao\u00fbt 2025<\/span><\/p>\t\t\t\t\t\t\t\t<\/div>\n\t\t\t\t<\/div>\n\t\t\t\t<div class=\"elementor-element elementor-element-7d41fdd elementor-align-center elementor-widget elementor-widget-ovs_buttons\" data-id=\"7d41fdd\" data-element_type=\"widget\" data-e-type=\"widget\" data-widget_type=\"ovs_buttons.default\">\n\t\t\t\t<div class=\"elementor-widget-container\">\n\t\t\t\t\t\t\t<div class=\"elementor-button-wrapper\">\n\t\t\t<a href=\"https:\/\/azimuth.scouts-europe.org\/\" target=\"_blank\" class=\"elementor-button-link elementor-button btn_border_slide\" role=\"button\">\n\t\t\t\t\t\t<span class=\"elementor-button-content-wrapper\">\n\t\t\t\t\t\t<span class=\"elementor-button-text\">S'inscrire en Route Ecole<\/span>\n\t\t<\/span>\n\t\t\t<\/a>\n\t\t<\/div>\n\t\t\t\t\t<\/div>\n\t\t\t\t<\/div>\n\t\t\t\t\t<\/div>\n\t\t<\/div>\n\t\t\t\t<div class=\"elementor-column elementor-col-50 elementor-inner-column elementor-element elementor-element-37cc528\" data-id=\"37cc528\" data-element_type=\"column\" data-e-type=\"column\">\n\t\t\t<div class=\"elementor-widget-wrap elementor-element-populated\">\n\t\t\t\t\t\t<div class=\"elementor-element elementor-element-0fc9082 elementor-widget elementor-widget-image\" data-id=\"0fc9082\" data-element_type=\"widget\" data-e-type=\"widget\" data-widget_type=\"image.default\">\n\t\t\t\t<div class=\"elementor-widget-container\">\n\t\t\t\t\t\t\t\t\t\t\t\t\t\t\t<img decoding=\"async\" width=\"1024\" height=\"682\" src=\"https:\/\/www.scouts-europe.org\/guides-ainees\/wp-content\/uploads\/sites\/103\/2025\/02\/Design-sans-titre-2025-02-10T122001.141-1024x682.png\" class=\"attachment-large size-large wp-image-1492\" alt=\"design sans titre 2025 02 10t122001.141\" srcset=\"https:\/\/www.scouts-europe.org\/guides-ainees\/wp-content\/uploads\/sites\/103\/2025\/02\/Design-sans-titre-2025-02-10T122001.141-1024x682.png 1024w, https:\/\/www.scouts-europe.org\/guides-ainees\/wp-content\/uploads\/sites\/103\/2025\/02\/Design-sans-titre-2025-02-10T122001.141-300x200.png 300w, https:\/\/www.scouts-europe.org\/guides-ainees\/wp-content\/uploads\/sites\/103\/2025\/02\/Design-sans-titre-2025-02-10T122001.141-768x511.png 768w, https:\/\/www.scouts-europe.org\/guides-ainees\/wp-content\/uploads\/sites\/103\/2025\/02\/Design-sans-titre-2025-02-10T122001.141-1536x1022.png 1536w, https:\/\/www.scouts-europe.org\/guides-ainees\/wp-content\/uploads\/sites\/103\/2025\/02\/Design-sans-titre-2025-02-10T122001.141.png 2048w\" sizes=\"(max-width: 1024px) 100vw, 1024px\" \/>\t\t\t\t\t\t\t\t\t\t\t\t\t\t\t<\/div>\n\t\t\t\t<\/div>\n\t\t\t\t\t<\/div>\n\t\t<\/div>\n\t\t\t\t\t<\/div>\n\t\t<\/section>\n\t\t\t\t\t<\/div>\n\t\t<\/div>\n\t\t\t\t\t<\/div>\n\t\t<\/section>\n\t\t\t\t<section class=\"elementor-section elementor-top-section elementor-element elementor-element-9ec85ef elementor-section-boxed elementor-section-height-default elementor-section-height-default\" data-id=\"9ec85ef\" data-element_type=\"section\" data-e-type=\"section\">\n\t\t\t\t\t\t<div class=\"elementor-container elementor-column-gap-default\">\n\t\t\t\t\t<div class=\"elementor-column elementor-col-100 elementor-top-column elementor-element elementor-element-178e65b\" data-id=\"178e65b\" data-element_type=\"column\" data-e-type=\"column\">\n\t\t\t<div class=\"elementor-widget-wrap\">\n\t\t\t\t\t\t\t<\/div>\n\t\t<\/div>\n\t\t\t\t\t<\/div>\n\t\t<\/section>\n\t\t\t\t<\/div>\n\t\t","protected":false},"excerpt":{"rendered":"<p>Les formations Il existe trois sortes de routes-\u00e9coles\u00a0: Les REGA 1 : routes \u00e9coles guide-a\u00een\u00e9e, 1er degr\u00e9 qui s\u2019adressent aux ACF(Assistantes de la Cheftaine de Feu) Les REGA 2 : routes \u00e9coles guide-a\u00een\u00e9e, 2\u00e8me degr\u00e9 qui s\u2019adressent aux CF (Cheftaines de Feu pilote). Uriyyah : camp national d&rsquo;entrainement de la branche feu, dont le nom [&hellip;]<\/p>\n","protected":false},"author":1,"featured_media":1348,"parent":52,"menu_order":0,"comment_status":"closed","ping_status":"closed","template":"","meta":{"_seopress_robots_primary_cat":"","_seopress_titles_title":"","_seopress_titles_desc":"","_seopress_robots_index":"","site-sidebar-layout":"no-sidebar","site-content-layout":"page-builder","ast-site-content-layout":"full-width-container","site-content-style":"default","site-sidebar-style":"default","ast-global-header-display":"","ast-banner-title-visibility":"","ast-main-header-display":"","ast-hfb-above-header-display":"","ast-hfb-below-header-display":"","ast-hfb-mobile-header-display":"","site-post-title":"disabled","ast-breadcrumbs-content":"","ast-featured-img":"disabled","footer-sml-layout":"","theme-transparent-header-meta":"default","adv-header-id-meta":"","stick-header-meta":"","header-above-stick-meta":"","header-main-stick-meta":"","header-below-stick-meta":"","astra-migrate-meta-layouts":"set","ast-page-background-enabled":"default","ast-page-background-meta":{"desktop":{"background-color":"var(--ast-global-color-4)","background-image":"","background-repeat":"repeat","background-position":"center center","background-size":"auto","background-attachment":"scroll","background-type":"","background-media":"","overlay-type":"","overlay-color":"","overlay-opacity":"","overlay-gradient":""},"tablet":{"background-color":"","background-image":"","background-repeat":"repeat","background-position":"center center","background-size":"auto","background-attachment":"scroll","background-type":"","background-media":"","overlay-type":"","overlay-color":"","overlay-opacity":"","overlay-gradient":""},"mobile":{"background-color":"","background-image":"","background-repeat":"repeat","background-position":"center center","background-size":"auto","background-attachment":"scroll","background-type":"","background-media":"","overlay-type":"","overlay-color":"","overlay-opacity":"","overlay-gradient":""}},"ast-content-background-meta":{"desktop":{"background-color":"var(--ast-global-color-5)","background-image":"","background-repeat":"repeat","background-position":"center center","background-size":"auto","background-attachment":"scroll","background-type":"","background-media":"","overlay-type":"","overlay-color":"","overlay-opacity":"","overlay-gradient":""},"tablet":{"background-color":"var(--ast-global-color-5)","background-image":"","background-repeat":"repeat","background-position":"center center","background-size":"auto","background-attachment":"scroll","background-type":"","background-media":"","overlay-type":"","overlay-color":"","overlay-opacity":"","overlay-gradient":""},"mobile":{"background-color":"var(--ast-global-color-5)","background-image":"","background-repeat":"repeat","background-position":"center center","background-size":"auto","background-attachment":"scroll","background-type":"","background-media":"","overlay-type":"","overlay-color":"","overlay-opacity":"","overlay-gradient":""}},"footnotes":""},"class_list":["post-277","page","type-page","status-publish","has-post-thumbnail","hentry"],"_links":{"self":[{"href":"https:\/\/www.scouts-europe.org\/guides-ainees\/wp-json\/wp\/v2\/pages\/277","targetHints":{"allow":["GET"]}}],"collection":[{"href":"https:\/\/www.scouts-europe.org\/guides-ainees\/wp-json\/wp\/v2\/pages"}],"about":[{"href":"https:\/\/www.scouts-europe.org\/guides-ainees\/wp-json\/wp\/v2\/types\/page"}],"author":[{"embeddable":true,"href":"https:\/\/www.scouts-europe.org\/guides-ainees\/wp-json\/wp\/v2\/users\/1"}],"replies":[{"embeddable":true,"href":"https:\/\/www.scouts-europe.org\/guides-ainees\/wp-json\/wp\/v2\/comments?post=277"}],"version-history":[{"count":42,"href":"https:\/\/www.scouts-europe.org\/guides-ainees\/wp-json\/wp\/v2\/pages\/277\/revisions"}],"predecessor-version":[{"id":1735,"href":"https:\/\/www.scouts-europe.org\/guides-ainees\/wp-json\/wp\/v2\/pages\/277\/revisions\/1735"}],"up":[{"embeddable":true,"href":"https:\/\/www.scouts-europe.org\/guides-ainees\/wp-json\/wp\/v2\/pages\/52"}],"wp:featuredmedia":[{"embeddable":true,"href":"https:\/\/www.scouts-europe.org\/guides-ainees\/wp-json\/wp\/v2\/media\/1348"}],"wp:attachment":[{"href":"https:\/\/www.scouts-europe.org\/guides-ainees\/wp-json\/wp\/v2\/media?parent=277"}],"curies":[{"name":"wp","href":"https:\/\/api.w.org\/{rel}","templated":true}]}}