{"id":1443,"date":"2025-02-17T10:36:47","date_gmt":"2025-02-17T09:36:47","guid":{"rendered":"https:\/\/www.scouts-europe.org\/louvetisme\/?page_id=1443"},"modified":"2025-06-17T16:03:28","modified_gmt":"2025-06-17T14:03:28","slug":"etapes-des-formations","status":"publish","type":"page","link":"https:\/\/www.scouts-europe.org\/louvetisme\/etapes-des-formations\/","title":{"rendered":"Etapes des formations"},"content":{"rendered":"\t\t<div data-elementor-type=\"wp-page\" data-elementor-id=\"1443\" class=\"elementor elementor-1443\">\n\t\t\t\t\t\t<section class=\"elementor-section elementor-top-section elementor-element elementor-element-fdb4225 elementor-section-boxed elementor-section-height-default elementor-section-height-default\" data-id=\"fdb4225\" data-element_type=\"section\" data-e-type=\"section\">\n\t\t\t\t\t\t<div class=\"elementor-container elementor-column-gap-default\">\n\t\t\t\t\t<div class=\"elementor-column elementor-col-100 elementor-top-column elementor-element elementor-element-0153a53\" data-id=\"0153a53\" data-element_type=\"column\" data-e-type=\"column\" data-settings=\"{&quot;background_background&quot;:&quot;classic&quot;}\">\n\t\t\t<div class=\"elementor-widget-wrap elementor-element-populated\">\n\t\t\t\t\t\t<div class=\"elementor-element elementor-element-5186a5f elementor-widget elementor-widget-spacer\" data-id=\"5186a5f\" data-element_type=\"widget\" data-e-type=\"widget\" data-widget_type=\"spacer.default\">\n\t\t\t\t<div class=\"elementor-widget-container\">\n\t\t\t\t\t\t\t<div class=\"elementor-spacer\">\n\t\t\t<div class=\"elementor-spacer-inner\"><\/div>\n\t\t<\/div>\n\t\t\t\t\t\t<\/div>\n\t\t\t\t<\/div>\n\t\t\t\t<div class=\"elementor-element elementor-element-5f1ab16 elementor-widget elementor-widget-heading\" data-id=\"5f1ab16\" data-element_type=\"widget\" data-e-type=\"widget\" data-widget_type=\"heading.default\">\n\t\t\t\t<div class=\"elementor-widget-container\">\n\t\t\t\t\t<h2 class=\"elementor-heading-title elementor-size-default\">La formation des chefs<\/h2>\t\t\t\t<\/div>\n\t\t\t\t<\/div>\n\t\t\t\t\t<\/div>\n\t\t<\/div>\n\t\t\t\t\t<\/div>\n\t\t<\/section>\n\t\t\t\t<section class=\"elementor-section elementor-top-section elementor-element elementor-element-55f6eb7 elementor-section-boxed elementor-section-height-default elementor-section-height-default\" data-id=\"55f6eb7\" data-element_type=\"section\" data-e-type=\"section\">\n\t\t\t\t\t\t<div class=\"elementor-container elementor-column-gap-default\">\n\t\t\t\t\t<div class=\"elementor-column elementor-col-50 elementor-top-column elementor-element elementor-element-ac448b3\" data-id=\"ac448b3\" data-element_type=\"column\" data-e-type=\"column\" data-settings=\"{&quot;background_background&quot;:&quot;classic&quot;}\">\n\t\t\t<div class=\"elementor-widget-wrap elementor-element-populated\">\n\t\t\t\t\t\t<div class=\"elementor-element elementor-element-71640c3 elementor-widget elementor-widget-spacer\" data-id=\"71640c3\" data-element_type=\"widget\" data-e-type=\"widget\" data-widget_type=\"spacer.default\">\n\t\t\t\t<div class=\"elementor-widget-container\">\n\t\t\t\t\t\t\t<div class=\"elementor-spacer\">\n\t\t\t<div class=\"elementor-spacer-inner\"><\/div>\n\t\t<\/div>\n\t\t\t\t\t\t<\/div>\n\t\t\t\t<\/div>\n\t\t\t\t<div class=\"elementor-element elementor-element-5d43dd5 elementor-widget elementor-widget-text-editor\" data-id=\"5d43dd5\" data-element_type=\"widget\" data-e-type=\"widget\" data-widget_type=\"text-editor.default\">\n\t\t\t\t<div class=\"elementor-widget-container\">\n\t\t\t\t\t\t\t\t\t<p>Les chefs et cheftaines qui encadrent les enfants ne sont pas juste des jeunes qui acceptent un service. Ils donnent de leur temps pour contribuer \u00e0 l\u2019\u00e9ducation des enfants et se forment eux-m\u00eames pour assurer cette mission.<\/p><p>En d\u00e9but d\u2019ann\u00e9e, un week-end de\u00a0<strong>formation de base<\/strong>\u00a0leur donne les cl\u00e9s n\u00e9cessaires pour bien se lancer. Fondamentaux de la p\u00e9dagogie, r\u00e8glementation et bonnes pratiques leur sont enseign\u00e9s au niveau local par des chefs exp\u00e9riment\u00e9s.<\/p><p>Les\u00a0<strong>CEP<\/strong>, ces camps \u00e9cole pr\u00e9paratoires, prennent ensuite le relais pour leur permettre d\u2019approfondir la r\u00e8glementation, la p\u00e9dagogie et leur apprendre \u00e0 construire des jeux et des activit\u00e9s adapt\u00e9s au d\u00e9veloppement de l\u2019enfant. Chaque CEP dure une semaine et on compte deux : le CEP1 puis le CEP2.<\/p>\t\t\t\t\t\t\t\t<\/div>\n\t\t\t\t<\/div>\n\t\t\t\t\t<\/div>\n\t\t<\/div>\n\t\t\t\t<div class=\"elementor-column elementor-col-50 elementor-top-column elementor-element elementor-element-ee653c6\" data-id=\"ee653c6\" data-element_type=\"column\" data-e-type=\"column\" data-settings=\"{&quot;background_background&quot;:&quot;classic&quot;}\">\n\t\t\t<div class=\"elementor-widget-wrap elementor-element-populated\">\n\t\t\t\t\t\t<div class=\"elementor-element elementor-element-02446fb elementor-widget elementor-widget-image\" data-id=\"02446fb\" data-element_type=\"widget\" data-e-type=\"widget\" data-widget_type=\"image.default\">\n\t\t\t\t<div class=\"elementor-widget-container\">\n\t\t\t\t\t\t\t\t\t\t\t\t\t\t\t<img fetchpriority=\"high\" decoding=\"async\" width=\"1024\" height=\"681\" src=\"https:\/\/www.scouts-europe.org\/louvetisme\/wp-content\/uploads\/sites\/108\/2025\/02\/Design-sans-titre-2025-02-27T092443.988-1024x681.png\" class=\"attachment-large size-large wp-image-1812\" alt=\"design sans titre 2025 02 27t092443.988\" srcset=\"https:\/\/www.scouts-europe.org\/louvetisme\/wp-content\/uploads\/sites\/108\/2025\/02\/Design-sans-titre-2025-02-27T092443.988-1024x681.png 1024w, https:\/\/www.scouts-europe.org\/louvetisme\/wp-content\/uploads\/sites\/108\/2025\/02\/Design-sans-titre-2025-02-27T092443.988-300x199.png 300w, https:\/\/www.scouts-europe.org\/louvetisme\/wp-content\/uploads\/sites\/108\/2025\/02\/Design-sans-titre-2025-02-27T092443.988-768x510.png 768w, https:\/\/www.scouts-europe.org\/louvetisme\/wp-content\/uploads\/sites\/108\/2025\/02\/Design-sans-titre-2025-02-27T092443.988-1536x1021.png 1536w, https:\/\/www.scouts-europe.org\/louvetisme\/wp-content\/uploads\/sites\/108\/2025\/02\/Design-sans-titre-2025-02-27T092443.988.png 2048w\" sizes=\"(max-width: 1024px) 100vw, 1024px\" \/>\t\t\t\t\t\t\t\t\t\t\t\t\t\t\t<\/div>\n\t\t\t\t<\/div>\n\t\t\t\t\t<\/div>\n\t\t<\/div>\n\t\t\t\t\t<\/div>\n\t\t<\/section>\n\t\t\t\t<section class=\"elementor-section elementor-top-section elementor-element elementor-element-f1e43c3 elementor-section-boxed elementor-section-height-default elementor-section-height-default\" data-id=\"f1e43c3\" data-element_type=\"section\" data-e-type=\"section\">\n\t\t\t\t\t\t<div class=\"elementor-container elementor-column-gap-default\">\n\t\t\t\t\t<div class=\"elementor-column elementor-col-100 elementor-top-column elementor-element elementor-element-c83bf7a\" data-id=\"c83bf7a\" data-element_type=\"column\" data-e-type=\"column\" data-settings=\"{&quot;background_background&quot;:&quot;classic&quot;}\">\n\t\t\t<div class=\"elementor-widget-wrap elementor-element-populated\">\n\t\t\t\t\t\t<div class=\"elementor-element elementor-element-06ef08c elementor-widget elementor-widget-text-editor\" data-id=\"06ef08c\" data-element_type=\"widget\" data-e-type=\"widget\" data-widget_type=\"text-editor.default\">\n\t\t\t\t<div class=\"elementor-widget-container\">\n\t\t\t\t\t\t\t\t\t<p>Le\u00a0<strong>camp national d\u2019entrainement<\/strong> permet, \u00e0 la suite des deux CEP et d\u2019une certaine exp\u00e9rience du terrain, de former des ma\u00eetres en p\u00e9dagogie, des scoutmestres. Ce camp se pr\u00e9pare pendant un an avec trois sujets de r\u00e9flexion <span data-olk-copy-source=\"MessageBody\">et s\u2019ach\u00e8ve par une mission d\u2019application o\u00f9 le chef mettra en pratique un axe p\u00e9dagogique<\/span>. \u00c0 l\u2019issue de cette formation et l\u2019accomplissement de sa mission, le chef re\u00e7oit le foulard jaune et deux buchettes, symbole de son expertise p\u00e9dagogique.<\/p><p>Tout au long de l\u2019ann\u00e9e, la formation des chefs se poursuit par un accompagnement \u00e9troit avec le chef de groupe et un r\u00e9f\u00e9rent p\u00e9dagogique, l\u2019ACDL. Ces regards crois\u00e9s permettent de proposer des activit\u00e9s adapt\u00e9es aux enfants, tant du point de vue de la s\u00e9curit\u00e9 que de la p\u00e9dagogie.<\/p>\t\t\t\t\t\t\t\t<\/div>\n\t\t\t\t<\/div>\n\t\t\t\t\t<\/div>\n\t\t<\/div>\n\t\t\t\t\t<\/div>\n\t\t<\/section>\n\t\t\t\t<section class=\"elementor-section elementor-top-section elementor-element elementor-element-655dd21 elementor-section-boxed elementor-section-height-default elementor-section-height-default\" data-id=\"655dd21\" data-element_type=\"section\" data-e-type=\"section\">\n\t\t\t\t\t\t<div class=\"elementor-container elementor-column-gap-default\">\n\t\t\t\t\t<div class=\"elementor-column elementor-col-100 elementor-top-column elementor-element elementor-element-4419c5c\" data-id=\"4419c5c\" data-element_type=\"column\" data-e-type=\"column\" data-settings=\"{&quot;background_background&quot;:&quot;classic&quot;}\">\n\t\t\t<div class=\"elementor-widget-wrap elementor-element-populated\">\n\t\t\t\t\t\t<section class=\"elementor-section elementor-inner-section elementor-element elementor-element-4ab8e9e elementor-section-boxed elementor-section-height-default elementor-section-height-default\" data-id=\"4ab8e9e\" data-element_type=\"section\" data-e-type=\"section\">\n\t\t\t\t\t\t<div class=\"elementor-container elementor-column-gap-default\">\n\t\t\t\t\t<div class=\"elementor-column elementor-col-50 elementor-inner-column elementor-element elementor-element-56dac22\" data-id=\"56dac22\" data-element_type=\"column\" data-e-type=\"column\">\n\t\t\t<div class=\"elementor-widget-wrap elementor-element-populated\">\n\t\t\t\t\t\t<div class=\"elementor-element elementor-element-d7a424f elementor-widget elementor-widget-spacer\" data-id=\"d7a424f\" data-element_type=\"widget\" data-e-type=\"widget\" data-widget_type=\"spacer.default\">\n\t\t\t\t<div class=\"elementor-widget-container\">\n\t\t\t\t\t\t\t<div class=\"elementor-spacer\">\n\t\t\t<div class=\"elementor-spacer-inner\"><\/div>\n\t\t<\/div>\n\t\t\t\t\t\t<\/div>\n\t\t\t\t<\/div>\n\t\t\t\t\t<\/div>\n\t\t<\/div>\n\t\t\t\t<div class=\"elementor-column elementor-col-50 elementor-inner-column elementor-element elementor-element-4456709\" data-id=\"4456709\" data-element_type=\"column\" data-e-type=\"column\" data-settings=\"{&quot;background_background&quot;:&quot;classic&quot;}\">\n\t\t\t<div class=\"elementor-widget-wrap elementor-element-populated\">\n\t\t\t\t\t\t<div class=\"elementor-element elementor-element-28e2cfc elementor-widget__width-initial elementor-widget elementor-widget-heading\" data-id=\"28e2cfc\" data-element_type=\"widget\" data-e-type=\"widget\" data-widget_type=\"heading.default\">\n\t\t\t\t<div class=\"elementor-widget-container\">\n\t\t\t\t\t<h2 class=\"elementor-heading-title elementor-size-default\">Les camps \u00e9cole<\/h2>\t\t\t\t<\/div>\n\t\t\t\t<\/div>\n\t\t\t\t<div class=\"elementor-element elementor-element-6d71941 elementor-widget__width-initial elementor-widget elementor-widget-text-editor\" data-id=\"6d71941\" data-element_type=\"widget\" data-e-type=\"widget\" data-widget_type=\"text-editor.default\">\n\t\t\t\t<div class=\"elementor-widget-container\">\n\t\t\t\t\t\t\t\t\t<p>Le chef scout est un \u00e9ducateur, et ce r\u00f4le ne s\u2019improvise pas.<\/p><p>Afin d\u2019acqu\u00e9rir les connaissances et comp\u00e9tences n\u00e9cessaires \u00e0 cette responsabilit\u00e9, les guides et scouts d\u2019Europe organisent dans chaque branche des camps \u00e9cole pr\u00e9paratoires (CEP).<\/p><p>Sessions th\u00e9oriques et pratiques sur la p\u00e9dagogie, la r\u00e8glementation, les techniques et bonnes pratiques \u00e0 observer, mais aussi camps scouts \u00e0 part enti\u00e8re, les CEP sont le passage indispensable pour tout chef et toute cheftaine.<\/p><p>Ils sont encadr\u00e9s par des chefs brevet\u00e9s, qui ont servi ou servent encore aupr\u00e8s des enfants. La formation d\u2019un chef, qu\u2019il soit assistant ou chef d\u2019unit\u00e9, passe par un CEP 1<sup>er<\/sup>\u00a0degr\u00e9 et un CEP 2<sup>e<\/sup>\u00a0degr\u00e9.<\/p><p>Forts de leur exp\u00e9rience, et \u00ab\u00a0pr\u00e9par\u00e9s\u00a0\u00bb par ces 2 semaines de formation, les chefs peuvent compl\u00e9ter leur formation en participant au camp national de la branche louvetisme, le\u00a0<em>Seeonee<\/em>, o\u00f9 ils deviendront des ma\u00eetres en m\u00e9thode scoute, sp\u00e9cialis\u00e9s dans la p\u00e9dagogie louvetisme.<\/p>\t\t\t\t\t\t\t\t<\/div>\n\t\t\t\t<\/div>\n\t\t\t\t\t<\/div>\n\t\t<\/div>\n\t\t\t\t\t<\/div>\n\t\t<\/section>\n\t\t\t\t\t<\/div>\n\t\t<\/div>\n\t\t\t\t\t<\/div>\n\t\t<\/section>\n\t\t\t\t<section class=\"elementor-section elementor-top-section elementor-element elementor-element-936ddb6 elementor-section-boxed elementor-section-height-default elementor-section-height-default\" data-id=\"936ddb6\" data-element_type=\"section\" data-e-type=\"section\">\n\t\t\t\t\t\t<div class=\"elementor-container elementor-column-gap-default\">\n\t\t\t\t\t<div class=\"elementor-column elementor-col-100 elementor-top-column elementor-element elementor-element-ec506a2\" data-id=\"ec506a2\" data-element_type=\"column\" data-e-type=\"column\" data-settings=\"{&quot;background_background&quot;:&quot;classic&quot;}\">\n\t\t\t<div class=\"elementor-widget-wrap elementor-element-populated\">\n\t\t\t\t\t\t<div class=\"elementor-element elementor-element-1311599 elementor-widget elementor-widget-spacer\" data-id=\"1311599\" data-element_type=\"widget\" data-e-type=\"widget\" data-widget_type=\"spacer.default\">\n\t\t\t\t<div class=\"elementor-widget-container\">\n\t\t\t\t\t\t\t<div class=\"elementor-spacer\">\n\t\t\t<div class=\"elementor-spacer-inner\"><\/div>\n\t\t<\/div>\n\t\t\t\t\t\t<\/div>\n\t\t\t\t<\/div>\n\t\t\t\t\t<\/div>\n\t\t<\/div>\n\t\t\t\t\t<\/div>\n\t\t<\/section>\n\t\t\t\t<section class=\"elementor-section elementor-top-section elementor-element elementor-element-6a96df4 elementor-section-boxed elementor-section-height-default elementor-section-height-default\" data-id=\"6a96df4\" data-element_type=\"section\" data-e-type=\"section\">\n\t\t\t\t\t\t<div class=\"elementor-container elementor-column-gap-default\">\n\t\t\t\t\t<div class=\"elementor-column elementor-col-100 elementor-top-column elementor-element elementor-element-8ff183f\" data-id=\"8ff183f\" data-element_type=\"column\" data-e-type=\"column\" data-settings=\"{&quot;background_background&quot;:&quot;classic&quot;}\">\n\t\t\t<div class=\"elementor-widget-wrap elementor-element-populated\">\n\t\t\t\t\t\t<div class=\"elementor-element elementor-element-ad746a9 elementor-widget elementor-widget-heading\" data-id=\"ad746a9\" data-element_type=\"widget\" data-e-type=\"widget\" data-widget_type=\"heading.default\">\n\t\t\t\t<div class=\"elementor-widget-container\">\n\t\t\t\t\t<h2 class=\"elementor-heading-title elementor-size-default\">S'inscrire<\/h2>\t\t\t\t<\/div>\n\t\t\t\t<\/div>\n\t\t\t\t<div class=\"elementor-element elementor-element-6fae0c9 elementor-widget elementor-widget-text-editor\" data-id=\"6fae0c9\" data-element_type=\"widget\" data-e-type=\"widget\" data-widget_type=\"text-editor.default\">\n\t\t\t\t<div class=\"elementor-widget-container\">\n\t\t\t\t\t\t\t\t\t<p><span data-olk-copy-source=\"MessageBody\">Les inscriptions en CEP se font via Azimuth, tu y trouveras les conditions pour s&rsquo;inscrire<\/span><\/p>\t\t\t\t\t\t\t\t<\/div>\n\t\t\t\t<\/div>\n\t\t\t\t<div class=\"elementor-element elementor-element-b7d383d elementor-align-center elementor-widget elementor-widget-button\" data-id=\"b7d383d\" data-element_type=\"widget\" data-e-type=\"widget\" data-widget_type=\"button.default\">\n\t\t\t\t<div class=\"elementor-widget-container\">\n\t\t\t\t\t\t\t\t\t<div class=\"elementor-button-wrapper\">\n\t\t\t\t\t<a class=\"elementor-button elementor-button-link elementor-size-sm\" href=\"https:\/\/azimuth.scouts-europe.org\/login\">\n\t\t\t\t\t\t<span class=\"elementor-button-content-wrapper\">\n\t\t\t\t\t\t\t\t\t<span class=\"elementor-button-text\">Acc\u00e9der \u00e0 Azimuth<\/span>\n\t\t\t\t\t<\/span>\n\t\t\t\t\t<\/a>\n\t\t\t\t<\/div>\n\t\t\t\t\t\t\t\t<\/div>\n\t\t\t\t<\/div>\n\t\t\t\t<div class=\"elementor-element elementor-element-2b9d038 elementor-widget elementor-widget-spacer\" data-id=\"2b9d038\" data-element_type=\"widget\" data-e-type=\"widget\" data-widget_type=\"spacer.default\">\n\t\t\t\t<div class=\"elementor-widget-container\">\n\t\t\t\t\t\t\t<div class=\"elementor-spacer\">\n\t\t\t<div class=\"elementor-spacer-inner\"><\/div>\n\t\t<\/div>\n\t\t\t\t\t\t<\/div>\n\t\t\t\t<\/div>\n\t\t\t\t<div class=\"elementor-element elementor-element-f2e97a0 elementor-widget elementor-widget-spacer\" data-id=\"f2e97a0\" data-element_type=\"widget\" data-e-type=\"widget\" data-widget_type=\"spacer.default\">\n\t\t\t\t<div class=\"elementor-widget-container\">\n\t\t\t\t\t\t\t<div class=\"elementor-spacer\">\n\t\t\t<div class=\"elementor-spacer-inner\"><\/div>\n\t\t<\/div>\n\t\t\t\t\t\t<\/div>\n\t\t\t\t<\/div>\n\t\t\t\t\t<\/div>\n\t\t<\/div>\n\t\t\t\t\t<\/div>\n\t\t<\/section>\n\t\t\t\t<\/div>\n\t\t","protected":false},"excerpt":{"rendered":"<p>La formation des chefs Les chefs et cheftaines qui encadrent les enfants ne sont pas juste des jeunes qui acceptent un service. Ils donnent de leur temps pour contribuer \u00e0 l\u2019\u00e9ducation des enfants et se forment eux-m\u00eames pour assurer cette mission. En d\u00e9but d\u2019ann\u00e9e, un week-end de\u00a0formation de base\u00a0leur donne les cl\u00e9s n\u00e9cessaires pour bien [&hellip;]<\/p>\n","protected":false},"author":4,"featured_media":1812,"parent":0,"menu_order":0,"comment_status":"closed","ping_status":"closed","template":"","meta":{"_seopress_robots_primary_cat":"","_seopress_titles_title":"","_seopress_titles_desc":"","_seopress_robots_index":"","site-sidebar-layout":"no-sidebar","site-content-layout":"page-builder","ast-site-content-layout":"full-width-container","site-content-style":"default","site-sidebar-style":"default","ast-global-header-display":"","ast-banner-title-visibility":"","ast-main-header-display":"","ast-hfb-above-header-display":"","ast-hfb-below-header-display":"","ast-hfb-mobile-header-display":"","site-post-title":"disabled","ast-breadcrumbs-content":"","ast-featured-img":"disabled","footer-sml-layout":"","theme-transparent-header-meta":"","adv-header-id-meta":"","stick-header-meta":"","header-above-stick-meta":"","header-main-stick-meta":"","header-below-stick-meta":"","astra-migrate-meta-layouts":"set","ast-page-background-enabled":"default","ast-page-background-meta":{"desktop":{"background-color":"var(--ast-global-color-4)","background-image":"","background-repeat":"repeat","background-position":"center center","background-size":"auto","background-attachment":"scroll","background-type":"","background-media":"","overlay-type":"","overlay-color":"","overlay-opacity":"","overlay-gradient":""},"tablet":{"background-color":"","background-image":"","background-repeat":"repeat","background-position":"center center","background-size":"auto","background-attachment":"scroll","background-type":"","background-media":"","overlay-type":"","overlay-color":"","overlay-opacity":"","overlay-gradient":""},"mobile":{"background-color":"","background-image":"","background-repeat":"repeat","background-position":"center center","background-size":"auto","background-attachment":"scroll","background-type":"","background-media":"","overlay-type":"","overlay-color":"","overlay-opacity":"","overlay-gradient":""}},"ast-content-background-meta":{"desktop":{"background-color":"var(--ast-global-color-5)","background-image":"","background-repeat":"repeat","background-position":"center center","background-size":"auto","background-attachment":"scroll","background-type":"","background-media":"","overlay-type":"","overlay-color":"","overlay-opacity":"","overlay-gradient":""},"tablet":{"background-color":"var(--ast-global-color-5)","background-image":"","background-repeat":"repeat","background-position":"center center","background-size":"auto","background-attachment":"scroll","background-type":"","background-media":"","overlay-type":"","overlay-color":"","overlay-opacity":"","overlay-gradient":""},"mobile":{"background-color":"var(--ast-global-color-5)","background-image":"","background-repeat":"repeat","background-position":"center center","background-size":"auto","background-attachment":"scroll","background-type":"","background-media":"","overlay-type":"","overlay-color":"","overlay-opacity":"","overlay-gradient":""}},"footnotes":""},"class_list":["post-1443","page","type-page","status-publish","has-post-thumbnail","hentry"],"_links":{"self":[{"href":"https:\/\/www.scouts-europe.org\/louvetisme\/wp-json\/wp\/v2\/pages\/1443","targetHints":{"allow":["GET"]}}],"collection":[{"href":"https:\/\/www.scouts-europe.org\/louvetisme\/wp-json\/wp\/v2\/pages"}],"about":[{"href":"https:\/\/www.scouts-europe.org\/louvetisme\/wp-json\/wp\/v2\/types\/page"}],"author":[{"embeddable":true,"href":"https:\/\/www.scouts-europe.org\/louvetisme\/wp-json\/wp\/v2\/users\/4"}],"replies":[{"embeddable":true,"href":"https:\/\/www.scouts-europe.org\/louvetisme\/wp-json\/wp\/v2\/comments?post=1443"}],"version-history":[{"count":43,"href":"https:\/\/www.scouts-europe.org\/louvetisme\/wp-json\/wp\/v2\/pages\/1443\/revisions"}],"predecessor-version":[{"id":2803,"href":"https:\/\/www.scouts-europe.org\/louvetisme\/wp-json\/wp\/v2\/pages\/1443\/revisions\/2803"}],"wp:featuredmedia":[{"embeddable":true,"href":"https:\/\/www.scouts-europe.org\/louvetisme\/wp-json\/wp\/v2\/media\/1812"}],"wp:attachment":[{"href":"https:\/\/www.scouts-europe.org\/louvetisme\/wp-json\/wp\/v2\/media?parent=1443"}],"curies":[{"name":"wp","href":"https:\/\/api.w.org\/{rel}","templated":true}]}}