{"id":1449,"date":"2025-02-17T10:49:11","date_gmt":"2025-02-17T09:49:11","guid":{"rendered":"https:\/\/www.scouts-europe.org\/louvetisme\/?page_id=1449"},"modified":"2025-04-17T14:30:57","modified_gmt":"2025-04-17T12:30:57","slug":"tu-reflechis-a-etre-chef","status":"publish","type":"page","link":"https:\/\/www.scouts-europe.org\/louvetisme\/tu-reflechis-a-etre-chef\/","title":{"rendered":"Tu r\u00e9fl\u00e9chis \u00e0 \u00eatre chef"},"content":{"rendered":"\t\t<div data-elementor-type=\"wp-page\" data-elementor-id=\"1449\" class=\"elementor elementor-1449\">\n\t\t\t\t\t\t<section class=\"elementor-section elementor-top-section elementor-element elementor-element-0a58791 elementor-section-boxed elementor-section-height-default elementor-section-height-default\" data-id=\"0a58791\" data-element_type=\"section\" data-e-type=\"section\">\n\t\t\t\t\t\t<div class=\"elementor-container elementor-column-gap-default\">\n\t\t\t\t\t<div class=\"elementor-column elementor-col-100 elementor-top-column elementor-element elementor-element-7134b49\" data-id=\"7134b49\" data-element_type=\"column\" data-e-type=\"column\" data-settings=\"{&quot;background_background&quot;:&quot;classic&quot;}\">\n\t\t\t<div class=\"elementor-widget-wrap elementor-element-populated\">\n\t\t\t\t\t\t<div class=\"elementor-element elementor-element-846d1a1 elementor-widget elementor-widget-spacer\" data-id=\"846d1a1\" data-element_type=\"widget\" data-e-type=\"widget\" data-widget_type=\"spacer.default\">\n\t\t\t\t<div class=\"elementor-widget-container\">\n\t\t\t\t\t\t\t<div class=\"elementor-spacer\">\n\t\t\t<div class=\"elementor-spacer-inner\"><\/div>\n\t\t<\/div>\n\t\t\t\t\t\t<\/div>\n\t\t\t\t<\/div>\n\t\t\t\t<div class=\"elementor-element elementor-element-28e2cfc elementor-widget elementor-widget-heading\" data-id=\"28e2cfc\" data-element_type=\"widget\" data-e-type=\"widget\" data-widget_type=\"heading.default\">\n\t\t\t\t<div class=\"elementor-widget-container\">\n\t\t\t\t\t<h2 class=\"elementor-heading-title elementor-size-default\">Vieux Loups<\/h2>\t\t\t\t<\/div>\n\t\t\t\t<\/div>\n\t\t\t\t<div class=\"elementor-element elementor-element-6d71941 elementor-widget elementor-widget-text-editor\" data-id=\"6d71941\" data-element_type=\"widget\" data-e-type=\"widget\" data-widget_type=\"text-editor.default\">\n\t\t\t\t<div class=\"elementor-widget-container\">\n\t\t\t\t\t\t\t\t\t<p>Les\u00a0<strong><em>Vieux Loups<\/em><\/strong>, c\u2019est le nom donn\u00e9 aux chefs et cheftaines dans le louvetisme. Co-\u00e9ducateurs (avec les parents) des louveteaux et louvettes, ils se plongent dans l\u2019imaginaire du\u00a0<em>Livre de la Jungle<\/em>\u00a0en prenant le nom d\u2019\u00e9ducateurs de Mowgli\u00a0:<\/p><ul><li><strong>Akela<\/strong>, chef du clan des loups de Seeonee est le chef de la meute ou de la clairi\u00e8re<\/li><\/ul><p>Les assistants prennent le nom d\u2019autres \u00e9ducateurs (en donnant la priorit\u00e9 \u00e0 Bagheera et Baloo qui sont deux \u00e9ducateurs majeurs de Mowgli dans le\u00a0<em>Livre de la Jungle<\/em>).<\/p><ul><li><strong>Bagheera<\/strong>, la panth\u00e8re noire, ma\u00eetre dans l\u2019art de la chasse<\/li><li><strong>Baloo<\/strong>, l\u2019ours brun, docteur de la loi, plein de sagesse et de connaissance<\/li><li><strong>Kaa<\/strong>, le python de rocher qui sauvera Mowgli de plusieurs situations p\u00e9rilleuses<\/li><li><strong>Chil<\/strong>, le milan, messager de la jungle<\/li><li><strong>Hathi<\/strong>, l\u2019\u00e9l\u00e9phant, ma\u00eetre de la jungle<\/li><li><strong>Raksha<\/strong>\u00a0et\u00a0<strong>P\u00e8re Loup<\/strong>, parents adoptifs de Mowgli<\/li><\/ul><p>Le louvetisme est une m\u00e9thode d\u2019\u00e9ducation tr\u00e8s riche qui repose sur l\u2019investissement de chaque membre de la ma\u00eetrise, de chaque chef ou cheftaine qui, ensemble, organisent et animent des activit\u00e9s adapt\u00e9es \u00e0 l\u2019unit\u00e9. Bien plus que d\u2019animer des jeux, les grandes chasses, il s\u2019agit de vivre avec les enfants\u00a0: faire faire et faire avec eux.<\/p>\t\t\t\t\t\t\t\t<\/div>\n\t\t\t\t<\/div>\n\t\t\t\t\t<\/div>\n\t\t<\/div>\n\t\t\t\t\t<\/div>\n\t\t<\/section>\n\t\t\t\t<section class=\"elementor-section elementor-top-section elementor-element elementor-element-1119c13 elementor-section-boxed elementor-section-height-default elementor-section-height-default\" data-id=\"1119c13\" data-element_type=\"section\" data-e-type=\"section\">\n\t\t\t\t\t\t<div class=\"elementor-container elementor-column-gap-default\">\n\t\t\t\t\t<div class=\"elementor-column elementor-col-100 elementor-top-column elementor-element elementor-element-2fd527d\" data-id=\"2fd527d\" data-element_type=\"column\" data-e-type=\"column\" data-settings=\"{&quot;background_background&quot;:&quot;classic&quot;}\">\n\t\t\t<div class=\"elementor-widget-wrap elementor-element-populated\">\n\t\t\t\t\t\t<section class=\"elementor-section elementor-inner-section elementor-element elementor-element-d2da2dc elementor-section-boxed elementor-section-height-default elementor-section-height-default\" data-id=\"d2da2dc\" data-element_type=\"section\" data-e-type=\"section\">\n\t\t\t\t\t\t<div class=\"elementor-container elementor-column-gap-default\">\n\t\t\t\t\t<div class=\"elementor-column elementor-col-50 elementor-inner-column elementor-element elementor-element-291f9cc\" data-id=\"291f9cc\" data-element_type=\"column\" data-e-type=\"column\" data-settings=\"{&quot;background_background&quot;:&quot;classic&quot;}\">\n\t\t\t<div class=\"elementor-widget-wrap elementor-element-populated\">\n\t\t\t\t\t\t<div class=\"elementor-element elementor-element-774692a elementor-widget elementor-widget-heading\" data-id=\"774692a\" data-element_type=\"widget\" data-e-type=\"widget\" data-widget_type=\"heading.default\">\n\t\t\t\t<div class=\"elementor-widget-container\">\n\t\t\t\t\t<h2 class=\"elementor-heading-title elementor-size-default\">Tu r\u00e9fl\u00e9chis \u00e0 servir comme chef...<\/h2>\t\t\t\t<\/div>\n\t\t\t\t<\/div>\n\t\t\t\t<div class=\"elementor-element elementor-element-d42e218 elementor-widget elementor-widget-text-editor\" data-id=\"d42e218\" data-element_type=\"widget\" data-e-type=\"widget\" data-widget_type=\"text-editor.default\">\n\t\t\t\t<div class=\"elementor-widget-container\">\n\t\t\t\t\t\t\t\t\t<p>Voici quelques \u00e9l\u00e9ments de discernement\u00a0:<\/p><ul><li>Tu as tellement re\u00e7u que tu veux \u00ab\u00a0redonner\u00a0\u00bb<\/li><li>Tu veux continuer \u00e0 vivre du scoutisme, c\u2019est une bonne occasion<\/li><li>Tu es disponible et tu veux donner de ton temps pour servir<\/li><li>Tu aimes beaucoup les enfants et tu veux approfondir la p\u00e9dagogie qui leur est d\u00e9di\u00e9e<\/li><li>Tu veux aider des enfants \u00e0 devenir saints<\/li><li>Tu veux partager une vie d\u2019\u00e9quipe, en ma\u00eetrise<\/li><li>C\u2019est une exp\u00e9rience d\u2019encadrement et de management \u00e0 valoriser sur un CV<\/li><li>Tu n\u2019as jamais fait de scoutisme, mais c\u2019est l\u2019occasion de d\u00e9couvrir<\/li><li>Tu aimes jouer, chanter, danser, courir\u2026<\/li><li>Tu aimes pr\u00e9parer, organiser, partager, etc.<\/li><li>Un chef ou une cheftaine de groupe est l\u00e0 pour te soutenir<\/li><li>Un r\u00e9f\u00e9rent p\u00e9dagogique est l\u00e0 pour te partager son exp\u00e9rience et t\u2019aider<\/li><\/ul>\t\t\t\t\t\t\t\t<\/div>\n\t\t\t\t<\/div>\n\t\t\t\t\t<\/div>\n\t\t<\/div>\n\t\t\t\t<div class=\"elementor-column elementor-col-50 elementor-inner-column elementor-element elementor-element-7e0623e\" data-id=\"7e0623e\" data-element_type=\"column\" data-e-type=\"column\">\n\t\t\t<div class=\"elementor-widget-wrap\">\n\t\t\t\t\t\t\t<\/div>\n\t\t<\/div>\n\t\t\t\t\t<\/div>\n\t\t<\/section>\n\t\t\t\t\t<\/div>\n\t\t<\/div>\n\t\t\t\t\t<\/div>\n\t\t<\/section>\n\t\t\t\t<section class=\"elementor-section elementor-top-section elementor-element elementor-element-d410398 elementor-section-boxed elementor-section-height-default elementor-section-height-default\" data-id=\"d410398\" data-element_type=\"section\" data-e-type=\"section\">\n\t\t\t\t\t\t<div class=\"elementor-container elementor-column-gap-default\">\n\t\t\t\t\t<div class=\"elementor-column elementor-col-100 elementor-top-column elementor-element elementor-element-f4fe895\" data-id=\"f4fe895\" data-element_type=\"column\" data-e-type=\"column\" data-settings=\"{&quot;background_background&quot;:&quot;classic&quot;}\">\n\t\t\t<div class=\"elementor-widget-wrap elementor-element-populated\">\n\t\t\t\t\t\t<div class=\"elementor-element elementor-element-800d99f elementor-widget elementor-widget-spacer\" data-id=\"800d99f\" data-element_type=\"widget\" data-e-type=\"widget\" data-widget_type=\"spacer.default\">\n\t\t\t\t<div class=\"elementor-widget-container\">\n\t\t\t\t\t\t\t<div class=\"elementor-spacer\">\n\t\t\t<div class=\"elementor-spacer-inner\"><\/div>\n\t\t<\/div>\n\t\t\t\t\t\t<\/div>\n\t\t\t\t<\/div>\n\t\t\t\t\t<\/div>\n\t\t<\/div>\n\t\t\t\t\t<\/div>\n\t\t<\/section>\n\t\t\t\t<section class=\"elementor-section elementor-top-section elementor-element elementor-element-1f0abf7 elementor-section-boxed elementor-section-height-default elementor-section-height-default\" data-id=\"1f0abf7\" data-element_type=\"section\" data-e-type=\"section\">\n\t\t\t\t\t\t<div class=\"elementor-container elementor-column-gap-default\">\n\t\t\t\t\t<div class=\"elementor-column elementor-col-100 elementor-top-column elementor-element elementor-element-9914b13\" data-id=\"9914b13\" data-element_type=\"column\" data-e-type=\"column\" data-settings=\"{&quot;background_background&quot;:&quot;classic&quot;}\">\n\t\t\t<div class=\"elementor-widget-wrap elementor-element-populated\">\n\t\t\t\t\t\t<div class=\"elementor-element elementor-element-523fc45 elementor-widget elementor-widget-spacer\" data-id=\"523fc45\" data-element_type=\"widget\" data-e-type=\"widget\" data-widget_type=\"spacer.default\">\n\t\t\t\t<div class=\"elementor-widget-container\">\n\t\t\t\t\t\t\t<div class=\"elementor-spacer\">\n\t\t\t<div class=\"elementor-spacer-inner\"><\/div>\n\t\t<\/div>\n\t\t\t\t\t\t<\/div>\n\t\t\t\t<\/div>\n\t\t\t\t<div class=\"elementor-element elementor-element-50429fa elementor-widget elementor-widget-heading\" data-id=\"50429fa\" data-element_type=\"widget\" data-e-type=\"widget\" data-widget_type=\"heading.default\">\n\t\t\t\t<div class=\"elementor-widget-container\">\n\t\t\t\t\t<h2 class=\"elementor-heading-title elementor-size-default\">Conditions<\/h2>\t\t\t\t<\/div>\n\t\t\t\t<\/div>\n\t\t\t\t<div class=\"elementor-element elementor-element-a065cad elementor-widget elementor-widget-text-editor\" data-id=\"a065cad\" data-element_type=\"widget\" data-e-type=\"widget\" data-widget_type=\"text-editor.default\">\n\t\t\t\t<div class=\"elementor-widget-container\">\n\t\t\t\t\t\t\t\t\t<ul><li>Avoir 18 ans minimum au 31 d\u00e9cembre de l\u2019ann\u00e9e scoute en cours<\/li><li>Adh\u00e9rer au projet p\u00e9dagogique du mouvement<\/li><li>S\u2019engager pour au moins un an et s\u2019investir dans les activit\u00e9s<\/li><li>Suivre loyalement les instructions donn\u00e9es par ses chefs<\/li><li>Poursuivre sa formation et sa progression personnelle pour assurer son service<\/li><\/ul>\t\t\t\t\t\t\t\t<\/div>\n\t\t\t\t<\/div>\n\t\t\t\t\t<\/div>\n\t\t<\/div>\n\t\t\t\t\t<\/div>\n\t\t<\/section>\n\t\t\t\t<\/div>\n\t\t","protected":false},"excerpt":{"rendered":"<p>Vieux Loups Les\u00a0Vieux Loups, c\u2019est le nom donn\u00e9 aux chefs et cheftaines dans le louvetisme. Co-\u00e9ducateurs (avec les parents) des louveteaux et louvettes, ils se plongent dans l\u2019imaginaire du\u00a0Livre de la Jungle\u00a0en prenant le nom d\u2019\u00e9ducateurs de Mowgli\u00a0: Akela, chef du clan des loups de Seeonee est le chef de la meute ou de la [&hellip;]<\/p>\n","protected":false},"author":4,"featured_media":2487,"parent":0,"menu_order":0,"comment_status":"closed","ping_status":"closed","template":"","meta":{"_seopress_robots_primary_cat":"","_seopress_titles_title":"","_seopress_titles_desc":"","_seopress_robots_index":"","site-sidebar-layout":"no-sidebar","site-content-layout":"page-builder","ast-site-content-layout":"full-width-container","site-content-style":"default","site-sidebar-style":"default","ast-global-header-display":"","ast-banner-title-visibility":"","ast-main-header-display":"","ast-hfb-above-header-display":"","ast-hfb-below-header-display":"","ast-hfb-mobile-header-display":"","site-post-title":"disabled","ast-breadcrumbs-content":"","ast-featured-img":"disabled","footer-sml-layout":"","theme-transparent-header-meta":"","adv-header-id-meta":"","stick-header-meta":"","header-above-stick-meta":"","header-main-stick-meta":"","header-below-stick-meta":"","astra-migrate-meta-layouts":"set","ast-page-background-enabled":"default","ast-page-background-meta":{"desktop":{"background-color":"var(--ast-global-color-4)","background-image":"","background-repeat":"repeat","background-position":"center center","background-size":"auto","background-attachment":"scroll","background-type":"","background-media":"","overlay-type":"","overlay-color":"","overlay-opacity":"","overlay-gradient":""},"tablet":{"background-color":"","background-image":"","background-repeat":"repeat","background-position":"center center","background-size":"auto","background-attachment":"scroll","background-type":"","background-media":"","overlay-type":"","overlay-color":"","overlay-opacity":"","overlay-gradient":""},"mobile":{"background-color":"","background-image":"","background-repeat":"repeat","background-position":"center center","background-size":"auto","background-attachment":"scroll","background-type":"","background-media":"","overlay-type":"","overlay-color":"","overlay-opacity":"","overlay-gradient":""}},"ast-content-background-meta":{"desktop":{"background-color":"var(--ast-global-color-5)","background-image":"","background-repeat":"repeat","background-position":"center center","background-size":"auto","background-attachment":"scroll","background-type":"","background-media":"","overlay-type":"","overlay-color":"","overlay-opacity":"","overlay-gradient":""},"tablet":{"background-color":"var(--ast-global-color-5)","background-image":"","background-repeat":"repeat","background-position":"center center","background-size":"auto","background-attachment":"scroll","background-type":"","background-media":"","overlay-type":"","overlay-color":"","overlay-opacity":"","overlay-gradient":""},"mobile":{"background-color":"var(--ast-global-color-5)","background-image":"","background-repeat":"repeat","background-position":"center center","background-size":"auto","background-attachment":"scroll","background-type":"","background-media":"","overlay-type":"","overlay-color":"","overlay-opacity":"","overlay-gradient":""}},"footnotes":""},"class_list":["post-1449","page","type-page","status-publish","has-post-thumbnail","hentry"],"_links":{"self":[{"href":"https:\/\/www.scouts-europe.org\/louvetisme\/wp-json\/wp\/v2\/pages\/1449","targetHints":{"allow":["GET"]}}],"collection":[{"href":"https:\/\/www.scouts-europe.org\/louvetisme\/wp-json\/wp\/v2\/pages"}],"about":[{"href":"https:\/\/www.scouts-europe.org\/louvetisme\/wp-json\/wp\/v2\/types\/page"}],"author":[{"embeddable":true,"href":"https:\/\/www.scouts-europe.org\/louvetisme\/wp-json\/wp\/v2\/users\/4"}],"replies":[{"embeddable":true,"href":"https:\/\/www.scouts-europe.org\/louvetisme\/wp-json\/wp\/v2\/comments?post=1449"}],"version-history":[{"count":16,"href":"https:\/\/www.scouts-europe.org\/louvetisme\/wp-json\/wp\/v2\/pages\/1449\/revisions"}],"predecessor-version":[{"id":2490,"href":"https:\/\/www.scouts-europe.org\/louvetisme\/wp-json\/wp\/v2\/pages\/1449\/revisions\/2490"}],"wp:featuredmedia":[{"embeddable":true,"href":"https:\/\/www.scouts-europe.org\/louvetisme\/wp-json\/wp\/v2\/media\/2487"}],"wp:attachment":[{"href":"https:\/\/www.scouts-europe.org\/louvetisme\/wp-json\/wp\/v2\/media?parent=1449"}],"curies":[{"name":"wp","href":"https:\/\/api.w.org\/{rel}","templated":true}]}}