{"id":1477,"date":"2025-02-17T11:49:24","date_gmt":"2025-02-17T10:49:24","guid":{"rendered":"https:\/\/www.scouts-europe.org\/louvetisme\/?page_id=1477"},"modified":"2025-04-17T14:48:14","modified_gmt":"2025-04-17T12:48:14","slug":"handi-loup","status":"publish","type":"page","link":"https:\/\/www.scouts-europe.org\/louvetisme\/handi-loup\/","title":{"rendered":"Handi-loup"},"content":{"rendered":"\t\t<div data-elementor-type=\"wp-page\" data-elementor-id=\"1477\" class=\"elementor elementor-1477\">\n\t\t\t\t\t\t<section class=\"elementor-section elementor-top-section elementor-element elementor-element-8742823 elementor-section-boxed elementor-section-height-default elementor-section-height-default\" data-id=\"8742823\" data-element_type=\"section\" data-e-type=\"section\">\n\t\t\t\t\t\t<div class=\"elementor-container elementor-column-gap-default\">\n\t\t\t\t\t<div class=\"elementor-column elementor-col-100 elementor-top-column elementor-element elementor-element-b34abf8\" data-id=\"b34abf8\" data-element_type=\"column\" data-e-type=\"column\" data-settings=\"{&quot;background_background&quot;:&quot;classic&quot;}\">\n\t\t\t<div class=\"elementor-widget-wrap elementor-element-populated\">\n\t\t\t\t\t\t<div class=\"elementor-element elementor-element-7a8eba4 elementor-widget elementor-widget-spacer\" data-id=\"7a8eba4\" data-element_type=\"widget\" data-e-type=\"widget\" data-widget_type=\"spacer.default\">\n\t\t\t\t<div class=\"elementor-widget-container\">\n\t\t\t\t\t\t\t<div class=\"elementor-spacer\">\n\t\t\t<div class=\"elementor-spacer-inner\"><\/div>\n\t\t<\/div>\n\t\t\t\t\t\t<\/div>\n\t\t\t\t<\/div>\n\t\t\t\t<div class=\"elementor-element elementor-element-65f5b46 elementor-widget elementor-widget-heading\" data-id=\"65f5b46\" data-element_type=\"widget\" data-e-type=\"widget\" data-widget_type=\"heading.default\">\n\t\t\t\t<div class=\"elementor-widget-container\">\n\t\t\t\t\t<h2 class=\"elementor-heading-title elementor-size-default\">Louvetisme et handicap<\/h2>\t\t\t\t<\/div>\n\t\t\t\t<\/div>\n\t\t\t\t<div class=\"elementor-element elementor-element-d95b39a elementor-widget elementor-widget-text-editor\" data-id=\"d95b39a\" data-element_type=\"widget\" data-e-type=\"widget\" data-widget_type=\"text-editor.default\">\n\t\t\t\t<div class=\"elementor-widget-container\">\n\t\t\t\t\t\t\t\t\t<p>L\u2019association des guides et scouts d\u2019Europe est ouverte \u00e0 tous et permet \u00e0 chacun de trouver sa place. Un enfant porteur de handicap peut tout \u00e0 fait entrer \u00e0 la meute ou \u00e0 la clairi\u00e8re. C\u2019est une chance pour lui et pour l\u2019unit\u00e9 qui va l\u2019accueillir\u00a0: chacun va d\u00e9couvrir l\u2019autre et s\u2019enrichir de sa diff\u00e9rence. Mais pour que tout se passe bien, il convient de bien pr\u00e9parer sa venue avec un \u00e9change franc entre la ma\u00eetrise et les parents. La ma\u00eetrise peut aller voir l\u2019enfant chez lui et rencontrer ses parents avec le chef de groupe, pour bien le conna\u00eetre\u00a0:<\/p><ul><li>Type de handicap et attention requise<\/li><li>Conseils sur la prise en charge<\/li><li>Effectif n\u00e9cessaire de la ma\u00eetrise<\/li><li>Adapation de la progression pour l\u2019enfant<\/li><li>Rythme de pr\u00e9sence adapt\u00e9<\/li><\/ul><p>Ensuite, il conviendra de trouver la bonne formule pour accueillir cet enfant\u00a0:<\/p><ul><li>Commencer avec le 1<sup>er<\/sup>\u00a0trimestre et faire un bilan avec les parents et le CG \u00e0 l\u2019issue<\/li><li>Diminuer le rythme de pr\u00e9sence et l\u2019augmenter progressivement<\/li><li>Permettre \u00e0 l\u2019enfant de ne pas participer au camp si besoin<\/li><li>Adapter les \u00e9preuves du Mowgli aux capacit\u00e9s de l\u2019enfant, en lien avec les parents<\/li><li>Pr\u00e9parer sa mont\u00e9e avec le chef de troupe ou la cheftaine de compagnie lorsqu\u2019il aura 12 ans<\/li><\/ul><p>Un livret est disponible sur demande pour accompagner la ma\u00eetrise dans la gestion de ce cas particulier. Dans tous les cas, le chef de groupe et l\u2019ACDL sont des soutiens pr\u00e9cieux pour permettre \u00e0 notre m\u00e9thode de s\u2019adapter au mieux \u00e0 l\u2019enfant. La ma\u00eetrise peut librement refuser l\u2019accueil de l\u2019enfant si elle ne se sent pas en mesure de l\u2019accompagner dans de bonnes conditions, tout comme les parents peuvent renoncer s\u2019ils sentent que l\u2019adaptation sera trop difficile. Passer du temps \u00e0 d\u00e9couvrir l\u2019enfant, et pour que l\u2019enfant apprivoise les chefs permettra une int\u00e9gration r\u00e9ussie. Si tout se passe bien, l\u2019enfant pourra grandir et vivre le scoutisme comme les autres.<\/p>\t\t\t\t\t\t\t\t<\/div>\n\t\t\t\t<\/div>\n\t\t\t\t\t<\/div>\n\t\t<\/div>\n\t\t\t\t\t<\/div>\n\t\t<\/section>\n\t\t\t\t<\/div>\n\t\t","protected":false},"excerpt":{"rendered":"<p>Louvetisme et handicap L\u2019association des guides et scouts d\u2019Europe est ouverte \u00e0 tous et permet \u00e0 chacun de trouver sa place. Un enfant porteur de handicap peut tout \u00e0 fait entrer \u00e0 la meute ou \u00e0 la clairi\u00e8re. C\u2019est une chance pour lui et pour l\u2019unit\u00e9 qui va l\u2019accueillir\u00a0: chacun va d\u00e9couvrir l\u2019autre et s\u2019enrichir [&hellip;]<\/p>\n","protected":false},"author":4,"featured_media":2546,"parent":0,"menu_order":0,"comment_status":"closed","ping_status":"closed","template":"","meta":{"_seopress_robots_primary_cat":"","_seopress_titles_title":"","_seopress_titles_desc":"","_seopress_robots_index":"","site-sidebar-layout":"no-sidebar","site-content-layout":"page-builder","ast-site-content-layout":"full-width-container","site-content-style":"default","site-sidebar-style":"default","ast-global-header-display":"","ast-banner-title-visibility":"","ast-main-header-display":"","ast-hfb-above-header-display":"","ast-hfb-below-header-display":"","ast-hfb-mobile-header-display":"","site-post-title":"disabled","ast-breadcrumbs-content":"","ast-featured-img":"disabled","footer-sml-layout":"","theme-transparent-header-meta":"","adv-header-id-meta":"","stick-header-meta":"","header-above-stick-meta":"","header-main-stick-meta":"","header-below-stick-meta":"","astra-migrate-meta-layouts":"set","ast-page-background-enabled":"default","ast-page-background-meta":{"desktop":{"background-color":"var(--ast-global-color-4)","background-image":"","background-repeat":"repeat","background-position":"center center","background-size":"auto","background-attachment":"scroll","background-type":"","background-media":"","overlay-type":"","overlay-color":"","overlay-opacity":"","overlay-gradient":""},"tablet":{"background-color":"","background-image":"","background-repeat":"repeat","background-position":"center center","background-size":"auto","background-attachment":"scroll","background-type":"","background-media":"","overlay-type":"","overlay-color":"","overlay-opacity":"","overlay-gradient":""},"mobile":{"background-color":"","background-image":"","background-repeat":"repeat","background-position":"center center","background-size":"auto","background-attachment":"scroll","background-type":"","background-media":"","overlay-type":"","overlay-color":"","overlay-opacity":"","overlay-gradient":""}},"ast-content-background-meta":{"desktop":{"background-color":"var(--ast-global-color-5)","background-image":"","background-repeat":"repeat","background-position":"center center","background-size":"auto","background-attachment":"scroll","background-type":"","background-media":"","overlay-type":"","overlay-color":"","overlay-opacity":"","overlay-gradient":""},"tablet":{"background-color":"var(--ast-global-color-5)","background-image":"","background-repeat":"repeat","background-position":"center center","background-size":"auto","background-attachment":"scroll","background-type":"","background-media":"","overlay-type":"","overlay-color":"","overlay-opacity":"","overlay-gradient":""},"mobile":{"background-color":"var(--ast-global-color-5)","background-image":"","background-repeat":"repeat","background-position":"center center","background-size":"auto","background-attachment":"scroll","background-type":"","background-media":"","overlay-type":"","overlay-color":"","overlay-opacity":"","overlay-gradient":""}},"footnotes":""},"class_list":["post-1477","page","type-page","status-publish","has-post-thumbnail","hentry"],"_links":{"self":[{"href":"https:\/\/www.scouts-europe.org\/louvetisme\/wp-json\/wp\/v2\/pages\/1477","targetHints":{"allow":["GET"]}}],"collection":[{"href":"https:\/\/www.scouts-europe.org\/louvetisme\/wp-json\/wp\/v2\/pages"}],"about":[{"href":"https:\/\/www.scouts-europe.org\/louvetisme\/wp-json\/wp\/v2\/types\/page"}],"author":[{"embeddable":true,"href":"https:\/\/www.scouts-europe.org\/louvetisme\/wp-json\/wp\/v2\/users\/4"}],"replies":[{"embeddable":true,"href":"https:\/\/www.scouts-europe.org\/louvetisme\/wp-json\/wp\/v2\/comments?post=1477"}],"version-history":[{"count":11,"href":"https:\/\/www.scouts-europe.org\/louvetisme\/wp-json\/wp\/v2\/pages\/1477\/revisions"}],"predecessor-version":[{"id":2549,"href":"https:\/\/www.scouts-europe.org\/louvetisme\/wp-json\/wp\/v2\/pages\/1477\/revisions\/2549"}],"wp:featuredmedia":[{"embeddable":true,"href":"https:\/\/www.scouts-europe.org\/louvetisme\/wp-json\/wp\/v2\/media\/2546"}],"wp:attachment":[{"href":"https:\/\/www.scouts-europe.org\/louvetisme\/wp-json\/wp\/v2\/media?parent=1477"}],"curies":[{"name":"wp","href":"https:\/\/api.w.org\/{rel}","templated":true}]}}