{"id":2320,"date":"2025-04-15T16:09:16","date_gmt":"2025-04-15T14:09:16","guid":{"rendered":"https:\/\/www.scouts-europe.org\/louvetisme\/?page_id=2320"},"modified":"2025-06-17T15:48:50","modified_gmt":"2025-06-17T13:48:50","slug":"boite-a-outils","status":"publish","type":"page","link":"https:\/\/www.scouts-europe.org\/louvetisme\/boite-a-outils\/","title":{"rendered":"Boite \u00e0 outils"},"content":{"rendered":"\t\t<div data-elementor-type=\"wp-page\" data-elementor-id=\"2320\" class=\"elementor elementor-2320\">\n\t\t\t\t\t\t<section class=\"elementor-section elementor-top-section elementor-element elementor-element-7cd80c3 elementor-section-boxed elementor-section-height-default elementor-section-height-default\" data-id=\"7cd80c3\" data-element_type=\"section\" data-e-type=\"section\">\n\t\t\t\t\t\t<div class=\"elementor-container elementor-column-gap-default\">\n\t\t\t\t\t<div class=\"elementor-column elementor-col-100 elementor-top-column elementor-element elementor-element-1d86db5\" data-id=\"1d86db5\" data-element_type=\"column\" data-e-type=\"column\" data-settings=\"{&quot;background_background&quot;:&quot;classic&quot;}\">\n\t\t\t<div class=\"elementor-widget-wrap elementor-element-populated\">\n\t\t\t\t\t\t<div class=\"elementor-element elementor-element-5dfcf52 elementor-widget elementor-widget-ovs_posts\" data-id=\"5dfcf52\" data-element_type=\"widget\" data-e-type=\"widget\" data-widget_type=\"ovs_posts.default\">\n\t\t\t\t<div class=\"elementor-widget-container\">\n\t\t\t\t\t\t\t<div class=\"d-flex posts-default col-4\">\n\t\t\t<div class=\"filters-post\">\n    <button class=\"filter active\" data-target=\"all\" data-color=\"\"><span>Tous<\/span><\/button>\n            <nav>\n                            <button data-color=\"\"\" data-target=\"maitrise\" class=\"filter\"><span>maitrise<\/span><\/button>\n                    <\/nav>\n    \n<\/div>        <article class=\"post-item\" data-category=\"maitrise\">\n            <div class=\"img\">\n                                    <a href=\"https:\/\/www.scouts-europe.org\/louvetisme\/la-ba\/\" title=\"La BA\">\n                        <img fetchpriority=\"high\" decoding=\"async\" width=\"1024\" height=\"683\" src=\"https:\/\/www.scouts-europe.org\/louvetisme\/wp-content\/uploads\/sites\/108\/2025\/02\/Design-sans-titre-2025-02-14T141817.746-1024x683.png\" class=\"attachment-large size-large wp-post-image\" alt=\"design sans titre 2025 02 14t141817.746\" srcset=\"https:\/\/www.scouts-europe.org\/louvetisme\/wp-content\/uploads\/sites\/108\/2025\/02\/Design-sans-titre-2025-02-14T141817.746-1024x683.png 1024w, https:\/\/www.scouts-europe.org\/louvetisme\/wp-content\/uploads\/sites\/108\/2025\/02\/Design-sans-titre-2025-02-14T141817.746-300x200.png 300w, https:\/\/www.scouts-europe.org\/louvetisme\/wp-content\/uploads\/sites\/108\/2025\/02\/Design-sans-titre-2025-02-14T141817.746-768x512.png 768w, https:\/\/www.scouts-europe.org\/louvetisme\/wp-content\/uploads\/sites\/108\/2025\/02\/Design-sans-titre-2025-02-14T141817.746-1536x1024.png 1536w, https:\/\/www.scouts-europe.org\/louvetisme\/wp-content\/uploads\/sites\/108\/2025\/02\/Design-sans-titre-2025-02-14T141817.746.png 2048w\" sizes=\"(max-width: 1024px) 100vw, 1024px\" \/>                    <\/a>\n                            <\/div>\n            <div class=\"content\">\n                                    <p class=\"date\">15 avril 2025<\/p>\n                                                        <p class=\"categories\"><a href=\"https:\/\/www.scouts-europe.org\/louvetisme\/maitrise\/\" rel=\"category tag\">Ma\u00eetrise<\/a><\/p>\n                                <h2 class=\"title\">La BA<\/h2>\n                                    <p>\u00c0 l\u2019aide d\u2019un chant lanc\u00e9 par Akela et repris par toute l\u2019unit\u00e9, les loups se rassemblent en cercle en un lieu bien identifi\u00e9. Une fois...<\/p>\n                                                    <a href=\"https:\/\/www.scouts-europe.org\/louvetisme\/la-ba\/\" title=\"La BA\" class=\"link\">En savoir plus<\/a>\n                            <\/div>\n        <\/article>\n        <article class=\"post-item\" data-category=\"maitrise\">\n            <div class=\"img\">\n                                    <a href=\"https:\/\/www.scouts-europe.org\/louvetisme\/le-rocher-du-conseil\/\" title=\"Le rocher du conseil\">\n                        <img fetchpriority=\"high\" decoding=\"async\" width=\"1024\" height=\"683\" src=\"https:\/\/www.scouts-europe.org\/louvetisme\/wp-content\/uploads\/sites\/108\/2025\/02\/Design-sans-titre-2025-02-14T141817.746-1024x683.png\" class=\"attachment-large size-large wp-post-image\" alt=\"design sans titre 2025 02 14t141817.746\" srcset=\"https:\/\/www.scouts-europe.org\/louvetisme\/wp-content\/uploads\/sites\/108\/2025\/02\/Design-sans-titre-2025-02-14T141817.746-1024x683.png 1024w, https:\/\/www.scouts-europe.org\/louvetisme\/wp-content\/uploads\/sites\/108\/2025\/02\/Design-sans-titre-2025-02-14T141817.746-300x200.png 300w, https:\/\/www.scouts-europe.org\/louvetisme\/wp-content\/uploads\/sites\/108\/2025\/02\/Design-sans-titre-2025-02-14T141817.746-768x512.png 768w, https:\/\/www.scouts-europe.org\/louvetisme\/wp-content\/uploads\/sites\/108\/2025\/02\/Design-sans-titre-2025-02-14T141817.746-1536x1024.png 1536w, https:\/\/www.scouts-europe.org\/louvetisme\/wp-content\/uploads\/sites\/108\/2025\/02\/Design-sans-titre-2025-02-14T141817.746.png 2048w\" sizes=\"(max-width: 1024px) 100vw, 1024px\" \/>                    <\/a>\n                            <\/div>\n            <div class=\"content\">\n                                    <p class=\"date\">15 avril 2025<\/p>\n                                                        <p class=\"categories\"><a href=\"https:\/\/www.scouts-europe.org\/louvetisme\/maitrise\/\" rel=\"category tag\">Ma\u00eetrise<\/a><\/p>\n                                <h2 class=\"title\">Le rocher du conseil<\/h2>\n                                    <p>\u00c0 l\u2019aide d\u2019un chant lanc\u00e9 par Akela et repris par toute l\u2019unit\u00e9, les loups se rassemblent en cercle en un lieu bien identifi\u00e9. Une fois...<\/p>\n                                                    <a href=\"https:\/\/www.scouts-europe.org\/louvetisme\/le-rocher-du-conseil\/\" title=\"Le rocher du conseil\" class=\"link\">En savoir plus<\/a>\n                            <\/div>\n        <\/article>\n\t\t<\/div>\n\t\t\t\t<\/div>\n\t\t\t\t<\/div>\n\t\t\t\t\t<\/div>\n\t\t<\/div>\n\t\t\t\t\t<\/div>\n\t\t<\/section>\n\t\t\t\t<section class=\"elementor-section elementor-top-section elementor-element elementor-element-0343b83 elementor-section-boxed elementor-section-height-default elementor-section-height-default\" data-id=\"0343b83\" data-element_type=\"section\" data-e-type=\"section\">\n\t\t\t\t\t\t<div class=\"elementor-container elementor-column-gap-default\">\n\t\t\t\t\t<div class=\"elementor-column elementor-col-100 elementor-top-column elementor-element elementor-element-5602523\" data-id=\"5602523\" data-element_type=\"column\" data-e-type=\"column\" data-settings=\"{&quot;background_background&quot;:&quot;classic&quot;}\">\n\t\t\t<div class=\"elementor-widget-wrap elementor-element-populated\">\n\t\t\t\t\t\t<div class=\"elementor-element elementor-element-9e78cd9 elementor-widget elementor-widget-elementskit-blog-posts\" data-id=\"9e78cd9\" data-element_type=\"widget\" data-e-type=\"widget\" data-widget_type=\"elementskit-blog-posts.default\">\n\t\t\t\t<div class=\"elementor-widget-container\">\n\t\t\t\t\t<div class=\"ekit-wid-con\" >        <div id=\"post-items--9e78cd9\" class=\"row post-items\">\n                <\/div>\n       <\/div>\t\t\t\t<\/div>\n\t\t\t\t<\/div>\n\t\t\t\t\t<\/div>\n\t\t<\/div>\n\t\t\t\t\t<\/div>\n\t\t<\/section>\n\t\t\t\t<\/div>\n\t\t","protected":false},"excerpt":{"rendered":"<p>Tous maitrise 15 avril 2025 Ma\u00eetrise La BA \u00c0 l\u2019aide d\u2019un chant lanc\u00e9 par Akela et repris par toute l\u2019unit\u00e9, les loups se rassemblent en cercle en un lieu bien identifi\u00e9. Une fois&#8230; En savoir plus 15 avril 2025 Ma\u00eetrise Le rocher du conseil \u00c0 l\u2019aide d\u2019un chant lanc\u00e9 par Akela et repris par toute [&hellip;]<\/p>\n","protected":false},"author":4,"featured_media":1976,"parent":0,"menu_order":0,"comment_status":"closed","ping_status":"closed","template":"","meta":{"_seopress_robots_primary_cat":"","_seopress_titles_title":"","_seopress_titles_desc":"","_seopress_robots_index":"","site-sidebar-layout":"no-sidebar","site-content-layout":"page-builder","ast-site-content-layout":"full-width-container","site-content-style":"default","site-sidebar-style":"default","ast-global-header-display":"","ast-banner-title-visibility":"","ast-main-header-display":"","ast-hfb-above-header-display":"","ast-hfb-below-header-display":"","ast-hfb-mobile-header-display":"","site-post-title":"disabled","ast-breadcrumbs-content":"","ast-featured-img":"disabled","footer-sml-layout":"","theme-transparent-header-meta":"","adv-header-id-meta":"","stick-header-meta":"","header-above-stick-meta":"","header-main-stick-meta":"","header-below-stick-meta":"","astra-migrate-meta-layouts":"set","ast-page-background-enabled":"default","ast-page-background-meta":{"desktop":{"background-color":"var(--ast-global-color-4)","background-image":"","background-repeat":"repeat","background-position":"center center","background-size":"auto","background-attachment":"scroll","background-type":"","background-media":"","overlay-type":"","overlay-color":"","overlay-opacity":"","overlay-gradient":""},"tablet":{"background-color":"","background-image":"","background-repeat":"repeat","background-position":"center center","background-size":"auto","background-attachment":"scroll","background-type":"","background-media":"","overlay-type":"","overlay-color":"","overlay-opacity":"","overlay-gradient":""},"mobile":{"background-color":"","background-image":"","background-repeat":"repeat","background-position":"center center","background-size":"auto","background-attachment":"scroll","background-type":"","background-media":"","overlay-type":"","overlay-color":"","overlay-opacity":"","overlay-gradient":""}},"ast-content-background-meta":{"desktop":{"background-color":"var(--ast-global-color-5)","background-image":"","background-repeat":"repeat","background-position":"center center","background-size":"auto","background-attachment":"scroll","background-type":"","background-media":"","overlay-type":"","overlay-color":"","overlay-opacity":"","overlay-gradient":""},"tablet":{"background-color":"var(--ast-global-color-5)","background-image":"","background-repeat":"repeat","background-position":"center center","background-size":"auto","background-attachment":"scroll","background-type":"","background-media":"","overlay-type":"","overlay-color":"","overlay-opacity":"","overlay-gradient":""},"mobile":{"background-color":"var(--ast-global-color-5)","background-image":"","background-repeat":"repeat","background-position":"center center","background-size":"auto","background-attachment":"scroll","background-type":"","background-media":"","overlay-type":"","overlay-color":"","overlay-opacity":"","overlay-gradient":""}},"footnotes":""},"class_list":["post-2320","page","type-page","status-publish","has-post-thumbnail","hentry"],"_links":{"self":[{"href":"https:\/\/www.scouts-europe.org\/louvetisme\/wp-json\/wp\/v2\/pages\/2320","targetHints":{"allow":["GET"]}}],"collection":[{"href":"https:\/\/www.scouts-europe.org\/louvetisme\/wp-json\/wp\/v2\/pages"}],"about":[{"href":"https:\/\/www.scouts-europe.org\/louvetisme\/wp-json\/wp\/v2\/types\/page"}],"author":[{"embeddable":true,"href":"https:\/\/www.scouts-europe.org\/louvetisme\/wp-json\/wp\/v2\/users\/4"}],"replies":[{"embeddable":true,"href":"https:\/\/www.scouts-europe.org\/louvetisme\/wp-json\/wp\/v2\/comments?post=2320"}],"version-history":[{"count":34,"href":"https:\/\/www.scouts-europe.org\/louvetisme\/wp-json\/wp\/v2\/pages\/2320\/revisions"}],"predecessor-version":[{"id":2797,"href":"https:\/\/www.scouts-europe.org\/louvetisme\/wp-json\/wp\/v2\/pages\/2320\/revisions\/2797"}],"wp:featuredmedia":[{"embeddable":true,"href":"https:\/\/www.scouts-europe.org\/louvetisme\/wp-json\/wp\/v2\/media\/1976"}],"wp:attachment":[{"href":"https:\/\/www.scouts-europe.org\/louvetisme\/wp-json\/wp\/v2\/media?parent=2320"}],"curies":[{"name":"wp","href":"https:\/\/api.w.org\/{rel}","templated":true}]}}