{"id":1317,"date":"2025-04-16T10:49:19","date_gmt":"2025-04-16T08:49:19","guid":{"rendered":"https:\/\/www.scouts-europe.org\/route\/?page_id=1317"},"modified":"2025-04-16T11:04:15","modified_gmt":"2025-04-16T09:04:15","slug":"textes-du-ceremonial","status":"publish","type":"page","link":"https:\/\/www.scouts-europe.org\/route\/textes-du-ceremonial\/","title":{"rendered":"Textes du c\u00e9r\u00e9monial"},"content":{"rendered":"\t\t<div data-elementor-type=\"wp-page\" data-elementor-id=\"1317\" class=\"elementor elementor-1317\">\n\t\t\t\t\t\t<section class=\"elementor-section elementor-top-section elementor-element elementor-element-fe4dd45 elementor-section-boxed elementor-section-height-default elementor-section-height-default\" data-id=\"fe4dd45\" data-element_type=\"section\" data-e-type=\"section\">\n\t\t\t\t\t\t<div class=\"elementor-container elementor-column-gap-default\">\n\t\t\t\t\t<div class=\"elementor-column elementor-col-100 elementor-top-column elementor-element elementor-element-ff496cd\" data-id=\"ff496cd\" data-element_type=\"column\" data-e-type=\"column\" data-settings=\"{&quot;background_background&quot;:&quot;classic&quot;}\">\n\t\t\t<div class=\"elementor-widget-wrap elementor-element-populated\">\n\t\t\t\t\t\t<div class=\"elementor-element elementor-element-a87a4e9 elementor-tabs-view-horizontal elementor-widget elementor-widget-tabs\" data-id=\"a87a4e9\" data-element_type=\"widget\" data-e-type=\"widget\" data-widget_type=\"tabs.default\">\n\t\t\t\t<div class=\"elementor-widget-container\">\n\t\t\t\t\t\t\t<div class=\"elementor-tabs\">\n\t\t\t<div class=\"elementor-tabs-wrapper\" role=\"tablist\" >\n\t\t\t\t\t\t\t\t\t<div id=\"elementor-tab-title-1761\" class=\"elementor-tab-title elementor-tab-desktop-title\" aria-selected=\"true\" data-tab=\"1\" role=\"tab\" tabindex=\"0\" aria-controls=\"elementor-tab-content-1761\" aria-expanded=\"false\">L'Admission pilote<\/div>\n\t\t\t\t\t\t\t\t\t<div id=\"elementor-tab-title-1762\" class=\"elementor-tab-title elementor-tab-desktop-title\" aria-selected=\"false\" data-tab=\"2\" role=\"tab\" tabindex=\"-1\" aria-controls=\"elementor-tab-content-1762\" aria-expanded=\"false\">L'engagement pilote <\/div>\n\t\t\t\t\t\t\t\t\t<div id=\"elementor-tab-title-1763\" class=\"elementor-tab-title elementor-tab-desktop-title\" aria-selected=\"false\" data-tab=\"3\" role=\"tab\" tabindex=\"-1\" aria-controls=\"elementor-tab-content-1763\" aria-expanded=\"false\">Le d\u00e9part routier<\/div>\n\t\t\t\t\t\t\t<\/div>\n\t\t\t<div class=\"elementor-tabs-content-wrapper\" role=\"tablist\" aria-orientation=\"vertical\">\n\t\t\t\t\t\t\t\t\t<div class=\"elementor-tab-title elementor-tab-mobile-title\" aria-selected=\"true\" data-tab=\"1\" role=\"tab\" tabindex=\"0\" aria-controls=\"elementor-tab-content-1761\" aria-expanded=\"false\">L'Admission pilote<\/div>\n\t\t\t\t\t<div id=\"elementor-tab-content-1761\" class=\"elementor-tab-content elementor-clearfix\" data-tab=\"1\" role=\"tabpanel\" aria-labelledby=\"elementor-tab-title-1761\" tabindex=\"0\" hidden=\"false\"><p>Au terme de plusieurs semaines de vie d\u2019\u00e9quipe et de clan,le nouveau routier, apr\u00e8s avoir choisi son parrain pilote et son p\u00e8re spirituel, est admis comme \u00e9quipier pilote au cours d\u2019une c\u00e9r\u00e9monie r\u00e9unissant la ma\u00eetrise et les routiers du clan.<\/p><p><strong>Le chef de clan \u2026<\/strong> <em>(pr\u00e9nom du routier)<\/em>, tu te pr\u00e9sentes au clan\u2026 <em>(nom du clan)<\/em> et celui-ci t\u2019accueille en fr\u00e8re. Es-tu pr\u00eat \u00e0 t\u2019engager sur la route de ta progression personnelle, \u00e0 participer \u00e0 nos activit\u00e9s et \u00e0 donner le meilleur de toi-m\u00eame ?<\/p><p><strong>Le routier<\/strong> : Oui, chef, je suis pr\u00eat \u00e0 donner le meilleur de moi-m\u00eame.<\/p><p><strong>Le chef de clan :<\/strong> C\u2019est un chemin exigeant et passionnant qui s\u2019ouvre \u00e0 toi. Pour le parcourir, es-tu pr\u00eat \u00e0 progresser avec l\u2019aide de ton parrain pilote et de ton p\u00e8re spirituel, \u00e0 vivre l\u2019heure route et \u00e0 acqu\u00e9rir les comp\u00e9tences de ton futur service ?<\/p><p><strong>Le routier :\u00a0<\/strong> Oui, chef, je suis pr\u00eat \u00e0 m\u2019engager sur ce chemin.<\/p><p><strong>Le chef de clan :<\/strong> Sache que le clan compte sur ta parole. Je t\u2019admets donc comme \u00e9quipier pilote. Re\u00e7ois cet insigne dont les lettres signifient \u00ab \u00catre Pr\u00eat \u00bb. Qu\u2019il te rappelle, ainsi qu\u2019\u00e0 la communaut\u00e9 des routiers, que tu t\u2019es mis en route, avec la gr\u00e2ce de Dieu, vers l\u2019engagement pilote.<\/p><p><em>\u00c0 l\u2019issue de la c\u00e9r\u00e9monie, le clan chante la \u00ab Pri\u00e8re du routier \u00bb (page 128).<\/em><\/p><\/div>\n\t\t\t\t\t\t\t\t\t<div class=\"elementor-tab-title elementor-tab-mobile-title\" aria-selected=\"false\" data-tab=\"2\" role=\"tab\" tabindex=\"-1\" aria-controls=\"elementor-tab-content-1762\" aria-expanded=\"false\">L'engagement pilote <\/div>\n\t\t\t\t\t<div id=\"elementor-tab-content-1762\" class=\"elementor-tab-content elementor-clearfix\" data-tab=\"2\" role=\"tabpanel\" aria-labelledby=\"elementor-tab-title-1762\" tabindex=\"0\" hidden=\"hidden\"><p><em>Il est pris \u00e0 l\u2019issue de la \u00ab longue piste \u00bb. L\u2019\u00e9quipier pilote re\u00e7oit les lettres R.P. au cours d\u2019une c\u00e9r\u00e9monie r\u00e9unissant la ma\u00eetrise et les routiers du clan pilote.<\/em><\/p><p><strong>Le chef :<\/strong> Fr\u00e8re, tu as suivi jusqu\u2019au bout ta longue piste. Ce qui t\u2019attend demain risque d\u2019exiger de toi davantage d\u2019\u00e9nergie. Il te faudra plus de constance dans l\u2019effort, plus de prudence dans l\u2019action, plus de patience dans l\u2019\u00e9preuve. Es-tu pr\u00eat \u00e0 partir pour une piste plus longue o\u00f9 tu devras t\u2019engager tout entier ?<\/p><p><strong>Le pilote :<\/strong> Oui, chef.<\/p><p><strong>Le chef :<\/strong> Le scout est l\u2019ami de tous et le fr\u00e8re de tout autre scout. Tu dois d\u00e9sormais te risquer pour les autres. \u00c0 cette crois\u00e9e des chemins, tu vas opter entre le service<br \/>de tes jeunes fr\u00e8res du mouvement des Guides et Scouts d\u2019Europe et l\u2019engagement dans une t\u00e2che personnelle au service d\u2019une autre \u0153uvre profane ou religieuse.\u00a0 As-tu fait ton choix ?<\/p><p><strong>Le pilote :<\/strong> Oui, chef. Je choisis de servir comme\u2026 <em>(chef \u00e9claireur, chef louvetier, moniteur d\u2019\u00e9ducation physique, coop\u00e9rateur paroissial, cat\u00e9chiste ou volontaire pour telle ou telle action).<\/em><\/p><p><strong>Le chef :<\/strong> C\u2019est bien. Dans la vie que tu choisis, tu vas avoir \u00e0 donner le meilleur de toi-m\u00eame. Tu dois \u00eatre un pilier vivant, capable de regrouper autour de toi les plus faibles dans les coups durs. Pouvons-nous compter sur toi pour faire honneur au mouvement des Guides et Scouts d\u2019Europe et aux chefs qui t\u2019ont aid\u00e9 \u00e0 te former ?<\/p><p><strong>Le pilote :<\/strong> Oui, chef. C\u2019est promis.<\/p><p><strong>Le chef :<\/strong> Je re\u00e7ois ta parole et je t\u2019admets comme routier pilote. Voici ton insigne. Qu\u2019il serve \u00e0 rappeler \u00e0 tous que tu es charg\u00e9 d\u2019une mission dont rien ne saurait te d\u00e9tourner.<\/p><p><em>Tous r\u00e9citent ou chantent la \u00ab Pri\u00e8re du routier \u00bb (page 128).<\/em><br \/><em>Le conseiller religieux donne la b\u00e9n\u00e9diction au nouveau routier.<\/em><\/p><\/div>\n\t\t\t\t\t\t\t\t\t<div class=\"elementor-tab-title elementor-tab-mobile-title\" aria-selected=\"false\" data-tab=\"3\" role=\"tab\" tabindex=\"-1\" aria-controls=\"elementor-tab-content-1763\" aria-expanded=\"false\">Le d\u00e9part routier<\/div>\n\t\t\t\t\t<div id=\"elementor-tab-content-1763\" class=\"elementor-tab-content elementor-clearfix\" data-tab=\"3\" role=\"tabpanel\" aria-labelledby=\"elementor-tab-title-1763\" tabindex=\"0\" hidden=\"hidden\"><p><em>Le d\u00e9part routier se fait de pr\u00e9f\u00e9rence \u00e0 la nuit tomb\u00e9e, sur un chemin. Des routiers scouts (R.S.) immobiles barrent la route, autant que possible sur plusieurs rangs de profondeur. En avant, le chef, le conseiller religieux et un R.S. portant le Baussant. Le candidat, sac au dos, vient \u00e0 leur rencontre accompagn\u00e9 de son parrain et s\u2019arr\u00eate \u00e0 une dizaine de m\u00e8tres.<\/em><\/p><p><em>Tout candidat au d\u00e9part-routier doit avoir re\u00e7u l\u2019accord pr\u00e9alable du CNGS ou du CNR qui \u00e9ventuellement d\u00e9l\u00e8gue un chef pour recevoir le d\u00e9part\u00a0; les barrettes RS ne sont d\u00e9livr\u00e9es qu\u2019apr\u00e8s cet accord.<\/em><\/p><p><strong>Le Routier\u00a0:<\/strong>\u00a0Chef, s\u2019il pla\u00eet \u00e0 Dieu et \u00e0 vous-m\u00eame, je demande \u00e0 devenir routier Scout d\u2019Europe.<\/p><p><strong>Le Chef\u00a0:<\/strong>\u00a0Tu te pr\u00e9sentes \u00e0 la route, mais sais-tu comment la route se pr\u00e9sente \u00e0 toi\u00a0?<\/p><p><strong>R.\u00a0:<\/strong>\u00a0Oui, chef.<\/p><p><strong>C.\u00a0:<\/strong>\u00a0As-tu song\u00e9 que pour avoir acc\u00e8s \u00e0 la route, il faut commencer par sortir de ta maison et de toi-m\u00eame, renoncer \u00e0 ton \u00e9go\u00efsme, \u00e0 ton confort, \u00e0 ta s\u00e9curit\u00e9, rechercher ce qui est difficile et vouloir vivre rudement\u00a0?<\/p><p><strong>R.\u00a0:<\/strong>\u00a0Oui, je le veux.<\/p><p><strong>C.\u00a0:<\/strong>\u00a0Veux-tu demeurer viril et sobre, n\u2019\u00eatre esclave ni de tes caprices, ni des modes, ni des erreurs du jour, et garder toute ta vie une \u00e2me de pauvre\u00a0?<\/p><p><strong>R.\u00a0:<\/strong>\u00a0Oui, je le veux.<\/p><p><strong>C.\u00a0:<\/strong>\u00a0As-tu compris, par notre amour de la nature et du camp, qu\u2019un routier scout ne saurait s\u2019accommoder d\u2019un monde truqu\u00e9 o\u00f9 les tricheurs sont rois\u00a0? Promets-tu de conformer tes actes et tes pens\u00e9es aux exigences du r\u00e9el\u00a0?<\/p><p><strong>R.\u00a0:<\/strong>\u00a0Je le promets.<\/p><p><strong>C.\u00a0:<\/strong>\u00a0As-tu compris par la communion \u00e0 la peine des hommes que nous avons recherch\u00e9e dans nos entreprises et dans nos services, que la vie est \u00e0 prendre au s\u00e9rieux, que tout acte d\u2019un routier scout compte et engage\u00a0?<\/p><p><strong>R.\u00a0:<\/strong>\u00a0Oui, j\u2019ai compris.<\/p><p><strong>C.\u00a0:<\/strong>\u00a0En d\u00e9bouchant sur la route, sais-tu que tu consens d\u2019avance au don de toi-m\u00eame \u00e0 tout venant, que tu n\u2019appartiens plus \u00e0 toi mais aux autres\u00a0? Es-tu pr\u00eat \u00e0 servir\u00a0?<\/p><p><strong>R.\u00a0:<\/strong>\u00a0Oui, chef, je demande d\u2019\u00eatre consid\u00e9r\u00e9 comme \u00e9tant toujours de service.<\/p><p><strong>C.\u00a0:<\/strong>\u00a0As-tu song\u00e9 que la route ne s\u2019arr\u00eate pas \u00e0 la fronti\u00e8re\u00a0? Te sens-tu pr\u00eat \u00e0 parcourir la distance qu\u2019il faudra pour rencontrer les autres\u00a0?<\/p><p><strong>R.\u00a0:<\/strong>\u00a0Oui, chef, j\u2019y suis pr\u00eat.<\/p><p><strong>C.\u00a0:<\/strong>\u00a0As-tu compris \u00e0 travers nos activit\u00e9s et nos chapitres qu\u2019un routier scout doit aimer passionn\u00e9ment la v\u00e9rit\u00e9, qu\u2019il ne se contente pas d\u2019\u00e0-peu-pr\u00e8s, ou de la possession tranquille de v\u00e9rit\u00e9s toutes faites\u00a0? Veux-tu, en toute chose, rechercher humblement le vrai et servir librement l\u2019ordre retrouv\u00e9 sans \u00e9craser les autres sous le poids de ta d\u00e9couverte\u00a0?<\/p><p><strong>R.\u00a0:<\/strong>\u00a0Oui, je le veux.<\/p><p><strong>C.\u00a0:<\/strong>\u00a0Sais-tu enfin qu\u2019un routier scout n\u2019est jamais satisfait de lui-m\u00eame et ne se consid\u00e8re jamais comme arriv\u00e9\u00a0? Veux-tu faire aujourd\u2019hui mieux qu\u2019hier et demain mieux qu\u2019aujourd\u2019hui\u00a0?<\/p><p><strong>R.\u00a0:<\/strong>\u00a0Oui, je le promets.<\/p><p><strong>C.\u00a0:<\/strong>\u00a0Promets-tu de ne jamais regarder la vie comme une partie de plaisir, mais comme une mission dont rien ne doit te d\u00e9tourner\u00a0? Es-tu d\u00e9cid\u00e9 \u00e0 travailler et \u00e0 combattre sans jamais oublier que le r\u00e8gne du Christ est le but de ta route\u00a0?<\/p><p><strong>R.\u00a0:<\/strong>\u00a0Oui, j\u2019y suis d\u00e9cid\u00e9.<\/p><p><strong>C.\u00a0:<\/strong>\u00a0Entre donc en routier scout dans une communaut\u00e9 d\u2019hommes et renouvelle ta promesse de Scout d\u2019Europe en sachant d\u00e9sormais que sur ta parole on doit pouvoir b\u00e2tir une cit\u00e9.\u00a0<i>(Le baussant s\u2019incline alors devant le routier)<\/i>.<\/p><p><strong>R.\u00a0:<\/strong>\u00a0J\u2019ai promis\u00a0:<\/p><p>Sur mon honneur avec la gr\u00e2ce de Dieu de servir de mon mieux Dieu, l\u2019Eglise, ma patrie et l\u2019Europe, d\u2019aider mon prochain en toutes circonstances, d\u2019observer la loi scoute. Je promets en outre de soutenir le groupe de \u2026 x \u2026. et la f\u00e9d\u00e9ration du scoutisme europ\u00e9en.<\/p><p><strong>C.\u00a0:<\/strong>\u00a0Re\u00e7ois maintenant les signes de ton nouvel \u00e9tat.<\/p><ul><li>Prends ce b\u00e2ton fourchu, image de la fid\u00e9lit\u00e9 au sol ancestral et de l\u2019ouverture du c\u0153ur qui sont les marques du routier Scout d\u2019Europe.<\/li><li>Accepte cette hache, symbole de la volont\u00e9 qui t\u2019ouvrira un chemin \u00e0 travers les difficult\u00e9s. Et si jamais la route te manque, fais-la.<\/li><li>Re\u00e7ois ces lettres d\u2019argent qui montreront \u00e0 tous que tu es routier Scout d\u2019Europe. Rappelle-toi qu\u2019elles ne doivent jamais \u00eatre port\u00e9es par un l\u00e2che ou un menteur.<\/li><li>Re\u00e7ois, enfin, les trois couleurs port\u00e9es par tous les Routiers du monde. Qu\u2019elles \u00e9voquent ce qui en toi, de chaque \u00e2ge, ne doit jamais mourir\u00a0!<ul><li>Jaune, couleur des louveteaux, image du soleil, pour que ta foi joyeuse illumine ceux qui t\u2019entourent.<\/li><li>Vert, couleur des \u00e9claireurs, de tout ce qui grandit, pour que l\u2019esp\u00e9rance t\u2019entra\u00eene toujours plus loin.<\/li><li>Rouge, couleur de la route, symbole d\u2019amour et de sang, pour que tu n\u2019\u00e9pargnes ni l\u2019un ni l\u2019autre au cours de ton existence.<\/li><\/ul><\/li><\/ul><p>Un routier scout qui n\u2019a pas tout donn\u00e9, n\u2019a rien donn\u00e9.<br \/>Un routier scout qui ne sait pas mourir n\u2019est bon \u00e0 rien.<br \/>Mais souviens-toi qu\u2019il est parfois tout aussi difficile de vivre, et maintenant, fr\u00e8re, \u00e0 Dieu vat\u2026<\/p><p><strong>Le P\u00e8re\u00a0:<\/strong>\u00a0Pars donc, nourri de la parole divine et du r\u00e9confort des promesses du Christ. Que la croix scoute \u201c\u00e0 huit pointes aigues\u201d te rappelle les huit b\u00e9atitudes du sermon sur la montagne\u00a0:<\/p><p><strong><i>Heureux ceux qui ont un c\u0153ur de pauvre, car le royaume des cieux est \u00e0 eux\u00a0;<br \/>Heureux ceux qui sont doux, car ils poss\u00e9deront la terre\u00a0;<br \/>Heureux ceux qui pleurent, car ils seront consol\u00e9s\u00a0;<br \/>Heureux ceux qui ont faim et soif de justice, car ils seront rassasi\u00e9s\u00a0;<br \/>Heureux les mis\u00e9ricordieux, car ils obtiendront mis\u00e9ricorde\u00a0;<br \/>Heureux ceux qui ont le c\u0153ur pur, car ils verront Dieu\u00a0;<br \/>Heureux les artisans de paix, car ils seront appel\u00e9s fils de Dieu\u00a0;<br \/>Heureux ceux qui sont pers\u00e9cut\u00e9s pour la justice, car le royaume des cieux est \u00e0 eux\u2026<\/i><\/strong><\/p><p>Pars maintenant, derri\u00e8re le Christ. Que la foule des saints et des saintes t\u2019accompagne, aujourd\u2019hui, demain et jusqu\u2019en l\u2019\u00e9ternit\u00e9\u00a0!<\/p><p>Que Notre-Dame te vienne en aide et que la b\u00e9n\u00e9diction du Dieu tout puissant, P\u00e8re, Fils et Saint-Esprit descende sur toi et y demeure \u00e0 jamais.<\/p><p><em>Tous chantent l\u2019appel de la route<\/em><\/p><\/div>\n\t\t\t\t\t\t\t<\/div>\n\t\t<\/div>\n\t\t\t\t\t\t<\/div>\n\t\t\t\t<\/div>\n\t\t\t\t\t<\/div>\n\t\t<\/div>\n\t\t\t\t\t<\/div>\n\t\t<\/section>\n\t\t\t\t<\/div>\n\t\t","protected":false},"excerpt":{"rendered":"<p>L&rsquo;Admission pilote L&rsquo;engagement pilote Le d\u00e9part routier L&rsquo;Admission pilote Au terme de plusieurs semaines de vie d\u2019\u00e9quipe et de clan,le nouveau routier, apr\u00e8s avoir choisi son parrain pilote et son p\u00e8re spirituel, est admis comme \u00e9quipier pilote au cours d\u2019une c\u00e9r\u00e9monie r\u00e9unissant la ma\u00eetrise et les routiers du clan. Le chef de clan \u2026 (pr\u00e9nom [&hellip;]<\/p>\n","protected":false},"author":4,"featured_media":0,"parent":0,"menu_order":0,"comment_status":"closed","ping_status":"closed","template":"","meta":{"_seopress_robots_primary_cat":"","_seopress_titles_title":"","_seopress_titles_desc":"","_seopress_robots_index":"","site-sidebar-layout":"no-sidebar","site-content-layout":"page-builder","ast-site-content-layout":"full-width-container","site-content-style":"default","site-sidebar-style":"default","ast-global-header-display":"","ast-banner-title-visibility":"","ast-main-header-display":"","ast-hfb-above-header-display":"","ast-hfb-below-header-display":"","ast-hfb-mobile-header-display":"","site-post-title":"disabled","ast-breadcrumbs-content":"","ast-featured-img":"disabled","footer-sml-layout":"","theme-transparent-header-meta":"","adv-header-id-meta":"","stick-header-meta":"","header-above-stick-meta":"","header-main-stick-meta":"","header-below-stick-meta":"","astra-migrate-meta-layouts":"set","ast-page-background-enabled":"default","ast-page-background-meta":{"desktop":{"background-color":"var(--ast-global-color-4)","background-image":"","background-repeat":"repeat","background-position":"center center","background-size":"auto","background-attachment":"scroll","background-type":"","background-media":"","overlay-type":"","overlay-color":"","overlay-opacity":"","overlay-gradient":""},"tablet":{"background-color":"","background-image":"","background-repeat":"repeat","background-position":"center center","background-size":"auto","background-attachment":"scroll","background-type":"","background-media":"","overlay-type":"","overlay-color":"","overlay-opacity":"","overlay-gradient":""},"mobile":{"background-color":"","background-image":"","background-repeat":"repeat","background-position":"center center","background-size":"auto","background-attachment":"scroll","background-type":"","background-media":"","overlay-type":"","overlay-color":"","overlay-opacity":"","overlay-gradient":""}},"ast-content-background-meta":{"desktop":{"background-color":"var(--ast-global-color-5)","background-image":"","background-repeat":"repeat","background-position":"center center","background-size":"auto","background-attachment":"scroll","background-type":"","background-media":"","overlay-type":"","overlay-color":"","overlay-opacity":"","overlay-gradient":""},"tablet":{"background-color":"var(--ast-global-color-5)","background-image":"","background-repeat":"repeat","background-position":"center center","background-size":"auto","background-attachment":"scroll","background-type":"","background-media":"","overlay-type":"","overlay-color":"","overlay-opacity":"","overlay-gradient":""},"mobile":{"background-color":"var(--ast-global-color-5)","background-image":"","background-repeat":"repeat","background-position":"center center","background-size":"auto","background-attachment":"scroll","background-type":"","background-media":"","overlay-type":"","overlay-color":"","overlay-opacity":"","overlay-gradient":""}},"footnotes":""},"class_list":["post-1317","page","type-page","status-publish","hentry"],"_links":{"self":[{"href":"https:\/\/www.scouts-europe.org\/route\/wp-json\/wp\/v2\/pages\/1317","targetHints":{"allow":["GET"]}}],"collection":[{"href":"https:\/\/www.scouts-europe.org\/route\/wp-json\/wp\/v2\/pages"}],"about":[{"href":"https:\/\/www.scouts-europe.org\/route\/wp-json\/wp\/v2\/types\/page"}],"author":[{"embeddable":true,"href":"https:\/\/www.scouts-europe.org\/route\/wp-json\/wp\/v2\/users\/4"}],"replies":[{"embeddable":true,"href":"https:\/\/www.scouts-europe.org\/route\/wp-json\/wp\/v2\/comments?post=1317"}],"version-history":[{"count":4,"href":"https:\/\/www.scouts-europe.org\/route\/wp-json\/wp\/v2\/pages\/1317\/revisions"}],"predecessor-version":[{"id":1321,"href":"https:\/\/www.scouts-europe.org\/route\/wp-json\/wp\/v2\/pages\/1317\/revisions\/1321"}],"wp:attachment":[{"href":"https:\/\/www.scouts-europe.org\/route\/wp-json\/wp\/v2\/media?parent=1317"}],"curies":[{"name":"wp","href":"https:\/\/api.w.org\/{rel}","templated":true}]}}