{"id":4362,"date":"2025-01-30T14:42:07","date_gmt":"2025-01-30T13:42:07","guid":{"rendered":"https:\/\/www.scouts-europe.org\/scoutorama\/?page_id=4362"},"modified":"2025-05-27T15:02:19","modified_gmt":"2025-05-27T13:02:19","slug":"le-ciel","status":"publish","type":"page","link":"https:\/\/www.scouts-europe.org\/scoutorama\/la-connaissance-de-la-nature\/le-ciel\/","title":{"rendered":"Le ciel"},"content":{"rendered":"\t\t<div data-elementor-type=\"wp-page\" data-elementor-id=\"4362\" class=\"elementor elementor-4362\">\n\t\t\t\t\t\t<section class=\"elementor-section elementor-top-section elementor-element elementor-element-6d13290 elementor-section-boxed elementor-section-height-default elementor-section-height-default\" data-id=\"6d13290\" data-element_type=\"section\" data-e-type=\"section\">\n\t\t\t\t\t\t<div class=\"elementor-container elementor-column-gap-default\">\n\t\t\t\t\t<div class=\"elementor-column elementor-col-100 elementor-top-column elementor-element elementor-element-d61e9b5\" data-id=\"d61e9b5\" data-element_type=\"column\" data-e-type=\"column\" data-settings=\"{&quot;background_background&quot;:&quot;classic&quot;}\">\n\t\t\t<div class=\"elementor-widget-wrap elementor-element-populated\">\n\t\t\t\t\t\t<div class=\"elementor-element elementor-element-8ddec1b elementor-widget elementor-widget-spacer\" data-id=\"8ddec1b\" data-element_type=\"widget\" data-e-type=\"widget\" data-widget_type=\"spacer.default\">\n\t\t\t\t<div class=\"elementor-widget-container\">\n\t\t\t\t\t\t\t<div class=\"elementor-spacer\">\n\t\t\t<div class=\"elementor-spacer-inner\"><\/div>\n\t\t<\/div>\n\t\t\t\t\t\t<\/div>\n\t\t\t\t<\/div>\n\t\t\t\t\t<\/div>\n\t\t<\/div>\n\t\t\t\t\t<\/div>\n\t\t<\/section>\n\t\t\t\t<section class=\"elementor-section elementor-top-section elementor-element elementor-element-c956183 elementor-section-boxed elementor-section-height-default elementor-section-height-default\" data-id=\"c956183\" data-element_type=\"section\" data-e-type=\"section\">\n\t\t\t\t\t\t<div class=\"elementor-container elementor-column-gap-default\">\n\t\t\t\t\t<div class=\"elementor-column elementor-col-100 elementor-top-column elementor-element elementor-element-3f83d08\" data-id=\"3f83d08\" data-element_type=\"column\" data-e-type=\"column\" data-settings=\"{&quot;background_background&quot;:&quot;classic&quot;}\">\n\t\t\t<div class=\"elementor-widget-wrap elementor-element-populated\">\n\t\t\t\t\t\t<div class=\"elementor-element elementor-element-47d13a2 elementor-widget elementor-widget-elementskit-blog-posts\" data-id=\"47d13a2\" data-element_type=\"widget\" data-e-type=\"widget\" data-widget_type=\"elementskit-blog-posts.default\">\n\t\t\t\t<div class=\"elementor-widget-container\">\n\t\t\t\t\t<div class=\"ekit-wid-con\" >        <div id=\"post-items--47d13a2\" class=\"row post-items\">\n                    <div class=\"col-lg-4 col-md-6\">\n\n                                    <div class=\"elementskit-post-image-card\">\n                        <div class=\"elementskit-entry-header\">\n                            \n                            \n\t\t\t\t\t\t\t\t\t\t\t\t\t<\/div><!-- .elementskit-entry-header END -->\n\n\t\t\t\t\t\t<div class=\"elementskit-post-body \">\n\t\t\t\t\t\t\t\n\t\t\t\t\t\t\t\t\n\t\t\t\t\t\t\t\t\t\t\t\t\t\t\t\t\t\t\t\t\t<h2 class=\"entry-title\">\n\t\t\t\t\t<a href=\"https:\/\/www.scouts-europe.org\/scoutorama\/suivons-letoile\/\">\n\t\t\t\t\t\tSuivons l&rsquo;\u00e9toile\t\t\t\t\t<\/a>\n\t\t\t\t<\/h2>\n\t\t\t\t\t\t\t\t\t\t\t\n\t\t\t\t\t\t\t\t\t\t\t\t\t\t\t\t\t\t\t\t\t\t\t\t\t\t\t\t\t\t\t\t\t\t\t\t\t\t\t<p>Sais-tu observer les \u00e9toiles et lire la carte du ciel\u00a0? Avec un peu de connaissances tu\u2026<\/p>\n\t\t\t\t\t\t\t\t\t\t\t\t\t\t\t\t\t\t\t\t\t\t\t\t\t\t\t\t\t\t\t\t\t\t\t\t\t\t                                                            <div class=\"btn-wraper\">\n                                    \n                                                                            <a class=\"elementskit-btn whitespace--normal\" id=\"\" href=\"https:\/\/www.scouts-europe.org\/scoutorama\/suivons-letoile\/\">\n                                        \t                                            Tout lire                                        <\/a>\n                                                                    <\/div>\n                                                    <\/div><!-- .elementskit-post-body END -->\n                    <\/div>\n                \n            <\/div>\n                    <div class=\"col-lg-4 col-md-6\">\n\n                                    <div class=\"elementskit-post-image-card\">\n                        <div class=\"elementskit-entry-header\">\n                            \n                            \n\t\t\t\t\t\t\t\t\t\t\t\t\t<\/div><!-- .elementskit-entry-header END -->\n\n\t\t\t\t\t\t<div class=\"elementskit-post-body \">\n\t\t\t\t\t\t\t\n\t\t\t\t\t\t\t\t\n\t\t\t\t\t\t\t\t\t\t\t\t\t\t\t\t\t\t\t\t\t<h2 class=\"entry-title\">\n\t\t\t\t\t<a href=\"https:\/\/www.scouts-europe.org\/scoutorama\/observer-les-etoiles\/\">\n\t\t\t\t\t\tObserver les \u00e9toiles\t\t\t\t\t<\/a>\n\t\t\t\t<\/h2>\n\t\t\t\t\t\t\t\t\t\t\t\n\t\t\t\t\t\t\t\t\t\t\t\t\t\t\t\t\t\t\t\t\t\t\t\t\t\t\t\t\t\t\t\t\t\t\t\t\t\t\t<p>Sais-tu observer les \u00e9toiles et lire la carte du ciel\u00a0? Avec un peu de connaissances tu\u2026<\/p>\n\t\t\t\t\t\t\t\t\t\t\t\t\t\t\t\t\t\t\t\t\t\t\t\t\t\t\t\t\t\t\t\t\t\t\t\t\t\t                                                            <div class=\"btn-wraper\">\n                                    \n                                                                            <a class=\"elementskit-btn whitespace--normal\" id=\"\" href=\"https:\/\/www.scouts-europe.org\/scoutorama\/observer-les-etoiles\/\">\n                                        \t                                            Tout lire                                        <\/a>\n                                                                    <\/div>\n                                                    <\/div><!-- .elementskit-post-body END -->\n                    <\/div>\n                \n            <\/div>\n                    <div class=\"col-lg-4 col-md-6\">\n\n                                    <div class=\"elementskit-post-image-card\">\n                        <div class=\"elementskit-entry-header\">\n                            \n                            \n\t\t\t\t\t\t\t\t\t\t\t\t\t<\/div><!-- .elementskit-entry-header END -->\n\n\t\t\t\t\t\t<div class=\"elementskit-post-body \">\n\t\t\t\t\t\t\t\n\t\t\t\t\t\t\t\t\n\t\t\t\t\t\t\t\t\t\t\t\t\t\t\t\t\t\t\t\t\t<h2 class=\"entry-title\">\n\t\t\t\t\t<a href=\"https:\/\/www.scouts-europe.org\/scoutorama\/jouer-avec-les-etoiles\/\">\n\t\t\t\t\t\tJouer avec les \u00e9toiles\t\t\t\t\t<\/a>\n\t\t\t\t<\/h2>\n\t\t\t\t\t\t\t\t\t\t\t\n\t\t\t\t\t\t\t\t\t\t\t\t\t\t\t\t\t\t\t\t\t\t\t\t\t\t\t\t\t\t\t\t\t\t\t\t\t\t\t<p>Les \u00e9toiles\u00a0? Il faut les apprivoiser\u2026 Que chacun fasse travailler son imagination. Alors les nuits vous\u2026<\/p>\n\t\t\t\t\t\t\t\t\t\t\t\t\t\t\t\t\t\t\t\t\t\t\t\t\t\t\t\t\t\t\t\t\t\t\t\t\t\t                                                            <div class=\"btn-wraper\">\n                                    \n                                                                            <a class=\"elementskit-btn whitespace--normal\" id=\"\" href=\"https:\/\/www.scouts-europe.org\/scoutorama\/jouer-avec-les-etoiles\/\">\n                                        \t                                            Tout lire                                        <\/a>\n                                                                    <\/div>\n                                                    <\/div><!-- .elementskit-post-body END -->\n                    <\/div>\n                \n            <\/div>\n                    <div class=\"col-lg-4 col-md-6\">\n\n                                    <div class=\"elementskit-post-image-card\">\n                        <div class=\"elementskit-entry-header\">\n                            \n                            \n\t\t\t\t\t\t\t\t\t\t\t\t\t<\/div><!-- .elementskit-entry-header END -->\n\n\t\t\t\t\t\t<div class=\"elementskit-post-body \">\n\t\t\t\t\t\t\t\n\t\t\t\t\t\t\t\t\n\t\t\t\t\t\t\t\t\t\t\t\t\t\t\t\t\t\t\t\t\t<h2 class=\"entry-title\">\n\t\t\t\t\t<a href=\"https:\/\/www.scouts-europe.org\/scoutorama\/le-grand-chien\/\">\n\t\t\t\t\t\tLe Grand Chien\t\t\t\t\t<\/a>\n\t\t\t\t<\/h2>\n\t\t\t\t\t\t\t\t\t\t\t\n\t\t\t\t\t\t\t\t\t\t\t\t\t\t\t\t\t\t\t\t\t\t\t\t\t\t\t\t\t\t\t\t\t\t\t\t\t\t\t<p>Le Grand Chien est la constellation qui poss\u00e8de l\u2019\u00e9toile la plus brillante, viens la d\u00e9couvrir !\u2026<\/p>\n\t\t\t\t\t\t\t\t\t\t\t\t\t\t\t\t\t\t\t\t\t\t\t\t\t\t\t\t\t\t\t\t\t\t\t\t\t\t                                                            <div class=\"btn-wraper\">\n                                    \n                                                                            <a class=\"elementskit-btn whitespace--normal\" id=\"\" href=\"https:\/\/www.scouts-europe.org\/scoutorama\/le-grand-chien\/\">\n                                        \t                                            Tout lire                                        <\/a>\n                                                                    <\/div>\n                                                    <\/div><!-- .elementskit-post-body END -->\n                    <\/div>\n                \n            <\/div>\n                    <div class=\"col-lg-4 col-md-6\">\n\n                                    <div class=\"elementskit-post-image-card\">\n                        <div class=\"elementskit-entry-header\">\n                            \n                            \n\t\t\t\t\t\t\t\t\t\t\t\t\t<\/div><!-- .elementskit-entry-header END -->\n\n\t\t\t\t\t\t<div class=\"elementskit-post-body \">\n\t\t\t\t\t\t\t\n\t\t\t\t\t\t\t\t\n\t\t\t\t\t\t\t\t\t\t\t\t\t\t\t\t\t\t\t\t\t<h2 class=\"entry-title\">\n\t\t\t\t\t<a href=\"https:\/\/www.scouts-europe.org\/scoutorama\/etoiles-dhiver\/\">\n\t\t\t\t\t\t\u00c9toiles d&rsquo;hiver\t\t\t\t\t<\/a>\n\t\t\t\t<\/h2>\n\t\t\t\t\t\t\t\t\t\t\t\n\t\t\t\t\t\t\t\t\t\t\t\t\t\t\t\t\t\t\t\t\t\t\t\t\t\t\t\t\t\t\t\t\t\t\t\t\t\t\t<p>Voici comment reconna\u00eetre les constellations les plus remarquables en hiver.<\/p>\n\t\t\t\t\t\t\t\t\t\t\t\t\t\t\t\t\t\t\t\t\t\t\t\t\t\t\t\t\t\t\t\t\t\t\t\t\t\t                                                            <div class=\"btn-wraper\">\n                                    \n                                                                            <a class=\"elementskit-btn whitespace--normal\" id=\"\" href=\"https:\/\/www.scouts-europe.org\/scoutorama\/etoiles-dhiver\/\">\n                                        \t                                            Tout lire                                        <\/a>\n                                                                    <\/div>\n                                                    <\/div><!-- .elementskit-post-body END -->\n                    <\/div>\n                \n            <\/div>\n                    <div class=\"col-lg-4 col-md-6\">\n\n                                    <div class=\"elementskit-post-image-card\">\n                        <div class=\"elementskit-entry-header\">\n                            \n                            \n\t\t\t\t\t\t\t\t\t\t\t\t\t<\/div><!-- .elementskit-entry-header END -->\n\n\t\t\t\t\t\t<div class=\"elementskit-post-body \">\n\t\t\t\t\t\t\t\n\t\t\t\t\t\t\t\t\n\t\t\t\t\t\t\t\t\t\t\t\t\t\t\t\t\t\t\t\t\t<h2 class=\"entry-title\">\n\t\t\t\t\t<a href=\"https:\/\/www.scouts-europe.org\/scoutorama\/la-voie-lactee\/\">\n\t\t\t\t\t\tLa Voie Lact\u00e9e\t\t\t\t\t<\/a>\n\t\t\t\t<\/h2>\n\t\t\t\t\t\t\t\t\t\t\t\n\t\t\t\t\t\t\t\t\t\t\t\t\t\t\t\t\t\t\t\t\t\t\t\t\t\t\t\t\t\t\t\t\t\t\t\t\t\t\t<p>L\u2019Univers se compose de galaxies, la n\u00f4tre \u00e9tant la Voie Lact\u00e9e.<\/p>\n\t\t\t\t\t\t\t\t\t\t\t\t\t\t\t\t\t\t\t\t\t\t\t\t\t\t\t\t\t\t\t\t\t\t\t\t\t\t                                                            <div class=\"btn-wraper\">\n                                    \n                                                                            <a class=\"elementskit-btn whitespace--normal\" id=\"\" href=\"https:\/\/www.scouts-europe.org\/scoutorama\/la-voie-lactee\/\">\n                                        \t                                            Tout lire                                        <\/a>\n                                                                    <\/div>\n                                                    <\/div><!-- .elementskit-post-body END -->\n                    <\/div>\n                \n            <\/div>\n                    <div class=\"col-lg-4 col-md-6\">\n\n                                    <div class=\"elementskit-post-image-card\">\n                        <div class=\"elementskit-entry-header\">\n                            \n                            \n\t\t\t\t\t\t\t\t\t\t\t\t\t<\/div><!-- .elementskit-entry-header END -->\n\n\t\t\t\t\t\t<div class=\"elementskit-post-body \">\n\t\t\t\t\t\t\t\n\t\t\t\t\t\t\t\t\n\t\t\t\t\t\t\t\t\t\t\t\t\t\t\t\t\t\t\t\t\t<h2 class=\"entry-title\">\n\t\t\t\t\t<a href=\"https:\/\/www.scouts-europe.org\/scoutorama\/le-soleil-et-les-etoiles\/\">\n\t\t\t\t\t\tLe soleil et les \u00e9toiles\t\t\t\t\t<\/a>\n\t\t\t\t<\/h2>\n\t\t\t\t\t\t\t\t\t\t\t\n\t\t\t\t\t\t\t\t\t\t\t\t\t\t\t\t\t\t\t\t\t\t\t\t\t\t\t\t\t\t\t\t\t\t\t\t\t\t\t<p>Notre soleil est une \u00e9toile, relativement jeune car les \u00e9toiles naissent, vivent et meurent. Simplement, leur\u2026<\/p>\n\t\t\t\t\t\t\t\t\t\t\t\t\t\t\t\t\t\t\t\t\t\t\t\t\t\t\t\t\t\t\t\t\t\t\t\t\t\t                                                            <div class=\"btn-wraper\">\n                                    \n                                                                            <a class=\"elementskit-btn whitespace--normal\" id=\"\" href=\"https:\/\/www.scouts-europe.org\/scoutorama\/le-soleil-et-les-etoiles\/\">\n                                        \t                                            Tout lire                                        <\/a>\n                                                                    <\/div>\n                                                    <\/div><!-- .elementskit-post-body END -->\n                    <\/div>\n                \n            <\/div>\n                    <div class=\"col-lg-4 col-md-6\">\n\n                                    <div class=\"elementskit-post-image-card\">\n                        <div class=\"elementskit-entry-header\">\n                            \n                            \n\t\t\t\t\t\t\t\t\t\t\t\t\t<\/div><!-- .elementskit-entry-header END -->\n\n\t\t\t\t\t\t<div class=\"elementskit-post-body \">\n\t\t\t\t\t\t\t\n\t\t\t\t\t\t\t\t\n\t\t\t\t\t\t\t\t\t\t\t\t\t\t\t\t\t\t\t\t\t<h2 class=\"entry-title\">\n\t\t\t\t\t<a href=\"https:\/\/www.scouts-europe.org\/scoutorama\/les-planetes\/\">\n\t\t\t\t\t\tLes plan\u00e8tes\t\t\t\t\t<\/a>\n\t\t\t\t<\/h2>\n\t\t\t\t\t\t\t\t\t\t\t\n\t\t\t\t\t\t\t\t\t\t\t\t\t\t\t\t\t\t\t\t\t\t\t\t\t\t\t\t\t\t\t\t\t\t\t\t\t\t\t<p>Notre plan\u00e8te Terre appartient \u00e0 un syst\u00e8me solaire\u00a0: avec elle 7 autres plan\u00e8tes tournent autour d\u2019une\u2026<\/p>\n\t\t\t\t\t\t\t\t\t\t\t\t\t\t\t\t\t\t\t\t\t\t\t\t\t\t\t\t\t\t\t\t\t\t\t\t\t\t                                                            <div class=\"btn-wraper\">\n                                    \n                                                                            <a class=\"elementskit-btn whitespace--normal\" id=\"\" href=\"https:\/\/www.scouts-europe.org\/scoutorama\/les-planetes\/\">\n                                        \t                                            Tout lire                                        <\/a>\n                                                                    <\/div>\n                                                    <\/div><!-- .elementskit-post-body END -->\n                    <\/div>\n                \n            <\/div>\n                    <div class=\"col-lg-4 col-md-6\">\n\n                                    <div class=\"elementskit-post-image-card\">\n                        <div class=\"elementskit-entry-header\">\n                            \n                            \n\t\t\t\t\t\t\t\t\t\t\t\t\t<\/div><!-- .elementskit-entry-header END -->\n\n\t\t\t\t\t\t<div class=\"elementskit-post-body \">\n\t\t\t\t\t\t\t\n\t\t\t\t\t\t\t\t\n\t\t\t\t\t\t\t\t\t\t\t\t\t\t\t\t\t\t\t\t\t<h2 class=\"entry-title\">\n\t\t\t\t\t<a href=\"https:\/\/www.scouts-europe.org\/scoutorama\/le-grand-carre-de-pegase\/\">\n\t\t\t\t\t\tLe grand carr\u00e9 de P\u00e9gase\t\t\t\t\t<\/a>\n\t\t\t\t<\/h2>\n\t\t\t\t\t\t\t\t\t\t\t\n\t\t\t\t\t\t\t\t\t\t\t\t\t\t\t\t\t\t\t\t\t\t\t\t\t\t\t\t\t\t\t\t\t\t\t\t\t\t\t<p>Le Grand Carr\u00e9 n\u2019est pas une constellation en soi\u00a0; il appartient en partie \u00e0 Androm\u00e8de, en\u2026<\/p>\n\t\t\t\t\t\t\t\t\t\t\t\t\t\t\t\t\t\t\t\t\t\t\t\t\t\t\t\t\t\t\t\t\t\t\t\t\t\t                                                            <div class=\"btn-wraper\">\n                                    \n                                                                            <a class=\"elementskit-btn whitespace--normal\" id=\"\" href=\"https:\/\/www.scouts-europe.org\/scoutorama\/le-grand-carre-de-pegase\/\">\n                                        \t                                            Tout lire                                        <\/a>\n                                                                    <\/div>\n                                                    <\/div><!-- .elementskit-post-body END -->\n                    <\/div>\n                \n            <\/div>\n                <\/div>\n       <\/div>\t\t\t\t<\/div>\n\t\t\t\t<\/div>\n\t\t\t\t\t<\/div>\n\t\t<\/div>\n\t\t\t\t\t<\/div>\n\t\t<\/section>\n\t\t\t\t<section class=\"elementor-section elementor-top-section elementor-element elementor-element-3cad55c elementor-section-boxed elementor-section-height-default elementor-section-height-default\" data-id=\"3cad55c\" data-element_type=\"section\" data-e-type=\"section\">\n\t\t\t\t\t\t<div class=\"elementor-container elementor-column-gap-default\">\n\t\t\t\t\t<div class=\"elementor-column elementor-col-100 elementor-top-column elementor-element elementor-element-bd084b4\" data-id=\"bd084b4\" data-element_type=\"column\" data-e-type=\"column\" data-settings=\"{&quot;background_background&quot;:&quot;classic&quot;}\">\n\t\t\t<div class=\"elementor-widget-wrap elementor-element-populated\">\n\t\t\t\t\t\t<div class=\"elementor-element elementor-element-fbc4154 elementor-widget elementor-widget-spacer\" data-id=\"fbc4154\" data-element_type=\"widget\" data-e-type=\"widget\" data-widget_type=\"spacer.default\">\n\t\t\t\t<div class=\"elementor-widget-container\">\n\t\t\t\t\t\t\t<div class=\"elementor-spacer\">\n\t\t\t<div class=\"elementor-spacer-inner\"><\/div>\n\t\t<\/div>\n\t\t\t\t\t\t<\/div>\n\t\t\t\t<\/div>\n\t\t\t\t\t<\/div>\n\t\t<\/div>\n\t\t\t\t\t<\/div>\n\t\t<\/section>\n\t\t\t\t<\/div>\n\t\t","protected":false},"excerpt":{"rendered":"<p>Suivons l&rsquo;\u00e9toile Sais-tu observer les \u00e9toiles et lire la carte du ciel\u00a0? Avec un peu de connaissances tu\u2026 Tout lire Observer les \u00e9toiles Sais-tu observer les \u00e9toiles et lire la carte du ciel\u00a0? Avec un peu de connaissances tu\u2026 Tout lire Jouer avec les \u00e9toiles Les \u00e9toiles\u00a0? Il faut les apprivoiser\u2026 Que chacun fasse travailler [&hellip;]<\/p>\n","protected":false},"author":4,"featured_media":5472,"parent":4411,"menu_order":0,"comment_status":"closed","ping_status":"closed","template":"","meta":{"_seopress_robots_primary_cat":"","_seopress_titles_title":"","_seopress_titles_desc":"","_seopress_robots_index":"","site-sidebar-layout":"no-sidebar","site-content-layout":"page-builder","ast-site-content-layout":"full-width-container","site-content-style":"default","site-sidebar-style":"default","ast-global-header-display":"","ast-banner-title-visibility":"","ast-main-header-display":"","ast-hfb-above-header-display":"","ast-hfb-below-header-display":"","ast-hfb-mobile-header-display":"","site-post-title":"disabled","ast-breadcrumbs-content":"","ast-featured-img":"disabled","footer-sml-layout":"","theme-transparent-header-meta":"","adv-header-id-meta":"","stick-header-meta":"","header-above-stick-meta":"","header-main-stick-meta":"","header-below-stick-meta":"","astra-migrate-meta-layouts":"set","ast-page-background-enabled":"default","ast-page-background-meta":{"desktop":{"background-color":"var(--ast-global-color-4)","background-image":"","background-repeat":"repeat","background-position":"center center","background-size":"auto","background-attachment":"scroll","background-type":"","background-media":"","overlay-type":"","overlay-color":"","overlay-opacity":"","overlay-gradient":""},"tablet":{"background-color":"","background-image":"","background-repeat":"repeat","background-position":"center center","background-size":"auto","background-attachment":"scroll","background-type":"","background-media":"","overlay-type":"","overlay-color":"","overlay-opacity":"","overlay-gradient":""},"mobile":{"background-color":"","background-image":"","background-repeat":"repeat","background-position":"center center","background-size":"auto","background-attachment":"scroll","background-type":"","background-media":"","overlay-type":"","overlay-color":"","overlay-opacity":"","overlay-gradient":""}},"ast-content-background-meta":{"desktop":{"background-color":"var(--ast-global-color-5)","background-image":"","background-repeat":"repeat","background-position":"center center","background-size":"auto","background-attachment":"scroll","background-type":"","background-media":"","overlay-type":"","overlay-color":"","overlay-opacity":"","overlay-gradient":""},"tablet":{"background-color":"var(--ast-global-color-5)","background-image":"","background-repeat":"repeat","background-position":"center center","background-size":"auto","background-attachment":"scroll","background-type":"","background-media":"","overlay-type":"","overlay-color":"","overlay-opacity":"","overlay-gradient":""},"mobile":{"background-color":"var(--ast-global-color-5)","background-image":"","background-repeat":"repeat","background-position":"center center","background-size":"auto","background-attachment":"scroll","background-type":"","background-media":"","overlay-type":"","overlay-color":"","overlay-opacity":"","overlay-gradient":""}},"footnotes":""},"class_list":["post-4362","page","type-page","status-publish","has-post-thumbnail","hentry"],"_links":{"self":[{"href":"https:\/\/www.scouts-europe.org\/scoutorama\/wp-json\/wp\/v2\/pages\/4362","targetHints":{"allow":["GET"]}}],"collection":[{"href":"https:\/\/www.scouts-europe.org\/scoutorama\/wp-json\/wp\/v2\/pages"}],"about":[{"href":"https:\/\/www.scouts-europe.org\/scoutorama\/wp-json\/wp\/v2\/types\/page"}],"author":[{"embeddable":true,"href":"https:\/\/www.scouts-europe.org\/scoutorama\/wp-json\/wp\/v2\/users\/4"}],"replies":[{"embeddable":true,"href":"https:\/\/www.scouts-europe.org\/scoutorama\/wp-json\/wp\/v2\/comments?post=4362"}],"version-history":[{"count":9,"href":"https:\/\/www.scouts-europe.org\/scoutorama\/wp-json\/wp\/v2\/pages\/4362\/revisions"}],"predecessor-version":[{"id":8059,"href":"https:\/\/www.scouts-europe.org\/scoutorama\/wp-json\/wp\/v2\/pages\/4362\/revisions\/8059"}],"up":[{"embeddable":true,"href":"https:\/\/www.scouts-europe.org\/scoutorama\/wp-json\/wp\/v2\/pages\/4411"}],"wp:featuredmedia":[{"embeddable":true,"href":"https:\/\/www.scouts-europe.org\/scoutorama\/wp-json\/wp\/v2\/media\/5472"}],"wp:attachment":[{"href":"https:\/\/www.scouts-europe.org\/scoutorama\/wp-json\/wp\/v2\/media?parent=4362"}],"curies":[{"name":"wp","href":"https:\/\/api.w.org\/{rel}","templated":true}]}}